{"id":1774,"date":"2022-08-27T08:24:51","date_gmt":"2022-08-27T08:24:51","guid":{"rendered":"https:\/\/highlevelgear.cz\/?post_type=product&#038;p=1774"},"modified":"2026-03-30T19:16:38","modified_gmt":"2026-03-30T19:16:38","slug":"dvoubodovy-popruh-na-zbran","status":"publish","type":"product","link":"https:\/\/highlevelgear.cz\/en\/obchod\/popruhy\/dvoubodovy-popruh-na-zbran\/","title":{"rendered":"Gun sling SERPENT Light"},"content":{"rendered":"<p>Simple low-profile two-point gun sling.<\/p>\n<p>The main advantages of this strap are its low profile, made from 25 mm strap without padding, and easy handling. The length of the strap can be adjusted by simply pulling on the eyelet \u2013 pulling toward you loosens the strap and pulling away from you tightens it.<\/p>\n<p>Can be supplemented with metal carabiners, which you can also find in our offer. <a href=\"https:\/\/highlevelgear.cz\/en\/obchod\/popruhy\/clash-hook-karabina\/\">.<\/a><\/p>","protected":false},"excerpt":{"rendered":"<p>A simple, low-profile two-point gun sling. The main advantages of this sling are its low profile, 25 mm unpadded webbing, and easy handling. The length of the sling can be adjusted by simply pulling on the eyelet \u2013 pulling toward you loosens the sling, while pulling away from you tightens it. It can be added with metal carabiners, which you can also find in our offer here.<\/p>","protected":false},"featured_media":1835,"comment_status":"open","ping_status":"closed","template":"","meta":{"site-sidebar-layout":"default","site-content-layout":"default","ast-site-content-layout":"default","site-content-style":"default","site-sidebar-style":"default","ast-global-header-display":"","ast-banner-title-visibility":"","ast-main-header-display":"","ast-hfb-above-header-display":"","ast-hfb-below-header-display":"","ast-hfb-mobile-header-display":"","site-post-title":"","ast-breadcrumbs-content":"","ast-featured-img":"","footer-sml-layout":"","theme-transparent-header-meta":"default","adv-header-id-meta":"","stick-header-meta":"","header-above-stick-meta":"","header-main-stick-meta":"","header-below-stick-meta":"","astra-migrate-meta-layouts":"set","ast-page-background-enabled":"default","ast-page-background-meta":{"desktop":{"background-color":"var(--ast-global-color-4)","background-image":"","background-repeat":"repeat","background-position":"center center","background-size":"auto","background-attachment":"scroll","background-type":"","background-media":"","overlay-type":"","overlay-color":"","overlay-opacity":"","overlay-gradient":""},"tablet":{"background-color":"","background-image":"","background-repeat":"repeat","background-position":"center center","background-size":"auto","background-attachment":"scroll","background-type":"","background-media":"","overlay-type":"","overlay-color":"","overlay-opacity":"","overlay-gradient":""},"mobile":{"background-color":"","background-image":"","background-repeat":"repeat","background-position":"center center","background-size":"auto","background-attachment":"scroll","background-type":"","background-media":"","overlay-type":"","overlay-color":"","overlay-opacity":"","overlay-gradient":""}},"ast-content-background-meta":{"desktop":{"background-color":"var(--ast-global-color-5)","background-image":"","background-repeat":"repeat","background-position":"center center","background-size":"auto","background-attachment":"scroll","background-type":"","background-media":"","overlay-type":"","overlay-color":"","overlay-opacity":"","overlay-gradient":""},"tablet":{"background-color":"var(--ast-global-color-5)","background-image":"","background-repeat":"repeat","background-position":"center center","background-size":"auto","background-attachment":"scroll","background-type":"","background-media":"","overlay-type":"","overlay-color":"","overlay-opacity":"","overlay-gradient":""},"mobile":{"background-color":"var(--ast-global-color-5)","background-image":"","background-repeat":"repeat","background-position":"center center","background-size":"auto","background-attachment":"scroll","background-type":"","background-media":"","overlay-type":"","overlay-color":"","overlay-opacity":"","overlay-gradient":""}}},"product_cat":[52],"product_tag":[28],"yoast_head":"<!-- This site is optimized with the Yoast SEO Premium plugin v22.8 (Yoast SEO v22.8) - https:\/\/yoast.com\/wordpress\/plugins\/seo\/ -->\n<title>Dvoubodov\u00fd popruh SERPENT Light &#8211; highlevelgear<\/title>\n<meta name=\"description\" content=\"Jednoduch\u00fd n\u00edzkoprofilov\u00fd dvoubodov\u00fd popruh na zbra\u0148.Hlavn\u00edmi p\u0159ednostmi tohoto popruhu jsou n\u00edzkoprofilovost, je vyroben z 25 mm popruhu bez polstrov\u00e1n\u00ed a jednoduch\u00e1 manipulace. D\u00e9lku popruhu lze nastavit jednuduch\u00fdm zata\u017een\u00edm za oko - sm\u011brem k sob\u011b se popruh povol\u00ed a sm\u011brem od sebe ut\u00e1hne.\" \/>\n<meta name=\"robots\" content=\"index, follow, max-snippet:-1, max-image-preview:large, max-video-preview:-1\" \/>\n<link rel=\"canonical\" href=\"https:\/\/highlevelgear.cz\/en\/obchod\/popruhy\/dvoubodovy-popruh-na-zbran\/\" \/>\n<meta property=\"og:locale\" content=\"en_GB\" \/>\n<meta property=\"og:type\" content=\"article\" \/>\n<meta property=\"og:title\" content=\"Dvoubodov\u00fd popruh SERPENT Light\" \/>\n<meta property=\"og:description\" content=\"Jednoduch\u00fd n\u00edzkoprofilov\u00fd dvoubodov\u00fd popruh na zbra\u0148.Hlavn\u00edmi p\u0159ednostmi tohoto popruhu jsou n\u00edzkoprofilovost, je vyroben z 25 mm popruhu bez polstrov\u00e1n\u00ed a jednoduch\u00e1 manipulace. D\u00e9lku popruhu lze nastavit jednuduch\u00fdm zata\u017een\u00edm za oko - sm\u011brem k sob\u011b se popruh povol\u00ed a sm\u011brem od sebe ut\u00e1hne.\" \/>\n<meta property=\"og:url\" content=\"https:\/\/highlevelgear.cz\/en\/obchod\/popruhy\/dvoubodovy-popruh-na-zbran\/\" \/>\n<meta property=\"og:site_name\" content=\"highlevelgear\" \/>\n<meta property=\"article:modified_time\" content=\"2026-03-30T19:16:38+00:00\" \/>\n<meta property=\"og:image\" content=\"https:\/\/highlevelgear.cz\/wp-content\/uploads\/2022\/08\/01.1.jpg\" \/>\n\t<meta property=\"og:image:width\" content=\"1024\" \/>\n\t<meta property=\"og:image:height\" content=\"1024\" \/>\n\t<meta property=\"og:image:type\" content=\"image\/jpeg\" \/>\n<meta name=\"twitter:card\" content=\"summary_large_image\" \/>\n<meta name=\"twitter:label1\" content=\"Estimated reading time\" \/>\n\t<meta name=\"twitter:data1\" content=\"1 minute\" \/>\n<script type=\"application\/ld+json\" class=\"yoast-schema-graph\">{\"@context\":\"https:\/\/schema.org\",\"@graph\":[{\"@type\":\"WebPage\",\"@id\":\"https:\/\/highlevelgear.cz\/obchod\/popruhy\/dvoubodovy-popruh-na-zbran\/\",\"url\":\"https:\/\/highlevelgear.cz\/obchod\/popruhy\/dvoubodovy-popruh-na-zbran\/\",\"name\":\"Dvoubodov\u00fd popruh SERPENT Light &#8211; highlevelgear\",\"isPartOf\":{\"@id\":\"https:\/\/highlevelgear.cz\/#website\"},\"primaryImageOfPage\":{\"@id\":\"https:\/\/highlevelgear.cz\/obchod\/popruhy\/dvoubodovy-popruh-na-zbran\/#primaryimage\"},\"image\":{\"@id\":\"https:\/\/highlevelgear.cz\/obchod\/popruhy\/dvoubodovy-popruh-na-zbran\/#primaryimage\"},\"thumbnailUrl\":\"https:\/\/i0.wp.com\/highlevelgear.cz\/wp-content\/uploads\/2022\/08\/01.1.jpg?fit=1024%2C1024&ssl=1\",\"datePublished\":\"2022-08-27T08:24:51+00:00\",\"dateModified\":\"2026-03-30T19:16:38+00:00\",\"description\":\"Jednoduch\u00fd n\u00edzkoprofilov\u00fd dvoubodov\u00fd popruh na zbra\u0148.Hlavn\u00edmi p\u0159ednostmi tohoto popruhu jsou n\u00edzkoprofilovost, je vyroben z 25 mm popruhu bez polstrov\u00e1n\u00ed a jednoduch\u00e1 manipulace. D\u00e9lku popruhu lze nastavit jednuduch\u00fdm zata\u017een\u00edm za oko - sm\u011brem k sob\u011b se popruh povol\u00ed a sm\u011brem od sebe ut\u00e1hne.\",\"breadcrumb\":{\"@id\":\"https:\/\/highlevelgear.cz\/obchod\/popruhy\/dvoubodovy-popruh-na-zbran\/#breadcrumb\"},\"inLanguage\":\"en-GB\",\"potentialAction\":[{\"@type\":\"ReadAction\",\"target\":[\"https:\/\/highlevelgear.cz\/obchod\/popruhy\/dvoubodovy-popruh-na-zbran\/\"]}]},{\"@type\":\"ImageObject\",\"inLanguage\":\"en-GB\",\"@id\":\"https:\/\/highlevelgear.cz\/obchod\/popruhy\/dvoubodovy-popruh-na-zbran\/#primaryimage\",\"url\":\"https:\/\/i0.wp.com\/highlevelgear.cz\/wp-content\/uploads\/2022\/08\/01.1.jpg?fit=1024%2C1024&ssl=1\",\"contentUrl\":\"https:\/\/i0.wp.com\/highlevelgear.cz\/wp-content\/uploads\/2022\/08\/01.1.jpg?fit=1024%2C1024&ssl=1\",\"width\":1024,\"height\":1024},{\"@type\":\"BreadcrumbList\",\"@id\":\"https:\/\/highlevelgear.cz\/obchod\/popruhy\/dvoubodovy-popruh-na-zbran\/#breadcrumb\",\"itemListElement\":[{\"@type\":\"ListItem\",\"position\":1,\"name\":\"Dom\u016f\",\"item\":\"https:\/\/highlevelgear.cz\/\"},{\"@type\":\"ListItem\",\"position\":2,\"name\":\"Obchod\",\"item\":\"https:\/\/highlevelgear.cz\/obchod\/\"},{\"@type\":\"ListItem\",\"position\":3,\"name\":\"Dvoubodov\u00fd popruh SERPENT Light\"}]},{\"@type\":\"WebSite\",\"@id\":\"https:\/\/highlevelgear.cz\/#website\",\"url\":\"https:\/\/highlevelgear.cz\/\",\"name\":\"highlevelgear\",\"description\":\"Profesion\u00e1ln\u00ed v\u00fdroba taktick\u00e9 v\u00fdstroje.\",\"publisher\":{\"@id\":\"https:\/\/highlevelgear.cz\/#organization\"},\"potentialAction\":[{\"@type\":\"SearchAction\",\"target\":{\"@type\":\"EntryPoint\",\"urlTemplate\":\"https:\/\/highlevelgear.cz\/?s={search_term_string}\"},\"query-input\":\"required name=search_term_string\"}],\"inLanguage\":\"en-GB\"},{\"@type\":\"Organization\",\"@id\":\"https:\/\/highlevelgear.cz\/#organization\",\"name\":\"High Level Gear\",\"url\":\"https:\/\/highlevelgear.cz\/\",\"logo\":{\"@type\":\"ImageObject\",\"inLanguage\":\"en-GB\",\"@id\":\"https:\/\/highlevelgear.cz\/#\/schema\/logo\/image\/\",\"url\":\"https:\/\/highlevelgear.cz\/wp-content\/uploads\/2021\/12\/cropped-Logo-Short.png\",\"contentUrl\":\"https:\/\/highlevelgear.cz\/wp-content\/uploads\/2021\/12\/cropped-Logo-Short.png\",\"width\":467,\"height\":377,\"caption\":\"High Level Gear\"},\"image\":{\"@id\":\"https:\/\/highlevelgear.cz\/#\/schema\/logo\/image\/\"}}]}<\/script>\n<!-- \/ Yoast SEO Premium plugin. -->","yoast_head_json":{"title":"\"Gun sling SERPENT Light\" \u2013 highlevelgear","description":"Jednoduch\u00fd n\u00edzkoprofilov\u00fd dvoubodov\u00fd popruh na zbra\u0148.Hlavn\u00edmi p\u0159ednostmi tohoto popruhu jsou n\u00edzkoprofilovost, je vyroben z 25 mm popruhu bez polstrov\u00e1n\u00ed a jednoduch\u00e1 manipulace. D\u00e9lku popruhu lze nastavit jednuduch\u00fdm zata\u017een\u00edm za oko - sm\u011brem k sob\u011b se popruh povol\u00ed a sm\u011brem od sebe ut\u00e1hne.","robots":{"index":"index","follow":"follow","max-snippet":"max-snippet:-1","max-image-preview":"max-image-preview:large","max-video-preview":"max-video-preview:-1"},"canonical":"https:\/\/highlevelgear.cz\/en\/obchod\/popruhy\/dvoubodovy-popruh-na-zbran\/","og_locale":"en_GB","og_type":"article","og_title":"Dvoubodov\u00fd popruh SERPENT Light","og_description":"Jednoduch\u00fd n\u00edzkoprofilov\u00fd dvoubodov\u00fd popruh na zbra\u0148.Hlavn\u00edmi p\u0159ednostmi tohoto popruhu jsou n\u00edzkoprofilovost, je vyroben z 25 mm popruhu bez polstrov\u00e1n\u00ed a jednoduch\u00e1 manipulace. D\u00e9lku popruhu lze nastavit jednuduch\u00fdm zata\u017een\u00edm za oko - sm\u011brem k sob\u011b se popruh povol\u00ed a sm\u011brem od sebe ut\u00e1hne.","og_url":"https:\/\/highlevelgear.cz\/en\/obchod\/popruhy\/dvoubodovy-popruh-na-zbran\/","og_site_name":"highlevelgear","article_modified_time":"2026-03-30T19:16:38+00:00","og_image":[{"width":1024,"height":1024,"url":"https:\/\/highlevelgear.cz\/wp-content\/uploads\/2022\/08\/01.1.jpg","type":"image\/jpeg"}],"twitter_card":"summary_large_image","twitter_misc":{"Estimated reading time":"1 minute"},"schema":{"@context":"https:\/\/schema.org","@graph":[{"@type":"WebPage","@id":"https:\/\/highlevelgear.cz\/obchod\/popruhy\/dvoubodovy-popruh-na-zbran\/","url":"https:\/\/highlevelgear.cz\/obchod\/popruhy\/dvoubodovy-popruh-na-zbran\/","name":"\"Gun sling SERPENT Light\" \u2013 highlevelgear","isPartOf":{"@id":"https:\/\/highlevelgear.cz\/#website"},"primaryImageOfPage":{"@id":"https:\/\/highlevelgear.cz\/obchod\/popruhy\/dvoubodovy-popruh-na-zbran\/#primaryimage"},"image":{"@id":"https:\/\/highlevelgear.cz\/obchod\/popruhy\/dvoubodovy-popruh-na-zbran\/#primaryimage"},"thumbnailUrl":"https:\/\/i0.wp.com\/highlevelgear.cz\/wp-content\/uploads\/2022\/08\/01.1.jpg?fit=1024%2C1024&ssl=1","datePublished":"2022-08-27T08:24:51+00:00","dateModified":"2026-03-30T19:16:38+00:00","description":"Jednoduch\u00fd n\u00edzkoprofilov\u00fd dvoubodov\u00fd popruh na zbra\u0148.Hlavn\u00edmi p\u0159ednostmi tohoto popruhu jsou n\u00edzkoprofilovost, je vyroben z 25 mm popruhu bez polstrov\u00e1n\u00ed a jednoduch\u00e1 manipulace. D\u00e9lku popruhu lze nastavit jednuduch\u00fdm zata\u017een\u00edm za oko - sm\u011brem k sob\u011b se popruh povol\u00ed a sm\u011brem od sebe ut\u00e1hne.","breadcrumb":{"@id":"https:\/\/highlevelgear.cz\/obchod\/popruhy\/dvoubodovy-popruh-na-zbran\/#breadcrumb"},"inLanguage":"en-GB","potentialAction":[{"@type":"ReadAction","target":["https:\/\/highlevelgear.cz\/obchod\/popruhy\/dvoubodovy-popruh-na-zbran\/"]}]},{"@type":"ImageObject","inLanguage":"en-GB","@id":"https:\/\/highlevelgear.cz\/obchod\/popruhy\/dvoubodovy-popruh-na-zbran\/#primaryimage","url":"https:\/\/i0.wp.com\/highlevelgear.cz\/wp-content\/uploads\/2022\/08\/01.1.jpg?fit=1024%2C1024&ssl=1","contentUrl":"https:\/\/i0.wp.com\/highlevelgear.cz\/wp-content\/uploads\/2022\/08\/01.1.jpg?fit=1024%2C1024&ssl=1","width":1024,"height":1024},{"@type":"BreadcrumbList","@id":"https:\/\/highlevelgear.cz\/obchod\/popruhy\/dvoubodovy-popruh-na-zbran\/#breadcrumb","itemListElement":[{"@type":"ListItem","position":1,"name":"Dom\u016f","item":"https:\/\/highlevelgear.cz\/"},{"@type":"ListItem","position":2,"name":"Obchod","item":"https:\/\/highlevelgear.cz\/obchod\/"},{"@type":"ListItem","position":3,"name":"Dvoubodov\u00fd popruh SERPENT Light"}]},{"@type":"WebSite","@id":"https:\/\/highlevelgear.cz\/#website","url":"https:\/\/highlevelgear.cz\/","name":"highlevelgear","description":"Profesion\u00e1ln\u00ed v\u00fdroba taktick\u00e9 v\u00fdstroje.","publisher":{"@id":"https:\/\/highlevelgear.cz\/#organization"},"potentialAction":[{"@type":"SearchAction","target":{"@type":"EntryPoint","urlTemplate":"https:\/\/highlevelgear.cz\/?s={search_term_string}"},"query-input":"required name=search_term_string"}],"inLanguage":"en-GB"},{"@type":"Organization","@id":"https:\/\/highlevelgear.cz\/#organization","name":"High Level Gear","url":"https:\/\/highlevelgear.cz\/","logo":{"@type":"ImageObject","inLanguage":"en-GB","@id":"https:\/\/highlevelgear.cz\/#\/schema\/logo\/image\/","url":"https:\/\/highlevelgear.cz\/wp-content\/uploads\/2021\/12\/cropped-Logo-Short.png","contentUrl":"https:\/\/highlevelgear.cz\/wp-content\/uploads\/2021\/12\/cropped-Logo-Short.png","width":467,"height":377,"caption":"High Level Gear"},"image":{"@id":"https:\/\/highlevelgear.cz\/#\/schema\/logo\/image\/"}}]}},"jetpack_sharing_enabled":true,"_links":{"self":[{"href":"https:\/\/highlevelgear.cz\/en\/wp-json\/wp\/v2\/product\/1774"}],"collection":[{"href":"https:\/\/highlevelgear.cz\/en\/wp-json\/wp\/v2\/product"}],"about":[{"href":"https:\/\/highlevelgear.cz\/en\/wp-json\/wp\/v2\/types\/product"}],"replies":[{"embeddable":true,"href":"https:\/\/highlevelgear.cz\/en\/wp-json\/wp\/v2\/comments?post=1774"}],"version-history":[{"count":2,"href":"https:\/\/highlevelgear.cz\/en\/wp-json\/wp\/v2\/product\/1774\/revisions"}],"predecessor-version":[{"id":3688,"href":"https:\/\/highlevelgear.cz\/en\/wp-json\/wp\/v2\/product\/1774\/revisions\/3688"}],"wp:featuredmedia":[{"embeddable":true,"href":"https:\/\/highlevelgear.cz\/en\/wp-json\/wp\/v2\/media\/1835"}],"wp:attachment":[{"href":"https:\/\/highlevelgear.cz\/en\/wp-json\/wp\/v2\/media?parent=1774"}],"wp:term":[{"taxonomy":"product_cat","embeddable":true,"href":"https:\/\/highlevelgear.cz\/en\/wp-json\/wp\/v2\/product_cat?post=1774"},{"taxonomy":"product_tag","embeddable":true,"href":"https:\/\/highlevelgear.cz\/en\/wp-json\/wp\/v2\/product_tag?post=1774"}],"curies":[{"name":"wp","href":"https:\/\/api.w.org\/{rel}","templated":true}]}}