{"id":1865,"date":"2023-01-11T09:30:41","date_gmt":"2023-01-11T09:30:41","guid":{"rendered":"https:\/\/highlevelgear.cz\/?post_type=product&#038;p=1865"},"modified":"2026-05-02T12:16:02","modified_gmt":"2026-05-02T12:16:02","slug":"molle-drzak-pro-tourniquet","status":"publish","type":"product","link":"https:\/\/highlevelgear.cz\/en\/obchod\/sumky-kapsy\/zdravotnicke-kapsy-a-doplnky\/molle-drzak-pro-tourniquet\/","title":{"rendered":"Molle TQ Holder"},"content":{"rendered":"<p>A simple tourniquet holder compatible with the MOLLE system. The base of the holder is made of a plastic anchoring plate from Propex's Curv\u00ae composite material, which is highly resistant to mechanical damage, extreme temperature differences, and chemicals, yet is also very lightweight. The tourniquet is secured by two flat elastic loops. The total weight of the holder is only 10 g.<\/p>","protected":false},"excerpt":{"rendered":"<p>A simple tourniquet holder compatible with the MOLLE system. The base of the holder is made of a plastic anchoring plate from Propex's Curv\u00ae composite material, which is highly resistant to mechanical damage, extreme temperature differences, and chemicals, yet is also very lightweight. The tourniquet is secured by two flat elastic loops. The total weight of the holder is only 10 g.<\/p>","protected":false},"featured_media":1870,"comment_status":"open","ping_status":"closed","template":"","meta":{"site-sidebar-layout":"default","site-content-layout":"default","ast-site-content-layout":"default","site-content-style":"default","site-sidebar-style":"default","ast-global-header-display":"","ast-banner-title-visibility":"","ast-main-header-display":"","ast-hfb-above-header-display":"","ast-hfb-below-header-display":"","ast-hfb-mobile-header-display":"","site-post-title":"","ast-breadcrumbs-content":"","ast-featured-img":"","footer-sml-layout":"","theme-transparent-header-meta":"default","adv-header-id-meta":"","stick-header-meta":"","header-above-stick-meta":"","header-main-stick-meta":"","header-below-stick-meta":"","astra-migrate-meta-layouts":"set","ast-page-background-enabled":"default","ast-page-background-meta":{"desktop":{"background-color":"var(--ast-global-color-4)","background-image":"","background-repeat":"repeat","background-position":"center center","background-size":"auto","background-attachment":"scroll","background-type":"","background-media":"","overlay-type":"","overlay-color":"","overlay-opacity":"","overlay-gradient":""},"tablet":{"background-color":"","background-image":"","background-repeat":"repeat","background-position":"center center","background-size":"auto","background-attachment":"scroll","background-type":"","background-media":"","overlay-type":"","overlay-color":"","overlay-opacity":"","overlay-gradient":""},"mobile":{"background-color":"","background-image":"","background-repeat":"repeat","background-position":"center center","background-size":"auto","background-attachment":"scroll","background-type":"","background-media":"","overlay-type":"","overlay-color":"","overlay-opacity":"","overlay-gradient":""}},"ast-content-background-meta":{"desktop":{"background-color":"var(--ast-global-color-5)","background-image":"","background-repeat":"repeat","background-position":"center center","background-size":"auto","background-attachment":"scroll","background-type":"","background-media":"","overlay-type":"","overlay-color":"","overlay-opacity":"","overlay-gradient":""},"tablet":{"background-color":"var(--ast-global-color-5)","background-image":"","background-repeat":"repeat","background-position":"center center","background-size":"auto","background-attachment":"scroll","background-type":"","background-media":"","overlay-type":"","overlay-color":"","overlay-opacity":"","overlay-gradient":""},"mobile":{"background-color":"var(--ast-global-color-5)","background-image":"","background-repeat":"repeat","background-position":"center center","background-size":"auto","background-attachment":"scroll","background-type":"","background-media":"","overlay-type":"","overlay-color":"","overlay-opacity":"","overlay-gradient":""}}},"product_cat":[20],"product_tag":[28],"yoast_head":"<!-- This site is optimized with the Yoast SEO Premium plugin v22.8 (Yoast SEO v22.8) - https:\/\/yoast.com\/wordpress\/plugins\/seo\/ -->\n<title>Molle dr\u017e\u00e1k pro tourniquet &#8211; highlevelgear<\/title>\n<meta name=\"description\" content=\"Jednoduch\u00e1 dr\u017e\u00e1k pro tourniquet, kompatibiln\u00ed s molle syst\u00e9mem. Z\u00e1kladnu dr\u017e\u00e1ku tvo\u0159\u00ed plastov\u00e1 kotv\u00edc\u00ed desti\u010dka z kompozitn\u00edho materi\u00e1lu Curv\u00ae od zna\u010dky Propex, kter\u00fd se vyzna\u010duje vysokou odolnost\u00ed proti mechanick\u00e9mu po\u0161kozen\u00ed, vysok\u00e9mu rozd\u00edlu teplot a chemik\u00e1li\u00edm, ale z\u00e1rove\u0148 je velmi lehk\u00fd. Zaji\u0161t\u011bn\u00ed tourniquetu pak zaji\u0161\u0165uj\u00ed 2 oka z ploch\u00e9 pru\u017eenky. Celkov\u00e1 v\u00e1ha dr\u017e\u00e1ku je pouze 10 g.\" \/>\n<meta name=\"robots\" content=\"index, follow, max-snippet:-1, max-image-preview:large, max-video-preview:-1\" \/>\n<link rel=\"canonical\" href=\"https:\/\/highlevelgear.cz\/en\/obchod\/sumky-kapsy\/zdravotnicke-kapsy-a-doplnky\/molle-drzak-pro-tourniquet\/\" \/>\n<meta property=\"og:locale\" content=\"en_GB\" \/>\n<meta property=\"og:type\" content=\"article\" \/>\n<meta property=\"og:title\" content=\"Molle dr\u017e\u00e1k pro tourniquet\" \/>\n<meta property=\"og:description\" content=\"Jednoduch\u00e1 dr\u017e\u00e1k pro tourniquet, kompatibiln\u00ed s molle syst\u00e9mem. Z\u00e1kladnu dr\u017e\u00e1ku tvo\u0159\u00ed plastov\u00e1 kotv\u00edc\u00ed desti\u010dka z kompozitn\u00edho materi\u00e1lu Curv\u00ae od zna\u010dky Propex, kter\u00fd se vyzna\u010duje vysokou odolnost\u00ed proti mechanick\u00e9mu po\u0161kozen\u00ed, vysok\u00e9mu rozd\u00edlu teplot a chemik\u00e1li\u00edm, ale z\u00e1rove\u0148 je velmi lehk\u00fd. Zaji\u0161t\u011bn\u00ed tourniquetu pak zaji\u0161\u0165uj\u00ed 2 oka z ploch\u00e9 pru\u017eenky. Celkov\u00e1 v\u00e1ha dr\u017e\u00e1ku je pouze 10 g.\" \/>\n<meta property=\"og:url\" content=\"https:\/\/highlevelgear.cz\/en\/obchod\/sumky-kapsy\/zdravotnicke-kapsy-a-doplnky\/molle-drzak-pro-tourniquet\/\" \/>\n<meta property=\"og:site_name\" content=\"highlevelgear\" \/>\n<meta property=\"article:modified_time\" content=\"2026-05-02T12:16:02+00:00\" \/>\n<meta property=\"og:image\" content=\"https:\/\/highlevelgear.cz\/wp-content\/uploads\/2023\/01\/1.1.jpg\" \/>\n\t<meta property=\"og:image:width\" content=\"1024\" \/>\n\t<meta property=\"og:image:height\" content=\"1024\" \/>\n\t<meta property=\"og:image:type\" content=\"image\/jpeg\" \/>\n<meta name=\"twitter:card\" content=\"summary_large_image\" \/>\n<meta name=\"twitter:label1\" content=\"Estimated reading time\" \/>\n\t<meta name=\"twitter:data1\" content=\"1 minute\" \/>\n<script type=\"application\/ld+json\" class=\"yoast-schema-graph\">{\"@context\":\"https:\/\/schema.org\",\"@graph\":[{\"@type\":\"WebPage\",\"@id\":\"https:\/\/highlevelgear.cz\/obchod\/sumky-kapsy\/zdravotnicke-kapsy-a-doplnky\/molle-drzak-pro-tourniquet\/\",\"url\":\"https:\/\/highlevelgear.cz\/obchod\/sumky-kapsy\/zdravotnicke-kapsy-a-doplnky\/molle-drzak-pro-tourniquet\/\",\"name\":\"Molle dr\u017e\u00e1k pro tourniquet &#8211; highlevelgear\",\"isPartOf\":{\"@id\":\"https:\/\/highlevelgear.cz\/#website\"},\"primaryImageOfPage\":{\"@id\":\"https:\/\/highlevelgear.cz\/obchod\/sumky-kapsy\/zdravotnicke-kapsy-a-doplnky\/molle-drzak-pro-tourniquet\/#primaryimage\"},\"image\":{\"@id\":\"https:\/\/highlevelgear.cz\/obchod\/sumky-kapsy\/zdravotnicke-kapsy-a-doplnky\/molle-drzak-pro-tourniquet\/#primaryimage\"},\"thumbnailUrl\":\"https:\/\/i0.wp.com\/highlevelgear.cz\/wp-content\/uploads\/2023\/01\/1.1.jpg?fit=1024%2C1024&ssl=1\",\"datePublished\":\"2023-01-11T09:30:41+00:00\",\"dateModified\":\"2026-05-02T12:16:02+00:00\",\"description\":\"Jednoduch\u00e1 dr\u017e\u00e1k pro tourniquet, kompatibiln\u00ed s molle syst\u00e9mem. Z\u00e1kladnu dr\u017e\u00e1ku tvo\u0159\u00ed plastov\u00e1 kotv\u00edc\u00ed desti\u010dka z kompozitn\u00edho materi\u00e1lu Curv\u00ae od zna\u010dky Propex, kter\u00fd se vyzna\u010duje vysokou odolnost\u00ed proti mechanick\u00e9mu po\u0161kozen\u00ed, vysok\u00e9mu rozd\u00edlu teplot a chemik\u00e1li\u00edm, ale z\u00e1rove\u0148 je velmi lehk\u00fd. Zaji\u0161t\u011bn\u00ed tourniquetu pak zaji\u0161\u0165uj\u00ed 2 oka z ploch\u00e9 pru\u017eenky. Celkov\u00e1 v\u00e1ha dr\u017e\u00e1ku je pouze 10 g.\",\"breadcrumb\":{\"@id\":\"https:\/\/highlevelgear.cz\/obchod\/sumky-kapsy\/zdravotnicke-kapsy-a-doplnky\/molle-drzak-pro-tourniquet\/#breadcrumb\"},\"inLanguage\":\"en-GB\",\"potentialAction\":[{\"@type\":\"ReadAction\",\"target\":[\"https:\/\/highlevelgear.cz\/obchod\/sumky-kapsy\/zdravotnicke-kapsy-a-doplnky\/molle-drzak-pro-tourniquet\/\"]}]},{\"@type\":\"ImageObject\",\"inLanguage\":\"en-GB\",\"@id\":\"https:\/\/highlevelgear.cz\/obchod\/sumky-kapsy\/zdravotnicke-kapsy-a-doplnky\/molle-drzak-pro-tourniquet\/#primaryimage\",\"url\":\"https:\/\/i0.wp.com\/highlevelgear.cz\/wp-content\/uploads\/2023\/01\/1.1.jpg?fit=1024%2C1024&ssl=1\",\"contentUrl\":\"https:\/\/i0.wp.com\/highlevelgear.cz\/wp-content\/uploads\/2023\/01\/1.1.jpg?fit=1024%2C1024&ssl=1\",\"width\":1024,\"height\":1024},{\"@type\":\"BreadcrumbList\",\"@id\":\"https:\/\/highlevelgear.cz\/obchod\/sumky-kapsy\/zdravotnicke-kapsy-a-doplnky\/molle-drzak-pro-tourniquet\/#breadcrumb\",\"itemListElement\":[{\"@type\":\"ListItem\",\"position\":1,\"name\":\"Dom\u016f\",\"item\":\"https:\/\/highlevelgear.cz\/\"},{\"@type\":\"ListItem\",\"position\":2,\"name\":\"Obchod\",\"item\":\"https:\/\/highlevelgear.cz\/obchod\/\"},{\"@type\":\"ListItem\",\"position\":3,\"name\":\"Molle dr\u017e\u00e1k pro tourniquet\"}]},{\"@type\":\"WebSite\",\"@id\":\"https:\/\/highlevelgear.cz\/#website\",\"url\":\"https:\/\/highlevelgear.cz\/\",\"name\":\"highlevelgear\",\"description\":\"Profesion\u00e1ln\u00ed v\u00fdroba taktick\u00e9 v\u00fdstroje.\",\"publisher\":{\"@id\":\"https:\/\/highlevelgear.cz\/#organization\"},\"potentialAction\":[{\"@type\":\"SearchAction\",\"target\":{\"@type\":\"EntryPoint\",\"urlTemplate\":\"https:\/\/highlevelgear.cz\/?s={search_term_string}\"},\"query-input\":\"required name=search_term_string\"}],\"inLanguage\":\"en-GB\"},{\"@type\":\"Organization\",\"@id\":\"https:\/\/highlevelgear.cz\/#organization\",\"name\":\"High Level Gear\",\"url\":\"https:\/\/highlevelgear.cz\/\",\"logo\":{\"@type\":\"ImageObject\",\"inLanguage\":\"en-GB\",\"@id\":\"https:\/\/highlevelgear.cz\/#\/schema\/logo\/image\/\",\"url\":\"https:\/\/highlevelgear.cz\/wp-content\/uploads\/2021\/12\/cropped-Logo-Short.png\",\"contentUrl\":\"https:\/\/highlevelgear.cz\/wp-content\/uploads\/2021\/12\/cropped-Logo-Short.png\",\"width\":467,\"height\":377,\"caption\":\"High Level Gear\"},\"image\":{\"@id\":\"https:\/\/highlevelgear.cz\/#\/schema\/logo\/image\/\"}}]}<\/script>\n<!-- \/ Yoast SEO Premium plugin. -->","yoast_head_json":{"title":"Molle dr\u017e\u00e1k pro tourniquet &#8211; highlevelgear","description":"Jednoduch\u00e1 dr\u017e\u00e1k pro tourniquet, kompatibiln\u00ed s molle syst\u00e9mem. Z\u00e1kladnu dr\u017e\u00e1ku tvo\u0159\u00ed plastov\u00e1 kotv\u00edc\u00ed desti\u010dka z kompozitn\u00edho materi\u00e1lu Curv\u00ae od zna\u010dky Propex, kter\u00fd se vyzna\u010duje vysokou odolnost\u00ed proti mechanick\u00e9mu po\u0161kozen\u00ed, vysok\u00e9mu rozd\u00edlu teplot a chemik\u00e1li\u00edm, ale z\u00e1rove\u0148 je velmi lehk\u00fd. Zaji\u0161t\u011bn\u00ed tourniquetu pak zaji\u0161\u0165uj\u00ed 2 oka z ploch\u00e9 pru\u017eenky. Celkov\u00e1 v\u00e1ha dr\u017e\u00e1ku je pouze 10 g.","robots":{"index":"index","follow":"follow","max-snippet":"max-snippet:-1","max-image-preview":"max-image-preview:large","max-video-preview":"max-video-preview:-1"},"canonical":"https:\/\/highlevelgear.cz\/en\/obchod\/sumky-kapsy\/zdravotnicke-kapsy-a-doplnky\/molle-drzak-pro-tourniquet\/","og_locale":"en_GB","og_type":"article","og_title":"Molle dr\u017e\u00e1k pro tourniquet","og_description":"Jednoduch\u00e1 dr\u017e\u00e1k pro tourniquet, kompatibiln\u00ed s molle syst\u00e9mem. Z\u00e1kladnu dr\u017e\u00e1ku tvo\u0159\u00ed plastov\u00e1 kotv\u00edc\u00ed desti\u010dka z kompozitn\u00edho materi\u00e1lu Curv\u00ae od zna\u010dky Propex, kter\u00fd se vyzna\u010duje vysokou odolnost\u00ed proti mechanick\u00e9mu po\u0161kozen\u00ed, vysok\u00e9mu rozd\u00edlu teplot a chemik\u00e1li\u00edm, ale z\u00e1rove\u0148 je velmi lehk\u00fd. Zaji\u0161t\u011bn\u00ed tourniquetu pak zaji\u0161\u0165uj\u00ed 2 oka z ploch\u00e9 pru\u017eenky. Celkov\u00e1 v\u00e1ha dr\u017e\u00e1ku je pouze 10 g.","og_url":"https:\/\/highlevelgear.cz\/en\/obchod\/sumky-kapsy\/zdravotnicke-kapsy-a-doplnky\/molle-drzak-pro-tourniquet\/","og_site_name":"highlevelgear","article_modified_time":"2026-05-02T12:16:02+00:00","og_image":[{"width":1024,"height":1024,"url":"https:\/\/highlevelgear.cz\/wp-content\/uploads\/2023\/01\/1.1.jpg","type":"image\/jpeg"}],"twitter_card":"summary_large_image","twitter_misc":{"Estimated reading time":"1 minute"},"schema":{"@context":"https:\/\/schema.org","@graph":[{"@type":"WebPage","@id":"https:\/\/highlevelgear.cz\/obchod\/sumky-kapsy\/zdravotnicke-kapsy-a-doplnky\/molle-drzak-pro-tourniquet\/","url":"https:\/\/highlevelgear.cz\/obchod\/sumky-kapsy\/zdravotnicke-kapsy-a-doplnky\/molle-drzak-pro-tourniquet\/","name":"Molle dr\u017e\u00e1k pro tourniquet &#8211; highlevelgear","isPartOf":{"@id":"https:\/\/highlevelgear.cz\/#website"},"primaryImageOfPage":{"@id":"https:\/\/highlevelgear.cz\/obchod\/sumky-kapsy\/zdravotnicke-kapsy-a-doplnky\/molle-drzak-pro-tourniquet\/#primaryimage"},"image":{"@id":"https:\/\/highlevelgear.cz\/obchod\/sumky-kapsy\/zdravotnicke-kapsy-a-doplnky\/molle-drzak-pro-tourniquet\/#primaryimage"},"thumbnailUrl":"https:\/\/i0.wp.com\/highlevelgear.cz\/wp-content\/uploads\/2023\/01\/1.1.jpg?fit=1024%2C1024&ssl=1","datePublished":"2023-01-11T09:30:41+00:00","dateModified":"2026-05-02T12:16:02+00:00","description":"Jednoduch\u00e1 dr\u017e\u00e1k pro tourniquet, kompatibiln\u00ed s molle syst\u00e9mem. Z\u00e1kladnu dr\u017e\u00e1ku tvo\u0159\u00ed plastov\u00e1 kotv\u00edc\u00ed desti\u010dka z kompozitn\u00edho materi\u00e1lu Curv\u00ae od zna\u010dky Propex, kter\u00fd se vyzna\u010duje vysokou odolnost\u00ed proti mechanick\u00e9mu po\u0161kozen\u00ed, vysok\u00e9mu rozd\u00edlu teplot a chemik\u00e1li\u00edm, ale z\u00e1rove\u0148 je velmi lehk\u00fd. Zaji\u0161t\u011bn\u00ed tourniquetu pak zaji\u0161\u0165uj\u00ed 2 oka z ploch\u00e9 pru\u017eenky. Celkov\u00e1 v\u00e1ha dr\u017e\u00e1ku je pouze 10 g.","breadcrumb":{"@id":"https:\/\/highlevelgear.cz\/obchod\/sumky-kapsy\/zdravotnicke-kapsy-a-doplnky\/molle-drzak-pro-tourniquet\/#breadcrumb"},"inLanguage":"en-GB","potentialAction":[{"@type":"ReadAction","target":["https:\/\/highlevelgear.cz\/obchod\/sumky-kapsy\/zdravotnicke-kapsy-a-doplnky\/molle-drzak-pro-tourniquet\/"]}]},{"@type":"ImageObject","inLanguage":"en-GB","@id":"https:\/\/highlevelgear.cz\/obchod\/sumky-kapsy\/zdravotnicke-kapsy-a-doplnky\/molle-drzak-pro-tourniquet\/#primaryimage","url":"https:\/\/i0.wp.com\/highlevelgear.cz\/wp-content\/uploads\/2023\/01\/1.1.jpg?fit=1024%2C1024&ssl=1","contentUrl":"https:\/\/i0.wp.com\/highlevelgear.cz\/wp-content\/uploads\/2023\/01\/1.1.jpg?fit=1024%2C1024&ssl=1","width":1024,"height":1024},{"@type":"BreadcrumbList","@id":"https:\/\/highlevelgear.cz\/obchod\/sumky-kapsy\/zdravotnicke-kapsy-a-doplnky\/molle-drzak-pro-tourniquet\/#breadcrumb","itemListElement":[{"@type":"ListItem","position":1,"name":"Dom\u016f","item":"https:\/\/highlevelgear.cz\/"},{"@type":"ListItem","position":2,"name":"Obchod","item":"https:\/\/highlevelgear.cz\/obchod\/"},{"@type":"ListItem","position":3,"name":"Molle dr\u017e\u00e1k pro tourniquet"}]},{"@type":"WebSite","@id":"https:\/\/highlevelgear.cz\/#website","url":"https:\/\/highlevelgear.cz\/","name":"highlevelgear","description":"Profesion\u00e1ln\u00ed v\u00fdroba taktick\u00e9 v\u00fdstroje.","publisher":{"@id":"https:\/\/highlevelgear.cz\/#organization"},"potentialAction":[{"@type":"SearchAction","target":{"@type":"EntryPoint","urlTemplate":"https:\/\/highlevelgear.cz\/?s={search_term_string}"},"query-input":"required name=search_term_string"}],"inLanguage":"en-GB"},{"@type":"Organization","@id":"https:\/\/highlevelgear.cz\/#organization","name":"High Level Gear","url":"https:\/\/highlevelgear.cz\/","logo":{"@type":"ImageObject","inLanguage":"en-GB","@id":"https:\/\/highlevelgear.cz\/#\/schema\/logo\/image\/","url":"https:\/\/highlevelgear.cz\/wp-content\/uploads\/2021\/12\/cropped-Logo-Short.png","contentUrl":"https:\/\/highlevelgear.cz\/wp-content\/uploads\/2021\/12\/cropped-Logo-Short.png","width":467,"height":377,"caption":"High Level Gear"},"image":{"@id":"https:\/\/highlevelgear.cz\/#\/schema\/logo\/image\/"}}]}},"jetpack_sharing_enabled":true,"_links":{"self":[{"href":"https:\/\/highlevelgear.cz\/en\/wp-json\/wp\/v2\/product\/1865"}],"collection":[{"href":"https:\/\/highlevelgear.cz\/en\/wp-json\/wp\/v2\/product"}],"about":[{"href":"https:\/\/highlevelgear.cz\/en\/wp-json\/wp\/v2\/types\/product"}],"replies":[{"embeddable":true,"href":"https:\/\/highlevelgear.cz\/en\/wp-json\/wp\/v2\/comments?post=1865"}],"version-history":[{"count":2,"href":"https:\/\/highlevelgear.cz\/en\/wp-json\/wp\/v2\/product\/1865\/revisions"}],"predecessor-version":[{"id":1876,"href":"https:\/\/highlevelgear.cz\/en\/wp-json\/wp\/v2\/product\/1865\/revisions\/1876"}],"wp:featuredmedia":[{"embeddable":true,"href":"https:\/\/highlevelgear.cz\/en\/wp-json\/wp\/v2\/media\/1870"}],"wp:attachment":[{"href":"https:\/\/highlevelgear.cz\/en\/wp-json\/wp\/v2\/media?parent=1865"}],"wp:term":[{"taxonomy":"product_cat","embeddable":true,"href":"https:\/\/highlevelgear.cz\/en\/wp-json\/wp\/v2\/product_cat?post=1865"},{"taxonomy":"product_tag","embeddable":true,"href":"https:\/\/highlevelgear.cz\/en\/wp-json\/wp\/v2\/product_tag?post=1865"}],"curies":[{"name":"wp","href":"https:\/\/api.w.org\/{rel}","templated":true}]}}