{"id":1890,"date":"2023-01-13T12:10:05","date_gmt":"2023-01-13T12:10:05","guid":{"rendered":"https:\/\/highlevelgear.cz\/?post_type=product&#038;p=1890"},"modified":"2026-04-21T03:34:01","modified_gmt":"2026-04-21T03:34:01","slug":"elasticka-bocni-sumka-leva","status":"publish","type":"product","link":"https:\/\/highlevelgear.cz\/en\/obchod\/sumky-kapsy\/zasobnikove-sumky\/elasticka-bocni-sumka-leva\/","title":{"rendered":"Elastic Side Wing - Left"},"content":{"rendered":"<p>Elastic side wing oriented to the left side from the user's perspective.<\/p>\n<p>   A simple elastic wing that you can attach to your plate carrier or chest rig with Velcro, expanding the space where you can store additional mags, a small radio, or other equipment of similar size. The contents of the wing can be secured with a round elastic band with a pull tab, which is included in the package.<\/p>","protected":false},"excerpt":{"rendered":"<p>Elastick\u00e1 bo\u010dn\u00ed sumka s orientac\u00ed na levou stranu z pohledu u\u017eivatele. Jednoduch\u00e1 elastick\u00e1 sumka, kterou pomoc\u00ed such\u00e9ho zipu p\u0159ilep\u00edte na sv\u016fj nosi\u010d pl\u00e1tu \u010di chest rig a roz\u0161\u00ed\u0159\u00edte tak prostor, kam m\u016f\u017eete d\u00e1t nap\u0159\u00edklad dal\u0161\u00ed z\u00e1sobn\u00edk, men\u0161\u00ed radiostanici, \u010di vybaven\u00ed podobn\u00e9 velikosti. Vybaven\u00ed v sumce lze dodate\u010dn\u011b zajistit kulatou pru\u017eenkou s t\u00e1hlem, kter\u00e9 jsou sou\u010d\u00e1st\u00ed [&hellip;]<\/p>\n","protected":false},"featured_media":1885,"comment_status":"open","ping_status":"closed","template":"","meta":{"site-sidebar-layout":"default","site-content-layout":"default","ast-site-content-layout":"default","site-content-style":"default","site-sidebar-style":"default","ast-global-header-display":"","ast-banner-title-visibility":"","ast-main-header-display":"","ast-hfb-above-header-display":"","ast-hfb-below-header-display":"","ast-hfb-mobile-header-display":"","site-post-title":"","ast-breadcrumbs-content":"","ast-featured-img":"","footer-sml-layout":"","theme-transparent-header-meta":"default","adv-header-id-meta":"","stick-header-meta":"","header-above-stick-meta":"","header-main-stick-meta":"","header-below-stick-meta":"","astra-migrate-meta-layouts":"set","ast-page-background-enabled":"default","ast-page-background-meta":{"desktop":{"background-color":"var(--ast-global-color-4)","background-image":"","background-repeat":"repeat","background-position":"center center","background-size":"auto","background-attachment":"scroll","background-type":"","background-media":"","overlay-type":"","overlay-color":"","overlay-opacity":"","overlay-gradient":""},"tablet":{"background-color":"","background-image":"","background-repeat":"repeat","background-position":"center center","background-size":"auto","background-attachment":"scroll","background-type":"","background-media":"","overlay-type":"","overlay-color":"","overlay-opacity":"","overlay-gradient":""},"mobile":{"background-color":"","background-image":"","background-repeat":"repeat","background-position":"center center","background-size":"auto","background-attachment":"scroll","background-type":"","background-media":"","overlay-type":"","overlay-color":"","overlay-opacity":"","overlay-gradient":""}},"ast-content-background-meta":{"desktop":{"background-color":"var(--ast-global-color-5)","background-image":"","background-repeat":"repeat","background-position":"center center","background-size":"auto","background-attachment":"scroll","background-type":"","background-media":"","overlay-type":"","overlay-color":"","overlay-opacity":"","overlay-gradient":""},"tablet":{"background-color":"var(--ast-global-color-5)","background-image":"","background-repeat":"repeat","background-position":"center center","background-size":"auto","background-attachment":"scroll","background-type":"","background-media":"","overlay-type":"","overlay-color":"","overlay-opacity":"","overlay-gradient":""},"mobile":{"background-color":"var(--ast-global-color-5)","background-image":"","background-repeat":"repeat","background-position":"center center","background-size":"auto","background-attachment":"scroll","background-type":"","background-media":"","overlay-type":"","overlay-color":"","overlay-opacity":"","overlay-gradient":""}}},"product_cat":[51,46,47],"product_tag":[28],"yoast_head":"<!-- This site is optimized with the Yoast SEO Premium plugin v22.8 (Yoast SEO v22.8) - https:\/\/yoast.com\/wordpress\/plugins\/seo\/ -->\n<title>Elastick\u00e1 bo\u010dn\u00ed sumka - Lev\u00e1 &#8211; highlevelgear<\/title>\n<meta name=\"description\" content=\"Elastick\u00e1 bo\u010dn\u00ed sumka s orientac\u00ed na levou stranu z pohledu u\u017eivatele. Jednoduch\u00e1 elastick\u00e1 sumka, kterou pomoc\u00ed such\u00e9ho zipu p\u0159ilep\u00edte na sv\u016fj nosi\u010d pl\u00e1tu \u010di chest rig a roz\u0161\u00ed\u0159\u00edte tak prostor, kam m\u016f\u017eete d\u00e1t nap\u0159\u00edklad dal\u0161\u00ed z\u00e1sobn\u00edk, men\u0161\u00ed radiostanici, \u010di vybaven\u00ed podobn\u00e9 velikosti. Vybaven\u00ed v sumce lze dodate\u010dn\u011b zajistit kulatou pru\u017eenkou s t\u00e1hlem, kter\u00e9 jsou sou\u010d\u00e1st\u00ed balen\u00ed.\" \/>\n<meta name=\"robots\" content=\"index, follow, max-snippet:-1, max-image-preview:large, max-video-preview:-1\" \/>\n<link rel=\"canonical\" href=\"https:\/\/highlevelgear.cz\/en\/obchod\/sumky-kapsy\/zasobnikove-sumky\/elasticka-bocni-sumka-leva\/\" \/>\n<meta property=\"og:locale\" content=\"en_GB\" \/>\n<meta property=\"og:type\" content=\"article\" \/>\n<meta property=\"og:title\" content=\"Elastick\u00e1 bo\u010dn\u00ed sumka - Lev\u00e1\" \/>\n<meta property=\"og:description\" content=\"Elastick\u00e1 bo\u010dn\u00ed sumka s orientac\u00ed na levou stranu z pohledu u\u017eivatele. Jednoduch\u00e1 elastick\u00e1 sumka, kterou pomoc\u00ed such\u00e9ho zipu p\u0159ilep\u00edte na sv\u016fj nosi\u010d pl\u00e1tu \u010di chest rig a roz\u0161\u00ed\u0159\u00edte tak prostor, kam m\u016f\u017eete d\u00e1t nap\u0159\u00edklad dal\u0161\u00ed z\u00e1sobn\u00edk, men\u0161\u00ed radiostanici, \u010di vybaven\u00ed podobn\u00e9 velikosti. Vybaven\u00ed v sumce lze dodate\u010dn\u011b zajistit kulatou pru\u017eenkou s t\u00e1hlem, kter\u00e9 jsou sou\u010d\u00e1st\u00ed balen\u00ed.\" \/>\n<meta property=\"og:url\" content=\"https:\/\/highlevelgear.cz\/en\/obchod\/sumky-kapsy\/zasobnikove-sumky\/elasticka-bocni-sumka-leva\/\" \/>\n<meta property=\"og:site_name\" content=\"highlevelgear\" \/>\n<meta property=\"article:modified_time\" content=\"2026-04-21T03:34:01+00:00\" \/>\n<meta property=\"og:image\" content=\"https:\/\/highlevelgear.cz\/wp-content\/uploads\/2023\/01\/2.1-1.jpg\" \/>\n\t<meta property=\"og:image:width\" content=\"1024\" \/>\n\t<meta property=\"og:image:height\" content=\"1024\" \/>\n\t<meta property=\"og:image:type\" content=\"image\/jpeg\" \/>\n<meta name=\"twitter:card\" content=\"summary_large_image\" \/>\n<meta name=\"twitter:label1\" content=\"Estimated reading time\" \/>\n\t<meta name=\"twitter:data1\" content=\"1 minute\" \/>\n<script type=\"application\/ld+json\" class=\"yoast-schema-graph\">{\"@context\":\"https:\/\/schema.org\",\"@graph\":[{\"@type\":\"WebPage\",\"@id\":\"https:\/\/highlevelgear.cz\/obchod\/sumky-kapsy\/zasobnikove-sumky\/elasticka-bocni-sumka-leva\/\",\"url\":\"https:\/\/highlevelgear.cz\/obchod\/sumky-kapsy\/zasobnikove-sumky\/elasticka-bocni-sumka-leva\/\",\"name\":\"Elastick\u00e1 bo\u010dn\u00ed sumka - Lev\u00e1 &#8211; highlevelgear\",\"isPartOf\":{\"@id\":\"https:\/\/highlevelgear.cz\/#website\"},\"primaryImageOfPage\":{\"@id\":\"https:\/\/highlevelgear.cz\/obchod\/sumky-kapsy\/zasobnikove-sumky\/elasticka-bocni-sumka-leva\/#primaryimage\"},\"image\":{\"@id\":\"https:\/\/highlevelgear.cz\/obchod\/sumky-kapsy\/zasobnikove-sumky\/elasticka-bocni-sumka-leva\/#primaryimage\"},\"thumbnailUrl\":\"https:\/\/i0.wp.com\/highlevelgear.cz\/wp-content\/uploads\/2023\/01\/2.1-1.jpg?fit=1024%2C1024&ssl=1\",\"datePublished\":\"2023-01-13T12:10:05+00:00\",\"dateModified\":\"2026-04-21T03:34:01+00:00\",\"description\":\"Elastick\u00e1 bo\u010dn\u00ed sumka s orientac\u00ed na levou stranu z pohledu u\u017eivatele. Jednoduch\u00e1 elastick\u00e1 sumka, kterou pomoc\u00ed such\u00e9ho zipu p\u0159ilep\u00edte na sv\u016fj nosi\u010d pl\u00e1tu \u010di chest rig a roz\u0161\u00ed\u0159\u00edte tak prostor, kam m\u016f\u017eete d\u00e1t nap\u0159\u00edklad dal\u0161\u00ed z\u00e1sobn\u00edk, men\u0161\u00ed radiostanici, \u010di vybaven\u00ed podobn\u00e9 velikosti. Vybaven\u00ed v sumce lze dodate\u010dn\u011b zajistit kulatou pru\u017eenkou s t\u00e1hlem, kter\u00e9 jsou sou\u010d\u00e1st\u00ed balen\u00ed.\",\"breadcrumb\":{\"@id\":\"https:\/\/highlevelgear.cz\/obchod\/sumky-kapsy\/zasobnikove-sumky\/elasticka-bocni-sumka-leva\/#breadcrumb\"},\"inLanguage\":\"en-GB\",\"potentialAction\":[{\"@type\":\"ReadAction\",\"target\":[\"https:\/\/highlevelgear.cz\/obchod\/sumky-kapsy\/zasobnikove-sumky\/elasticka-bocni-sumka-leva\/\"]}]},{\"@type\":\"ImageObject\",\"inLanguage\":\"en-GB\",\"@id\":\"https:\/\/highlevelgear.cz\/obchod\/sumky-kapsy\/zasobnikove-sumky\/elasticka-bocni-sumka-leva\/#primaryimage\",\"url\":\"https:\/\/i0.wp.com\/highlevelgear.cz\/wp-content\/uploads\/2023\/01\/2.1-1.jpg?fit=1024%2C1024&ssl=1\",\"contentUrl\":\"https:\/\/i0.wp.com\/highlevelgear.cz\/wp-content\/uploads\/2023\/01\/2.1-1.jpg?fit=1024%2C1024&ssl=1\",\"width\":1024,\"height\":1024},{\"@type\":\"BreadcrumbList\",\"@id\":\"https:\/\/highlevelgear.cz\/obchod\/sumky-kapsy\/zasobnikove-sumky\/elasticka-bocni-sumka-leva\/#breadcrumb\",\"itemListElement\":[{\"@type\":\"ListItem\",\"position\":1,\"name\":\"Dom\u016f\",\"item\":\"https:\/\/highlevelgear.cz\/\"},{\"@type\":\"ListItem\",\"position\":2,\"name\":\"Obchod\",\"item\":\"https:\/\/highlevelgear.cz\/obchod\/\"},{\"@type\":\"ListItem\",\"position\":3,\"name\":\"Elastick\u00e1 bo\u010dn\u00ed sumka &#8211; Lev\u00e1\"}]},{\"@type\":\"WebSite\",\"@id\":\"https:\/\/highlevelgear.cz\/#website\",\"url\":\"https:\/\/highlevelgear.cz\/\",\"name\":\"highlevelgear\",\"description\":\"Profesion\u00e1ln\u00ed v\u00fdroba taktick\u00e9 v\u00fdstroje.\",\"publisher\":{\"@id\":\"https:\/\/highlevelgear.cz\/#organization\"},\"potentialAction\":[{\"@type\":\"SearchAction\",\"target\":{\"@type\":\"EntryPoint\",\"urlTemplate\":\"https:\/\/highlevelgear.cz\/?s={search_term_string}\"},\"query-input\":\"required name=search_term_string\"}],\"inLanguage\":\"en-GB\"},{\"@type\":\"Organization\",\"@id\":\"https:\/\/highlevelgear.cz\/#organization\",\"name\":\"High Level Gear\",\"url\":\"https:\/\/highlevelgear.cz\/\",\"logo\":{\"@type\":\"ImageObject\",\"inLanguage\":\"en-GB\",\"@id\":\"https:\/\/highlevelgear.cz\/#\/schema\/logo\/image\/\",\"url\":\"https:\/\/highlevelgear.cz\/wp-content\/uploads\/2021\/12\/cropped-Logo-Short.png\",\"contentUrl\":\"https:\/\/highlevelgear.cz\/wp-content\/uploads\/2021\/12\/cropped-Logo-Short.png\",\"width\":467,\"height\":377,\"caption\":\"High Level Gear\"},\"image\":{\"@id\":\"https:\/\/highlevelgear.cz\/#\/schema\/logo\/image\/\"}}]}<\/script>\n<!-- \/ Yoast SEO Premium plugin. -->","yoast_head_json":{"title":"Elastick\u00e1 bo\u010dn\u00ed sumka - Lev\u00e1 &#8211; highlevelgear","description":"Elastick\u00e1 bo\u010dn\u00ed sumka s orientac\u00ed na levou stranu z pohledu u\u017eivatele. Jednoduch\u00e1 elastick\u00e1 sumka, kterou pomoc\u00ed such\u00e9ho zipu p\u0159ilep\u00edte na sv\u016fj nosi\u010d pl\u00e1tu \u010di chest rig a roz\u0161\u00ed\u0159\u00edte tak prostor, kam m\u016f\u017eete d\u00e1t nap\u0159\u00edklad dal\u0161\u00ed z\u00e1sobn\u00edk, men\u0161\u00ed radiostanici, \u010di vybaven\u00ed podobn\u00e9 velikosti. Vybaven\u00ed v sumce lze dodate\u010dn\u011b zajistit kulatou pru\u017eenkou s t\u00e1hlem, kter\u00e9 jsou sou\u010d\u00e1st\u00ed balen\u00ed.","robots":{"index":"index","follow":"follow","max-snippet":"max-snippet:-1","max-image-preview":"max-image-preview:large","max-video-preview":"max-video-preview:-1"},"canonical":"https:\/\/highlevelgear.cz\/en\/obchod\/sumky-kapsy\/zasobnikove-sumky\/elasticka-bocni-sumka-leva\/","og_locale":"en_GB","og_type":"article","og_title":"Elastick\u00e1 bo\u010dn\u00ed sumka - Lev\u00e1","og_description":"Elastick\u00e1 bo\u010dn\u00ed sumka s orientac\u00ed na levou stranu z pohledu u\u017eivatele. Jednoduch\u00e1 elastick\u00e1 sumka, kterou pomoc\u00ed such\u00e9ho zipu p\u0159ilep\u00edte na sv\u016fj nosi\u010d pl\u00e1tu \u010di chest rig a roz\u0161\u00ed\u0159\u00edte tak prostor, kam m\u016f\u017eete d\u00e1t nap\u0159\u00edklad dal\u0161\u00ed z\u00e1sobn\u00edk, men\u0161\u00ed radiostanici, \u010di vybaven\u00ed podobn\u00e9 velikosti. Vybaven\u00ed v sumce lze dodate\u010dn\u011b zajistit kulatou pru\u017eenkou s t\u00e1hlem, kter\u00e9 jsou sou\u010d\u00e1st\u00ed balen\u00ed.","og_url":"https:\/\/highlevelgear.cz\/en\/obchod\/sumky-kapsy\/zasobnikove-sumky\/elasticka-bocni-sumka-leva\/","og_site_name":"highlevelgear","article_modified_time":"2026-04-21T03:34:01+00:00","og_image":[{"width":1024,"height":1024,"url":"https:\/\/highlevelgear.cz\/wp-content\/uploads\/2023\/01\/2.1-1.jpg","type":"image\/jpeg"}],"twitter_card":"summary_large_image","twitter_misc":{"Estimated reading time":"1 minute"},"schema":{"@context":"https:\/\/schema.org","@graph":[{"@type":"WebPage","@id":"https:\/\/highlevelgear.cz\/obchod\/sumky-kapsy\/zasobnikove-sumky\/elasticka-bocni-sumka-leva\/","url":"https:\/\/highlevelgear.cz\/obchod\/sumky-kapsy\/zasobnikove-sumky\/elasticka-bocni-sumka-leva\/","name":"Elastick\u00e1 bo\u010dn\u00ed sumka - Lev\u00e1 &#8211; highlevelgear","isPartOf":{"@id":"https:\/\/highlevelgear.cz\/#website"},"primaryImageOfPage":{"@id":"https:\/\/highlevelgear.cz\/obchod\/sumky-kapsy\/zasobnikove-sumky\/elasticka-bocni-sumka-leva\/#primaryimage"},"image":{"@id":"https:\/\/highlevelgear.cz\/obchod\/sumky-kapsy\/zasobnikove-sumky\/elasticka-bocni-sumka-leva\/#primaryimage"},"thumbnailUrl":"https:\/\/i0.wp.com\/highlevelgear.cz\/wp-content\/uploads\/2023\/01\/2.1-1.jpg?fit=1024%2C1024&ssl=1","datePublished":"2023-01-13T12:10:05+00:00","dateModified":"2026-04-21T03:34:01+00:00","description":"Elastick\u00e1 bo\u010dn\u00ed sumka s orientac\u00ed na levou stranu z pohledu u\u017eivatele. Jednoduch\u00e1 elastick\u00e1 sumka, kterou pomoc\u00ed such\u00e9ho zipu p\u0159ilep\u00edte na sv\u016fj nosi\u010d pl\u00e1tu \u010di chest rig a roz\u0161\u00ed\u0159\u00edte tak prostor, kam m\u016f\u017eete d\u00e1t nap\u0159\u00edklad dal\u0161\u00ed z\u00e1sobn\u00edk, men\u0161\u00ed radiostanici, \u010di vybaven\u00ed podobn\u00e9 velikosti. Vybaven\u00ed v sumce lze dodate\u010dn\u011b zajistit kulatou pru\u017eenkou s t\u00e1hlem, kter\u00e9 jsou sou\u010d\u00e1st\u00ed balen\u00ed.","breadcrumb":{"@id":"https:\/\/highlevelgear.cz\/obchod\/sumky-kapsy\/zasobnikove-sumky\/elasticka-bocni-sumka-leva\/#breadcrumb"},"inLanguage":"en-GB","potentialAction":[{"@type":"ReadAction","target":["https:\/\/highlevelgear.cz\/obchod\/sumky-kapsy\/zasobnikove-sumky\/elasticka-bocni-sumka-leva\/"]}]},{"@type":"ImageObject","inLanguage":"en-GB","@id":"https:\/\/highlevelgear.cz\/obchod\/sumky-kapsy\/zasobnikove-sumky\/elasticka-bocni-sumka-leva\/#primaryimage","url":"https:\/\/i0.wp.com\/highlevelgear.cz\/wp-content\/uploads\/2023\/01\/2.1-1.jpg?fit=1024%2C1024&ssl=1","contentUrl":"https:\/\/i0.wp.com\/highlevelgear.cz\/wp-content\/uploads\/2023\/01\/2.1-1.jpg?fit=1024%2C1024&ssl=1","width":1024,"height":1024},{"@type":"BreadcrumbList","@id":"https:\/\/highlevelgear.cz\/obchod\/sumky-kapsy\/zasobnikove-sumky\/elasticka-bocni-sumka-leva\/#breadcrumb","itemListElement":[{"@type":"ListItem","position":1,"name":"Dom\u016f","item":"https:\/\/highlevelgear.cz\/"},{"@type":"ListItem","position":2,"name":"Obchod","item":"https:\/\/highlevelgear.cz\/obchod\/"},{"@type":"ListItem","position":3,"name":"Elastick\u00e1 bo\u010dn\u00ed sumka &#8211; Lev\u00e1"}]},{"@type":"WebSite","@id":"https:\/\/highlevelgear.cz\/#website","url":"https:\/\/highlevelgear.cz\/","name":"highlevelgear","description":"Profesion\u00e1ln\u00ed v\u00fdroba taktick\u00e9 v\u00fdstroje.","publisher":{"@id":"https:\/\/highlevelgear.cz\/#organization"},"potentialAction":[{"@type":"SearchAction","target":{"@type":"EntryPoint","urlTemplate":"https:\/\/highlevelgear.cz\/?s={search_term_string}"},"query-input":"required name=search_term_string"}],"inLanguage":"en-GB"},{"@type":"Organization","@id":"https:\/\/highlevelgear.cz\/#organization","name":"High Level Gear","url":"https:\/\/highlevelgear.cz\/","logo":{"@type":"ImageObject","inLanguage":"en-GB","@id":"https:\/\/highlevelgear.cz\/#\/schema\/logo\/image\/","url":"https:\/\/highlevelgear.cz\/wp-content\/uploads\/2021\/12\/cropped-Logo-Short.png","contentUrl":"https:\/\/highlevelgear.cz\/wp-content\/uploads\/2021\/12\/cropped-Logo-Short.png","width":467,"height":377,"caption":"High Level Gear"},"image":{"@id":"https:\/\/highlevelgear.cz\/#\/schema\/logo\/image\/"}}]}},"jetpack_sharing_enabled":true,"_links":{"self":[{"href":"https:\/\/highlevelgear.cz\/en\/wp-json\/wp\/v2\/product\/1890"}],"collection":[{"href":"https:\/\/highlevelgear.cz\/en\/wp-json\/wp\/v2\/product"}],"about":[{"href":"https:\/\/highlevelgear.cz\/en\/wp-json\/wp\/v2\/types\/product"}],"replies":[{"embeddable":true,"href":"https:\/\/highlevelgear.cz\/en\/wp-json\/wp\/v2\/comments?post=1890"}],"version-history":[{"count":1,"href":"https:\/\/highlevelgear.cz\/en\/wp-json\/wp\/v2\/product\/1890\/revisions"}],"predecessor-version":[{"id":1896,"href":"https:\/\/highlevelgear.cz\/en\/wp-json\/wp\/v2\/product\/1890\/revisions\/1896"}],"wp:featuredmedia":[{"embeddable":true,"href":"https:\/\/highlevelgear.cz\/en\/wp-json\/wp\/v2\/media\/1885"}],"wp:attachment":[{"href":"https:\/\/highlevelgear.cz\/en\/wp-json\/wp\/v2\/media?parent=1890"}],"wp:term":[{"taxonomy":"product_cat","embeddable":true,"href":"https:\/\/highlevelgear.cz\/en\/wp-json\/wp\/v2\/product_cat?post=1890"},{"taxonomy":"product_tag","embeddable":true,"href":"https:\/\/highlevelgear.cz\/en\/wp-json\/wp\/v2\/product_tag?post=1890"}],"curies":[{"name":"wp","href":"https:\/\/api.w.org\/{rel}","templated":true}]}}