{"id":1900,"date":"2023-01-15T14:50:23","date_gmt":"2023-01-15T14:50:23","guid":{"rendered":"https:\/\/highlevelgear.cz\/?post_type=product&#038;p=1900"},"modified":"2026-03-30T19:08:58","modified_gmt":"2026-03-30T19:08:58","slug":"organizacni-kapsa","status":"publish","type":"product","link":"https:\/\/highlevelgear.cz\/en\/obchod\/sumky-kapsy\/ostatni\/organizacni-kapsa\/","title":{"rendered":"Organizational pocket"},"content":{"rendered":"<p>Mesh organizer pocket with YKK zipper, with handle for easier handling.<\/p>\n<p>The ideal helper for sorting the contents of backpacks. Thanks to the mesh fabric from which the pocket is made, you can see the contents of the pocket without having to open it.<\/p>\n<p>Available in 3 sizes:<\/p>\n<p>S &#8211; 18&#215;13 cm<br \/>\nM &#8211; 23&#215;17 cm<br \/>\nL &#8211; 26&#215;20 cm<\/p>","protected":false},"excerpt":{"rendered":"<p>S\u00ed\u0165ovan\u00e1 organiza\u010dn\u00ed kapsa na zip YKK, s uchem pro snadn\u011bj\u0161\u00ed manipulaci. Ide\u00e1ln\u00ed pomocn\u00edk do batoh\u016f na t\u0159\u00edd\u011bn\u00ed obsahu. D\u00edky s\u00ed\u0165ovin\u011b, ze kter\u00e9 je kapsa u\u0161ita, lze rozpoznat obsah kapsy bez nutnosti rozep\u00edn\u00e1n\u00ed. Dostupn\u00e9 ve 3 velikostech: S &#8211; 18&#215;13 cm M &#8211; 23&#215;17 cm L &#8211; 26&#215;20 cm<\/p>","protected":false},"featured_media":1904,"comment_status":"open","ping_status":"closed","template":"","meta":{"site-sidebar-layout":"default","site-content-layout":"default","ast-site-content-layout":"default","site-content-style":"default","site-sidebar-style":"default","ast-global-header-display":"","ast-banner-title-visibility":"","ast-main-header-display":"","ast-hfb-above-header-display":"","ast-hfb-below-header-display":"","ast-hfb-mobile-header-display":"","site-post-title":"","ast-breadcrumbs-content":"","ast-featured-img":"","footer-sml-layout":"","theme-transparent-header-meta":"default","adv-header-id-meta":"","stick-header-meta":"","header-above-stick-meta":"","header-main-stick-meta":"","header-below-stick-meta":"","astra-migrate-meta-layouts":"set","ast-page-background-enabled":"default","ast-page-background-meta":{"desktop":{"background-color":"var(--ast-global-color-4)","background-image":"","background-repeat":"repeat","background-position":"center center","background-size":"auto","background-attachment":"scroll","background-type":"","background-media":"","overlay-type":"","overlay-color":"","overlay-opacity":"","overlay-gradient":""},"tablet":{"background-color":"","background-image":"","background-repeat":"repeat","background-position":"center center","background-size":"auto","background-attachment":"scroll","background-type":"","background-media":"","overlay-type":"","overlay-color":"","overlay-opacity":"","overlay-gradient":""},"mobile":{"background-color":"","background-image":"","background-repeat":"repeat","background-position":"center center","background-size":"auto","background-attachment":"scroll","background-type":"","background-media":"","overlay-type":"","overlay-color":"","overlay-opacity":"","overlay-gradient":""}},"ast-content-background-meta":{"desktop":{"background-color":"var(--ast-global-color-5)","background-image":"","background-repeat":"repeat","background-position":"center center","background-size":"auto","background-attachment":"scroll","background-type":"","background-media":"","overlay-type":"","overlay-color":"","overlay-opacity":"","overlay-gradient":""},"tablet":{"background-color":"var(--ast-global-color-5)","background-image":"","background-repeat":"repeat","background-position":"center center","background-size":"auto","background-attachment":"scroll","background-type":"","background-media":"","overlay-type":"","overlay-color":"","overlay-opacity":"","overlay-gradient":""},"mobile":{"background-color":"var(--ast-global-color-5)","background-image":"","background-repeat":"repeat","background-position":"center center","background-size":"auto","background-attachment":"scroll","background-type":"","background-media":"","overlay-type":"","overlay-color":"","overlay-opacity":"","overlay-gradient":""}}},"product_cat":[47],"product_tag":[28],"yoast_head":"<!-- This site is optimized with the Yoast SEO Premium plugin v22.8 (Yoast SEO v22.8) - https:\/\/yoast.com\/wordpress\/plugins\/seo\/ -->\n<title>Organiza\u010dn\u00ed kapsa &#8211; highlevelgear<\/title>\n<meta name=\"description\" content=\"S\u00ed\u0165ovan\u00e1 organiza\u010dn\u00ed kapsa na zip YKK, s uchem pro snadn\u011bj\u0161\u00ed manipulaci.Ide\u00e1ln\u00ed pomocn\u00edk do batoh\u016f na t\u0159\u00edd\u011bn\u00ed obsahu. D\u00edky s\u00ed\u0165ovin\u011b, ze kter\u00e9 je kapsa u\u0161ita, lze rozpoznat obsah kapsy bez nutnosti rozep\u00edn\u00e1n\u00ed.Dostupn\u00e9 ve 3 velikostech:S - 18x13 cmM - 23x17 cmL - 26x20 cm\" \/>\n<meta name=\"robots\" content=\"index, follow, max-snippet:-1, max-image-preview:large, max-video-preview:-1\" \/>\n<link rel=\"canonical\" href=\"https:\/\/highlevelgear.cz\/en\/obchod\/sumky-kapsy\/ostatni\/organizacni-kapsa\/\" \/>\n<meta property=\"og:locale\" content=\"en_GB\" \/>\n<meta property=\"og:type\" content=\"article\" \/>\n<meta property=\"og:title\" content=\"Organiza\u010dn\u00ed kapsa\" \/>\n<meta property=\"og:description\" content=\"S\u00ed\u0165ovan\u00e1 organiza\u010dn\u00ed kapsa na zip YKK, s uchem pro snadn\u011bj\u0161\u00ed manipulaci.Ide\u00e1ln\u00ed pomocn\u00edk do batoh\u016f na t\u0159\u00edd\u011bn\u00ed obsahu. D\u00edky s\u00ed\u0165ovin\u011b, ze kter\u00e9 je kapsa u\u0161ita, lze rozpoznat obsah kapsy bez nutnosti rozep\u00edn\u00e1n\u00ed.Dostupn\u00e9 ve 3 velikostech:S - 18x13 cmM - 23x17 cmL - 26x20 cm\" \/>\n<meta property=\"og:url\" content=\"https:\/\/highlevelgear.cz\/en\/obchod\/sumky-kapsy\/ostatni\/organizacni-kapsa\/\" \/>\n<meta property=\"og:site_name\" content=\"highlevelgear\" \/>\n<meta property=\"article:modified_time\" content=\"2026-03-30T19:08:58+00:00\" \/>\n<meta property=\"og:image\" content=\"https:\/\/highlevelgear.cz\/wp-content\/uploads\/2023\/01\/1.0.jpg\" \/>\n\t<meta property=\"og:image:width\" content=\"1024\" \/>\n\t<meta property=\"og:image:height\" content=\"1024\" \/>\n\t<meta property=\"og:image:type\" content=\"image\/jpeg\" \/>\n<meta name=\"twitter:card\" content=\"summary_large_image\" \/>\n<meta name=\"twitter:label1\" content=\"Estimated reading time\" \/>\n\t<meta name=\"twitter:data1\" content=\"1 minute\" \/>\n<script type=\"application\/ld+json\" class=\"yoast-schema-graph\">{\"@context\":\"https:\/\/schema.org\",\"@graph\":[{\"@type\":\"WebPage\",\"@id\":\"https:\/\/highlevelgear.cz\/obchod\/sumky-kapsy\/ostatni\/organizacni-kapsa\/\",\"url\":\"https:\/\/highlevelgear.cz\/obchod\/sumky-kapsy\/ostatni\/organizacni-kapsa\/\",\"name\":\"Organiza\u010dn\u00ed kapsa &#8211; highlevelgear\",\"isPartOf\":{\"@id\":\"https:\/\/highlevelgear.cz\/#website\"},\"primaryImageOfPage\":{\"@id\":\"https:\/\/highlevelgear.cz\/obchod\/sumky-kapsy\/ostatni\/organizacni-kapsa\/#primaryimage\"},\"image\":{\"@id\":\"https:\/\/highlevelgear.cz\/obchod\/sumky-kapsy\/ostatni\/organizacni-kapsa\/#primaryimage\"},\"thumbnailUrl\":\"https:\/\/i0.wp.com\/highlevelgear.cz\/wp-content\/uploads\/2023\/01\/1.0.jpg?fit=1024%2C1024&ssl=1\",\"datePublished\":\"2023-01-15T14:50:23+00:00\",\"dateModified\":\"2026-03-30T19:08:58+00:00\",\"description\":\"S\u00ed\u0165ovan\u00e1 organiza\u010dn\u00ed kapsa na zip YKK, s uchem pro snadn\u011bj\u0161\u00ed manipulaci.Ide\u00e1ln\u00ed pomocn\u00edk do batoh\u016f na t\u0159\u00edd\u011bn\u00ed obsahu. D\u00edky s\u00ed\u0165ovin\u011b, ze kter\u00e9 je kapsa u\u0161ita, lze rozpoznat obsah kapsy bez nutnosti rozep\u00edn\u00e1n\u00ed.Dostupn\u00e9 ve 3 velikostech:S - 18x13 cmM - 23x17 cmL - 26x20 cm\",\"breadcrumb\":{\"@id\":\"https:\/\/highlevelgear.cz\/obchod\/sumky-kapsy\/ostatni\/organizacni-kapsa\/#breadcrumb\"},\"inLanguage\":\"en-GB\",\"potentialAction\":[{\"@type\":\"ReadAction\",\"target\":[\"https:\/\/highlevelgear.cz\/obchod\/sumky-kapsy\/ostatni\/organizacni-kapsa\/\"]}]},{\"@type\":\"ImageObject\",\"inLanguage\":\"en-GB\",\"@id\":\"https:\/\/highlevelgear.cz\/obchod\/sumky-kapsy\/ostatni\/organizacni-kapsa\/#primaryimage\",\"url\":\"https:\/\/i0.wp.com\/highlevelgear.cz\/wp-content\/uploads\/2023\/01\/1.0.jpg?fit=1024%2C1024&ssl=1\",\"contentUrl\":\"https:\/\/i0.wp.com\/highlevelgear.cz\/wp-content\/uploads\/2023\/01\/1.0.jpg?fit=1024%2C1024&ssl=1\",\"width\":1024,\"height\":1024},{\"@type\":\"BreadcrumbList\",\"@id\":\"https:\/\/highlevelgear.cz\/obchod\/sumky-kapsy\/ostatni\/organizacni-kapsa\/#breadcrumb\",\"itemListElement\":[{\"@type\":\"ListItem\",\"position\":1,\"name\":\"Dom\u016f\",\"item\":\"https:\/\/highlevelgear.cz\/\"},{\"@type\":\"ListItem\",\"position\":2,\"name\":\"Obchod\",\"item\":\"https:\/\/highlevelgear.cz\/obchod\/\"},{\"@type\":\"ListItem\",\"position\":3,\"name\":\"Organiza\u010dn\u00ed kapsa\"}]},{\"@type\":\"WebSite\",\"@id\":\"https:\/\/highlevelgear.cz\/#website\",\"url\":\"https:\/\/highlevelgear.cz\/\",\"name\":\"highlevelgear\",\"description\":\"Profesion\u00e1ln\u00ed v\u00fdroba taktick\u00e9 v\u00fdstroje.\",\"publisher\":{\"@id\":\"https:\/\/highlevelgear.cz\/#organization\"},\"potentialAction\":[{\"@type\":\"SearchAction\",\"target\":{\"@type\":\"EntryPoint\",\"urlTemplate\":\"https:\/\/highlevelgear.cz\/?s={search_term_string}\"},\"query-input\":\"required name=search_term_string\"}],\"inLanguage\":\"en-GB\"},{\"@type\":\"Organization\",\"@id\":\"https:\/\/highlevelgear.cz\/#organization\",\"name\":\"High Level Gear\",\"url\":\"https:\/\/highlevelgear.cz\/\",\"logo\":{\"@type\":\"ImageObject\",\"inLanguage\":\"en-GB\",\"@id\":\"https:\/\/highlevelgear.cz\/#\/schema\/logo\/image\/\",\"url\":\"https:\/\/highlevelgear.cz\/wp-content\/uploads\/2021\/12\/cropped-Logo-Short.png\",\"contentUrl\":\"https:\/\/highlevelgear.cz\/wp-content\/uploads\/2021\/12\/cropped-Logo-Short.png\",\"width\":467,\"height\":377,\"caption\":\"High Level Gear\"},\"image\":{\"@id\":\"https:\/\/highlevelgear.cz\/#\/schema\/logo\/image\/\"}}]}<\/script>\n<!-- \/ Yoast SEO Premium plugin. -->","yoast_head_json":{"title":"Organiza\u010dn\u00ed kapsa &#8211; highlevelgear","description":"S\u00ed\u0165ovan\u00e1 organiza\u010dn\u00ed kapsa na zip YKK, s uchem pro snadn\u011bj\u0161\u00ed manipulaci.Ide\u00e1ln\u00ed pomocn\u00edk do batoh\u016f na t\u0159\u00edd\u011bn\u00ed obsahu. D\u00edky s\u00ed\u0165ovin\u011b, ze kter\u00e9 je kapsa u\u0161ita, lze rozpoznat obsah kapsy bez nutnosti rozep\u00edn\u00e1n\u00ed.Dostupn\u00e9 ve 3 velikostech:S - 18x13 cmM - 23x17 cmL - 26x20 cm","robots":{"index":"index","follow":"follow","max-snippet":"max-snippet:-1","max-image-preview":"max-image-preview:large","max-video-preview":"max-video-preview:-1"},"canonical":"https:\/\/highlevelgear.cz\/en\/obchod\/sumky-kapsy\/ostatni\/organizacni-kapsa\/","og_locale":"en_GB","og_type":"article","og_title":"Organiza\u010dn\u00ed kapsa","og_description":"S\u00ed\u0165ovan\u00e1 organiza\u010dn\u00ed kapsa na zip YKK, s uchem pro snadn\u011bj\u0161\u00ed manipulaci.Ide\u00e1ln\u00ed pomocn\u00edk do batoh\u016f na t\u0159\u00edd\u011bn\u00ed obsahu. D\u00edky s\u00ed\u0165ovin\u011b, ze kter\u00e9 je kapsa u\u0161ita, lze rozpoznat obsah kapsy bez nutnosti rozep\u00edn\u00e1n\u00ed.Dostupn\u00e9 ve 3 velikostech:S - 18x13 cmM - 23x17 cmL - 26x20 cm","og_url":"https:\/\/highlevelgear.cz\/en\/obchod\/sumky-kapsy\/ostatni\/organizacni-kapsa\/","og_site_name":"highlevelgear","article_modified_time":"2026-03-30T19:08:58+00:00","og_image":[{"width":1024,"height":1024,"url":"https:\/\/highlevelgear.cz\/wp-content\/uploads\/2023\/01\/1.0.jpg","type":"image\/jpeg"}],"twitter_card":"summary_large_image","twitter_misc":{"Estimated reading time":"1 minute"},"schema":{"@context":"https:\/\/schema.org","@graph":[{"@type":"WebPage","@id":"https:\/\/highlevelgear.cz\/obchod\/sumky-kapsy\/ostatni\/organizacni-kapsa\/","url":"https:\/\/highlevelgear.cz\/obchod\/sumky-kapsy\/ostatni\/organizacni-kapsa\/","name":"Organiza\u010dn\u00ed kapsa &#8211; highlevelgear","isPartOf":{"@id":"https:\/\/highlevelgear.cz\/#website"},"primaryImageOfPage":{"@id":"https:\/\/highlevelgear.cz\/obchod\/sumky-kapsy\/ostatni\/organizacni-kapsa\/#primaryimage"},"image":{"@id":"https:\/\/highlevelgear.cz\/obchod\/sumky-kapsy\/ostatni\/organizacni-kapsa\/#primaryimage"},"thumbnailUrl":"https:\/\/i0.wp.com\/highlevelgear.cz\/wp-content\/uploads\/2023\/01\/1.0.jpg?fit=1024%2C1024&ssl=1","datePublished":"2023-01-15T14:50:23+00:00","dateModified":"2026-03-30T19:08:58+00:00","description":"S\u00ed\u0165ovan\u00e1 organiza\u010dn\u00ed kapsa na zip YKK, s uchem pro snadn\u011bj\u0161\u00ed manipulaci.Ide\u00e1ln\u00ed pomocn\u00edk do batoh\u016f na t\u0159\u00edd\u011bn\u00ed obsahu. D\u00edky s\u00ed\u0165ovin\u011b, ze kter\u00e9 je kapsa u\u0161ita, lze rozpoznat obsah kapsy bez nutnosti rozep\u00edn\u00e1n\u00ed.Dostupn\u00e9 ve 3 velikostech:S - 18x13 cmM - 23x17 cmL - 26x20 cm","breadcrumb":{"@id":"https:\/\/highlevelgear.cz\/obchod\/sumky-kapsy\/ostatni\/organizacni-kapsa\/#breadcrumb"},"inLanguage":"en-GB","potentialAction":[{"@type":"ReadAction","target":["https:\/\/highlevelgear.cz\/obchod\/sumky-kapsy\/ostatni\/organizacni-kapsa\/"]}]},{"@type":"ImageObject","inLanguage":"en-GB","@id":"https:\/\/highlevelgear.cz\/obchod\/sumky-kapsy\/ostatni\/organizacni-kapsa\/#primaryimage","url":"https:\/\/i0.wp.com\/highlevelgear.cz\/wp-content\/uploads\/2023\/01\/1.0.jpg?fit=1024%2C1024&ssl=1","contentUrl":"https:\/\/i0.wp.com\/highlevelgear.cz\/wp-content\/uploads\/2023\/01\/1.0.jpg?fit=1024%2C1024&ssl=1","width":1024,"height":1024},{"@type":"BreadcrumbList","@id":"https:\/\/highlevelgear.cz\/obchod\/sumky-kapsy\/ostatni\/organizacni-kapsa\/#breadcrumb","itemListElement":[{"@type":"ListItem","position":1,"name":"Dom\u016f","item":"https:\/\/highlevelgear.cz\/"},{"@type":"ListItem","position":2,"name":"Obchod","item":"https:\/\/highlevelgear.cz\/obchod\/"},{"@type":"ListItem","position":3,"name":"Organiza\u010dn\u00ed kapsa"}]},{"@type":"WebSite","@id":"https:\/\/highlevelgear.cz\/#website","url":"https:\/\/highlevelgear.cz\/","name":"highlevelgear","description":"Profesion\u00e1ln\u00ed v\u00fdroba taktick\u00e9 v\u00fdstroje.","publisher":{"@id":"https:\/\/highlevelgear.cz\/#organization"},"potentialAction":[{"@type":"SearchAction","target":{"@type":"EntryPoint","urlTemplate":"https:\/\/highlevelgear.cz\/?s={search_term_string}"},"query-input":"required name=search_term_string"}],"inLanguage":"en-GB"},{"@type":"Organization","@id":"https:\/\/highlevelgear.cz\/#organization","name":"High Level Gear","url":"https:\/\/highlevelgear.cz\/","logo":{"@type":"ImageObject","inLanguage":"en-GB","@id":"https:\/\/highlevelgear.cz\/#\/schema\/logo\/image\/","url":"https:\/\/highlevelgear.cz\/wp-content\/uploads\/2021\/12\/cropped-Logo-Short.png","contentUrl":"https:\/\/highlevelgear.cz\/wp-content\/uploads\/2021\/12\/cropped-Logo-Short.png","width":467,"height":377,"caption":"High Level Gear"},"image":{"@id":"https:\/\/highlevelgear.cz\/#\/schema\/logo\/image\/"}}]}},"jetpack_sharing_enabled":true,"_links":{"self":[{"href":"https:\/\/highlevelgear.cz\/en\/wp-json\/wp\/v2\/product\/1900"}],"collection":[{"href":"https:\/\/highlevelgear.cz\/en\/wp-json\/wp\/v2\/product"}],"about":[{"href":"https:\/\/highlevelgear.cz\/en\/wp-json\/wp\/v2\/types\/product"}],"replies":[{"embeddable":true,"href":"https:\/\/highlevelgear.cz\/en\/wp-json\/wp\/v2\/comments?post=1900"}],"version-history":[{"count":1,"href":"https:\/\/highlevelgear.cz\/en\/wp-json\/wp\/v2\/product\/1900\/revisions"}],"predecessor-version":[{"id":1906,"href":"https:\/\/highlevelgear.cz\/en\/wp-json\/wp\/v2\/product\/1900\/revisions\/1906"}],"wp:featuredmedia":[{"embeddable":true,"href":"https:\/\/highlevelgear.cz\/en\/wp-json\/wp\/v2\/media\/1904"}],"wp:attachment":[{"href":"https:\/\/highlevelgear.cz\/en\/wp-json\/wp\/v2\/media?parent=1900"}],"wp:term":[{"taxonomy":"product_cat","embeddable":true,"href":"https:\/\/highlevelgear.cz\/en\/wp-json\/wp\/v2\/product_cat?post=1900"},{"taxonomy":"product_tag","embeddable":true,"href":"https:\/\/highlevelgear.cz\/en\/wp-json\/wp\/v2\/product_tag?post=1900"}],"curies":[{"name":"wp","href":"https:\/\/api.w.org\/{rel}","templated":true}]}}