{"id":1979,"date":"2023-01-29T19:35:49","date_gmt":"2023-01-29T19:35:49","guid":{"rendered":"https:\/\/highlevelgear.cz\/?post_type=product&#038;p=1979"},"modified":"2026-04-14T14:40:12","modified_gmt":"2026-04-14T14:40:12","slug":"opaskove-pouzdro-pro-tourniquet","status":"publish","type":"product","link":"https:\/\/highlevelgear.cz\/en\/obchod\/sumky-kapsy\/zdravotnicke-kapsy-a-doplnky\/opaskove-pouzdro-pro-tourniquet\/","title":{"rendered":"TQ Pouch Belt Mounted"},"content":{"rendered":"<p>Belt pouch for tourniquet.<\/p>\n<p>A simple elastic holster that allows you to carry a tourniquet comfortably on your belt. The pouch attaches to the belt with Velcro strips. Ideal for belts with a width of 50 mm and 45 mm.<\/p>","protected":false},"excerpt":{"rendered":"<p>Opaskov\u00e9 pouzdro pro tourniquet. Jednoduch\u00e9 elastick\u00e9 pouzdro se kter\u00fdm m\u016f\u017eete nosit tourniquet pohodln\u011b na sv\u00e9m opasku. Pouzdro dr\u017e\u00ed na opasku d\u00edky prou\u017ek\u016fm such\u00e9ho zipu. Ide\u00e1ln\u00ed pro opasky v \u0161\u00ed\u0159\u00edch 50 mm a 45 mm.<\/p>","protected":false},"featured_media":1985,"comment_status":"open","ping_status":"closed","template":"","meta":{"site-sidebar-layout":"default","site-content-layout":"default","ast-site-content-layout":"default","site-content-style":"default","site-sidebar-style":"default","ast-global-header-display":"","ast-banner-title-visibility":"","ast-main-header-display":"","ast-hfb-above-header-display":"","ast-hfb-below-header-display":"","ast-hfb-mobile-header-display":"","site-post-title":"","ast-breadcrumbs-content":"","ast-featured-img":"","footer-sml-layout":"","theme-transparent-header-meta":"default","adv-header-id-meta":"","stick-header-meta":"","header-above-stick-meta":"","header-main-stick-meta":"","header-below-stick-meta":"","astra-migrate-meta-layouts":"set","ast-page-background-enabled":"default","ast-page-background-meta":{"desktop":{"background-color":"var(--ast-global-color-4)","background-image":"","background-repeat":"repeat","background-position":"center center","background-size":"auto","background-attachment":"scroll","background-type":"","background-media":"","overlay-type":"","overlay-color":"","overlay-opacity":"","overlay-gradient":""},"tablet":{"background-color":"","background-image":"","background-repeat":"repeat","background-position":"center center","background-size":"auto","background-attachment":"scroll","background-type":"","background-media":"","overlay-type":"","overlay-color":"","overlay-opacity":"","overlay-gradient":""},"mobile":{"background-color":"","background-image":"","background-repeat":"repeat","background-position":"center center","background-size":"auto","background-attachment":"scroll","background-type":"","background-media":"","overlay-type":"","overlay-color":"","overlay-opacity":"","overlay-gradient":""}},"ast-content-background-meta":{"desktop":{"background-color":"var(--ast-global-color-5)","background-image":"","background-repeat":"repeat","background-position":"center center","background-size":"auto","background-attachment":"scroll","background-type":"","background-media":"","overlay-type":"","overlay-color":"","overlay-opacity":"","overlay-gradient":""},"tablet":{"background-color":"var(--ast-global-color-5)","background-image":"","background-repeat":"repeat","background-position":"center center","background-size":"auto","background-attachment":"scroll","background-type":"","background-media":"","overlay-type":"","overlay-color":"","overlay-opacity":"","overlay-gradient":""},"mobile":{"background-color":"var(--ast-global-color-5)","background-image":"","background-repeat":"repeat","background-position":"center center","background-size":"auto","background-attachment":"scroll","background-type":"","background-media":"","overlay-type":"","overlay-color":"","overlay-opacity":"","overlay-gradient":""}}},"product_cat":[20],"product_tag":[28],"yoast_head":"<!-- This site is optimized with the Yoast SEO Premium plugin v22.8 (Yoast SEO v22.8) - https:\/\/yoast.com\/wordpress\/plugins\/seo\/ -->\n<title>Opaskov\u00e9 pouzdro pro tourniquet &#8211; highlevelgear<\/title>\n<meta name=\"description\" content=\"Opaskov\u00e9 pouzdro pro tourniquet.Jednoduch\u00e9 elastick\u00e9 pouzdro se kter\u00fdm m\u016f\u017eete nosit tourniquet pohodln\u011b na sv\u00e9m opasku. Pouzdro dr\u017e\u00ed na opasku d\u00edky prou\u017ek\u016fm such\u00e9ho zipu. Ide\u00e1ln\u00ed pro opasky v \u0161\u00ed\u0159\u00edch 50 mm a 45 mm.\" \/>\n<meta name=\"robots\" content=\"index, follow, max-snippet:-1, max-image-preview:large, max-video-preview:-1\" \/>\n<link rel=\"canonical\" href=\"https:\/\/highlevelgear.cz\/en\/obchod\/sumky-kapsy\/zdravotnicke-kapsy-a-doplnky\/opaskove-pouzdro-pro-tourniquet\/\" \/>\n<meta property=\"og:locale\" content=\"en_GB\" \/>\n<meta property=\"og:type\" content=\"article\" \/>\n<meta property=\"og:title\" content=\"Opaskov\u00e9 pouzdro pro tourniquet\" \/>\n<meta property=\"og:description\" content=\"Opaskov\u00e9 pouzdro pro tourniquet.Jednoduch\u00e9 elastick\u00e9 pouzdro se kter\u00fdm m\u016f\u017eete nosit tourniquet pohodln\u011b na sv\u00e9m opasku. Pouzdro dr\u017e\u00ed na opasku d\u00edky prou\u017ek\u016fm such\u00e9ho zipu. Ide\u00e1ln\u00ed pro opasky v \u0161\u00ed\u0159\u00edch 50 mm a 45 mm.\" \/>\n<meta property=\"og:url\" content=\"https:\/\/highlevelgear.cz\/en\/obchod\/sumky-kapsy\/zdravotnicke-kapsy-a-doplnky\/opaskove-pouzdro-pro-tourniquet\/\" \/>\n<meta property=\"og:site_name\" content=\"highlevelgear\" \/>\n<meta property=\"article:modified_time\" content=\"2026-04-14T14:40:12+00:00\" \/>\n<meta property=\"og:image\" content=\"https:\/\/highlevelgear.cz\/wp-content\/uploads\/2023\/01\/1-_.jpg\" \/>\n\t<meta property=\"og:image:width\" content=\"1024\" \/>\n\t<meta property=\"og:image:height\" content=\"1024\" \/>\n\t<meta property=\"og:image:type\" content=\"image\/jpeg\" \/>\n<meta name=\"twitter:card\" content=\"summary_large_image\" \/>\n<meta name=\"twitter:label1\" content=\"Estimated reading time\" \/>\n\t<meta name=\"twitter:data1\" content=\"1 minute\" \/>\n<script type=\"application\/ld+json\" class=\"yoast-schema-graph\">{\"@context\":\"https:\/\/schema.org\",\"@graph\":[{\"@type\":\"WebPage\",\"@id\":\"https:\/\/highlevelgear.cz\/obchod\/sumky-kapsy\/zdravotnicke-kapsy-a-doplnky\/opaskove-pouzdro-pro-tourniquet\/\",\"url\":\"https:\/\/highlevelgear.cz\/obchod\/sumky-kapsy\/zdravotnicke-kapsy-a-doplnky\/opaskove-pouzdro-pro-tourniquet\/\",\"name\":\"Opaskov\u00e9 pouzdro pro tourniquet &#8211; highlevelgear\",\"isPartOf\":{\"@id\":\"https:\/\/highlevelgear.cz\/#website\"},\"primaryImageOfPage\":{\"@id\":\"https:\/\/highlevelgear.cz\/obchod\/sumky-kapsy\/zdravotnicke-kapsy-a-doplnky\/opaskove-pouzdro-pro-tourniquet\/#primaryimage\"},\"image\":{\"@id\":\"https:\/\/highlevelgear.cz\/obchod\/sumky-kapsy\/zdravotnicke-kapsy-a-doplnky\/opaskove-pouzdro-pro-tourniquet\/#primaryimage\"},\"thumbnailUrl\":\"https:\/\/i0.wp.com\/highlevelgear.cz\/wp-content\/uploads\/2023\/01\/1-_.jpg?fit=1024%2C1024&ssl=1\",\"datePublished\":\"2023-01-29T19:35:49+00:00\",\"dateModified\":\"2026-04-14T14:40:12+00:00\",\"description\":\"Opaskov\u00e9 pouzdro pro tourniquet.Jednoduch\u00e9 elastick\u00e9 pouzdro se kter\u00fdm m\u016f\u017eete nosit tourniquet pohodln\u011b na sv\u00e9m opasku. Pouzdro dr\u017e\u00ed na opasku d\u00edky prou\u017ek\u016fm such\u00e9ho zipu. Ide\u00e1ln\u00ed pro opasky v \u0161\u00ed\u0159\u00edch 50 mm a 45 mm.\",\"breadcrumb\":{\"@id\":\"https:\/\/highlevelgear.cz\/obchod\/sumky-kapsy\/zdravotnicke-kapsy-a-doplnky\/opaskove-pouzdro-pro-tourniquet\/#breadcrumb\"},\"inLanguage\":\"en-GB\",\"potentialAction\":[{\"@type\":\"ReadAction\",\"target\":[\"https:\/\/highlevelgear.cz\/obchod\/sumky-kapsy\/zdravotnicke-kapsy-a-doplnky\/opaskove-pouzdro-pro-tourniquet\/\"]}]},{\"@type\":\"ImageObject\",\"inLanguage\":\"en-GB\",\"@id\":\"https:\/\/highlevelgear.cz\/obchod\/sumky-kapsy\/zdravotnicke-kapsy-a-doplnky\/opaskove-pouzdro-pro-tourniquet\/#primaryimage\",\"url\":\"https:\/\/i0.wp.com\/highlevelgear.cz\/wp-content\/uploads\/2023\/01\/1-_.jpg?fit=1024%2C1024&ssl=1\",\"contentUrl\":\"https:\/\/i0.wp.com\/highlevelgear.cz\/wp-content\/uploads\/2023\/01\/1-_.jpg?fit=1024%2C1024&ssl=1\",\"width\":1024,\"height\":1024},{\"@type\":\"BreadcrumbList\",\"@id\":\"https:\/\/highlevelgear.cz\/obchod\/sumky-kapsy\/zdravotnicke-kapsy-a-doplnky\/opaskove-pouzdro-pro-tourniquet\/#breadcrumb\",\"itemListElement\":[{\"@type\":\"ListItem\",\"position\":1,\"name\":\"Dom\u016f\",\"item\":\"https:\/\/highlevelgear.cz\/\"},{\"@type\":\"ListItem\",\"position\":2,\"name\":\"Obchod\",\"item\":\"https:\/\/highlevelgear.cz\/obchod\/\"},{\"@type\":\"ListItem\",\"position\":3,\"name\":\"Opaskov\u00e9 pouzdro pro tourniquet\"}]},{\"@type\":\"WebSite\",\"@id\":\"https:\/\/highlevelgear.cz\/#website\",\"url\":\"https:\/\/highlevelgear.cz\/\",\"name\":\"highlevelgear\",\"description\":\"Profesion\u00e1ln\u00ed v\u00fdroba taktick\u00e9 v\u00fdstroje.\",\"publisher\":{\"@id\":\"https:\/\/highlevelgear.cz\/#organization\"},\"potentialAction\":[{\"@type\":\"SearchAction\",\"target\":{\"@type\":\"EntryPoint\",\"urlTemplate\":\"https:\/\/highlevelgear.cz\/?s={search_term_string}\"},\"query-input\":\"required name=search_term_string\"}],\"inLanguage\":\"en-GB\"},{\"@type\":\"Organization\",\"@id\":\"https:\/\/highlevelgear.cz\/#organization\",\"name\":\"High Level Gear\",\"url\":\"https:\/\/highlevelgear.cz\/\",\"logo\":{\"@type\":\"ImageObject\",\"inLanguage\":\"en-GB\",\"@id\":\"https:\/\/highlevelgear.cz\/#\/schema\/logo\/image\/\",\"url\":\"https:\/\/highlevelgear.cz\/wp-content\/uploads\/2021\/12\/cropped-Logo-Short.png\",\"contentUrl\":\"https:\/\/highlevelgear.cz\/wp-content\/uploads\/2021\/12\/cropped-Logo-Short.png\",\"width\":467,\"height\":377,\"caption\":\"High Level Gear\"},\"image\":{\"@id\":\"https:\/\/highlevelgear.cz\/#\/schema\/logo\/image\/\"}}]}<\/script>\n<!-- \/ Yoast SEO Premium plugin. -->","yoast_head_json":{"title":"Opaskov\u00e9 pouzdro pro tourniquet &#8211; highlevelgear","description":"Opaskov\u00e9 pouzdro pro tourniquet.Jednoduch\u00e9 elastick\u00e9 pouzdro se kter\u00fdm m\u016f\u017eete nosit tourniquet pohodln\u011b na sv\u00e9m opasku. Pouzdro dr\u017e\u00ed na opasku d\u00edky prou\u017ek\u016fm such\u00e9ho zipu. Ide\u00e1ln\u00ed pro opasky v \u0161\u00ed\u0159\u00edch 50 mm a 45 mm.","robots":{"index":"index","follow":"follow","max-snippet":"max-snippet:-1","max-image-preview":"max-image-preview:large","max-video-preview":"max-video-preview:-1"},"canonical":"https:\/\/highlevelgear.cz\/en\/obchod\/sumky-kapsy\/zdravotnicke-kapsy-a-doplnky\/opaskove-pouzdro-pro-tourniquet\/","og_locale":"en_GB","og_type":"article","og_title":"Opaskov\u00e9 pouzdro pro tourniquet","og_description":"Opaskov\u00e9 pouzdro pro tourniquet.Jednoduch\u00e9 elastick\u00e9 pouzdro se kter\u00fdm m\u016f\u017eete nosit tourniquet pohodln\u011b na sv\u00e9m opasku. Pouzdro dr\u017e\u00ed na opasku d\u00edky prou\u017ek\u016fm such\u00e9ho zipu. Ide\u00e1ln\u00ed pro opasky v \u0161\u00ed\u0159\u00edch 50 mm a 45 mm.","og_url":"https:\/\/highlevelgear.cz\/en\/obchod\/sumky-kapsy\/zdravotnicke-kapsy-a-doplnky\/opaskove-pouzdro-pro-tourniquet\/","og_site_name":"highlevelgear","article_modified_time":"2026-04-14T14:40:12+00:00","og_image":[{"width":1024,"height":1024,"url":"https:\/\/highlevelgear.cz\/wp-content\/uploads\/2023\/01\/1-_.jpg","type":"image\/jpeg"}],"twitter_card":"summary_large_image","twitter_misc":{"Estimated reading time":"1 minute"},"schema":{"@context":"https:\/\/schema.org","@graph":[{"@type":"WebPage","@id":"https:\/\/highlevelgear.cz\/obchod\/sumky-kapsy\/zdravotnicke-kapsy-a-doplnky\/opaskove-pouzdro-pro-tourniquet\/","url":"https:\/\/highlevelgear.cz\/obchod\/sumky-kapsy\/zdravotnicke-kapsy-a-doplnky\/opaskove-pouzdro-pro-tourniquet\/","name":"Opaskov\u00e9 pouzdro pro tourniquet &#8211; highlevelgear","isPartOf":{"@id":"https:\/\/highlevelgear.cz\/#website"},"primaryImageOfPage":{"@id":"https:\/\/highlevelgear.cz\/obchod\/sumky-kapsy\/zdravotnicke-kapsy-a-doplnky\/opaskove-pouzdro-pro-tourniquet\/#primaryimage"},"image":{"@id":"https:\/\/highlevelgear.cz\/obchod\/sumky-kapsy\/zdravotnicke-kapsy-a-doplnky\/opaskove-pouzdro-pro-tourniquet\/#primaryimage"},"thumbnailUrl":"https:\/\/i0.wp.com\/highlevelgear.cz\/wp-content\/uploads\/2023\/01\/1-_.jpg?fit=1024%2C1024&ssl=1","datePublished":"2023-01-29T19:35:49+00:00","dateModified":"2026-04-14T14:40:12+00:00","description":"Opaskov\u00e9 pouzdro pro tourniquet.Jednoduch\u00e9 elastick\u00e9 pouzdro se kter\u00fdm m\u016f\u017eete nosit tourniquet pohodln\u011b na sv\u00e9m opasku. Pouzdro dr\u017e\u00ed na opasku d\u00edky prou\u017ek\u016fm such\u00e9ho zipu. Ide\u00e1ln\u00ed pro opasky v \u0161\u00ed\u0159\u00edch 50 mm a 45 mm.","breadcrumb":{"@id":"https:\/\/highlevelgear.cz\/obchod\/sumky-kapsy\/zdravotnicke-kapsy-a-doplnky\/opaskove-pouzdro-pro-tourniquet\/#breadcrumb"},"inLanguage":"en-GB","potentialAction":[{"@type":"ReadAction","target":["https:\/\/highlevelgear.cz\/obchod\/sumky-kapsy\/zdravotnicke-kapsy-a-doplnky\/opaskove-pouzdro-pro-tourniquet\/"]}]},{"@type":"ImageObject","inLanguage":"en-GB","@id":"https:\/\/highlevelgear.cz\/obchod\/sumky-kapsy\/zdravotnicke-kapsy-a-doplnky\/opaskove-pouzdro-pro-tourniquet\/#primaryimage","url":"https:\/\/i0.wp.com\/highlevelgear.cz\/wp-content\/uploads\/2023\/01\/1-_.jpg?fit=1024%2C1024&ssl=1","contentUrl":"https:\/\/i0.wp.com\/highlevelgear.cz\/wp-content\/uploads\/2023\/01\/1-_.jpg?fit=1024%2C1024&ssl=1","width":1024,"height":1024},{"@type":"BreadcrumbList","@id":"https:\/\/highlevelgear.cz\/obchod\/sumky-kapsy\/zdravotnicke-kapsy-a-doplnky\/opaskove-pouzdro-pro-tourniquet\/#breadcrumb","itemListElement":[{"@type":"ListItem","position":1,"name":"Dom\u016f","item":"https:\/\/highlevelgear.cz\/"},{"@type":"ListItem","position":2,"name":"Obchod","item":"https:\/\/highlevelgear.cz\/obchod\/"},{"@type":"ListItem","position":3,"name":"Opaskov\u00e9 pouzdro pro tourniquet"}]},{"@type":"WebSite","@id":"https:\/\/highlevelgear.cz\/#website","url":"https:\/\/highlevelgear.cz\/","name":"highlevelgear","description":"Profesion\u00e1ln\u00ed v\u00fdroba taktick\u00e9 v\u00fdstroje.","publisher":{"@id":"https:\/\/highlevelgear.cz\/#organization"},"potentialAction":[{"@type":"SearchAction","target":{"@type":"EntryPoint","urlTemplate":"https:\/\/highlevelgear.cz\/?s={search_term_string}"},"query-input":"required name=search_term_string"}],"inLanguage":"en-GB"},{"@type":"Organization","@id":"https:\/\/highlevelgear.cz\/#organization","name":"High Level Gear","url":"https:\/\/highlevelgear.cz\/","logo":{"@type":"ImageObject","inLanguage":"en-GB","@id":"https:\/\/highlevelgear.cz\/#\/schema\/logo\/image\/","url":"https:\/\/highlevelgear.cz\/wp-content\/uploads\/2021\/12\/cropped-Logo-Short.png","contentUrl":"https:\/\/highlevelgear.cz\/wp-content\/uploads\/2021\/12\/cropped-Logo-Short.png","width":467,"height":377,"caption":"High Level Gear"},"image":{"@id":"https:\/\/highlevelgear.cz\/#\/schema\/logo\/image\/"}}]}},"jetpack_sharing_enabled":true,"_links":{"self":[{"href":"https:\/\/highlevelgear.cz\/en\/wp-json\/wp\/v2\/product\/1979"}],"collection":[{"href":"https:\/\/highlevelgear.cz\/en\/wp-json\/wp\/v2\/product"}],"about":[{"href":"https:\/\/highlevelgear.cz\/en\/wp-json\/wp\/v2\/types\/product"}],"replies":[{"embeddable":true,"href":"https:\/\/highlevelgear.cz\/en\/wp-json\/wp\/v2\/comments?post=1979"}],"version-history":[{"count":1,"href":"https:\/\/highlevelgear.cz\/en\/wp-json\/wp\/v2\/product\/1979\/revisions"}],"predecessor-version":[{"id":1989,"href":"https:\/\/highlevelgear.cz\/en\/wp-json\/wp\/v2\/product\/1979\/revisions\/1989"}],"wp:featuredmedia":[{"embeddable":true,"href":"https:\/\/highlevelgear.cz\/en\/wp-json\/wp\/v2\/media\/1985"}],"wp:attachment":[{"href":"https:\/\/highlevelgear.cz\/en\/wp-json\/wp\/v2\/media?parent=1979"}],"wp:term":[{"taxonomy":"product_cat","embeddable":true,"href":"https:\/\/highlevelgear.cz\/en\/wp-json\/wp\/v2\/product_cat?post=1979"},{"taxonomy":"product_tag","embeddable":true,"href":"https:\/\/highlevelgear.cz\/en\/wp-json\/wp\/v2\/product_tag?post=1979"}],"curies":[{"name":"wp","href":"https:\/\/api.w.org\/{rel}","templated":true}]}}