{"id":2022,"date":"2023-04-06T08:28:15","date_gmt":"2023-04-06T08:28:15","guid":{"rendered":"https:\/\/highlevelgear.cz\/?post_type=product&#038;p=2022"},"modified":"2026-03-30T19:04:42","modified_gmt":"2026-03-30T19:04:42","slug":"plechacek","status":"publish","type":"product","link":"https:\/\/highlevelgear.cz\/en\/obchod\/merch\/plechacek\/","title":{"rendered":"Mug"},"content":{"rendered":"<p>An enamel mug, also known as a \"tin mug,\" is a great stylish accessory suitable (not only) for every coffee lover. Thanks to its durable material, it can be carried in a backpack during any activity.<\/p>\n<p>Cup volume 330 ml<\/p>","protected":false},"excerpt":{"rendered":"<p>Smaltovan\u00fd hrnek, tzv. &#8222;plech\u00e1\u010dek&#8220; je skv\u011bl\u00fd stylov\u00fd dopln\u011bk vhodn\u00fd (nejen) pro ka\u017ed\u00e9ho milovn\u00edka k\u00e1vy. D\u00edky odoln\u00e9mu materi\u00e1lu ho lze s sebou nosit i v batohu p\u0159i jak\u00e9koliv aktivit\u011b. Objem hrnku 330 ml<\/p>","protected":false},"featured_media":2023,"comment_status":"open","ping_status":"closed","template":"","meta":{"site-sidebar-layout":"default","site-content-layout":"default","ast-site-content-layout":"default","site-content-style":"default","site-sidebar-style":"default","ast-global-header-display":"","ast-banner-title-visibility":"","ast-main-header-display":"","ast-hfb-above-header-display":"","ast-hfb-below-header-display":"","ast-hfb-mobile-header-display":"","site-post-title":"","ast-breadcrumbs-content":"","ast-featured-img":"","footer-sml-layout":"","theme-transparent-header-meta":"default","adv-header-id-meta":"","stick-header-meta":"","header-above-stick-meta":"","header-main-stick-meta":"","header-below-stick-meta":"","astra-migrate-meta-layouts":"set","ast-page-background-enabled":"default","ast-page-background-meta":{"desktop":{"background-color":"var(--ast-global-color-4)","background-image":"","background-repeat":"repeat","background-position":"center center","background-size":"auto","background-attachment":"scroll","background-type":"","background-media":"","overlay-type":"","overlay-color":"","overlay-opacity":"","overlay-gradient":""},"tablet":{"background-color":"","background-image":"","background-repeat":"repeat","background-position":"center center","background-size":"auto","background-attachment":"scroll","background-type":"","background-media":"","overlay-type":"","overlay-color":"","overlay-opacity":"","overlay-gradient":""},"mobile":{"background-color":"","background-image":"","background-repeat":"repeat","background-position":"center center","background-size":"auto","background-attachment":"scroll","background-type":"","background-media":"","overlay-type":"","overlay-color":"","overlay-opacity":"","overlay-gradient":""}},"ast-content-background-meta":{"desktop":{"background-color":"var(--ast-global-color-5)","background-image":"","background-repeat":"repeat","background-position":"center center","background-size":"auto","background-attachment":"scroll","background-type":"","background-media":"","overlay-type":"","overlay-color":"","overlay-opacity":"","overlay-gradient":""},"tablet":{"background-color":"var(--ast-global-color-5)","background-image":"","background-repeat":"repeat","background-position":"center center","background-size":"auto","background-attachment":"scroll","background-type":"","background-media":"","overlay-type":"","overlay-color":"","overlay-opacity":"","overlay-gradient":""},"mobile":{"background-color":"var(--ast-global-color-5)","background-image":"","background-repeat":"repeat","background-position":"center center","background-size":"auto","background-attachment":"scroll","background-type":"","background-media":"","overlay-type":"","overlay-color":"","overlay-opacity":"","overlay-gradient":""}}},"product_cat":[56],"product_tag":[28],"yoast_head":"<!-- This site is optimized with the Yoast SEO Premium plugin v22.8 (Yoast SEO v22.8) - https:\/\/yoast.com\/wordpress\/plugins\/seo\/ -->\n<title>Plech\u00e1\u010dek &#8211; highlevelgear<\/title>\n<meta name=\"description\" content=\"Smaltovan\u00fd hrnek, tzv. &quot;plech\u00e1\u010dek&quot; je skv\u011bl\u00fd stylov\u00fd dopln\u011bk vhodn\u00fd (nejen) pro ka\u017ed\u00e9ho milovn\u00edka k\u00e1vy. D\u00edky odoln\u00e9mu materi\u00e1lu ho s sebou lze nosit i v batohu p\u0159i jak\u00e9koliv aktivit\u011b.Objem hrnku 330 ml\" \/>\n<meta name=\"robots\" content=\"index, follow, max-snippet:-1, max-image-preview:large, max-video-preview:-1\" \/>\n<link rel=\"canonical\" href=\"https:\/\/highlevelgear.cz\/en\/obchod\/merch\/plechacek\/\" \/>\n<meta property=\"og:locale\" content=\"en_GB\" \/>\n<meta property=\"og:type\" content=\"article\" \/>\n<meta property=\"og:title\" content=\"Plech\u00e1\u010dek\" \/>\n<meta property=\"og:description\" content=\"Smaltovan\u00fd hrnek, tzv. &quot;plech\u00e1\u010dek&quot; je skv\u011bl\u00fd stylov\u00fd dopln\u011bk vhodn\u00fd (nejen) pro ka\u017ed\u00e9ho milovn\u00edka k\u00e1vy. D\u00edky odoln\u00e9mu materi\u00e1lu ho s sebou lze nosit i v batohu p\u0159i jak\u00e9koliv aktivit\u011b.Objem hrnku 330 ml\" \/>\n<meta property=\"og:url\" content=\"https:\/\/highlevelgear.cz\/en\/obchod\/merch\/plechacek\/\" \/>\n<meta property=\"og:site_name\" content=\"highlevelgear\" \/>\n<meta property=\"article:modified_time\" content=\"2026-03-30T19:04:42+00:00\" \/>\n<meta property=\"og:image\" content=\"https:\/\/highlevelgear.cz\/wp-content\/uploads\/2023\/04\/Merch_HLG_2.jpg\" \/>\n\t<meta property=\"og:image:width\" content=\"1024\" \/>\n\t<meta property=\"og:image:height\" content=\"1024\" \/>\n\t<meta property=\"og:image:type\" content=\"image\/jpeg\" \/>\n<meta name=\"twitter:card\" content=\"summary_large_image\" \/>\n<meta name=\"twitter:label1\" content=\"Estimated reading time\" \/>\n\t<meta name=\"twitter:data1\" content=\"1 minute\" \/>\n<script type=\"application\/ld+json\" class=\"yoast-schema-graph\">{\"@context\":\"https:\/\/schema.org\",\"@graph\":[{\"@type\":\"WebPage\",\"@id\":\"https:\/\/highlevelgear.cz\/obchod\/merch\/plechacek\/\",\"url\":\"https:\/\/highlevelgear.cz\/obchod\/merch\/plechacek\/\",\"name\":\"Plech\u00e1\u010dek &#8211; highlevelgear\",\"isPartOf\":{\"@id\":\"https:\/\/highlevelgear.cz\/#website\"},\"primaryImageOfPage\":{\"@id\":\"https:\/\/highlevelgear.cz\/obchod\/merch\/plechacek\/#primaryimage\"},\"image\":{\"@id\":\"https:\/\/highlevelgear.cz\/obchod\/merch\/plechacek\/#primaryimage\"},\"thumbnailUrl\":\"https:\/\/i0.wp.com\/highlevelgear.cz\/wp-content\/uploads\/2023\/04\/Merch_HLG_2.jpg?fit=1024%2C1024&ssl=1\",\"datePublished\":\"2023-04-06T08:28:15+00:00\",\"dateModified\":\"2026-03-30T19:04:42+00:00\",\"description\":\"Smaltovan\u00fd hrnek, tzv. \\\"plech\u00e1\u010dek\\\" je skv\u011bl\u00fd stylov\u00fd dopln\u011bk vhodn\u00fd (nejen) pro ka\u017ed\u00e9ho milovn\u00edka k\u00e1vy. D\u00edky odoln\u00e9mu materi\u00e1lu ho s sebou lze nosit i v batohu p\u0159i jak\u00e9koliv aktivit\u011b.Objem hrnku 330 ml\",\"breadcrumb\":{\"@id\":\"https:\/\/highlevelgear.cz\/obchod\/merch\/plechacek\/#breadcrumb\"},\"inLanguage\":\"en-GB\",\"potentialAction\":[{\"@type\":\"ReadAction\",\"target\":[\"https:\/\/highlevelgear.cz\/obchod\/merch\/plechacek\/\"]}]},{\"@type\":\"ImageObject\",\"inLanguage\":\"en-GB\",\"@id\":\"https:\/\/highlevelgear.cz\/obchod\/merch\/plechacek\/#primaryimage\",\"url\":\"https:\/\/i0.wp.com\/highlevelgear.cz\/wp-content\/uploads\/2023\/04\/Merch_HLG_2.jpg?fit=1024%2C1024&ssl=1\",\"contentUrl\":\"https:\/\/i0.wp.com\/highlevelgear.cz\/wp-content\/uploads\/2023\/04\/Merch_HLG_2.jpg?fit=1024%2C1024&ssl=1\",\"width\":1024,\"height\":1024},{\"@type\":\"BreadcrumbList\",\"@id\":\"https:\/\/highlevelgear.cz\/obchod\/merch\/plechacek\/#breadcrumb\",\"itemListElement\":[{\"@type\":\"ListItem\",\"position\":1,\"name\":\"Dom\u016f\",\"item\":\"https:\/\/highlevelgear.cz\/\"},{\"@type\":\"ListItem\",\"position\":2,\"name\":\"Obchod\",\"item\":\"https:\/\/highlevelgear.cz\/obchod\/\"},{\"@type\":\"ListItem\",\"position\":3,\"name\":\"Plech\u00e1\u010dek\"}]},{\"@type\":\"WebSite\",\"@id\":\"https:\/\/highlevelgear.cz\/#website\",\"url\":\"https:\/\/highlevelgear.cz\/\",\"name\":\"highlevelgear\",\"description\":\"Profesion\u00e1ln\u00ed v\u00fdroba taktick\u00e9 v\u00fdstroje.\",\"publisher\":{\"@id\":\"https:\/\/highlevelgear.cz\/#organization\"},\"potentialAction\":[{\"@type\":\"SearchAction\",\"target\":{\"@type\":\"EntryPoint\",\"urlTemplate\":\"https:\/\/highlevelgear.cz\/?s={search_term_string}\"},\"query-input\":\"required name=search_term_string\"}],\"inLanguage\":\"en-GB\"},{\"@type\":\"Organization\",\"@id\":\"https:\/\/highlevelgear.cz\/#organization\",\"name\":\"High Level Gear\",\"url\":\"https:\/\/highlevelgear.cz\/\",\"logo\":{\"@type\":\"ImageObject\",\"inLanguage\":\"en-GB\",\"@id\":\"https:\/\/highlevelgear.cz\/#\/schema\/logo\/image\/\",\"url\":\"https:\/\/highlevelgear.cz\/wp-content\/uploads\/2021\/12\/cropped-Logo-Short.png\",\"contentUrl\":\"https:\/\/highlevelgear.cz\/wp-content\/uploads\/2021\/12\/cropped-Logo-Short.png\",\"width\":467,\"height\":377,\"caption\":\"High Level Gear\"},\"image\":{\"@id\":\"https:\/\/highlevelgear.cz\/#\/schema\/logo\/image\/\"}}]}<\/script>\n<!-- \/ Yoast SEO Premium plugin. -->","yoast_head_json":{"title":"Plech\u00e1\u010dek &#8211; highlevelgear","description":"Smaltovan\u00fd hrnek, tzv. \"plech\u00e1\u010dek\" je skv\u011bl\u00fd stylov\u00fd dopln\u011bk vhodn\u00fd (nejen) pro ka\u017ed\u00e9ho milovn\u00edka k\u00e1vy. D\u00edky odoln\u00e9mu materi\u00e1lu ho s sebou lze nosit i v batohu p\u0159i jak\u00e9koliv aktivit\u011b.Objem hrnku 330 ml","robots":{"index":"index","follow":"follow","max-snippet":"max-snippet:-1","max-image-preview":"max-image-preview:large","max-video-preview":"max-video-preview:-1"},"canonical":"https:\/\/highlevelgear.cz\/en\/obchod\/merch\/plechacek\/","og_locale":"en_GB","og_type":"article","og_title":"Plech\u00e1\u010dek","og_description":"Smaltovan\u00fd hrnek, tzv. \"plech\u00e1\u010dek\" je skv\u011bl\u00fd stylov\u00fd dopln\u011bk vhodn\u00fd (nejen) pro ka\u017ed\u00e9ho milovn\u00edka k\u00e1vy. D\u00edky odoln\u00e9mu materi\u00e1lu ho s sebou lze nosit i v batohu p\u0159i jak\u00e9koliv aktivit\u011b.Objem hrnku 330 ml","og_url":"https:\/\/highlevelgear.cz\/en\/obchod\/merch\/plechacek\/","og_site_name":"highlevelgear","article_modified_time":"2026-03-30T19:04:42+00:00","og_image":[{"width":1024,"height":1024,"url":"https:\/\/highlevelgear.cz\/wp-content\/uploads\/2023\/04\/Merch_HLG_2.jpg","type":"image\/jpeg"}],"twitter_card":"summary_large_image","twitter_misc":{"Estimated reading time":"1 minute"},"schema":{"@context":"https:\/\/schema.org","@graph":[{"@type":"WebPage","@id":"https:\/\/highlevelgear.cz\/obchod\/merch\/plechacek\/","url":"https:\/\/highlevelgear.cz\/obchod\/merch\/plechacek\/","name":"Plech\u00e1\u010dek &#8211; highlevelgear","isPartOf":{"@id":"https:\/\/highlevelgear.cz\/#website"},"primaryImageOfPage":{"@id":"https:\/\/highlevelgear.cz\/obchod\/merch\/plechacek\/#primaryimage"},"image":{"@id":"https:\/\/highlevelgear.cz\/obchod\/merch\/plechacek\/#primaryimage"},"thumbnailUrl":"https:\/\/i0.wp.com\/highlevelgear.cz\/wp-content\/uploads\/2023\/04\/Merch_HLG_2.jpg?fit=1024%2C1024&ssl=1","datePublished":"2023-04-06T08:28:15+00:00","dateModified":"2026-03-30T19:04:42+00:00","description":"Smaltovan\u00fd hrnek, tzv. \"plech\u00e1\u010dek\" je skv\u011bl\u00fd stylov\u00fd dopln\u011bk vhodn\u00fd (nejen) pro ka\u017ed\u00e9ho milovn\u00edka k\u00e1vy. D\u00edky odoln\u00e9mu materi\u00e1lu ho s sebou lze nosit i v batohu p\u0159i jak\u00e9koliv aktivit\u011b.Objem hrnku 330 ml","breadcrumb":{"@id":"https:\/\/highlevelgear.cz\/obchod\/merch\/plechacek\/#breadcrumb"},"inLanguage":"en-GB","potentialAction":[{"@type":"ReadAction","target":["https:\/\/highlevelgear.cz\/obchod\/merch\/plechacek\/"]}]},{"@type":"ImageObject","inLanguage":"en-GB","@id":"https:\/\/highlevelgear.cz\/obchod\/merch\/plechacek\/#primaryimage","url":"https:\/\/i0.wp.com\/highlevelgear.cz\/wp-content\/uploads\/2023\/04\/Merch_HLG_2.jpg?fit=1024%2C1024&ssl=1","contentUrl":"https:\/\/i0.wp.com\/highlevelgear.cz\/wp-content\/uploads\/2023\/04\/Merch_HLG_2.jpg?fit=1024%2C1024&ssl=1","width":1024,"height":1024},{"@type":"BreadcrumbList","@id":"https:\/\/highlevelgear.cz\/obchod\/merch\/plechacek\/#breadcrumb","itemListElement":[{"@type":"ListItem","position":1,"name":"Dom\u016f","item":"https:\/\/highlevelgear.cz\/"},{"@type":"ListItem","position":2,"name":"Obchod","item":"https:\/\/highlevelgear.cz\/obchod\/"},{"@type":"ListItem","position":3,"name":"Plech\u00e1\u010dek"}]},{"@type":"WebSite","@id":"https:\/\/highlevelgear.cz\/#website","url":"https:\/\/highlevelgear.cz\/","name":"highlevelgear","description":"Profesion\u00e1ln\u00ed v\u00fdroba taktick\u00e9 v\u00fdstroje.","publisher":{"@id":"https:\/\/highlevelgear.cz\/#organization"},"potentialAction":[{"@type":"SearchAction","target":{"@type":"EntryPoint","urlTemplate":"https:\/\/highlevelgear.cz\/?s={search_term_string}"},"query-input":"required name=search_term_string"}],"inLanguage":"en-GB"},{"@type":"Organization","@id":"https:\/\/highlevelgear.cz\/#organization","name":"High Level Gear","url":"https:\/\/highlevelgear.cz\/","logo":{"@type":"ImageObject","inLanguage":"en-GB","@id":"https:\/\/highlevelgear.cz\/#\/schema\/logo\/image\/","url":"https:\/\/highlevelgear.cz\/wp-content\/uploads\/2021\/12\/cropped-Logo-Short.png","contentUrl":"https:\/\/highlevelgear.cz\/wp-content\/uploads\/2021\/12\/cropped-Logo-Short.png","width":467,"height":377,"caption":"High Level Gear"},"image":{"@id":"https:\/\/highlevelgear.cz\/#\/schema\/logo\/image\/"}}]}},"jetpack_sharing_enabled":true,"_links":{"self":[{"href":"https:\/\/highlevelgear.cz\/en\/wp-json\/wp\/v2\/product\/2022"}],"collection":[{"href":"https:\/\/highlevelgear.cz\/en\/wp-json\/wp\/v2\/product"}],"about":[{"href":"https:\/\/highlevelgear.cz\/en\/wp-json\/wp\/v2\/types\/product"}],"replies":[{"embeddable":true,"href":"https:\/\/highlevelgear.cz\/en\/wp-json\/wp\/v2\/comments?post=2022"}],"version-history":[{"count":2,"href":"https:\/\/highlevelgear.cz\/en\/wp-json\/wp\/v2\/product\/2022\/revisions"}],"predecessor-version":[{"id":2026,"href":"https:\/\/highlevelgear.cz\/en\/wp-json\/wp\/v2\/product\/2022\/revisions\/2026"}],"wp:featuredmedia":[{"embeddable":true,"href":"https:\/\/highlevelgear.cz\/en\/wp-json\/wp\/v2\/media\/2023"}],"wp:attachment":[{"href":"https:\/\/highlevelgear.cz\/en\/wp-json\/wp\/v2\/media?parent=2022"}],"wp:term":[{"taxonomy":"product_cat","embeddable":true,"href":"https:\/\/highlevelgear.cz\/en\/wp-json\/wp\/v2\/product_cat?post=2022"},{"taxonomy":"product_tag","embeddable":true,"href":"https:\/\/highlevelgear.cz\/en\/wp-json\/wp\/v2\/product_tag?post=2022"}],"curies":[{"name":"wp","href":"https:\/\/api.w.org\/{rel}","templated":true}]}}