{"id":2095,"date":"2023-04-14T08:24:21","date_gmt":"2023-04-14T08:24:21","guid":{"rendered":"https:\/\/highlevelgear.cz\/?post_type=product&#038;p=2095"},"modified":"2026-04-14T14:40:12","modified_gmt":"2026-04-14T14:40:12","slug":"sumka-na-zasobnik-ar15","status":"publish","type":"product","link":"https:\/\/highlevelgear.cz\/en\/obchod\/sumky-kapsy\/zasobnikove-sumky\/sumka-na-zasobnik-ar15\/","title":{"rendered":"Pistol Mag Pouch - AR15 Pouch"},"content":{"rendered":"<p>Pouch for one AR15 rifle mag. The mag is secured in the pouch with an elastic band. MOLLE webbing is sewn onto the front of the pouch for attaching additional pouches.<\/p>","protected":false},"excerpt":{"rendered":"<p>Pouch for one AR15 rifle mag. The mag is secured in the pouch with an elastic band. MOLLE webbing is sewn onto the front of the pouch for attaching additional pouches.<\/p>","protected":false},"featured_media":2106,"comment_status":"open","ping_status":"closed","template":"","meta":{"site-sidebar-layout":"default","site-content-layout":"default","ast-site-content-layout":"default","site-content-style":"default","site-sidebar-style":"default","ast-global-header-display":"","ast-banner-title-visibility":"","ast-main-header-display":"","ast-hfb-above-header-display":"","ast-hfb-below-header-display":"","ast-hfb-mobile-header-display":"","site-post-title":"","ast-breadcrumbs-content":"","ast-featured-img":"","footer-sml-layout":"","theme-transparent-header-meta":"default","adv-header-id-meta":"","stick-header-meta":"","header-above-stick-meta":"","header-main-stick-meta":"","header-below-stick-meta":"","astra-migrate-meta-layouts":"set","ast-page-background-enabled":"default","ast-page-background-meta":{"desktop":{"background-color":"var(--ast-global-color-4)","background-image":"","background-repeat":"repeat","background-position":"center center","background-size":"auto","background-attachment":"scroll","background-type":"","background-media":"","overlay-type":"","overlay-color":"","overlay-opacity":"","overlay-gradient":""},"tablet":{"background-color":"","background-image":"","background-repeat":"repeat","background-position":"center center","background-size":"auto","background-attachment":"scroll","background-type":"","background-media":"","overlay-type":"","overlay-color":"","overlay-opacity":"","overlay-gradient":""},"mobile":{"background-color":"","background-image":"","background-repeat":"repeat","background-position":"center center","background-size":"auto","background-attachment":"scroll","background-type":"","background-media":"","overlay-type":"","overlay-color":"","overlay-opacity":"","overlay-gradient":""}},"ast-content-background-meta":{"desktop":{"background-color":"var(--ast-global-color-5)","background-image":"","background-repeat":"repeat","background-position":"center center","background-size":"auto","background-attachment":"scroll","background-type":"","background-media":"","overlay-type":"","overlay-color":"","overlay-opacity":"","overlay-gradient":""},"tablet":{"background-color":"var(--ast-global-color-5)","background-image":"","background-repeat":"repeat","background-position":"center center","background-size":"auto","background-attachment":"scroll","background-type":"","background-media":"","overlay-type":"","overlay-color":"","overlay-opacity":"","overlay-gradient":""},"mobile":{"background-color":"var(--ast-global-color-5)","background-image":"","background-repeat":"repeat","background-position":"center center","background-size":"auto","background-attachment":"scroll","background-type":"","background-media":"","overlay-type":"","overlay-color":"","overlay-opacity":"","overlay-gradient":""}}},"product_cat":[46],"product_tag":[28],"yoast_head":"<!-- This site is optimized with the Yoast SEO Premium plugin v22.8 (Yoast SEO v22.8) - https:\/\/yoast.com\/wordpress\/plugins\/seo\/ -->\n<title>Sumka na z\u00e1sobn\u00edk AR15 &#8211; highlevelgear<\/title>\n<meta name=\"description\" content=\"Sumka na jeden pu\u0161kov\u00fd z\u00e1sobn\u00edk typu AR15. Z\u00e1sobn\u00edk je v sumce ji\u0161t\u011bn pru\u017eenkou. Na p\u0159edn\u00ed stran\u011b sumky je na\u0161ita molle vazba pro mo\u017enost uchycen\u00ed dal\u0161\u00edch sumek.\" \/>\n<meta name=\"robots\" content=\"index, follow, max-snippet:-1, max-image-preview:large, max-video-preview:-1\" \/>\n<link rel=\"canonical\" href=\"https:\/\/highlevelgear.cz\/en\/obchod\/sumky-kapsy\/zasobnikove-sumky\/sumka-na-zasobnik-ar15\/\" \/>\n<meta property=\"og:locale\" content=\"en_GB\" \/>\n<meta property=\"og:type\" content=\"article\" \/>\n<meta property=\"og:title\" content=\"Sumka na z\u00e1sobn\u00edk AR15\" \/>\n<meta property=\"og:description\" content=\"Sumka na jeden pu\u0161kov\u00fd z\u00e1sobn\u00edk typu AR15. Z\u00e1sobn\u00edk je v sumce ji\u0161t\u011bn pru\u017eenkou. Na p\u0159edn\u00ed stran\u011b sumky je na\u0161ita molle vazba pro mo\u017enost uchycen\u00ed dal\u0161\u00edch sumek.\" \/>\n<meta property=\"og:url\" content=\"https:\/\/highlevelgear.cz\/en\/obchod\/sumky-kapsy\/zasobnikove-sumky\/sumka-na-zasobnik-ar15\/\" \/>\n<meta property=\"og:site_name\" content=\"highlevelgear\" \/>\n<meta property=\"article:modified_time\" content=\"2026-04-14T14:40:12+00:00\" \/>\n<meta property=\"og:image\" content=\"https:\/\/highlevelgear.cz\/wp-content\/uploads\/2023\/04\/Single-AR15-mag-pouch_HLG_1.jpg\" \/>\n\t<meta property=\"og:image:width\" content=\"1024\" \/>\n\t<meta property=\"og:image:height\" content=\"1024\" \/>\n\t<meta property=\"og:image:type\" content=\"image\/jpeg\" \/>\n<meta name=\"twitter:card\" content=\"summary_large_image\" \/>\n<meta name=\"twitter:label1\" content=\"Estimated reading time\" \/>\n\t<meta name=\"twitter:data1\" content=\"1 minute\" \/>\n<script type=\"application\/ld+json\" class=\"yoast-schema-graph\">{\"@context\":\"https:\/\/schema.org\",\"@graph\":[{\"@type\":\"WebPage\",\"@id\":\"https:\/\/highlevelgear.cz\/obchod\/sumky-kapsy\/zasobnikove-sumky\/sumka-na-zasobnik-ar15\/\",\"url\":\"https:\/\/highlevelgear.cz\/obchod\/sumky-kapsy\/zasobnikove-sumky\/sumka-na-zasobnik-ar15\/\",\"name\":\"Sumka na z\u00e1sobn\u00edk AR15 &#8211; highlevelgear\",\"isPartOf\":{\"@id\":\"https:\/\/highlevelgear.cz\/#website\"},\"primaryImageOfPage\":{\"@id\":\"https:\/\/highlevelgear.cz\/obchod\/sumky-kapsy\/zasobnikove-sumky\/sumka-na-zasobnik-ar15\/#primaryimage\"},\"image\":{\"@id\":\"https:\/\/highlevelgear.cz\/obchod\/sumky-kapsy\/zasobnikove-sumky\/sumka-na-zasobnik-ar15\/#primaryimage\"},\"thumbnailUrl\":\"https:\/\/i0.wp.com\/highlevelgear.cz\/wp-content\/uploads\/2023\/04\/Single-AR15-mag-pouch_HLG_1.jpg?fit=1024%2C1024&ssl=1\",\"datePublished\":\"2023-04-14T08:24:21+00:00\",\"dateModified\":\"2026-04-14T14:40:12+00:00\",\"description\":\"Sumka na jeden pu\u0161kov\u00fd z\u00e1sobn\u00edk typu AR15. Z\u00e1sobn\u00edk je v sumce ji\u0161t\u011bn pru\u017eenkou. Na p\u0159edn\u00ed stran\u011b sumky je na\u0161ita molle vazba pro mo\u017enost uchycen\u00ed dal\u0161\u00edch sumek.\",\"breadcrumb\":{\"@id\":\"https:\/\/highlevelgear.cz\/obchod\/sumky-kapsy\/zasobnikove-sumky\/sumka-na-zasobnik-ar15\/#breadcrumb\"},\"inLanguage\":\"en-GB\",\"potentialAction\":[{\"@type\":\"ReadAction\",\"target\":[\"https:\/\/highlevelgear.cz\/obchod\/sumky-kapsy\/zasobnikove-sumky\/sumka-na-zasobnik-ar15\/\"]}]},{\"@type\":\"ImageObject\",\"inLanguage\":\"en-GB\",\"@id\":\"https:\/\/highlevelgear.cz\/obchod\/sumky-kapsy\/zasobnikove-sumky\/sumka-na-zasobnik-ar15\/#primaryimage\",\"url\":\"https:\/\/i0.wp.com\/highlevelgear.cz\/wp-content\/uploads\/2023\/04\/Single-AR15-mag-pouch_HLG_1.jpg?fit=1024%2C1024&ssl=1\",\"contentUrl\":\"https:\/\/i0.wp.com\/highlevelgear.cz\/wp-content\/uploads\/2023\/04\/Single-AR15-mag-pouch_HLG_1.jpg?fit=1024%2C1024&ssl=1\",\"width\":1024,\"height\":1024},{\"@type\":\"BreadcrumbList\",\"@id\":\"https:\/\/highlevelgear.cz\/obchod\/sumky-kapsy\/zasobnikove-sumky\/sumka-na-zasobnik-ar15\/#breadcrumb\",\"itemListElement\":[{\"@type\":\"ListItem\",\"position\":1,\"name\":\"Dom\u016f\",\"item\":\"https:\/\/highlevelgear.cz\/\"},{\"@type\":\"ListItem\",\"position\":2,\"name\":\"Obchod\",\"item\":\"https:\/\/highlevelgear.cz\/obchod\/\"},{\"@type\":\"ListItem\",\"position\":3,\"name\":\"Sumka na z\u00e1sobn\u00edk AR15\"}]},{\"@type\":\"WebSite\",\"@id\":\"https:\/\/highlevelgear.cz\/#website\",\"url\":\"https:\/\/highlevelgear.cz\/\",\"name\":\"highlevelgear\",\"description\":\"Profesion\u00e1ln\u00ed v\u00fdroba taktick\u00e9 v\u00fdstroje.\",\"publisher\":{\"@id\":\"https:\/\/highlevelgear.cz\/#organization\"},\"potentialAction\":[{\"@type\":\"SearchAction\",\"target\":{\"@type\":\"EntryPoint\",\"urlTemplate\":\"https:\/\/highlevelgear.cz\/?s={search_term_string}\"},\"query-input\":\"required name=search_term_string\"}],\"inLanguage\":\"en-GB\"},{\"@type\":\"Organization\",\"@id\":\"https:\/\/highlevelgear.cz\/#organization\",\"name\":\"High Level Gear\",\"url\":\"https:\/\/highlevelgear.cz\/\",\"logo\":{\"@type\":\"ImageObject\",\"inLanguage\":\"en-GB\",\"@id\":\"https:\/\/highlevelgear.cz\/#\/schema\/logo\/image\/\",\"url\":\"https:\/\/highlevelgear.cz\/wp-content\/uploads\/2021\/12\/cropped-Logo-Short.png\",\"contentUrl\":\"https:\/\/highlevelgear.cz\/wp-content\/uploads\/2021\/12\/cropped-Logo-Short.png\",\"width\":467,\"height\":377,\"caption\":\"High Level Gear\"},\"image\":{\"@id\":\"https:\/\/highlevelgear.cz\/#\/schema\/logo\/image\/\"}}]}<\/script>\n<!-- \/ Yoast SEO Premium plugin. -->","yoast_head_json":{"title":"Sumka na z\u00e1sobn\u00edk AR15 &#8211; highlevelgear","description":"Pouch for one AR15 rifle mag. The mag is secured in the pouch with an elastic band. MOLLE webbing is sewn onto the front of the pouch for attaching additional pouches.","robots":{"index":"index","follow":"follow","max-snippet":"max-snippet:-1","max-image-preview":"max-image-preview:large","max-video-preview":"max-video-preview:-1"},"canonical":"https:\/\/highlevelgear.cz\/en\/obchod\/sumky-kapsy\/zasobnikove-sumky\/sumka-na-zasobnik-ar15\/","og_locale":"en_GB","og_type":"article","og_title":"Sumka na z\u00e1sobn\u00edk AR15","og_description":"Sumka na jeden pu\u0161kov\u00fd z\u00e1sobn\u00edk typu AR15. Z\u00e1sobn\u00edk je v sumce ji\u0161t\u011bn pru\u017eenkou. Na p\u0159edn\u00ed stran\u011b sumky je na\u0161ita molle vazba pro mo\u017enost uchycen\u00ed dal\u0161\u00edch sumek.","og_url":"https:\/\/highlevelgear.cz\/en\/obchod\/sumky-kapsy\/zasobnikove-sumky\/sumka-na-zasobnik-ar15\/","og_site_name":"highlevelgear","article_modified_time":"2026-04-14T14:40:12+00:00","og_image":[{"width":1024,"height":1024,"url":"https:\/\/highlevelgear.cz\/wp-content\/uploads\/2023\/04\/Single-AR15-mag-pouch_HLG_1.jpg","type":"image\/jpeg"}],"twitter_card":"summary_large_image","twitter_misc":{"Estimated reading time":"1 minute"},"schema":{"@context":"https:\/\/schema.org","@graph":[{"@type":"WebPage","@id":"https:\/\/highlevelgear.cz\/obchod\/sumky-kapsy\/zasobnikove-sumky\/sumka-na-zasobnik-ar15\/","url":"https:\/\/highlevelgear.cz\/obchod\/sumky-kapsy\/zasobnikove-sumky\/sumka-na-zasobnik-ar15\/","name":"Sumka na z\u00e1sobn\u00edk AR15 &#8211; highlevelgear","isPartOf":{"@id":"https:\/\/highlevelgear.cz\/#website"},"primaryImageOfPage":{"@id":"https:\/\/highlevelgear.cz\/obchod\/sumky-kapsy\/zasobnikove-sumky\/sumka-na-zasobnik-ar15\/#primaryimage"},"image":{"@id":"https:\/\/highlevelgear.cz\/obchod\/sumky-kapsy\/zasobnikove-sumky\/sumka-na-zasobnik-ar15\/#primaryimage"},"thumbnailUrl":"https:\/\/i0.wp.com\/highlevelgear.cz\/wp-content\/uploads\/2023\/04\/Single-AR15-mag-pouch_HLG_1.jpg?fit=1024%2C1024&ssl=1","datePublished":"2023-04-14T08:24:21+00:00","dateModified":"2026-04-14T14:40:12+00:00","description":"Pouch for one AR15 rifle mag. The mag is secured in the pouch with an elastic band. MOLLE webbing is sewn onto the front of the pouch for attaching additional pouches.","breadcrumb":{"@id":"https:\/\/highlevelgear.cz\/obchod\/sumky-kapsy\/zasobnikove-sumky\/sumka-na-zasobnik-ar15\/#breadcrumb"},"inLanguage":"en-GB","potentialAction":[{"@type":"ReadAction","target":["https:\/\/highlevelgear.cz\/obchod\/sumky-kapsy\/zasobnikove-sumky\/sumka-na-zasobnik-ar15\/"]}]},{"@type":"ImageObject","inLanguage":"en-GB","@id":"https:\/\/highlevelgear.cz\/obchod\/sumky-kapsy\/zasobnikove-sumky\/sumka-na-zasobnik-ar15\/#primaryimage","url":"https:\/\/i0.wp.com\/highlevelgear.cz\/wp-content\/uploads\/2023\/04\/Single-AR15-mag-pouch_HLG_1.jpg?fit=1024%2C1024&ssl=1","contentUrl":"https:\/\/i0.wp.com\/highlevelgear.cz\/wp-content\/uploads\/2023\/04\/Single-AR15-mag-pouch_HLG_1.jpg?fit=1024%2C1024&ssl=1","width":1024,"height":1024},{"@type":"BreadcrumbList","@id":"https:\/\/highlevelgear.cz\/obchod\/sumky-kapsy\/zasobnikove-sumky\/sumka-na-zasobnik-ar15\/#breadcrumb","itemListElement":[{"@type":"ListItem","position":1,"name":"Dom\u016f","item":"https:\/\/highlevelgear.cz\/"},{"@type":"ListItem","position":2,"name":"Obchod","item":"https:\/\/highlevelgear.cz\/obchod\/"},{"@type":"ListItem","position":3,"name":"Sumka na z\u00e1sobn\u00edk AR15"}]},{"@type":"WebSite","@id":"https:\/\/highlevelgear.cz\/#website","url":"https:\/\/highlevelgear.cz\/","name":"highlevelgear","description":"Profesion\u00e1ln\u00ed v\u00fdroba taktick\u00e9 v\u00fdstroje.","publisher":{"@id":"https:\/\/highlevelgear.cz\/#organization"},"potentialAction":[{"@type":"SearchAction","target":{"@type":"EntryPoint","urlTemplate":"https:\/\/highlevelgear.cz\/?s={search_term_string}"},"query-input":"required name=search_term_string"}],"inLanguage":"en-GB"},{"@type":"Organization","@id":"https:\/\/highlevelgear.cz\/#organization","name":"High Level Gear","url":"https:\/\/highlevelgear.cz\/","logo":{"@type":"ImageObject","inLanguage":"en-GB","@id":"https:\/\/highlevelgear.cz\/#\/schema\/logo\/image\/","url":"https:\/\/highlevelgear.cz\/wp-content\/uploads\/2021\/12\/cropped-Logo-Short.png","contentUrl":"https:\/\/highlevelgear.cz\/wp-content\/uploads\/2021\/12\/cropped-Logo-Short.png","width":467,"height":377,"caption":"High Level Gear"},"image":{"@id":"https:\/\/highlevelgear.cz\/#\/schema\/logo\/image\/"}}]}},"jetpack_sharing_enabled":true,"_links":{"self":[{"href":"https:\/\/highlevelgear.cz\/en\/wp-json\/wp\/v2\/product\/2095"}],"collection":[{"href":"https:\/\/highlevelgear.cz\/en\/wp-json\/wp\/v2\/product"}],"about":[{"href":"https:\/\/highlevelgear.cz\/en\/wp-json\/wp\/v2\/types\/product"}],"replies":[{"embeddable":true,"href":"https:\/\/highlevelgear.cz\/en\/wp-json\/wp\/v2\/comments?post=2095"}],"version-history":[{"count":1,"href":"https:\/\/highlevelgear.cz\/en\/wp-json\/wp\/v2\/product\/2095\/revisions"}],"predecessor-version":[{"id":2109,"href":"https:\/\/highlevelgear.cz\/en\/wp-json\/wp\/v2\/product\/2095\/revisions\/2109"}],"wp:featuredmedia":[{"embeddable":true,"href":"https:\/\/highlevelgear.cz\/en\/wp-json\/wp\/v2\/media\/2106"}],"wp:attachment":[{"href":"https:\/\/highlevelgear.cz\/en\/wp-json\/wp\/v2\/media?parent=2095"}],"wp:term":[{"taxonomy":"product_cat","embeddable":true,"href":"https:\/\/highlevelgear.cz\/en\/wp-json\/wp\/v2\/product_cat?post=2095"},{"taxonomy":"product_tag","embeddable":true,"href":"https:\/\/highlevelgear.cz\/en\/wp-json\/wp\/v2\/product_tag?post=2095"}],"curies":[{"name":"wp","href":"https:\/\/api.w.org\/{rel}","templated":true}]}}