{"id":2152,"date":"2023-06-20T21:33:24","date_gmt":"2023-06-20T21:33:24","guid":{"rendered":"https:\/\/highlevelgear.cz\/?post_type=product&#038;p=2152"},"modified":"2026-03-30T19:00:23","modified_gmt":"2026-03-30T19:00:23","slug":"nosic-platu-gryf-light-plain-verze","status":"publish","type":"product","link":"https:\/\/highlevelgear.cz\/en\/obchod\/nosice-platu-chest-rigy\/nosic-platu-gryf-light-plain-verze\/","title":{"rendered":"Plate Carrier GRYF Light \u2013 PLAIN"},"content":{"rendered":"<p>GRYF Light plate carrier \u2013 low-profile lightweight plate carrier. The PLAIN version has a fully modular front plate bag only. Suitable for use with SAPI-shaped plates in size M.<\/p>\n<p>    The front plate bag allows you to attach standard front flaps, both those with G-hooks and classic fastexes. For maximum low profile, our version comes with a MOLLE front flap with metal G-hooks. Above this space is a Velcro panel with MOLLE, so you can carry both identification elements and various admin pockets, phone cases, etc. Cables, antennas, or hydration bladder tubes can be organized using the OneWrap Velcro loops sewn onto the sides of the front plate bag and the diagonal strap sewn under the shoulder straps.<\/p>\n<p>    The rear plate bag has MOLLE Velcro sewn onto the upper part for attaching various identification elements or small pockets. Above it is a transport handle.<\/p>\n<p>    The elastic sides ensure maximum low profile of the carrier, provide comfort, but at the same time can be used to carry materials, such as magazines. Each side panel is size M and is divided into 4 \"compartments.\" They are attached to the carrier with Velcro on the back and front of the plate bag.<\/p>\n<p>    The shoulder pads are padded and distribute weight better when the carrier is fully loaded. They also allow for cable management thanks to OneWrap Velcro and MOLLE loops.<\/p>\n<p>    We manufacture only custom-made carriers, so individual modifications can be made, e.g., larger side panels, different colors, front flap with fastex fasteners, etc. If you are interested in these, please send us an inquiry and we will arrange everything to your complete satisfaction.<\/p>\n<p>The plate carrier itself does not provide any ballistic protection and must be supplemented with additional protection.<\/p>","protected":false},"excerpt":{"rendered":"<p>Nosi\u010d pl\u00e1t\u016f GRYF Light &#8211; n\u00edzkoprofilov\u00fd lehk\u00fd nosi\u010d pl\u00e1t\u016f. Verze PLAIN m\u00e1 pln\u011b modul\u00e1rn\u00ed pouze p\u0159edn\u00ed plate bag. Vhodn\u00fd pro pou\u017e\u00edv\u00e1n\u00ed pl\u00e1t\u016f tvaru SAPI ve velikosti M. P\u0159edn\u00ed plate bag umo\u017e\u0148uje uchycen\u00ed standardn\u00edch front flap\u016f, jak t\u011bch s G-Hooky, tak s klasick\u00fdmi fastexy. Na\u0161e verze je kv\u016fli maxim\u00e1ln\u00ed n\u00edzkoprofilovosti dod\u00e1v\u00e1na s molle front flapem s [&hellip;]<\/p>\n","protected":false},"featured_media":2142,"comment_status":"open","ping_status":"closed","template":"","meta":{"site-sidebar-layout":"default","site-content-layout":"default","ast-site-content-layout":"default","site-content-style":"default","site-sidebar-style":"default","ast-global-header-display":"","ast-banner-title-visibility":"","ast-main-header-display":"","ast-hfb-above-header-display":"","ast-hfb-below-header-display":"","ast-hfb-mobile-header-display":"","site-post-title":"","ast-breadcrumbs-content":"","ast-featured-img":"","footer-sml-layout":"","theme-transparent-header-meta":"default","adv-header-id-meta":"","stick-header-meta":"","header-above-stick-meta":"","header-main-stick-meta":"","header-below-stick-meta":"","astra-migrate-meta-layouts":"set","ast-page-background-enabled":"default","ast-page-background-meta":{"desktop":{"background-color":"var(--ast-global-color-4)","background-image":"","background-repeat":"repeat","background-position":"center center","background-size":"auto","background-attachment":"scroll","background-type":"","background-media":"","overlay-type":"","overlay-color":"","overlay-opacity":"","overlay-gradient":""},"tablet":{"background-color":"","background-image":"","background-repeat":"repeat","background-position":"center center","background-size":"auto","background-attachment":"scroll","background-type":"","background-media":"","overlay-type":"","overlay-color":"","overlay-opacity":"","overlay-gradient":""},"mobile":{"background-color":"","background-image":"","background-repeat":"repeat","background-position":"center center","background-size":"auto","background-attachment":"scroll","background-type":"","background-media":"","overlay-type":"","overlay-color":"","overlay-opacity":"","overlay-gradient":""}},"ast-content-background-meta":{"desktop":{"background-color":"var(--ast-global-color-5)","background-image":"","background-repeat":"repeat","background-position":"center center","background-size":"auto","background-attachment":"scroll","background-type":"","background-media":"","overlay-type":"","overlay-color":"","overlay-opacity":"","overlay-gradient":""},"tablet":{"background-color":"var(--ast-global-color-5)","background-image":"","background-repeat":"repeat","background-position":"center center","background-size":"auto","background-attachment":"scroll","background-type":"","background-media":"","overlay-type":"","overlay-color":"","overlay-opacity":"","overlay-gradient":""},"mobile":{"background-color":"var(--ast-global-color-5)","background-image":"","background-repeat":"repeat","background-position":"center center","background-size":"auto","background-attachment":"scroll","background-type":"","background-media":"","overlay-type":"","overlay-color":"","overlay-opacity":"","overlay-gradient":""}}},"product_cat":[58],"product_tag":[28],"yoast_head":"<!-- This site is optimized with the Yoast SEO Premium plugin v22.8 (Yoast SEO v22.8) - https:\/\/yoast.com\/wordpress\/plugins\/seo\/ -->\n<title>Nosi\u010d pl\u00e1t\u016f GRYF Light - PLAIN verze &#8211; highlevelgear<\/title>\n<meta name=\"description\" content=\"Nosi\u010d pl\u00e1t\u016f GRYF Light - n\u00edzkoprofilov\u00fd lehk\u00fd nosi\u010d pl\u00e1t\u016f. Verze PLAIN m\u00e1 pln\u011b modul\u00e1rn\u00ed pouze p\u0159edn\u00ed plate bag. Vhodn\u00fd pro pou\u017e\u00edv\u00e1n\u00ed pl\u00e1t\u016f tvaru SAPI ve velikosti M.\" \/>\n<meta name=\"robots\" content=\"index, follow, max-snippet:-1, max-image-preview:large, max-video-preview:-1\" \/>\n<link rel=\"canonical\" href=\"https:\/\/highlevelgear.cz\/en\/obchod\/nosice-platu-chest-rigy\/nosic-platu-gryf-light-plain-verze\/\" \/>\n<meta property=\"og:locale\" content=\"en_GB\" \/>\n<meta property=\"og:type\" content=\"article\" \/>\n<meta property=\"og:title\" content=\"Nosi\u010d pl\u00e1t\u016f GRYF Light - PLAIN verze\" \/>\n<meta property=\"og:description\" content=\"Nosi\u010d pl\u00e1t\u016f GRYF Light - n\u00edzkoprofilov\u00fd lehk\u00fd nosi\u010d pl\u00e1t\u016f. Verze PLAIN m\u00e1 pln\u011b modul\u00e1rn\u00ed pouze p\u0159edn\u00ed plate bag. Vhodn\u00fd pro pou\u017e\u00edv\u00e1n\u00ed pl\u00e1t\u016f tvaru SAPI ve velikosti M.\" \/>\n<meta property=\"og:url\" content=\"https:\/\/highlevelgear.cz\/en\/obchod\/nosice-platu-chest-rigy\/nosic-platu-gryf-light-plain-verze\/\" \/>\n<meta property=\"og:site_name\" content=\"highlevelgear\" \/>\n<meta property=\"article:modified_time\" content=\"2026-03-30T19:00:23+00:00\" \/>\n<meta property=\"og:image\" content=\"https:\/\/highlevelgear.cz\/wp-content\/uploads\/2023\/06\/HLG-nosic_platu-02.jpg\" \/>\n\t<meta property=\"og:image:width\" content=\"1024\" \/>\n\t<meta property=\"og:image:height\" content=\"1024\" \/>\n\t<meta property=\"og:image:type\" content=\"image\/jpeg\" \/>\n<meta name=\"twitter:card\" content=\"summary_large_image\" \/>\n<meta name=\"twitter:label1\" content=\"Estimated reading time\" \/>\n\t<meta name=\"twitter:data1\" content=\"2 minutes\" \/>\n<script type=\"application\/ld+json\" class=\"yoast-schema-graph\">{\"@context\":\"https:\/\/schema.org\",\"@graph\":[{\"@type\":\"WebPage\",\"@id\":\"https:\/\/highlevelgear.cz\/obchod\/nosice-platu-chest-rigy\/nosic-platu-gryf-light-plain-verze\/\",\"url\":\"https:\/\/highlevelgear.cz\/obchod\/nosice-platu-chest-rigy\/nosic-platu-gryf-light-plain-verze\/\",\"name\":\"Nosi\u010d pl\u00e1t\u016f GRYF Light - PLAIN verze &#8211; highlevelgear\",\"isPartOf\":{\"@id\":\"https:\/\/highlevelgear.cz\/#website\"},\"primaryImageOfPage\":{\"@id\":\"https:\/\/highlevelgear.cz\/obchod\/nosice-platu-chest-rigy\/nosic-platu-gryf-light-plain-verze\/#primaryimage\"},\"image\":{\"@id\":\"https:\/\/highlevelgear.cz\/obchod\/nosice-platu-chest-rigy\/nosic-platu-gryf-light-plain-verze\/#primaryimage\"},\"thumbnailUrl\":\"https:\/\/i0.wp.com\/highlevelgear.cz\/wp-content\/uploads\/2023\/06\/HLG-nosic_platu-02.jpg?fit=1024%2C1024&ssl=1\",\"datePublished\":\"2023-06-20T21:33:24+00:00\",\"dateModified\":\"2026-03-30T19:00:23+00:00\",\"description\":\"Nosi\u010d pl\u00e1t\u016f GRYF Light - n\u00edzkoprofilov\u00fd lehk\u00fd nosi\u010d pl\u00e1t\u016f. Verze PLAIN m\u00e1 pln\u011b modul\u00e1rn\u00ed pouze p\u0159edn\u00ed plate bag. Vhodn\u00fd pro pou\u017e\u00edv\u00e1n\u00ed pl\u00e1t\u016f tvaru SAPI ve velikosti M.\",\"breadcrumb\":{\"@id\":\"https:\/\/highlevelgear.cz\/obchod\/nosice-platu-chest-rigy\/nosic-platu-gryf-light-plain-verze\/#breadcrumb\"},\"inLanguage\":\"en-GB\",\"potentialAction\":[{\"@type\":\"ReadAction\",\"target\":[\"https:\/\/highlevelgear.cz\/obchod\/nosice-platu-chest-rigy\/nosic-platu-gryf-light-plain-verze\/\"]}]},{\"@type\":\"ImageObject\",\"inLanguage\":\"en-GB\",\"@id\":\"https:\/\/highlevelgear.cz\/obchod\/nosice-platu-chest-rigy\/nosic-platu-gryf-light-plain-verze\/#primaryimage\",\"url\":\"https:\/\/i0.wp.com\/highlevelgear.cz\/wp-content\/uploads\/2023\/06\/HLG-nosic_platu-02.jpg?fit=1024%2C1024&ssl=1\",\"contentUrl\":\"https:\/\/i0.wp.com\/highlevelgear.cz\/wp-content\/uploads\/2023\/06\/HLG-nosic_platu-02.jpg?fit=1024%2C1024&ssl=1\",\"width\":1024,\"height\":1024},{\"@type\":\"BreadcrumbList\",\"@id\":\"https:\/\/highlevelgear.cz\/obchod\/nosice-platu-chest-rigy\/nosic-platu-gryf-light-plain-verze\/#breadcrumb\",\"itemListElement\":[{\"@type\":\"ListItem\",\"position\":1,\"name\":\"Dom\u016f\",\"item\":\"https:\/\/highlevelgear.cz\/\"},{\"@type\":\"ListItem\",\"position\":2,\"name\":\"Obchod\",\"item\":\"https:\/\/highlevelgear.cz\/obchod\/\"},{\"@type\":\"ListItem\",\"position\":3,\"name\":\"Nosi\u010d pl\u00e1t\u016f GRYF Light &#8211; PLAIN verze\"}]},{\"@type\":\"WebSite\",\"@id\":\"https:\/\/highlevelgear.cz\/#website\",\"url\":\"https:\/\/highlevelgear.cz\/\",\"name\":\"highlevelgear\",\"description\":\"Profesion\u00e1ln\u00ed v\u00fdroba taktick\u00e9 v\u00fdstroje.\",\"publisher\":{\"@id\":\"https:\/\/highlevelgear.cz\/#organization\"},\"potentialAction\":[{\"@type\":\"SearchAction\",\"target\":{\"@type\":\"EntryPoint\",\"urlTemplate\":\"https:\/\/highlevelgear.cz\/?s={search_term_string}\"},\"query-input\":\"required name=search_term_string\"}],\"inLanguage\":\"en-GB\"},{\"@type\":\"Organization\",\"@id\":\"https:\/\/highlevelgear.cz\/#organization\",\"name\":\"High Level Gear\",\"url\":\"https:\/\/highlevelgear.cz\/\",\"logo\":{\"@type\":\"ImageObject\",\"inLanguage\":\"en-GB\",\"@id\":\"https:\/\/highlevelgear.cz\/#\/schema\/logo\/image\/\",\"url\":\"https:\/\/highlevelgear.cz\/wp-content\/uploads\/2021\/12\/cropped-Logo-Short.png\",\"contentUrl\":\"https:\/\/highlevelgear.cz\/wp-content\/uploads\/2021\/12\/cropped-Logo-Short.png\",\"width\":467,\"height\":377,\"caption\":\"High Level Gear\"},\"image\":{\"@id\":\"https:\/\/highlevelgear.cz\/#\/schema\/logo\/image\/\"}}]}<\/script>\n<!-- \/ Yoast SEO Premium plugin. -->","yoast_head_json":{"title":"Nosi\u010d pl\u00e1t\u016f GRYF Light - PLAIN verze &#8211; highlevelgear","description":"Nosi\u010d pl\u00e1t\u016f GRYF Light - n\u00edzkoprofilov\u00fd lehk\u00fd nosi\u010d pl\u00e1t\u016f. Verze PLAIN m\u00e1 pln\u011b modul\u00e1rn\u00ed pouze p\u0159edn\u00ed plate bag. Vhodn\u00fd pro pou\u017e\u00edv\u00e1n\u00ed pl\u00e1t\u016f tvaru SAPI ve velikosti M.","robots":{"index":"index","follow":"follow","max-snippet":"max-snippet:-1","max-image-preview":"max-image-preview:large","max-video-preview":"max-video-preview:-1"},"canonical":"https:\/\/highlevelgear.cz\/en\/obchod\/nosice-platu-chest-rigy\/nosic-platu-gryf-light-plain-verze\/","og_locale":"en_GB","og_type":"article","og_title":"Nosi\u010d pl\u00e1t\u016f GRYF Light - PLAIN verze","og_description":"Nosi\u010d pl\u00e1t\u016f GRYF Light - n\u00edzkoprofilov\u00fd lehk\u00fd nosi\u010d pl\u00e1t\u016f. Verze PLAIN m\u00e1 pln\u011b modul\u00e1rn\u00ed pouze p\u0159edn\u00ed plate bag. Vhodn\u00fd pro pou\u017e\u00edv\u00e1n\u00ed pl\u00e1t\u016f tvaru SAPI ve velikosti M.","og_url":"https:\/\/highlevelgear.cz\/en\/obchod\/nosice-platu-chest-rigy\/nosic-platu-gryf-light-plain-verze\/","og_site_name":"highlevelgear","article_modified_time":"2026-03-30T19:00:23+00:00","og_image":[{"width":1024,"height":1024,"url":"https:\/\/highlevelgear.cz\/wp-content\/uploads\/2023\/06\/HLG-nosic_platu-02.jpg","type":"image\/jpeg"}],"twitter_card":"summary_large_image","twitter_misc":{"Estimated reading time":"2 minutes"},"schema":{"@context":"https:\/\/schema.org","@graph":[{"@type":"WebPage","@id":"https:\/\/highlevelgear.cz\/obchod\/nosice-platu-chest-rigy\/nosic-platu-gryf-light-plain-verze\/","url":"https:\/\/highlevelgear.cz\/obchod\/nosice-platu-chest-rigy\/nosic-platu-gryf-light-plain-verze\/","name":"Nosi\u010d pl\u00e1t\u016f GRYF Light - PLAIN verze &#8211; highlevelgear","isPartOf":{"@id":"https:\/\/highlevelgear.cz\/#website"},"primaryImageOfPage":{"@id":"https:\/\/highlevelgear.cz\/obchod\/nosice-platu-chest-rigy\/nosic-platu-gryf-light-plain-verze\/#primaryimage"},"image":{"@id":"https:\/\/highlevelgear.cz\/obchod\/nosice-platu-chest-rigy\/nosic-platu-gryf-light-plain-verze\/#primaryimage"},"thumbnailUrl":"https:\/\/i0.wp.com\/highlevelgear.cz\/wp-content\/uploads\/2023\/06\/HLG-nosic_platu-02.jpg?fit=1024%2C1024&ssl=1","datePublished":"2023-06-20T21:33:24+00:00","dateModified":"2026-03-30T19:00:23+00:00","description":"Nosi\u010d pl\u00e1t\u016f GRYF Light - n\u00edzkoprofilov\u00fd lehk\u00fd nosi\u010d pl\u00e1t\u016f. Verze PLAIN m\u00e1 pln\u011b modul\u00e1rn\u00ed pouze p\u0159edn\u00ed plate bag. Vhodn\u00fd pro pou\u017e\u00edv\u00e1n\u00ed pl\u00e1t\u016f tvaru SAPI ve velikosti M.","breadcrumb":{"@id":"https:\/\/highlevelgear.cz\/obchod\/nosice-platu-chest-rigy\/nosic-platu-gryf-light-plain-verze\/#breadcrumb"},"inLanguage":"en-GB","potentialAction":[{"@type":"ReadAction","target":["https:\/\/highlevelgear.cz\/obchod\/nosice-platu-chest-rigy\/nosic-platu-gryf-light-plain-verze\/"]}]},{"@type":"ImageObject","inLanguage":"en-GB","@id":"https:\/\/highlevelgear.cz\/obchod\/nosice-platu-chest-rigy\/nosic-platu-gryf-light-plain-verze\/#primaryimage","url":"https:\/\/i0.wp.com\/highlevelgear.cz\/wp-content\/uploads\/2023\/06\/HLG-nosic_platu-02.jpg?fit=1024%2C1024&ssl=1","contentUrl":"https:\/\/i0.wp.com\/highlevelgear.cz\/wp-content\/uploads\/2023\/06\/HLG-nosic_platu-02.jpg?fit=1024%2C1024&ssl=1","width":1024,"height":1024},{"@type":"BreadcrumbList","@id":"https:\/\/highlevelgear.cz\/obchod\/nosice-platu-chest-rigy\/nosic-platu-gryf-light-plain-verze\/#breadcrumb","itemListElement":[{"@type":"ListItem","position":1,"name":"Dom\u016f","item":"https:\/\/highlevelgear.cz\/"},{"@type":"ListItem","position":2,"name":"Obchod","item":"https:\/\/highlevelgear.cz\/obchod\/"},{"@type":"ListItem","position":3,"name":"Nosi\u010d pl\u00e1t\u016f GRYF Light &#8211; PLAIN verze"}]},{"@type":"WebSite","@id":"https:\/\/highlevelgear.cz\/#website","url":"https:\/\/highlevelgear.cz\/","name":"highlevelgear","description":"Profesion\u00e1ln\u00ed v\u00fdroba taktick\u00e9 v\u00fdstroje.","publisher":{"@id":"https:\/\/highlevelgear.cz\/#organization"},"potentialAction":[{"@type":"SearchAction","target":{"@type":"EntryPoint","urlTemplate":"https:\/\/highlevelgear.cz\/?s={search_term_string}"},"query-input":"required name=search_term_string"}],"inLanguage":"en-GB"},{"@type":"Organization","@id":"https:\/\/highlevelgear.cz\/#organization","name":"High Level Gear","url":"https:\/\/highlevelgear.cz\/","logo":{"@type":"ImageObject","inLanguage":"en-GB","@id":"https:\/\/highlevelgear.cz\/#\/schema\/logo\/image\/","url":"https:\/\/highlevelgear.cz\/wp-content\/uploads\/2021\/12\/cropped-Logo-Short.png","contentUrl":"https:\/\/highlevelgear.cz\/wp-content\/uploads\/2021\/12\/cropped-Logo-Short.png","width":467,"height":377,"caption":"High Level Gear"},"image":{"@id":"https:\/\/highlevelgear.cz\/#\/schema\/logo\/image\/"}}]}},"jetpack_sharing_enabled":true,"_links":{"self":[{"href":"https:\/\/highlevelgear.cz\/en\/wp-json\/wp\/v2\/product\/2152"}],"collection":[{"href":"https:\/\/highlevelgear.cz\/en\/wp-json\/wp\/v2\/product"}],"about":[{"href":"https:\/\/highlevelgear.cz\/en\/wp-json\/wp\/v2\/types\/product"}],"replies":[{"embeddable":true,"href":"https:\/\/highlevelgear.cz\/en\/wp-json\/wp\/v2\/comments?post=2152"}],"version-history":[{"count":1,"href":"https:\/\/highlevelgear.cz\/en\/wp-json\/wp\/v2\/product\/2152\/revisions"}],"predecessor-version":[{"id":2162,"href":"https:\/\/highlevelgear.cz\/en\/wp-json\/wp\/v2\/product\/2152\/revisions\/2162"}],"wp:featuredmedia":[{"embeddable":true,"href":"https:\/\/highlevelgear.cz\/en\/wp-json\/wp\/v2\/media\/2142"}],"wp:attachment":[{"href":"https:\/\/highlevelgear.cz\/en\/wp-json\/wp\/v2\/media?parent=2152"}],"wp:term":[{"taxonomy":"product_cat","embeddable":true,"href":"https:\/\/highlevelgear.cz\/en\/wp-json\/wp\/v2\/product_cat?post=2152"},{"taxonomy":"product_tag","embeddable":true,"href":"https:\/\/highlevelgear.cz\/en\/wp-json\/wp\/v2\/product_tag?post=2152"}],"curies":[{"name":"wp","href":"https:\/\/api.w.org\/{rel}","templated":true}]}}