{"id":2190,"date":"2023-06-25T12:28:14","date_gmt":"2023-06-25T12:28:14","guid":{"rendered":"https:\/\/highlevelgear.cz\/?post_type=product&#038;p=2190"},"modified":"2026-03-30T18:55:49","modified_gmt":"2026-03-30T18:55:49","slug":"micro-chest-rig","status":"publish","type":"product","link":"https:\/\/highlevelgear.cz\/en\/obchod\/nosice-platu-chest-rigy\/micro-chest-rig\/","title":{"rendered":"MICRO Chest Rig"},"content":{"rendered":"<p>The MICRO Chest Rig is a minimalist chest rig designed to carry only the most essential gear. It is suitable, for example, for use at the shooting range, where you don't need to carry a lot of equipment with you.<\/p>\n<p>The main advantage of the MICRO Chest Rig is the possibility of exchanging front flaps. So if you have several types of weapons, or you already have one front flap attached, for example, to a plate carrier, you can quickly and easily switch between front flaps without having to unravel and reattach the MOLLE system. Another bonus of this chest rig is the document pocket located inside, accessible from the top via Velcro.<\/p>\n<p>The H-shaped shoulder straps are made of sturdy webbing. Velcro is sewn onto the back \"crossbar\" section for attaching identification elements. The entire system is fully adjustable.<\/p>\n<p>This product is made to order only and can therefore be customized. If you are interested in this option, please send us an email or contact us on social media.<\/p>","protected":false},"excerpt":{"rendered":"<p>MICRO Chest Rig je minimalistick\u00fd chest rig ur\u010den\u00fd pro nesen\u00ed toho nejnutn\u011bj\u0161\u00edho materi\u00e1lu. Je vhodn\u00fd nap\u0159\u00edklad na st\u0159elnici, kde s sebou nen\u00ed pot\u0159eba nosit velk\u00e9 mno\u017estv\u00ed vybaven\u00ed. Hlavn\u00ed v\u00fdhodou MICRO Chest Rigu je mo\u017enost vym\u011b\u0148ov\u00e1n\u00ed front flap\u016f. Pokud tedy m\u00e1te v\u00edce druh\u016f zbran\u00ed, nebo ji\u017e m\u00e1te jeden nastrojen\u00fd front flap nap\u0159\u00edklad na nosi\u010di pl\u00e1t\u016f, tak [&hellip;]<\/p>\n","protected":false},"featured_media":2198,"comment_status":"open","ping_status":"closed","template":"","meta":{"site-sidebar-layout":"default","site-content-layout":"default","ast-site-content-layout":"default","site-content-style":"default","site-sidebar-style":"default","ast-global-header-display":"","ast-banner-title-visibility":"","ast-main-header-display":"","ast-hfb-above-header-display":"","ast-hfb-below-header-display":"","ast-hfb-mobile-header-display":"","site-post-title":"","ast-breadcrumbs-content":"","ast-featured-img":"","footer-sml-layout":"","theme-transparent-header-meta":"default","adv-header-id-meta":"","stick-header-meta":"","header-above-stick-meta":"","header-main-stick-meta":"","header-below-stick-meta":"","astra-migrate-meta-layouts":"set","ast-page-background-enabled":"default","ast-page-background-meta":{"desktop":{"background-color":"var(--ast-global-color-4)","background-image":"","background-repeat":"repeat","background-position":"center center","background-size":"auto","background-attachment":"scroll","background-type":"","background-media":"","overlay-type":"","overlay-color":"","overlay-opacity":"","overlay-gradient":""},"tablet":{"background-color":"","background-image":"","background-repeat":"repeat","background-position":"center center","background-size":"auto","background-attachment":"scroll","background-type":"","background-media":"","overlay-type":"","overlay-color":"","overlay-opacity":"","overlay-gradient":""},"mobile":{"background-color":"","background-image":"","background-repeat":"repeat","background-position":"center center","background-size":"auto","background-attachment":"scroll","background-type":"","background-media":"","overlay-type":"","overlay-color":"","overlay-opacity":"","overlay-gradient":""}},"ast-content-background-meta":{"desktop":{"background-color":"var(--ast-global-color-5)","background-image":"","background-repeat":"repeat","background-position":"center center","background-size":"auto","background-attachment":"scroll","background-type":"","background-media":"","overlay-type":"","overlay-color":"","overlay-opacity":"","overlay-gradient":""},"tablet":{"background-color":"var(--ast-global-color-5)","background-image":"","background-repeat":"repeat","background-position":"center center","background-size":"auto","background-attachment":"scroll","background-type":"","background-media":"","overlay-type":"","overlay-color":"","overlay-opacity":"","overlay-gradient":""},"mobile":{"background-color":"var(--ast-global-color-5)","background-image":"","background-repeat":"repeat","background-position":"center center","background-size":"auto","background-attachment":"scroll","background-type":"","background-media":"","overlay-type":"","overlay-color":"","overlay-opacity":"","overlay-gradient":""}}},"product_cat":[58],"product_tag":[28],"yoast_head":"<!-- This site is optimized with the Yoast SEO Premium plugin v22.8 (Yoast SEO v22.8) - https:\/\/yoast.com\/wordpress\/plugins\/seo\/ -->\n<title>MICRO Chest Rig &#8211; highlevelgear<\/title>\n<meta name=\"description\" content=\"MICRO Chest Rig je minimalistick\u00fd chest rig ur\u010den\u00fd pro nesen\u00ed toho nejnutn\u011bj\u0161\u00edho materi\u00e1lu. Je vhodn\u00fd nap\u0159\u00edklad na st\u0159elnici, kde s sebou nen\u00ed pot\u0159eba nosit velk\u00e9 mno\u017estv\u00ed vybaven\u00ed.\" \/>\n<meta name=\"robots\" content=\"index, follow, max-snippet:-1, max-image-preview:large, max-video-preview:-1\" \/>\n<link rel=\"canonical\" href=\"https:\/\/highlevelgear.cz\/en\/obchod\/nosice-platu-chest-rigy\/micro-chest-rig\/\" \/>\n<meta property=\"og:locale\" content=\"en_GB\" \/>\n<meta property=\"og:type\" content=\"article\" \/>\n<meta property=\"og:title\" content=\"MICRO Chest Rig\" \/>\n<meta property=\"og:description\" content=\"MICRO Chest Rig je minimalistick\u00fd chest rig ur\u010den\u00fd pro nesen\u00ed toho nejnutn\u011bj\u0161\u00edho materi\u00e1lu. Je vhodn\u00fd nap\u0159\u00edklad na st\u0159elnici, kde s sebou nen\u00ed pot\u0159eba nosit velk\u00e9 mno\u017estv\u00ed vybaven\u00ed.\" \/>\n<meta property=\"og:url\" content=\"https:\/\/highlevelgear.cz\/en\/obchod\/nosice-platu-chest-rigy\/micro-chest-rig\/\" \/>\n<meta property=\"og:site_name\" content=\"highlevelgear\" \/>\n<meta property=\"article:modified_time\" content=\"2026-03-30T18:55:49+00:00\" \/>\n<meta property=\"og:image\" content=\"https:\/\/highlevelgear.cz\/wp-content\/uploads\/2023\/06\/HLG-Micro-chestrig-1.jpg\" \/>\n\t<meta property=\"og:image:width\" content=\"1024\" \/>\n\t<meta property=\"og:image:height\" content=\"1024\" \/>\n\t<meta property=\"og:image:type\" content=\"image\/jpeg\" \/>\n<meta name=\"twitter:card\" content=\"summary_large_image\" \/>\n<meta name=\"twitter:label1\" content=\"Estimated reading time\" \/>\n\t<meta name=\"twitter:data1\" content=\"2 minutes\" \/>\n<script type=\"application\/ld+json\" class=\"yoast-schema-graph\">{\"@context\":\"https:\/\/schema.org\",\"@graph\":[{\"@type\":\"WebPage\",\"@id\":\"https:\/\/highlevelgear.cz\/obchod\/nosice-platu-chest-rigy\/micro-chest-rig\/\",\"url\":\"https:\/\/highlevelgear.cz\/obchod\/nosice-platu-chest-rigy\/micro-chest-rig\/\",\"name\":\"MICRO Chest Rig &#8211; highlevelgear\",\"isPartOf\":{\"@id\":\"https:\/\/highlevelgear.cz\/#website\"},\"primaryImageOfPage\":{\"@id\":\"https:\/\/highlevelgear.cz\/obchod\/nosice-platu-chest-rigy\/micro-chest-rig\/#primaryimage\"},\"image\":{\"@id\":\"https:\/\/highlevelgear.cz\/obchod\/nosice-platu-chest-rigy\/micro-chest-rig\/#primaryimage\"},\"thumbnailUrl\":\"https:\/\/i0.wp.com\/highlevelgear.cz\/wp-content\/uploads\/2023\/06\/HLG-Micro-chestrig-1.jpg?fit=1024%2C1024&ssl=1\",\"datePublished\":\"2023-06-25T12:28:14+00:00\",\"dateModified\":\"2026-03-30T18:55:49+00:00\",\"description\":\"MICRO Chest Rig je minimalistick\u00fd chest rig ur\u010den\u00fd pro nesen\u00ed toho nejnutn\u011bj\u0161\u00edho materi\u00e1lu. Je vhodn\u00fd nap\u0159\u00edklad na st\u0159elnici, kde s sebou nen\u00ed pot\u0159eba nosit velk\u00e9 mno\u017estv\u00ed vybaven\u00ed.\",\"breadcrumb\":{\"@id\":\"https:\/\/highlevelgear.cz\/obchod\/nosice-platu-chest-rigy\/micro-chest-rig\/#breadcrumb\"},\"inLanguage\":\"en-GB\",\"potentialAction\":[{\"@type\":\"ReadAction\",\"target\":[\"https:\/\/highlevelgear.cz\/obchod\/nosice-platu-chest-rigy\/micro-chest-rig\/\"]}]},{\"@type\":\"ImageObject\",\"inLanguage\":\"en-GB\",\"@id\":\"https:\/\/highlevelgear.cz\/obchod\/nosice-platu-chest-rigy\/micro-chest-rig\/#primaryimage\",\"url\":\"https:\/\/i0.wp.com\/highlevelgear.cz\/wp-content\/uploads\/2023\/06\/HLG-Micro-chestrig-1.jpg?fit=1024%2C1024&ssl=1\",\"contentUrl\":\"https:\/\/i0.wp.com\/highlevelgear.cz\/wp-content\/uploads\/2023\/06\/HLG-Micro-chestrig-1.jpg?fit=1024%2C1024&ssl=1\",\"width\":1024,\"height\":1024},{\"@type\":\"BreadcrumbList\",\"@id\":\"https:\/\/highlevelgear.cz\/obchod\/nosice-platu-chest-rigy\/micro-chest-rig\/#breadcrumb\",\"itemListElement\":[{\"@type\":\"ListItem\",\"position\":1,\"name\":\"Dom\u016f\",\"item\":\"https:\/\/highlevelgear.cz\/\"},{\"@type\":\"ListItem\",\"position\":2,\"name\":\"Obchod\",\"item\":\"https:\/\/highlevelgear.cz\/obchod\/\"},{\"@type\":\"ListItem\",\"position\":3,\"name\":\"MICRO Chest Rig\"}]},{\"@type\":\"WebSite\",\"@id\":\"https:\/\/highlevelgear.cz\/#website\",\"url\":\"https:\/\/highlevelgear.cz\/\",\"name\":\"highlevelgear\",\"description\":\"Profesion\u00e1ln\u00ed v\u00fdroba taktick\u00e9 v\u00fdstroje.\",\"publisher\":{\"@id\":\"https:\/\/highlevelgear.cz\/#organization\"},\"potentialAction\":[{\"@type\":\"SearchAction\",\"target\":{\"@type\":\"EntryPoint\",\"urlTemplate\":\"https:\/\/highlevelgear.cz\/?s={search_term_string}\"},\"query-input\":\"required name=search_term_string\"}],\"inLanguage\":\"en-GB\"},{\"@type\":\"Organization\",\"@id\":\"https:\/\/highlevelgear.cz\/#organization\",\"name\":\"High Level Gear\",\"url\":\"https:\/\/highlevelgear.cz\/\",\"logo\":{\"@type\":\"ImageObject\",\"inLanguage\":\"en-GB\",\"@id\":\"https:\/\/highlevelgear.cz\/#\/schema\/logo\/image\/\",\"url\":\"https:\/\/highlevelgear.cz\/wp-content\/uploads\/2021\/12\/cropped-Logo-Short.png\",\"contentUrl\":\"https:\/\/highlevelgear.cz\/wp-content\/uploads\/2021\/12\/cropped-Logo-Short.png\",\"width\":467,\"height\":377,\"caption\":\"High Level Gear\"},\"image\":{\"@id\":\"https:\/\/highlevelgear.cz\/#\/schema\/logo\/image\/\"}}]}<\/script>\n<!-- \/ Yoast SEO Premium plugin. -->","yoast_head_json":{"title":"MICRO Chest Rig &#8211; highlevelgear","description":"The MICRO Chest Rig is a minimalist chest rig designed to carry only the most essential gear. It is suitable, for example, for use at the shooting range, where you don't need to carry a lot of equipment with you.","robots":{"index":"index","follow":"follow","max-snippet":"max-snippet:-1","max-image-preview":"max-image-preview:large","max-video-preview":"max-video-preview:-1"},"canonical":"https:\/\/highlevelgear.cz\/en\/obchod\/nosice-platu-chest-rigy\/micro-chest-rig\/","og_locale":"en_GB","og_type":"article","og_title":"MICRO Chest Rig","og_description":"MICRO Chest Rig je minimalistick\u00fd chest rig ur\u010den\u00fd pro nesen\u00ed toho nejnutn\u011bj\u0161\u00edho materi\u00e1lu. Je vhodn\u00fd nap\u0159\u00edklad na st\u0159elnici, kde s sebou nen\u00ed pot\u0159eba nosit velk\u00e9 mno\u017estv\u00ed vybaven\u00ed.","og_url":"https:\/\/highlevelgear.cz\/en\/obchod\/nosice-platu-chest-rigy\/micro-chest-rig\/","og_site_name":"highlevelgear","article_modified_time":"2026-03-30T18:55:49+00:00","og_image":[{"width":1024,"height":1024,"url":"https:\/\/highlevelgear.cz\/wp-content\/uploads\/2023\/06\/HLG-Micro-chestrig-1.jpg","type":"image\/jpeg"}],"twitter_card":"summary_large_image","twitter_misc":{"Estimated reading time":"2 minutes"},"schema":{"@context":"https:\/\/schema.org","@graph":[{"@type":"WebPage","@id":"https:\/\/highlevelgear.cz\/obchod\/nosice-platu-chest-rigy\/micro-chest-rig\/","url":"https:\/\/highlevelgear.cz\/obchod\/nosice-platu-chest-rigy\/micro-chest-rig\/","name":"MICRO Chest Rig &#8211; highlevelgear","isPartOf":{"@id":"https:\/\/highlevelgear.cz\/#website"},"primaryImageOfPage":{"@id":"https:\/\/highlevelgear.cz\/obchod\/nosice-platu-chest-rigy\/micro-chest-rig\/#primaryimage"},"image":{"@id":"https:\/\/highlevelgear.cz\/obchod\/nosice-platu-chest-rigy\/micro-chest-rig\/#primaryimage"},"thumbnailUrl":"https:\/\/i0.wp.com\/highlevelgear.cz\/wp-content\/uploads\/2023\/06\/HLG-Micro-chestrig-1.jpg?fit=1024%2C1024&ssl=1","datePublished":"2023-06-25T12:28:14+00:00","dateModified":"2026-03-30T18:55:49+00:00","description":"The MICRO Chest Rig is a minimalist chest rig designed to carry only the most essential gear. It is suitable, for example, for use at the shooting range, where you don't need to carry a lot of equipment with you.","breadcrumb":{"@id":"https:\/\/highlevelgear.cz\/obchod\/nosice-platu-chest-rigy\/micro-chest-rig\/#breadcrumb"},"inLanguage":"en-GB","potentialAction":[{"@type":"ReadAction","target":["https:\/\/highlevelgear.cz\/obchod\/nosice-platu-chest-rigy\/micro-chest-rig\/"]}]},{"@type":"ImageObject","inLanguage":"en-GB","@id":"https:\/\/highlevelgear.cz\/obchod\/nosice-platu-chest-rigy\/micro-chest-rig\/#primaryimage","url":"https:\/\/i0.wp.com\/highlevelgear.cz\/wp-content\/uploads\/2023\/06\/HLG-Micro-chestrig-1.jpg?fit=1024%2C1024&ssl=1","contentUrl":"https:\/\/i0.wp.com\/highlevelgear.cz\/wp-content\/uploads\/2023\/06\/HLG-Micro-chestrig-1.jpg?fit=1024%2C1024&ssl=1","width":1024,"height":1024},{"@type":"BreadcrumbList","@id":"https:\/\/highlevelgear.cz\/obchod\/nosice-platu-chest-rigy\/micro-chest-rig\/#breadcrumb","itemListElement":[{"@type":"ListItem","position":1,"name":"Dom\u016f","item":"https:\/\/highlevelgear.cz\/"},{"@type":"ListItem","position":2,"name":"Obchod","item":"https:\/\/highlevelgear.cz\/obchod\/"},{"@type":"ListItem","position":3,"name":"MICRO Chest Rig"}]},{"@type":"WebSite","@id":"https:\/\/highlevelgear.cz\/#website","url":"https:\/\/highlevelgear.cz\/","name":"highlevelgear","description":"Profesion\u00e1ln\u00ed v\u00fdroba taktick\u00e9 v\u00fdstroje.","publisher":{"@id":"https:\/\/highlevelgear.cz\/#organization"},"potentialAction":[{"@type":"SearchAction","target":{"@type":"EntryPoint","urlTemplate":"https:\/\/highlevelgear.cz\/?s={search_term_string}"},"query-input":"required name=search_term_string"}],"inLanguage":"en-GB"},{"@type":"Organization","@id":"https:\/\/highlevelgear.cz\/#organization","name":"High Level Gear","url":"https:\/\/highlevelgear.cz\/","logo":{"@type":"ImageObject","inLanguage":"en-GB","@id":"https:\/\/highlevelgear.cz\/#\/schema\/logo\/image\/","url":"https:\/\/highlevelgear.cz\/wp-content\/uploads\/2021\/12\/cropped-Logo-Short.png","contentUrl":"https:\/\/highlevelgear.cz\/wp-content\/uploads\/2021\/12\/cropped-Logo-Short.png","width":467,"height":377,"caption":"High Level Gear"},"image":{"@id":"https:\/\/highlevelgear.cz\/#\/schema\/logo\/image\/"}}]}},"jetpack_sharing_enabled":true,"_links":{"self":[{"href":"https:\/\/highlevelgear.cz\/en\/wp-json\/wp\/v2\/product\/2190"}],"collection":[{"href":"https:\/\/highlevelgear.cz\/en\/wp-json\/wp\/v2\/product"}],"about":[{"href":"https:\/\/highlevelgear.cz\/en\/wp-json\/wp\/v2\/types\/product"}],"replies":[{"embeddable":true,"href":"https:\/\/highlevelgear.cz\/en\/wp-json\/wp\/v2\/comments?post=2190"}],"version-history":[{"count":1,"href":"https:\/\/highlevelgear.cz\/en\/wp-json\/wp\/v2\/product\/2190\/revisions"}],"predecessor-version":[{"id":2202,"href":"https:\/\/highlevelgear.cz\/en\/wp-json\/wp\/v2\/product\/2190\/revisions\/2202"}],"wp:featuredmedia":[{"embeddable":true,"href":"https:\/\/highlevelgear.cz\/en\/wp-json\/wp\/v2\/media\/2198"}],"wp:attachment":[{"href":"https:\/\/highlevelgear.cz\/en\/wp-json\/wp\/v2\/media?parent=2190"}],"wp:term":[{"taxonomy":"product_cat","embeddable":true,"href":"https:\/\/highlevelgear.cz\/en\/wp-json\/wp\/v2\/product_cat?post=2190"},{"taxonomy":"product_tag","embeddable":true,"href":"https:\/\/highlevelgear.cz\/en\/wp-json\/wp\/v2\/product_tag?post=2190"}],"curies":[{"name":"wp","href":"https:\/\/api.w.org\/{rel}","templated":true}]}}