{"id":2401,"date":"2024-05-26T17:26:50","date_gmt":"2024-05-26T17:26:50","guid":{"rendered":"https:\/\/highlevelgear.cz\/?post_type=product&#038;p=2401"},"modified":"2026-03-30T18:53:27","modified_gmt":"2026-03-30T18:53:27","slug":"pouzdro-na-tourniquet","status":"publish","type":"product","link":"https:\/\/highlevelgear.cz\/en\/obchod\/sumky-kapsy\/zdravotnicke-kapsy-a-doplnky\/pouzdro-na-tourniquet\/","title":{"rendered":"TQ Pouch"},"content":{"rendered":"<p>Closed tourniquet pouch with MOLLE attachment. The tourniquet is secured in the pouch with a Velcro flap. A wide elastic band also holds the tourniquet in place. There is a small Velcro patch on the front of the pouch for attaching a distinctive patch. The pouch also includes a pen loop.<\/p>","protected":false},"excerpt":{"rendered":"<p>Closed tourniquet pouch with MOLLE attachment. The tourniquet is secured in the pouch with a Velcro flap. A wide elastic band also holds the tourniquet in place. There is a small Velcro patch on the front of the pouch for attaching a distinctive patch. The pouch also includes a pen loop.<\/p>","protected":false},"featured_media":2409,"comment_status":"open","ping_status":"closed","template":"","meta":{"site-sidebar-layout":"default","site-content-layout":"default","ast-site-content-layout":"default","site-content-style":"default","site-sidebar-style":"default","ast-global-header-display":"","ast-banner-title-visibility":"","ast-main-header-display":"","ast-hfb-above-header-display":"","ast-hfb-below-header-display":"","ast-hfb-mobile-header-display":"","site-post-title":"","ast-breadcrumbs-content":"","ast-featured-img":"","footer-sml-layout":"","theme-transparent-header-meta":"default","adv-header-id-meta":"","stick-header-meta":"","header-above-stick-meta":"","header-main-stick-meta":"","header-below-stick-meta":"","astra-migrate-meta-layouts":"set","ast-page-background-enabled":"default","ast-page-background-meta":{"desktop":{"background-color":"var(--ast-global-color-4)","background-image":"","background-repeat":"repeat","background-position":"center center","background-size":"auto","background-attachment":"scroll","background-type":"","background-media":"","overlay-type":"","overlay-color":"","overlay-opacity":"","overlay-gradient":""},"tablet":{"background-color":"","background-image":"","background-repeat":"repeat","background-position":"center center","background-size":"auto","background-attachment":"scroll","background-type":"","background-media":"","overlay-type":"","overlay-color":"","overlay-opacity":"","overlay-gradient":""},"mobile":{"background-color":"","background-image":"","background-repeat":"repeat","background-position":"center center","background-size":"auto","background-attachment":"scroll","background-type":"","background-media":"","overlay-type":"","overlay-color":"","overlay-opacity":"","overlay-gradient":""}},"ast-content-background-meta":{"desktop":{"background-color":"var(--ast-global-color-5)","background-image":"","background-repeat":"repeat","background-position":"center center","background-size":"auto","background-attachment":"scroll","background-type":"","background-media":"","overlay-type":"","overlay-color":"","overlay-opacity":"","overlay-gradient":""},"tablet":{"background-color":"var(--ast-global-color-5)","background-image":"","background-repeat":"repeat","background-position":"center center","background-size":"auto","background-attachment":"scroll","background-type":"","background-media":"","overlay-type":"","overlay-color":"","overlay-opacity":"","overlay-gradient":""},"mobile":{"background-color":"var(--ast-global-color-5)","background-image":"","background-repeat":"repeat","background-position":"center center","background-size":"auto","background-attachment":"scroll","background-type":"","background-media":"","overlay-type":"","overlay-color":"","overlay-opacity":"","overlay-gradient":""}}},"product_cat":[57,20],"product_tag":[28],"yoast_head":"<!-- This site is optimized with the Yoast SEO Premium plugin v22.8 (Yoast SEO v22.8) - https:\/\/yoast.com\/wordpress\/plugins\/seo\/ -->\n<title>Pouzdro na Tourniquet &#8211; highlevelgear<\/title>\n<meta name=\"description\" content=\"Uzav\u0159en\u00e9 pouzdro na tourniquet s upevn\u011bn\u00edm na molle vazbu. Tourniquet je v pouzd\u0159e ji\u0161t\u011bn chlopn\u00ed se such\u00fdm zipem. \u0160irok\u00e1 pru\u017eenka z\u00e1rove\u0148 dr\u017e\u00ed turnikt na m\u00edst\u011b. V p\u0159edn\u00ed \u010d\u00e1sti pouzdra se nach\u00e1z\u00ed \u010dtvere\u010dek such\u00e9ho zipu pro mo\u017enost um\u00edst\u011bn\u00ed rozli\u0161ovac\u00ed n\u00e1\u0161ivky. Sou\u010d\u00e1st\u00ed pouzdra je i pr\u016fvlek na popisova\u010d.\" \/>\n<meta name=\"robots\" content=\"index, follow, max-snippet:-1, max-image-preview:large, max-video-preview:-1\" \/>\n<link rel=\"canonical\" href=\"https:\/\/highlevelgear.cz\/en\/obchod\/sumky-kapsy\/zdravotnicke-kapsy-a-doplnky\/pouzdro-na-tourniquet\/\" \/>\n<meta property=\"og:locale\" content=\"en_GB\" \/>\n<meta property=\"og:type\" content=\"article\" \/>\n<meta property=\"og:title\" content=\"Pouzdro na Tourniquet\" \/>\n<meta property=\"og:description\" content=\"Uzav\u0159en\u00e9 pouzdro na tourniquet s upevn\u011bn\u00edm na molle vazbu. Tourniquet je v pouzd\u0159e ji\u0161t\u011bn chlopn\u00ed se such\u00fdm zipem. \u0160irok\u00e1 pru\u017eenka z\u00e1rove\u0148 dr\u017e\u00ed turnikt na m\u00edst\u011b. V p\u0159edn\u00ed \u010d\u00e1sti pouzdra se nach\u00e1z\u00ed \u010dtvere\u010dek such\u00e9ho zipu pro mo\u017enost um\u00edst\u011bn\u00ed rozli\u0161ovac\u00ed n\u00e1\u0161ivky. Sou\u010d\u00e1st\u00ed pouzdra je i pr\u016fvlek na popisova\u010d.\" \/>\n<meta property=\"og:url\" content=\"https:\/\/highlevelgear.cz\/en\/obchod\/sumky-kapsy\/zdravotnicke-kapsy-a-doplnky\/pouzdro-na-tourniquet\/\" \/>\n<meta property=\"og:site_name\" content=\"highlevelgear\" \/>\n<meta property=\"article:modified_time\" content=\"2026-03-30T18:53:27+00:00\" \/>\n<meta property=\"og:image\" content=\"https:\/\/highlevelgear.cz\/wp-content\/uploads\/2024\/05\/DSC_0523.jpg\" \/>\n\t<meta property=\"og:image:width\" content=\"1024\" \/>\n\t<meta property=\"og:image:height\" content=\"1024\" \/>\n\t<meta property=\"og:image:type\" content=\"image\/jpeg\" \/>\n<meta name=\"twitter:card\" content=\"summary_large_image\" \/>\n<meta name=\"twitter:label1\" content=\"Estimated reading time\" \/>\n\t<meta name=\"twitter:data1\" content=\"1 minute\" \/>\n<script type=\"application\/ld+json\" class=\"yoast-schema-graph\">{\"@context\":\"https:\/\/schema.org\",\"@graph\":[{\"@type\":\"WebPage\",\"@id\":\"https:\/\/highlevelgear.cz\/obchod\/sumky-kapsy\/zdravotnicke-kapsy-a-doplnky\/pouzdro-na-tourniquet\/\",\"url\":\"https:\/\/highlevelgear.cz\/obchod\/sumky-kapsy\/zdravotnicke-kapsy-a-doplnky\/pouzdro-na-tourniquet\/\",\"name\":\"Pouzdro na Tourniquet &#8211; highlevelgear\",\"isPartOf\":{\"@id\":\"https:\/\/highlevelgear.cz\/#website\"},\"primaryImageOfPage\":{\"@id\":\"https:\/\/highlevelgear.cz\/obchod\/sumky-kapsy\/zdravotnicke-kapsy-a-doplnky\/pouzdro-na-tourniquet\/#primaryimage\"},\"image\":{\"@id\":\"https:\/\/highlevelgear.cz\/obchod\/sumky-kapsy\/zdravotnicke-kapsy-a-doplnky\/pouzdro-na-tourniquet\/#primaryimage\"},\"thumbnailUrl\":\"https:\/\/i0.wp.com\/highlevelgear.cz\/wp-content\/uploads\/2024\/05\/DSC_0523.jpg?fit=1024%2C1024&ssl=1\",\"datePublished\":\"2024-05-26T17:26:50+00:00\",\"dateModified\":\"2026-03-30T18:53:27+00:00\",\"description\":\"Uzav\u0159en\u00e9 pouzdro na tourniquet s upevn\u011bn\u00edm na molle vazbu. Tourniquet je v pouzd\u0159e ji\u0161t\u011bn chlopn\u00ed se such\u00fdm zipem. \u0160irok\u00e1 pru\u017eenka z\u00e1rove\u0148 dr\u017e\u00ed turnikt na m\u00edst\u011b. V p\u0159edn\u00ed \u010d\u00e1sti pouzdra se nach\u00e1z\u00ed \u010dtvere\u010dek such\u00e9ho zipu pro mo\u017enost um\u00edst\u011bn\u00ed rozli\u0161ovac\u00ed n\u00e1\u0161ivky. Sou\u010d\u00e1st\u00ed pouzdra je i pr\u016fvlek na popisova\u010d.\",\"breadcrumb\":{\"@id\":\"https:\/\/highlevelgear.cz\/obchod\/sumky-kapsy\/zdravotnicke-kapsy-a-doplnky\/pouzdro-na-tourniquet\/#breadcrumb\"},\"inLanguage\":\"en-GB\",\"potentialAction\":[{\"@type\":\"ReadAction\",\"target\":[\"https:\/\/highlevelgear.cz\/obchod\/sumky-kapsy\/zdravotnicke-kapsy-a-doplnky\/pouzdro-na-tourniquet\/\"]}]},{\"@type\":\"ImageObject\",\"inLanguage\":\"en-GB\",\"@id\":\"https:\/\/highlevelgear.cz\/obchod\/sumky-kapsy\/zdravotnicke-kapsy-a-doplnky\/pouzdro-na-tourniquet\/#primaryimage\",\"url\":\"https:\/\/i0.wp.com\/highlevelgear.cz\/wp-content\/uploads\/2024\/05\/DSC_0523.jpg?fit=1024%2C1024&ssl=1\",\"contentUrl\":\"https:\/\/i0.wp.com\/highlevelgear.cz\/wp-content\/uploads\/2024\/05\/DSC_0523.jpg?fit=1024%2C1024&ssl=1\",\"width\":1024,\"height\":1024},{\"@type\":\"BreadcrumbList\",\"@id\":\"https:\/\/highlevelgear.cz\/obchod\/sumky-kapsy\/zdravotnicke-kapsy-a-doplnky\/pouzdro-na-tourniquet\/#breadcrumb\",\"itemListElement\":[{\"@type\":\"ListItem\",\"position\":1,\"name\":\"Dom\u016f\",\"item\":\"https:\/\/highlevelgear.cz\/\"},{\"@type\":\"ListItem\",\"position\":2,\"name\":\"Obchod\",\"item\":\"https:\/\/highlevelgear.cz\/obchod\/\"},{\"@type\":\"ListItem\",\"position\":3,\"name\":\"Pouzdro na Tourniquet\"}]},{\"@type\":\"WebSite\",\"@id\":\"https:\/\/highlevelgear.cz\/#website\",\"url\":\"https:\/\/highlevelgear.cz\/\",\"name\":\"highlevelgear\",\"description\":\"Profesion\u00e1ln\u00ed v\u00fdroba taktick\u00e9 v\u00fdstroje.\",\"publisher\":{\"@id\":\"https:\/\/highlevelgear.cz\/#organization\"},\"potentialAction\":[{\"@type\":\"SearchAction\",\"target\":{\"@type\":\"EntryPoint\",\"urlTemplate\":\"https:\/\/highlevelgear.cz\/?s={search_term_string}\"},\"query-input\":\"required name=search_term_string\"}],\"inLanguage\":\"en-GB\"},{\"@type\":\"Organization\",\"@id\":\"https:\/\/highlevelgear.cz\/#organization\",\"name\":\"High Level Gear\",\"url\":\"https:\/\/highlevelgear.cz\/\",\"logo\":{\"@type\":\"ImageObject\",\"inLanguage\":\"en-GB\",\"@id\":\"https:\/\/highlevelgear.cz\/#\/schema\/logo\/image\/\",\"url\":\"https:\/\/highlevelgear.cz\/wp-content\/uploads\/2021\/12\/cropped-Logo-Short.png\",\"contentUrl\":\"https:\/\/highlevelgear.cz\/wp-content\/uploads\/2021\/12\/cropped-Logo-Short.png\",\"width\":467,\"height\":377,\"caption\":\"High Level Gear\"},\"image\":{\"@id\":\"https:\/\/highlevelgear.cz\/#\/schema\/logo\/image\/\"}}]}<\/script>\n<!-- \/ Yoast SEO Premium plugin. -->","yoast_head_json":{"title":"Pouzdro na Tourniquet &#8211; highlevelgear","description":"Closed tourniquet pouch with MOLLE attachment. The tourniquet is secured in the pouch with a Velcro flap. A wide elastic band also holds the tourniquet in place. There is a small Velcro patch on the front of the pouch for attaching a distinctive patch. The pouch also includes a pen loop.","robots":{"index":"index","follow":"follow","max-snippet":"max-snippet:-1","max-image-preview":"max-image-preview:large","max-video-preview":"max-video-preview:-1"},"canonical":"https:\/\/highlevelgear.cz\/en\/obchod\/sumky-kapsy\/zdravotnicke-kapsy-a-doplnky\/pouzdro-na-tourniquet\/","og_locale":"en_GB","og_type":"article","og_title":"Pouzdro na Tourniquet","og_description":"Uzav\u0159en\u00e9 pouzdro na tourniquet s upevn\u011bn\u00edm na molle vazbu. Tourniquet je v pouzd\u0159e ji\u0161t\u011bn chlopn\u00ed se such\u00fdm zipem. \u0160irok\u00e1 pru\u017eenka z\u00e1rove\u0148 dr\u017e\u00ed turnikt na m\u00edst\u011b. V p\u0159edn\u00ed \u010d\u00e1sti pouzdra se nach\u00e1z\u00ed \u010dtvere\u010dek such\u00e9ho zipu pro mo\u017enost um\u00edst\u011bn\u00ed rozli\u0161ovac\u00ed n\u00e1\u0161ivky. Sou\u010d\u00e1st\u00ed pouzdra je i pr\u016fvlek na popisova\u010d.","og_url":"https:\/\/highlevelgear.cz\/en\/obchod\/sumky-kapsy\/zdravotnicke-kapsy-a-doplnky\/pouzdro-na-tourniquet\/","og_site_name":"highlevelgear","article_modified_time":"2026-03-30T18:53:27+00:00","og_image":[{"width":1024,"height":1024,"url":"https:\/\/highlevelgear.cz\/wp-content\/uploads\/2024\/05\/DSC_0523.jpg","type":"image\/jpeg"}],"twitter_card":"summary_large_image","twitter_misc":{"Estimated reading time":"1 minute"},"schema":{"@context":"https:\/\/schema.org","@graph":[{"@type":"WebPage","@id":"https:\/\/highlevelgear.cz\/obchod\/sumky-kapsy\/zdravotnicke-kapsy-a-doplnky\/pouzdro-na-tourniquet\/","url":"https:\/\/highlevelgear.cz\/obchod\/sumky-kapsy\/zdravotnicke-kapsy-a-doplnky\/pouzdro-na-tourniquet\/","name":"Pouzdro na Tourniquet &#8211; highlevelgear","isPartOf":{"@id":"https:\/\/highlevelgear.cz\/#website"},"primaryImageOfPage":{"@id":"https:\/\/highlevelgear.cz\/obchod\/sumky-kapsy\/zdravotnicke-kapsy-a-doplnky\/pouzdro-na-tourniquet\/#primaryimage"},"image":{"@id":"https:\/\/highlevelgear.cz\/obchod\/sumky-kapsy\/zdravotnicke-kapsy-a-doplnky\/pouzdro-na-tourniquet\/#primaryimage"},"thumbnailUrl":"https:\/\/i0.wp.com\/highlevelgear.cz\/wp-content\/uploads\/2024\/05\/DSC_0523.jpg?fit=1024%2C1024&ssl=1","datePublished":"2024-05-26T17:26:50+00:00","dateModified":"2026-03-30T18:53:27+00:00","description":"Closed tourniquet pouch with MOLLE attachment. The tourniquet is secured in the pouch with a Velcro flap. A wide elastic band also holds the tourniquet in place. There is a small Velcro patch on the front of the pouch for attaching a distinctive patch. The pouch also includes a pen loop.","breadcrumb":{"@id":"https:\/\/highlevelgear.cz\/obchod\/sumky-kapsy\/zdravotnicke-kapsy-a-doplnky\/pouzdro-na-tourniquet\/#breadcrumb"},"inLanguage":"en-GB","potentialAction":[{"@type":"ReadAction","target":["https:\/\/highlevelgear.cz\/obchod\/sumky-kapsy\/zdravotnicke-kapsy-a-doplnky\/pouzdro-na-tourniquet\/"]}]},{"@type":"ImageObject","inLanguage":"en-GB","@id":"https:\/\/highlevelgear.cz\/obchod\/sumky-kapsy\/zdravotnicke-kapsy-a-doplnky\/pouzdro-na-tourniquet\/#primaryimage","url":"https:\/\/i0.wp.com\/highlevelgear.cz\/wp-content\/uploads\/2024\/05\/DSC_0523.jpg?fit=1024%2C1024&ssl=1","contentUrl":"https:\/\/i0.wp.com\/highlevelgear.cz\/wp-content\/uploads\/2024\/05\/DSC_0523.jpg?fit=1024%2C1024&ssl=1","width":1024,"height":1024},{"@type":"BreadcrumbList","@id":"https:\/\/highlevelgear.cz\/obchod\/sumky-kapsy\/zdravotnicke-kapsy-a-doplnky\/pouzdro-na-tourniquet\/#breadcrumb","itemListElement":[{"@type":"ListItem","position":1,"name":"Dom\u016f","item":"https:\/\/highlevelgear.cz\/"},{"@type":"ListItem","position":2,"name":"Obchod","item":"https:\/\/highlevelgear.cz\/obchod\/"},{"@type":"ListItem","position":3,"name":"Pouzdro na Tourniquet"}]},{"@type":"WebSite","@id":"https:\/\/highlevelgear.cz\/#website","url":"https:\/\/highlevelgear.cz\/","name":"highlevelgear","description":"Profesion\u00e1ln\u00ed v\u00fdroba taktick\u00e9 v\u00fdstroje.","publisher":{"@id":"https:\/\/highlevelgear.cz\/#organization"},"potentialAction":[{"@type":"SearchAction","target":{"@type":"EntryPoint","urlTemplate":"https:\/\/highlevelgear.cz\/?s={search_term_string}"},"query-input":"required name=search_term_string"}],"inLanguage":"en-GB"},{"@type":"Organization","@id":"https:\/\/highlevelgear.cz\/#organization","name":"High Level Gear","url":"https:\/\/highlevelgear.cz\/","logo":{"@type":"ImageObject","inLanguage":"en-GB","@id":"https:\/\/highlevelgear.cz\/#\/schema\/logo\/image\/","url":"https:\/\/highlevelgear.cz\/wp-content\/uploads\/2021\/12\/cropped-Logo-Short.png","contentUrl":"https:\/\/highlevelgear.cz\/wp-content\/uploads\/2021\/12\/cropped-Logo-Short.png","width":467,"height":377,"caption":"High Level Gear"},"image":{"@id":"https:\/\/highlevelgear.cz\/#\/schema\/logo\/image\/"}}]}},"jetpack_sharing_enabled":true,"_links":{"self":[{"href":"https:\/\/highlevelgear.cz\/en\/wp-json\/wp\/v2\/product\/2401"}],"collection":[{"href":"https:\/\/highlevelgear.cz\/en\/wp-json\/wp\/v2\/product"}],"about":[{"href":"https:\/\/highlevelgear.cz\/en\/wp-json\/wp\/v2\/types\/product"}],"replies":[{"embeddable":true,"href":"https:\/\/highlevelgear.cz\/en\/wp-json\/wp\/v2\/comments?post=2401"}],"version-history":[{"count":1,"href":"https:\/\/highlevelgear.cz\/en\/wp-json\/wp\/v2\/product\/2401\/revisions"}],"predecessor-version":[{"id":2417,"href":"https:\/\/highlevelgear.cz\/en\/wp-json\/wp\/v2\/product\/2401\/revisions\/2417"}],"wp:featuredmedia":[{"embeddable":true,"href":"https:\/\/highlevelgear.cz\/en\/wp-json\/wp\/v2\/media\/2409"}],"wp:attachment":[{"href":"https:\/\/highlevelgear.cz\/en\/wp-json\/wp\/v2\/media?parent=2401"}],"wp:term":[{"taxonomy":"product_cat","embeddable":true,"href":"https:\/\/highlevelgear.cz\/en\/wp-json\/wp\/v2\/product_cat?post=2401"},{"taxonomy":"product_tag","embeddable":true,"href":"https:\/\/highlevelgear.cz\/en\/wp-json\/wp\/v2\/product_tag?post=2401"}],"curies":[{"name":"wp","href":"https:\/\/api.w.org\/{rel}","templated":true}]}}