{"id":2459,"date":"2024-05-28T18:46:54","date_gmt":"2024-05-28T18:46:54","guid":{"rendered":"https:\/\/highlevelgear.cz\/?post_type=product&#038;p=2459"},"modified":"2026-04-20T09:23:51","modified_gmt":"2026-04-20T09:23:51","slug":"dvoubodovy-popruh-serpent","status":"publish","type":"product","link":"https:\/\/highlevelgear.cz\/en\/obchod\/popruhy\/dvoubodovy-popruh-serpent\/","title":{"rendered":"Gun sling SERPENT"},"content":{"rendered":"<p>Gun sling SERPENT<\/p>\n<p>Padded two-point gun sling with a very simple design. It is padded with 3mm thick EVA foam, which ensures sufficient comfort during long-term carrying of the weapon, while maintaining a low profile. The length of the sling is adjusted using a simple mechanism consisting of a plastic ladder and an adjustment eyelet. Pulling the strap toward you loosens it, while pulling it away from you tightens it. The plastic ladder prevents \"scuffing\" of the weapon's finish and tearing of the equipment.<\/p>\n<p>Can be supplemented with metal carabiners, which you can also find in our offer. <a href=\"https:\/\/highlevelgear.cz\/en\/obchod\/popruhy\/clash-hook-karabina\/\">.<\/a><\/p>","protected":false},"excerpt":{"rendered":"<p>Dvoubodov\u00fd popruh na zbra\u0148 SERPENT. Polstrovan\u00fd dvoubodov\u00fd popruh na zbra\u0148 s velmi jednoduchou konstrukc\u00ed. Vypolstrovan\u00fd je 3mm tlustou EVA p\u011bnou, kter\u00e1 zaji\u0161\u0165uje dostate\u010dn\u00e9 pohodl\u00ed p\u0159i dlohodob\u00e9m no\u0161en\u00ed zbran\u011b a z\u00e1rove\u0148 si popruh zachov\u00e1v\u00e1 n\u00edzk\u00fd profil. Nastavov\u00e1n\u00ed d\u00e9lky popruhu je \u0159e\u0161eno pomoc\u00ed jednoduch\u00e9ho mechanismu z platsov\u00e9ho \u017eeb\u0159\u00ed\u010dku a nastavovac\u00edho oka. Zata\u017een\u00edm k sob\u011b popruh povol\u00edte, od [&hellip;]<\/p>\n","protected":false},"featured_media":2447,"comment_status":"open","ping_status":"closed","template":"","meta":{"site-sidebar-layout":"default","site-content-layout":"default","ast-site-content-layout":"default","site-content-style":"default","site-sidebar-style":"default","ast-global-header-display":"","ast-banner-title-visibility":"","ast-main-header-display":"","ast-hfb-above-header-display":"","ast-hfb-below-header-display":"","ast-hfb-mobile-header-display":"","site-post-title":"","ast-breadcrumbs-content":"","ast-featured-img":"","footer-sml-layout":"","theme-transparent-header-meta":"default","adv-header-id-meta":"","stick-header-meta":"","header-above-stick-meta":"","header-main-stick-meta":"","header-below-stick-meta":"","astra-migrate-meta-layouts":"set","ast-page-background-enabled":"default","ast-page-background-meta":{"desktop":{"background-color":"var(--ast-global-color-4)","background-image":"","background-repeat":"repeat","background-position":"center center","background-size":"auto","background-attachment":"scroll","background-type":"","background-media":"","overlay-type":"","overlay-color":"","overlay-opacity":"","overlay-gradient":""},"tablet":{"background-color":"","background-image":"","background-repeat":"repeat","background-position":"center center","background-size":"auto","background-attachment":"scroll","background-type":"","background-media":"","overlay-type":"","overlay-color":"","overlay-opacity":"","overlay-gradient":""},"mobile":{"background-color":"","background-image":"","background-repeat":"repeat","background-position":"center center","background-size":"auto","background-attachment":"scroll","background-type":"","background-media":"","overlay-type":"","overlay-color":"","overlay-opacity":"","overlay-gradient":""}},"ast-content-background-meta":{"desktop":{"background-color":"var(--ast-global-color-5)","background-image":"","background-repeat":"repeat","background-position":"center center","background-size":"auto","background-attachment":"scroll","background-type":"","background-media":"","overlay-type":"","overlay-color":"","overlay-opacity":"","overlay-gradient":""},"tablet":{"background-color":"var(--ast-global-color-5)","background-image":"","background-repeat":"repeat","background-position":"center center","background-size":"auto","background-attachment":"scroll","background-type":"","background-media":"","overlay-type":"","overlay-color":"","overlay-opacity":"","overlay-gradient":""},"mobile":{"background-color":"var(--ast-global-color-5)","background-image":"","background-repeat":"repeat","background-position":"center center","background-size":"auto","background-attachment":"scroll","background-type":"","background-media":"","overlay-type":"","overlay-color":"","overlay-opacity":"","overlay-gradient":""}}},"product_cat":[52],"product_tag":[28],"yoast_head":"<!-- This site is optimized with the Yoast SEO Premium plugin v22.8 (Yoast SEO v22.8) - https:\/\/yoast.com\/wordpress\/plugins\/seo\/ -->\n<title>Dvoubodov\u00fd popruh SERPENT &#8211; highlevelgear<\/title>\n<meta name=\"description\" content=\"Dvoubodov\u00fd popruh na zbra\u0148 SERPENT.Polstrovan\u00fd dvoubodov\u00fd popruh na zbra\u0148 s velmi jednoduchou konstrukc\u00ed. Vypolstrovan\u00fd je 3mm tlustou EVA p\u011bnou, kter\u00e1 zaji\u0161\u0165uje dostate\u010dn\u00e9 pohodl\u00ed p\u0159i dlohodob\u00e9m no\u0161en\u00ed zbran\u011b a z\u00e1rove\u0148 si popruh zachov\u00e1v\u00e1 n\u00edzk\u00fd profil. Nastavov\u00e1n\u00ed d\u00e9lky popruhu je \u0159e\u0161eno pomoc\u00ed jednoduch\u00e9ho mechanismu z platsov\u00e9ho \u017eeb\u0159\u00ed\u010dku a nastavovac\u00edho oka.\" \/>\n<meta name=\"robots\" content=\"index, follow, max-snippet:-1, max-image-preview:large, max-video-preview:-1\" \/>\n<link rel=\"canonical\" href=\"https:\/\/highlevelgear.cz\/en\/obchod\/popruhy\/dvoubodovy-popruh-serpent\/\" \/>\n<meta property=\"og:locale\" content=\"en_GB\" \/>\n<meta property=\"og:type\" content=\"article\" \/>\n<meta property=\"og:title\" content=\"Dvoubodov\u00fd popruh SERPENT\" \/>\n<meta property=\"og:description\" content=\"Dvoubodov\u00fd popruh na zbra\u0148 SERPENT.Polstrovan\u00fd dvoubodov\u00fd popruh na zbra\u0148 s velmi jednoduchou konstrukc\u00ed. Vypolstrovan\u00fd je 3mm tlustou EVA p\u011bnou, kter\u00e1 zaji\u0161\u0165uje dostate\u010dn\u00e9 pohodl\u00ed p\u0159i dlohodob\u00e9m no\u0161en\u00ed zbran\u011b a z\u00e1rove\u0148 si popruh zachov\u00e1v\u00e1 n\u00edzk\u00fd profil. Nastavov\u00e1n\u00ed d\u00e9lky popruhu je \u0159e\u0161eno pomoc\u00ed jednoduch\u00e9ho mechanismu z platsov\u00e9ho \u017eeb\u0159\u00ed\u010dku a nastavovac\u00edho oka.\" \/>\n<meta property=\"og:url\" content=\"https:\/\/highlevelgear.cz\/en\/obchod\/popruhy\/dvoubodovy-popruh-serpent\/\" \/>\n<meta property=\"og:site_name\" content=\"highlevelgear\" \/>\n<meta property=\"article:modified_time\" content=\"2026-04-20T09:23:51+00:00\" \/>\n<meta property=\"og:image\" content=\"https:\/\/highlevelgear.cz\/wp-content\/uploads\/2024\/05\/DSC_0569.jpg\" \/>\n\t<meta property=\"og:image:width\" content=\"1024\" \/>\n\t<meta property=\"og:image:height\" content=\"1024\" \/>\n\t<meta property=\"og:image:type\" content=\"image\/jpeg\" \/>\n<meta name=\"twitter:card\" content=\"summary_large_image\" \/>\n<meta name=\"twitter:label1\" content=\"Estimated reading time\" \/>\n\t<meta name=\"twitter:data1\" content=\"1 minute\" \/>\n<script type=\"application\/ld+json\" class=\"yoast-schema-graph\">{\"@context\":\"https:\/\/schema.org\",\"@graph\":[{\"@type\":\"WebPage\",\"@id\":\"https:\/\/highlevelgear.cz\/obchod\/popruhy\/dvoubodovy-popruh-serpent\/\",\"url\":\"https:\/\/highlevelgear.cz\/obchod\/popruhy\/dvoubodovy-popruh-serpent\/\",\"name\":\"Dvoubodov\u00fd popruh SERPENT &#8211; highlevelgear\",\"isPartOf\":{\"@id\":\"https:\/\/highlevelgear.cz\/#website\"},\"primaryImageOfPage\":{\"@id\":\"https:\/\/highlevelgear.cz\/obchod\/popruhy\/dvoubodovy-popruh-serpent\/#primaryimage\"},\"image\":{\"@id\":\"https:\/\/highlevelgear.cz\/obchod\/popruhy\/dvoubodovy-popruh-serpent\/#primaryimage\"},\"thumbnailUrl\":\"https:\/\/i0.wp.com\/highlevelgear.cz\/wp-content\/uploads\/2024\/05\/DSC_0569.jpg?fit=1024%2C1024&ssl=1\",\"datePublished\":\"2024-05-28T18:46:54+00:00\",\"dateModified\":\"2026-04-20T09:23:51+00:00\",\"description\":\"Dvoubodov\u00fd popruh na zbra\u0148 SERPENT.Polstrovan\u00fd dvoubodov\u00fd popruh na zbra\u0148 s velmi jednoduchou konstrukc\u00ed. Vypolstrovan\u00fd je 3mm tlustou EVA p\u011bnou, kter\u00e1 zaji\u0161\u0165uje dostate\u010dn\u00e9 pohodl\u00ed p\u0159i dlohodob\u00e9m no\u0161en\u00ed zbran\u011b a z\u00e1rove\u0148 si popruh zachov\u00e1v\u00e1 n\u00edzk\u00fd profil. Nastavov\u00e1n\u00ed d\u00e9lky popruhu je \u0159e\u0161eno pomoc\u00ed jednoduch\u00e9ho mechanismu z platsov\u00e9ho \u017eeb\u0159\u00ed\u010dku a nastavovac\u00edho oka.\",\"breadcrumb\":{\"@id\":\"https:\/\/highlevelgear.cz\/obchod\/popruhy\/dvoubodovy-popruh-serpent\/#breadcrumb\"},\"inLanguage\":\"en-GB\",\"potentialAction\":[{\"@type\":\"ReadAction\",\"target\":[\"https:\/\/highlevelgear.cz\/obchod\/popruhy\/dvoubodovy-popruh-serpent\/\"]}]},{\"@type\":\"ImageObject\",\"inLanguage\":\"en-GB\",\"@id\":\"https:\/\/highlevelgear.cz\/obchod\/popruhy\/dvoubodovy-popruh-serpent\/#primaryimage\",\"url\":\"https:\/\/i0.wp.com\/highlevelgear.cz\/wp-content\/uploads\/2024\/05\/DSC_0569.jpg?fit=1024%2C1024&ssl=1\",\"contentUrl\":\"https:\/\/i0.wp.com\/highlevelgear.cz\/wp-content\/uploads\/2024\/05\/DSC_0569.jpg?fit=1024%2C1024&ssl=1\",\"width\":1024,\"height\":1024},{\"@type\":\"BreadcrumbList\",\"@id\":\"https:\/\/highlevelgear.cz\/obchod\/popruhy\/dvoubodovy-popruh-serpent\/#breadcrumb\",\"itemListElement\":[{\"@type\":\"ListItem\",\"position\":1,\"name\":\"Dom\u016f\",\"item\":\"https:\/\/highlevelgear.cz\/\"},{\"@type\":\"ListItem\",\"position\":2,\"name\":\"Obchod\",\"item\":\"https:\/\/highlevelgear.cz\/obchod\/\"},{\"@type\":\"ListItem\",\"position\":3,\"name\":\"Dvoubodov\u00fd popruh SERPENT\"}]},{\"@type\":\"WebSite\",\"@id\":\"https:\/\/highlevelgear.cz\/#website\",\"url\":\"https:\/\/highlevelgear.cz\/\",\"name\":\"highlevelgear\",\"description\":\"Profesion\u00e1ln\u00ed v\u00fdroba taktick\u00e9 v\u00fdstroje.\",\"publisher\":{\"@id\":\"https:\/\/highlevelgear.cz\/#organization\"},\"potentialAction\":[{\"@type\":\"SearchAction\",\"target\":{\"@type\":\"EntryPoint\",\"urlTemplate\":\"https:\/\/highlevelgear.cz\/?s={search_term_string}\"},\"query-input\":\"required name=search_term_string\"}],\"inLanguage\":\"en-GB\"},{\"@type\":\"Organization\",\"@id\":\"https:\/\/highlevelgear.cz\/#organization\",\"name\":\"High Level Gear\",\"url\":\"https:\/\/highlevelgear.cz\/\",\"logo\":{\"@type\":\"ImageObject\",\"inLanguage\":\"en-GB\",\"@id\":\"https:\/\/highlevelgear.cz\/#\/schema\/logo\/image\/\",\"url\":\"https:\/\/highlevelgear.cz\/wp-content\/uploads\/2021\/12\/cropped-Logo-Short.png\",\"contentUrl\":\"https:\/\/highlevelgear.cz\/wp-content\/uploads\/2021\/12\/cropped-Logo-Short.png\",\"width\":467,\"height\":377,\"caption\":\"High Level Gear\"},\"image\":{\"@id\":\"https:\/\/highlevelgear.cz\/#\/schema\/logo\/image\/\"}}]}<\/script>\n<!-- \/ Yoast SEO Premium plugin. -->","yoast_head_json":{"title":"Dvoubodov\u00fd popruh SERPENT &#8211; highlevelgear","description":"Dvoubodov\u00fd popruh na zbra\u0148 SERPENT.Polstrovan\u00fd dvoubodov\u00fd popruh na zbra\u0148 s velmi jednoduchou konstrukc\u00ed. Vypolstrovan\u00fd je 3mm tlustou EVA p\u011bnou, kter\u00e1 zaji\u0161\u0165uje dostate\u010dn\u00e9 pohodl\u00ed p\u0159i dlohodob\u00e9m no\u0161en\u00ed zbran\u011b a z\u00e1rove\u0148 si popruh zachov\u00e1v\u00e1 n\u00edzk\u00fd profil. Nastavov\u00e1n\u00ed d\u00e9lky popruhu je \u0159e\u0161eno pomoc\u00ed jednoduch\u00e9ho mechanismu z platsov\u00e9ho \u017eeb\u0159\u00ed\u010dku a nastavovac\u00edho oka.","robots":{"index":"index","follow":"follow","max-snippet":"max-snippet:-1","max-image-preview":"max-image-preview:large","max-video-preview":"max-video-preview:-1"},"canonical":"https:\/\/highlevelgear.cz\/en\/obchod\/popruhy\/dvoubodovy-popruh-serpent\/","og_locale":"en_GB","og_type":"article","og_title":"Dvoubodov\u00fd popruh SERPENT","og_description":"Dvoubodov\u00fd popruh na zbra\u0148 SERPENT.Polstrovan\u00fd dvoubodov\u00fd popruh na zbra\u0148 s velmi jednoduchou konstrukc\u00ed. Vypolstrovan\u00fd je 3mm tlustou EVA p\u011bnou, kter\u00e1 zaji\u0161\u0165uje dostate\u010dn\u00e9 pohodl\u00ed p\u0159i dlohodob\u00e9m no\u0161en\u00ed zbran\u011b a z\u00e1rove\u0148 si popruh zachov\u00e1v\u00e1 n\u00edzk\u00fd profil. Nastavov\u00e1n\u00ed d\u00e9lky popruhu je \u0159e\u0161eno pomoc\u00ed jednoduch\u00e9ho mechanismu z platsov\u00e9ho \u017eeb\u0159\u00ed\u010dku a nastavovac\u00edho oka.","og_url":"https:\/\/highlevelgear.cz\/en\/obchod\/popruhy\/dvoubodovy-popruh-serpent\/","og_site_name":"highlevelgear","article_modified_time":"2026-04-20T09:23:51+00:00","og_image":[{"width":1024,"height":1024,"url":"https:\/\/highlevelgear.cz\/wp-content\/uploads\/2024\/05\/DSC_0569.jpg","type":"image\/jpeg"}],"twitter_card":"summary_large_image","twitter_misc":{"Estimated reading time":"1 minute"},"schema":{"@context":"https:\/\/schema.org","@graph":[{"@type":"WebPage","@id":"https:\/\/highlevelgear.cz\/obchod\/popruhy\/dvoubodovy-popruh-serpent\/","url":"https:\/\/highlevelgear.cz\/obchod\/popruhy\/dvoubodovy-popruh-serpent\/","name":"Dvoubodov\u00fd popruh SERPENT &#8211; highlevelgear","isPartOf":{"@id":"https:\/\/highlevelgear.cz\/#website"},"primaryImageOfPage":{"@id":"https:\/\/highlevelgear.cz\/obchod\/popruhy\/dvoubodovy-popruh-serpent\/#primaryimage"},"image":{"@id":"https:\/\/highlevelgear.cz\/obchod\/popruhy\/dvoubodovy-popruh-serpent\/#primaryimage"},"thumbnailUrl":"https:\/\/i0.wp.com\/highlevelgear.cz\/wp-content\/uploads\/2024\/05\/DSC_0569.jpg?fit=1024%2C1024&ssl=1","datePublished":"2024-05-28T18:46:54+00:00","dateModified":"2026-04-20T09:23:51+00:00","description":"Dvoubodov\u00fd popruh na zbra\u0148 SERPENT.Polstrovan\u00fd dvoubodov\u00fd popruh na zbra\u0148 s velmi jednoduchou konstrukc\u00ed. Vypolstrovan\u00fd je 3mm tlustou EVA p\u011bnou, kter\u00e1 zaji\u0161\u0165uje dostate\u010dn\u00e9 pohodl\u00ed p\u0159i dlohodob\u00e9m no\u0161en\u00ed zbran\u011b a z\u00e1rove\u0148 si popruh zachov\u00e1v\u00e1 n\u00edzk\u00fd profil. Nastavov\u00e1n\u00ed d\u00e9lky popruhu je \u0159e\u0161eno pomoc\u00ed jednoduch\u00e9ho mechanismu z platsov\u00e9ho \u017eeb\u0159\u00ed\u010dku a nastavovac\u00edho oka.","breadcrumb":{"@id":"https:\/\/highlevelgear.cz\/obchod\/popruhy\/dvoubodovy-popruh-serpent\/#breadcrumb"},"inLanguage":"en-GB","potentialAction":[{"@type":"ReadAction","target":["https:\/\/highlevelgear.cz\/obchod\/popruhy\/dvoubodovy-popruh-serpent\/"]}]},{"@type":"ImageObject","inLanguage":"en-GB","@id":"https:\/\/highlevelgear.cz\/obchod\/popruhy\/dvoubodovy-popruh-serpent\/#primaryimage","url":"https:\/\/i0.wp.com\/highlevelgear.cz\/wp-content\/uploads\/2024\/05\/DSC_0569.jpg?fit=1024%2C1024&ssl=1","contentUrl":"https:\/\/i0.wp.com\/highlevelgear.cz\/wp-content\/uploads\/2024\/05\/DSC_0569.jpg?fit=1024%2C1024&ssl=1","width":1024,"height":1024},{"@type":"BreadcrumbList","@id":"https:\/\/highlevelgear.cz\/obchod\/popruhy\/dvoubodovy-popruh-serpent\/#breadcrumb","itemListElement":[{"@type":"ListItem","position":1,"name":"Dom\u016f","item":"https:\/\/highlevelgear.cz\/"},{"@type":"ListItem","position":2,"name":"Obchod","item":"https:\/\/highlevelgear.cz\/obchod\/"},{"@type":"ListItem","position":3,"name":"Dvoubodov\u00fd popruh SERPENT"}]},{"@type":"WebSite","@id":"https:\/\/highlevelgear.cz\/#website","url":"https:\/\/highlevelgear.cz\/","name":"highlevelgear","description":"Profesion\u00e1ln\u00ed v\u00fdroba taktick\u00e9 v\u00fdstroje.","publisher":{"@id":"https:\/\/highlevelgear.cz\/#organization"},"potentialAction":[{"@type":"SearchAction","target":{"@type":"EntryPoint","urlTemplate":"https:\/\/highlevelgear.cz\/?s={search_term_string}"},"query-input":"required name=search_term_string"}],"inLanguage":"en-GB"},{"@type":"Organization","@id":"https:\/\/highlevelgear.cz\/#organization","name":"High Level Gear","url":"https:\/\/highlevelgear.cz\/","logo":{"@type":"ImageObject","inLanguage":"en-GB","@id":"https:\/\/highlevelgear.cz\/#\/schema\/logo\/image\/","url":"https:\/\/highlevelgear.cz\/wp-content\/uploads\/2021\/12\/cropped-Logo-Short.png","contentUrl":"https:\/\/highlevelgear.cz\/wp-content\/uploads\/2021\/12\/cropped-Logo-Short.png","width":467,"height":377,"caption":"High Level Gear"},"image":{"@id":"https:\/\/highlevelgear.cz\/#\/schema\/logo\/image\/"}}]}},"jetpack_sharing_enabled":true,"_links":{"self":[{"href":"https:\/\/highlevelgear.cz\/en\/wp-json\/wp\/v2\/product\/2459"}],"collection":[{"href":"https:\/\/highlevelgear.cz\/en\/wp-json\/wp\/v2\/product"}],"about":[{"href":"https:\/\/highlevelgear.cz\/en\/wp-json\/wp\/v2\/types\/product"}],"replies":[{"embeddable":true,"href":"https:\/\/highlevelgear.cz\/en\/wp-json\/wp\/v2\/comments?post=2459"}],"version-history":[{"count":3,"href":"https:\/\/highlevelgear.cz\/en\/wp-json\/wp\/v2\/product\/2459\/revisions"}],"predecessor-version":[{"id":3687,"href":"https:\/\/highlevelgear.cz\/en\/wp-json\/wp\/v2\/product\/2459\/revisions\/3687"}],"wp:featuredmedia":[{"embeddable":true,"href":"https:\/\/highlevelgear.cz\/en\/wp-json\/wp\/v2\/media\/2447"}],"wp:attachment":[{"href":"https:\/\/highlevelgear.cz\/en\/wp-json\/wp\/v2\/media?parent=2459"}],"wp:term":[{"taxonomy":"product_cat","embeddable":true,"href":"https:\/\/highlevelgear.cz\/en\/wp-json\/wp\/v2\/product_cat?post=2459"},{"taxonomy":"product_tag","embeddable":true,"href":"https:\/\/highlevelgear.cz\/en\/wp-json\/wp\/v2\/product_tag?post=2459"}],"curies":[{"name":"wp","href":"https:\/\/api.w.org\/{rel}","templated":true}]}}