{"id":2583,"date":"2024-10-06T18:58:24","date_gmt":"2024-10-06T18:58:24","guid":{"rendered":"https:\/\/highlevelgear.cz\/?post_type=product&#038;p=2583"},"modified":"2026-04-13T15:36:42","modified_gmt":"2026-04-13T15:36:42","slug":"takticky-podsedak","status":"publish","type":"product","link":"https:\/\/highlevelgear.cz\/en\/obchod\/ostatni-2\/ostatni-produkty\/takticky-podsedak\/","title":{"rendered":"Tactical Sitting Pad"},"content":{"rendered":"<p>A tactical seat pad is something that should definitely be part of your gear. Comfort has been proven to boost morale, and our seat pad will take care of that for you. It will protect your rear end, especially in wet and cold weather, but also anytime there's no couch within reach.<\/p>\n<p>The seat pad has a seating area measuring 40\u00d737 cm when fully unfolded, or it can be easily folded in half. The padding is made of 1 cm thick EVA foam, which provides sufficient comfort and insulation. It can be attached to a classic 45\/50 mm wide combat belt using Velcro straps and can be quickly detached thanks to the tridents. Alternatively, the tridents can be removed completely. <\/p>","protected":false},"excerpt":{"rendered":"<p>Taktick\u00fd podsed\u00e1k je v\u011bc, kter\u00e1 by ve tvoj\u00ed v\u00fdstroji rozhodn\u011b nem\u011bla chyb\u011bt. Pohodl\u00ed toti\u017e prokazateln\u011b zvy\u0161uje mor\u00e1lku a n\u00e1\u0161 sed\u00e1k ti ho za\u0159\u00edd\u00ed. Zadek ti ochr\u00e1n\u00ed p\u0159edev\u0161\u00edm v mokru a zim\u011b, ale i kdykoliv jindy, kdy\u017e zrovna nen\u00ed v dosahu \u017e\u00e1dn\u00fd gau\u010d \ud83d\ude00 Podsed\u00e1k m\u00e1 sedac\u00ed plochu o rozm\u011brech 40&#215;37 cm p\u0159i \u00fapln\u00e9m rozlo\u017een\u00ed, p\u0159\u00edpadn\u011b [&hellip;]<\/p>\n","protected":false},"featured_media":2599,"comment_status":"open","ping_status":"closed","template":"","meta":{"site-sidebar-layout":"default","site-content-layout":"default","ast-site-content-layout":"default","site-content-style":"default","site-sidebar-style":"default","ast-global-header-display":"","ast-banner-title-visibility":"","ast-main-header-display":"","ast-hfb-above-header-display":"","ast-hfb-below-header-display":"","ast-hfb-mobile-header-display":"","site-post-title":"","ast-breadcrumbs-content":"","ast-featured-img":"","footer-sml-layout":"","theme-transparent-header-meta":"default","adv-header-id-meta":"","stick-header-meta":"","header-above-stick-meta":"","header-main-stick-meta":"","header-below-stick-meta":"","astra-migrate-meta-layouts":"set","ast-page-background-enabled":"default","ast-page-background-meta":{"desktop":{"background-color":"var(--ast-global-color-4)","background-image":"","background-repeat":"repeat","background-position":"center center","background-size":"auto","background-attachment":"scroll","background-type":"","background-media":"","overlay-type":"","overlay-color":"","overlay-opacity":"","overlay-gradient":""},"tablet":{"background-color":"","background-image":"","background-repeat":"repeat","background-position":"center center","background-size":"auto","background-attachment":"scroll","background-type":"","background-media":"","overlay-type":"","overlay-color":"","overlay-opacity":"","overlay-gradient":""},"mobile":{"background-color":"","background-image":"","background-repeat":"repeat","background-position":"center center","background-size":"auto","background-attachment":"scroll","background-type":"","background-media":"","overlay-type":"","overlay-color":"","overlay-opacity":"","overlay-gradient":""}},"ast-content-background-meta":{"desktop":{"background-color":"var(--ast-global-color-5)","background-image":"","background-repeat":"repeat","background-position":"center center","background-size":"auto","background-attachment":"scroll","background-type":"","background-media":"","overlay-type":"","overlay-color":"","overlay-opacity":"","overlay-gradient":""},"tablet":{"background-color":"var(--ast-global-color-5)","background-image":"","background-repeat":"repeat","background-position":"center center","background-size":"auto","background-attachment":"scroll","background-type":"","background-media":"","overlay-type":"","overlay-color":"","overlay-opacity":"","overlay-gradient":""},"mobile":{"background-color":"var(--ast-global-color-5)","background-image":"","background-repeat":"repeat","background-position":"center center","background-size":"auto","background-attachment":"scroll","background-type":"","background-media":"","overlay-type":"","overlay-color":"","overlay-opacity":"","overlay-gradient":""}}},"product_cat":[68,82],"product_tag":[28],"yoast_head":"<!-- This site is optimized with the Yoast SEO Premium plugin v22.8 (Yoast SEO v22.8) - https:\/\/yoast.com\/wordpress\/plugins\/seo\/ -->\n<title>Taktick\u00fd podsed\u00e1k &#8211; highlevelgear<\/title>\n<meta name=\"description\" content=\"Taktick\u00fd podsed\u00e1k je v\u011bc, kter\u00e1 by ve tvoj\u00ed v\u00fdstroji rozhodn\u011b nem\u011bla chyb\u011bt. Pohodl\u00ed toti\u017e prokazateln\u011b zvy\u0161uje mor\u00e1lku a n\u00e1\u0161 sed\u00e1k ti ho za\u0159\u00edd\u00ed. Zadek ti ochr\u00e1n\u00ed p\u0159edev\u0161\u00edm v mokru a zim\u011b, ale i kdykoliv jindy, kdy\u017e zrovna nen\u00ed v dosahu \u017e\u00e1dn\u00fd gau\u010d :D\" \/>\n<meta name=\"robots\" content=\"index, follow, max-snippet:-1, max-image-preview:large, max-video-preview:-1\" \/>\n<link rel=\"canonical\" href=\"https:\/\/highlevelgear.cz\/en\/obchod\/ostatni-2\/ostatni-produkty\/takticky-podsedak\/\" \/>\n<meta property=\"og:locale\" content=\"en_GB\" \/>\n<meta property=\"og:type\" content=\"article\" \/>\n<meta property=\"og:title\" content=\"Taktick\u00fd podsed\u00e1k\" \/>\n<meta property=\"og:description\" content=\"Taktick\u00fd podsed\u00e1k je v\u011bc, kter\u00e1 by ve tvoj\u00ed v\u00fdstroji rozhodn\u011b nem\u011bla chyb\u011bt. Pohodl\u00ed toti\u017e prokazateln\u011b zvy\u0161uje mor\u00e1lku a n\u00e1\u0161 sed\u00e1k ti ho za\u0159\u00edd\u00ed. Zadek ti ochr\u00e1n\u00ed p\u0159edev\u0161\u00edm v mokru a zim\u011b, ale i kdykoliv jindy, kdy\u017e zrovna nen\u00ed v dosahu \u017e\u00e1dn\u00fd gau\u010d :D\" \/>\n<meta property=\"og:url\" content=\"https:\/\/highlevelgear.cz\/en\/obchod\/ostatni-2\/ostatni-produkty\/takticky-podsedak\/\" \/>\n<meta property=\"og:site_name\" content=\"highlevelgear\" \/>\n<meta property=\"article:modified_time\" content=\"2026-04-13T15:36:42+00:00\" \/>\n<meta property=\"og:image\" content=\"https:\/\/highlevelgear.cz\/wp-content\/uploads\/2024\/10\/DSC_0578-1024x1024.jpg\" \/>\n\t<meta property=\"og:image:width\" content=\"1024\" \/>\n\t<meta property=\"og:image:height\" content=\"1024\" \/>\n\t<meta property=\"og:image:type\" content=\"image\/jpeg\" \/>\n<meta name=\"twitter:card\" content=\"summary_large_image\" \/>\n<meta name=\"twitter:label1\" content=\"Estimated reading time\" \/>\n\t<meta name=\"twitter:data1\" content=\"1 minute\" \/>\n<script type=\"application\/ld+json\" class=\"yoast-schema-graph\">{\"@context\":\"https:\/\/schema.org\",\"@graph\":[{\"@type\":\"WebPage\",\"@id\":\"https:\/\/highlevelgear.cz\/obchod\/ostatni-2\/ostatni-produkty\/takticky-podsedak\/\",\"url\":\"https:\/\/highlevelgear.cz\/obchod\/ostatni-2\/ostatni-produkty\/takticky-podsedak\/\",\"name\":\"Taktick\u00fd podsed\u00e1k &#8211; highlevelgear\",\"isPartOf\":{\"@id\":\"https:\/\/highlevelgear.cz\/#website\"},\"primaryImageOfPage\":{\"@id\":\"https:\/\/highlevelgear.cz\/obchod\/ostatni-2\/ostatni-produkty\/takticky-podsedak\/#primaryimage\"},\"image\":{\"@id\":\"https:\/\/highlevelgear.cz\/obchod\/ostatni-2\/ostatni-produkty\/takticky-podsedak\/#primaryimage\"},\"thumbnailUrl\":\"https:\/\/i0.wp.com\/highlevelgear.cz\/wp-content\/uploads\/2024\/10\/DSC_0578.jpg?fit=2048%2C2048&ssl=1\",\"datePublished\":\"2024-10-06T18:58:24+00:00\",\"dateModified\":\"2026-04-13T15:36:42+00:00\",\"description\":\"Taktick\u00fd podsed\u00e1k je v\u011bc, kter\u00e1 by ve tvoj\u00ed v\u00fdstroji rozhodn\u011b nem\u011bla chyb\u011bt. Pohodl\u00ed toti\u017e prokazateln\u011b zvy\u0161uje mor\u00e1lku a n\u00e1\u0161 sed\u00e1k ti ho za\u0159\u00edd\u00ed. Zadek ti ochr\u00e1n\u00ed p\u0159edev\u0161\u00edm v mokru a zim\u011b, ale i kdykoliv jindy, kdy\u017e zrovna nen\u00ed v dosahu \u017e\u00e1dn\u00fd gau\u010d :D\",\"breadcrumb\":{\"@id\":\"https:\/\/highlevelgear.cz\/obchod\/ostatni-2\/ostatni-produkty\/takticky-podsedak\/#breadcrumb\"},\"inLanguage\":\"en-GB\",\"potentialAction\":[{\"@type\":\"ReadAction\",\"target\":[\"https:\/\/highlevelgear.cz\/obchod\/ostatni-2\/ostatni-produkty\/takticky-podsedak\/\"]}]},{\"@type\":\"ImageObject\",\"inLanguage\":\"en-GB\",\"@id\":\"https:\/\/highlevelgear.cz\/obchod\/ostatni-2\/ostatni-produkty\/takticky-podsedak\/#primaryimage\",\"url\":\"https:\/\/i0.wp.com\/highlevelgear.cz\/wp-content\/uploads\/2024\/10\/DSC_0578.jpg?fit=2048%2C2048&ssl=1\",\"contentUrl\":\"https:\/\/i0.wp.com\/highlevelgear.cz\/wp-content\/uploads\/2024\/10\/DSC_0578.jpg?fit=2048%2C2048&ssl=1\",\"width\":2048,\"height\":2048},{\"@type\":\"BreadcrumbList\",\"@id\":\"https:\/\/highlevelgear.cz\/obchod\/ostatni-2\/ostatni-produkty\/takticky-podsedak\/#breadcrumb\",\"itemListElement\":[{\"@type\":\"ListItem\",\"position\":1,\"name\":\"Dom\u016f\",\"item\":\"https:\/\/highlevelgear.cz\/\"},{\"@type\":\"ListItem\",\"position\":2,\"name\":\"Obchod\",\"item\":\"https:\/\/highlevelgear.cz\/obchod\/\"},{\"@type\":\"ListItem\",\"position\":3,\"name\":\"Taktick\u00fd podsed\u00e1k\"}]},{\"@type\":\"WebSite\",\"@id\":\"https:\/\/highlevelgear.cz\/#website\",\"url\":\"https:\/\/highlevelgear.cz\/\",\"name\":\"highlevelgear\",\"description\":\"Profesion\u00e1ln\u00ed v\u00fdroba taktick\u00e9 v\u00fdstroje.\",\"publisher\":{\"@id\":\"https:\/\/highlevelgear.cz\/#organization\"},\"potentialAction\":[{\"@type\":\"SearchAction\",\"target\":{\"@type\":\"EntryPoint\",\"urlTemplate\":\"https:\/\/highlevelgear.cz\/?s={search_term_string}\"},\"query-input\":\"required name=search_term_string\"}],\"inLanguage\":\"en-GB\"},{\"@type\":\"Organization\",\"@id\":\"https:\/\/highlevelgear.cz\/#organization\",\"name\":\"High Level Gear\",\"url\":\"https:\/\/highlevelgear.cz\/\",\"logo\":{\"@type\":\"ImageObject\",\"inLanguage\":\"en-GB\",\"@id\":\"https:\/\/highlevelgear.cz\/#\/schema\/logo\/image\/\",\"url\":\"https:\/\/highlevelgear.cz\/wp-content\/uploads\/2021\/12\/cropped-Logo-Short.png\",\"contentUrl\":\"https:\/\/highlevelgear.cz\/wp-content\/uploads\/2021\/12\/cropped-Logo-Short.png\",\"width\":467,\"height\":377,\"caption\":\"High Level Gear\"},\"image\":{\"@id\":\"https:\/\/highlevelgear.cz\/#\/schema\/logo\/image\/\"}}]}<\/script>\n<!-- \/ Yoast SEO Premium plugin. -->","yoast_head_json":{"title":"Taktick\u00fd podsed\u00e1k &#8211; highlevelgear","description":"Taktick\u00fd podsed\u00e1k je v\u011bc, kter\u00e1 by ve tvoj\u00ed v\u00fdstroji rozhodn\u011b nem\u011bla chyb\u011bt. Pohodl\u00ed toti\u017e prokazateln\u011b zvy\u0161uje mor\u00e1lku a n\u00e1\u0161 sed\u00e1k ti ho za\u0159\u00edd\u00ed. Zadek ti ochr\u00e1n\u00ed p\u0159edev\u0161\u00edm v mokru a zim\u011b, ale i kdykoliv jindy, kdy\u017e zrovna nen\u00ed v dosahu \u017e\u00e1dn\u00fd gau\u010d :D","robots":{"index":"index","follow":"follow","max-snippet":"max-snippet:-1","max-image-preview":"max-image-preview:large","max-video-preview":"max-video-preview:-1"},"canonical":"https:\/\/highlevelgear.cz\/en\/obchod\/ostatni-2\/ostatni-produkty\/takticky-podsedak\/","og_locale":"en_GB","og_type":"article","og_title":"Taktick\u00fd podsed\u00e1k","og_description":"Taktick\u00fd podsed\u00e1k je v\u011bc, kter\u00e1 by ve tvoj\u00ed v\u00fdstroji rozhodn\u011b nem\u011bla chyb\u011bt. Pohodl\u00ed toti\u017e prokazateln\u011b zvy\u0161uje mor\u00e1lku a n\u00e1\u0161 sed\u00e1k ti ho za\u0159\u00edd\u00ed. Zadek ti ochr\u00e1n\u00ed p\u0159edev\u0161\u00edm v mokru a zim\u011b, ale i kdykoliv jindy, kdy\u017e zrovna nen\u00ed v dosahu \u017e\u00e1dn\u00fd gau\u010d :D","og_url":"https:\/\/highlevelgear.cz\/en\/obchod\/ostatni-2\/ostatni-produkty\/takticky-podsedak\/","og_site_name":"highlevelgear","article_modified_time":"2026-04-13T15:36:42+00:00","og_image":[{"width":1024,"height":1024,"url":"https:\/\/highlevelgear.cz\/wp-content\/uploads\/2024\/10\/DSC_0578-1024x1024.jpg","type":"image\/jpeg"}],"twitter_card":"summary_large_image","twitter_misc":{"Estimated reading time":"1 minute"},"schema":{"@context":"https:\/\/schema.org","@graph":[{"@type":"WebPage","@id":"https:\/\/highlevelgear.cz\/obchod\/ostatni-2\/ostatni-produkty\/takticky-podsedak\/","url":"https:\/\/highlevelgear.cz\/obchod\/ostatni-2\/ostatni-produkty\/takticky-podsedak\/","name":"Taktick\u00fd podsed\u00e1k &#8211; highlevelgear","isPartOf":{"@id":"https:\/\/highlevelgear.cz\/#website"},"primaryImageOfPage":{"@id":"https:\/\/highlevelgear.cz\/obchod\/ostatni-2\/ostatni-produkty\/takticky-podsedak\/#primaryimage"},"image":{"@id":"https:\/\/highlevelgear.cz\/obchod\/ostatni-2\/ostatni-produkty\/takticky-podsedak\/#primaryimage"},"thumbnailUrl":"https:\/\/i0.wp.com\/highlevelgear.cz\/wp-content\/uploads\/2024\/10\/DSC_0578.jpg?fit=2048%2C2048&ssl=1","datePublished":"2024-10-06T18:58:24+00:00","dateModified":"2026-04-13T15:36:42+00:00","description":"Taktick\u00fd podsed\u00e1k je v\u011bc, kter\u00e1 by ve tvoj\u00ed v\u00fdstroji rozhodn\u011b nem\u011bla chyb\u011bt. Pohodl\u00ed toti\u017e prokazateln\u011b zvy\u0161uje mor\u00e1lku a n\u00e1\u0161 sed\u00e1k ti ho za\u0159\u00edd\u00ed. Zadek ti ochr\u00e1n\u00ed p\u0159edev\u0161\u00edm v mokru a zim\u011b, ale i kdykoliv jindy, kdy\u017e zrovna nen\u00ed v dosahu \u017e\u00e1dn\u00fd gau\u010d :D","breadcrumb":{"@id":"https:\/\/highlevelgear.cz\/obchod\/ostatni-2\/ostatni-produkty\/takticky-podsedak\/#breadcrumb"},"inLanguage":"en-GB","potentialAction":[{"@type":"ReadAction","target":["https:\/\/highlevelgear.cz\/obchod\/ostatni-2\/ostatni-produkty\/takticky-podsedak\/"]}]},{"@type":"ImageObject","inLanguage":"en-GB","@id":"https:\/\/highlevelgear.cz\/obchod\/ostatni-2\/ostatni-produkty\/takticky-podsedak\/#primaryimage","url":"https:\/\/i0.wp.com\/highlevelgear.cz\/wp-content\/uploads\/2024\/10\/DSC_0578.jpg?fit=2048%2C2048&ssl=1","contentUrl":"https:\/\/i0.wp.com\/highlevelgear.cz\/wp-content\/uploads\/2024\/10\/DSC_0578.jpg?fit=2048%2C2048&ssl=1","width":2048,"height":2048},{"@type":"BreadcrumbList","@id":"https:\/\/highlevelgear.cz\/obchod\/ostatni-2\/ostatni-produkty\/takticky-podsedak\/#breadcrumb","itemListElement":[{"@type":"ListItem","position":1,"name":"Dom\u016f","item":"https:\/\/highlevelgear.cz\/"},{"@type":"ListItem","position":2,"name":"Obchod","item":"https:\/\/highlevelgear.cz\/obchod\/"},{"@type":"ListItem","position":3,"name":"Taktick\u00fd podsed\u00e1k"}]},{"@type":"WebSite","@id":"https:\/\/highlevelgear.cz\/#website","url":"https:\/\/highlevelgear.cz\/","name":"highlevelgear","description":"Profesion\u00e1ln\u00ed v\u00fdroba taktick\u00e9 v\u00fdstroje.","publisher":{"@id":"https:\/\/highlevelgear.cz\/#organization"},"potentialAction":[{"@type":"SearchAction","target":{"@type":"EntryPoint","urlTemplate":"https:\/\/highlevelgear.cz\/?s={search_term_string}"},"query-input":"required name=search_term_string"}],"inLanguage":"en-GB"},{"@type":"Organization","@id":"https:\/\/highlevelgear.cz\/#organization","name":"High Level Gear","url":"https:\/\/highlevelgear.cz\/","logo":{"@type":"ImageObject","inLanguage":"en-GB","@id":"https:\/\/highlevelgear.cz\/#\/schema\/logo\/image\/","url":"https:\/\/highlevelgear.cz\/wp-content\/uploads\/2021\/12\/cropped-Logo-Short.png","contentUrl":"https:\/\/highlevelgear.cz\/wp-content\/uploads\/2021\/12\/cropped-Logo-Short.png","width":467,"height":377,"caption":"High Level Gear"},"image":{"@id":"https:\/\/highlevelgear.cz\/#\/schema\/logo\/image\/"}}]}},"jetpack_sharing_enabled":true,"_links":{"self":[{"href":"https:\/\/highlevelgear.cz\/en\/wp-json\/wp\/v2\/product\/2583"}],"collection":[{"href":"https:\/\/highlevelgear.cz\/en\/wp-json\/wp\/v2\/product"}],"about":[{"href":"https:\/\/highlevelgear.cz\/en\/wp-json\/wp\/v2\/types\/product"}],"replies":[{"embeddable":true,"href":"https:\/\/highlevelgear.cz\/en\/wp-json\/wp\/v2\/comments?post=2583"}],"version-history":[{"count":1,"href":"https:\/\/highlevelgear.cz\/en\/wp-json\/wp\/v2\/product\/2583\/revisions"}],"predecessor-version":[{"id":2600,"href":"https:\/\/highlevelgear.cz\/en\/wp-json\/wp\/v2\/product\/2583\/revisions\/2600"}],"wp:featuredmedia":[{"embeddable":true,"href":"https:\/\/highlevelgear.cz\/en\/wp-json\/wp\/v2\/media\/2599"}],"wp:attachment":[{"href":"https:\/\/highlevelgear.cz\/en\/wp-json\/wp\/v2\/media?parent=2583"}],"wp:term":[{"taxonomy":"product_cat","embeddable":true,"href":"https:\/\/highlevelgear.cz\/en\/wp-json\/wp\/v2\/product_cat?post=2583"},{"taxonomy":"product_tag","embeddable":true,"href":"https:\/\/highlevelgear.cz\/en\/wp-json\/wp\/v2\/product_tag?post=2583"}],"curies":[{"name":"wp","href":"https:\/\/api.w.org\/{rel}","templated":true}]}}