{"id":2601,"date":"2024-10-06T19:18:40","date_gmt":"2024-10-06T19:18:40","guid":{"rendered":"https:\/\/highlevelgear.cz\/?post_type=product&#038;p=2601"},"modified":"2026-03-15T22:02:54","modified_gmt":"2026-03-15T22:02:54","slug":"maskovaci-pasky","status":"publish","type":"product","link":"https:\/\/highlevelgear.cz\/en\/obchod\/ostatni-2\/ostatni-produkty\/maskovaci-pasky\/","title":{"rendered":"Camo Stripes"},"content":{"rendered":"<p>Universal camouflage tape that can be used to \"decorate\" almost any piece of equipment, from helmets to backpacks. <\/p>\n<p>Available in two lengths \u2013 76 and 145 cm<br \/>\n3x Stripes per package.<\/p>","protected":false},"excerpt":{"rendered":"<p>Univerz\u00e1ln\u00ed maskovac\u00ed p\u00e1sky, kter\u00fdmi zle &#8222;dozdobit&#8220; tak\u0159ka jak\u00fdkoliv kus v\u00fdstroje od p\u0159ilby po batoh. Dostupn\u00e9 ve dvou d\u00e9lk\u00e1ch &#8211; 76 a 145 cm 3 ks p\u00e1sek v balen\u00ed.<\/p>","protected":false},"featured_media":2593,"comment_status":"open","ping_status":"closed","template":"","meta":{"site-sidebar-layout":"default","site-content-layout":"default","ast-site-content-layout":"default","site-content-style":"default","site-sidebar-style":"default","ast-global-header-display":"","ast-banner-title-visibility":"","ast-main-header-display":"","ast-hfb-above-header-display":"","ast-hfb-below-header-display":"","ast-hfb-mobile-header-display":"","site-post-title":"","ast-breadcrumbs-content":"","ast-featured-img":"","footer-sml-layout":"","theme-transparent-header-meta":"default","adv-header-id-meta":"","stick-header-meta":"","header-above-stick-meta":"","header-main-stick-meta":"","header-below-stick-meta":"","astra-migrate-meta-layouts":"set","ast-page-background-enabled":"default","ast-page-background-meta":{"desktop":{"background-color":"var(--ast-global-color-4)","background-image":"","background-repeat":"repeat","background-position":"center center","background-size":"auto","background-attachment":"scroll","background-type":"","background-media":"","overlay-type":"","overlay-color":"","overlay-opacity":"","overlay-gradient":""},"tablet":{"background-color":"","background-image":"","background-repeat":"repeat","background-position":"center center","background-size":"auto","background-attachment":"scroll","background-type":"","background-media":"","overlay-type":"","overlay-color":"","overlay-opacity":"","overlay-gradient":""},"mobile":{"background-color":"","background-image":"","background-repeat":"repeat","background-position":"center center","background-size":"auto","background-attachment":"scroll","background-type":"","background-media":"","overlay-type":"","overlay-color":"","overlay-opacity":"","overlay-gradient":""}},"ast-content-background-meta":{"desktop":{"background-color":"var(--ast-global-color-5)","background-image":"","background-repeat":"repeat","background-position":"center center","background-size":"auto","background-attachment":"scroll","background-type":"","background-media":"","overlay-type":"","overlay-color":"","overlay-opacity":"","overlay-gradient":""},"tablet":{"background-color":"var(--ast-global-color-5)","background-image":"","background-repeat":"repeat","background-position":"center center","background-size":"auto","background-attachment":"scroll","background-type":"","background-media":"","overlay-type":"","overlay-color":"","overlay-opacity":"","overlay-gradient":""},"mobile":{"background-color":"var(--ast-global-color-5)","background-image":"","background-repeat":"repeat","background-position":"center center","background-size":"auto","background-attachment":"scroll","background-type":"","background-media":"","overlay-type":"","overlay-color":"","overlay-opacity":"","overlay-gradient":""}}},"product_cat":[68,82],"product_tag":[28],"yoast_head":"<!-- This site is optimized with the Yoast SEO Premium plugin v22.8 (Yoast SEO v22.8) - https:\/\/yoast.com\/wordpress\/plugins\/seo\/ -->\n<title>Maskovac\u00ed p\u00e1sky &#8211; highlevelgear<\/title>\n<meta name=\"description\" content=\"Univerz\u00e1ln\u00ed maskovac\u00ed p\u00e1sky, kter\u00fdmi zle &quot;dozdobit&quot; tak\u0159ka jak\u00fdkoliv kus v\u00fdstroje od p\u0159ilby po batoh.\" \/>\n<meta name=\"robots\" content=\"index, follow, max-snippet:-1, max-image-preview:large, max-video-preview:-1\" \/>\n<link rel=\"canonical\" href=\"https:\/\/highlevelgear.cz\/en\/obchod\/ostatni-2\/ostatni-produkty\/maskovaci-pasky\/\" \/>\n<meta property=\"og:locale\" content=\"en_GB\" \/>\n<meta property=\"og:type\" content=\"article\" \/>\n<meta property=\"og:title\" content=\"Maskovac\u00ed p\u00e1sky\" \/>\n<meta property=\"og:description\" content=\"Univerz\u00e1ln\u00ed maskovac\u00ed p\u00e1sky, kter\u00fdmi zle &quot;dozdobit&quot; tak\u0159ka jak\u00fdkoliv kus v\u00fdstroje od p\u0159ilby po batoh.\" \/>\n<meta property=\"og:url\" content=\"https:\/\/highlevelgear.cz\/en\/obchod\/ostatni-2\/ostatni-produkty\/maskovaci-pasky\/\" \/>\n<meta property=\"og:site_name\" content=\"highlevelgear\" \/>\n<meta property=\"article:modified_time\" content=\"2026-03-15T22:02:54+00:00\" \/>\n<meta property=\"og:image\" content=\"https:\/\/highlevelgear.cz\/wp-content\/uploads\/2024\/10\/DSC_0596.jpg\" \/>\n\t<meta property=\"og:image:width\" content=\"2048\" \/>\n\t<meta property=\"og:image:height\" content=\"2048\" \/>\n\t<meta property=\"og:image:type\" content=\"image\/jpeg\" \/>\n<meta name=\"twitter:card\" content=\"summary_large_image\" \/>\n<meta name=\"twitter:label1\" content=\"Estimated reading time\" \/>\n\t<meta name=\"twitter:data1\" content=\"1 minute\" \/>\n<script type=\"application\/ld+json\" class=\"yoast-schema-graph\">{\"@context\":\"https:\/\/schema.org\",\"@graph\":[{\"@type\":\"WebPage\",\"@id\":\"https:\/\/highlevelgear.cz\/obchod\/ostatni-2\/ostatni-produkty\/maskovaci-pasky\/\",\"url\":\"https:\/\/highlevelgear.cz\/obchod\/ostatni-2\/ostatni-produkty\/maskovaci-pasky\/\",\"name\":\"Maskovac\u00ed p\u00e1sky &#8211; highlevelgear\",\"isPartOf\":{\"@id\":\"https:\/\/highlevelgear.cz\/#website\"},\"primaryImageOfPage\":{\"@id\":\"https:\/\/highlevelgear.cz\/obchod\/ostatni-2\/ostatni-produkty\/maskovaci-pasky\/#primaryimage\"},\"image\":{\"@id\":\"https:\/\/highlevelgear.cz\/obchod\/ostatni-2\/ostatni-produkty\/maskovaci-pasky\/#primaryimage\"},\"thumbnailUrl\":\"https:\/\/i0.wp.com\/highlevelgear.cz\/wp-content\/uploads\/2024\/10\/DSC_0596.jpg?fit=2048%2C2048&ssl=1\",\"datePublished\":\"2024-10-06T19:18:40+00:00\",\"dateModified\":\"2026-03-15T22:02:54+00:00\",\"description\":\"Univerz\u00e1ln\u00ed maskovac\u00ed p\u00e1sky, kter\u00fdmi zle \\\"dozdobit\\\" tak\u0159ka jak\u00fdkoliv kus v\u00fdstroje od p\u0159ilby po batoh.\",\"breadcrumb\":{\"@id\":\"https:\/\/highlevelgear.cz\/obchod\/ostatni-2\/ostatni-produkty\/maskovaci-pasky\/#breadcrumb\"},\"inLanguage\":\"en-GB\",\"potentialAction\":[{\"@type\":\"ReadAction\",\"target\":[\"https:\/\/highlevelgear.cz\/obchod\/ostatni-2\/ostatni-produkty\/maskovaci-pasky\/\"]}]},{\"@type\":\"ImageObject\",\"inLanguage\":\"en-GB\",\"@id\":\"https:\/\/highlevelgear.cz\/obchod\/ostatni-2\/ostatni-produkty\/maskovaci-pasky\/#primaryimage\",\"url\":\"https:\/\/i0.wp.com\/highlevelgear.cz\/wp-content\/uploads\/2024\/10\/DSC_0596.jpg?fit=2048%2C2048&ssl=1\",\"contentUrl\":\"https:\/\/i0.wp.com\/highlevelgear.cz\/wp-content\/uploads\/2024\/10\/DSC_0596.jpg?fit=2048%2C2048&ssl=1\",\"width\":2048,\"height\":2048},{\"@type\":\"BreadcrumbList\",\"@id\":\"https:\/\/highlevelgear.cz\/obchod\/ostatni-2\/ostatni-produkty\/maskovaci-pasky\/#breadcrumb\",\"itemListElement\":[{\"@type\":\"ListItem\",\"position\":1,\"name\":\"Dom\u016f\",\"item\":\"https:\/\/highlevelgear.cz\/\"},{\"@type\":\"ListItem\",\"position\":2,\"name\":\"Obchod\",\"item\":\"https:\/\/highlevelgear.cz\/obchod\/\"},{\"@type\":\"ListItem\",\"position\":3,\"name\":\"Maskovac\u00ed p\u00e1sky\"}]},{\"@type\":\"WebSite\",\"@id\":\"https:\/\/highlevelgear.cz\/#website\",\"url\":\"https:\/\/highlevelgear.cz\/\",\"name\":\"highlevelgear\",\"description\":\"Profesion\u00e1ln\u00ed v\u00fdroba taktick\u00e9 v\u00fdstroje.\",\"publisher\":{\"@id\":\"https:\/\/highlevelgear.cz\/#organization\"},\"potentialAction\":[{\"@type\":\"SearchAction\",\"target\":{\"@type\":\"EntryPoint\",\"urlTemplate\":\"https:\/\/highlevelgear.cz\/?s={search_term_string}\"},\"query-input\":\"required name=search_term_string\"}],\"inLanguage\":\"en-GB\"},{\"@type\":\"Organization\",\"@id\":\"https:\/\/highlevelgear.cz\/#organization\",\"name\":\"High Level Gear\",\"url\":\"https:\/\/highlevelgear.cz\/\",\"logo\":{\"@type\":\"ImageObject\",\"inLanguage\":\"en-GB\",\"@id\":\"https:\/\/highlevelgear.cz\/#\/schema\/logo\/image\/\",\"url\":\"https:\/\/highlevelgear.cz\/wp-content\/uploads\/2021\/12\/cropped-Logo-Short.png\",\"contentUrl\":\"https:\/\/highlevelgear.cz\/wp-content\/uploads\/2021\/12\/cropped-Logo-Short.png\",\"width\":467,\"height\":377,\"caption\":\"High Level Gear\"},\"image\":{\"@id\":\"https:\/\/highlevelgear.cz\/#\/schema\/logo\/image\/\"}}]}<\/script>\n<!-- \/ Yoast SEO Premium plugin. -->","yoast_head_json":{"title":"Maskovac\u00ed p\u00e1sky &#8211; highlevelgear","description":"Univerz\u00e1ln\u00ed maskovac\u00ed p\u00e1sky, kter\u00fdmi zle \"dozdobit\" tak\u0159ka jak\u00fdkoliv kus v\u00fdstroje od p\u0159ilby po batoh.","robots":{"index":"index","follow":"follow","max-snippet":"max-snippet:-1","max-image-preview":"max-image-preview:large","max-video-preview":"max-video-preview:-1"},"canonical":"https:\/\/highlevelgear.cz\/en\/obchod\/ostatni-2\/ostatni-produkty\/maskovaci-pasky\/","og_locale":"en_GB","og_type":"article","og_title":"Maskovac\u00ed p\u00e1sky","og_description":"Univerz\u00e1ln\u00ed maskovac\u00ed p\u00e1sky, kter\u00fdmi zle \"dozdobit\" tak\u0159ka jak\u00fdkoliv kus v\u00fdstroje od p\u0159ilby po batoh.","og_url":"https:\/\/highlevelgear.cz\/en\/obchod\/ostatni-2\/ostatni-produkty\/maskovaci-pasky\/","og_site_name":"highlevelgear","article_modified_time":"2026-03-15T22:02:54+00:00","og_image":[{"width":2048,"height":2048,"url":"https:\/\/highlevelgear.cz\/wp-content\/uploads\/2024\/10\/DSC_0596.jpg","type":"image\/jpeg"}],"twitter_card":"summary_large_image","twitter_misc":{"Estimated reading time":"1 minute"},"schema":{"@context":"https:\/\/schema.org","@graph":[{"@type":"WebPage","@id":"https:\/\/highlevelgear.cz\/obchod\/ostatni-2\/ostatni-produkty\/maskovaci-pasky\/","url":"https:\/\/highlevelgear.cz\/obchod\/ostatni-2\/ostatni-produkty\/maskovaci-pasky\/","name":"Maskovac\u00ed p\u00e1sky &#8211; highlevelgear","isPartOf":{"@id":"https:\/\/highlevelgear.cz\/#website"},"primaryImageOfPage":{"@id":"https:\/\/highlevelgear.cz\/obchod\/ostatni-2\/ostatni-produkty\/maskovaci-pasky\/#primaryimage"},"image":{"@id":"https:\/\/highlevelgear.cz\/obchod\/ostatni-2\/ostatni-produkty\/maskovaci-pasky\/#primaryimage"},"thumbnailUrl":"https:\/\/i0.wp.com\/highlevelgear.cz\/wp-content\/uploads\/2024\/10\/DSC_0596.jpg?fit=2048%2C2048&ssl=1","datePublished":"2024-10-06T19:18:40+00:00","dateModified":"2026-03-15T22:02:54+00:00","description":"Univerz\u00e1ln\u00ed maskovac\u00ed p\u00e1sky, kter\u00fdmi zle \"dozdobit\" tak\u0159ka jak\u00fdkoliv kus v\u00fdstroje od p\u0159ilby po batoh.","breadcrumb":{"@id":"https:\/\/highlevelgear.cz\/obchod\/ostatni-2\/ostatni-produkty\/maskovaci-pasky\/#breadcrumb"},"inLanguage":"en-GB","potentialAction":[{"@type":"ReadAction","target":["https:\/\/highlevelgear.cz\/obchod\/ostatni-2\/ostatni-produkty\/maskovaci-pasky\/"]}]},{"@type":"ImageObject","inLanguage":"en-GB","@id":"https:\/\/highlevelgear.cz\/obchod\/ostatni-2\/ostatni-produkty\/maskovaci-pasky\/#primaryimage","url":"https:\/\/i0.wp.com\/highlevelgear.cz\/wp-content\/uploads\/2024\/10\/DSC_0596.jpg?fit=2048%2C2048&ssl=1","contentUrl":"https:\/\/i0.wp.com\/highlevelgear.cz\/wp-content\/uploads\/2024\/10\/DSC_0596.jpg?fit=2048%2C2048&ssl=1","width":2048,"height":2048},{"@type":"BreadcrumbList","@id":"https:\/\/highlevelgear.cz\/obchod\/ostatni-2\/ostatni-produkty\/maskovaci-pasky\/#breadcrumb","itemListElement":[{"@type":"ListItem","position":1,"name":"Dom\u016f","item":"https:\/\/highlevelgear.cz\/"},{"@type":"ListItem","position":2,"name":"Obchod","item":"https:\/\/highlevelgear.cz\/obchod\/"},{"@type":"ListItem","position":3,"name":"Maskovac\u00ed p\u00e1sky"}]},{"@type":"WebSite","@id":"https:\/\/highlevelgear.cz\/#website","url":"https:\/\/highlevelgear.cz\/","name":"highlevelgear","description":"Profesion\u00e1ln\u00ed v\u00fdroba taktick\u00e9 v\u00fdstroje.","publisher":{"@id":"https:\/\/highlevelgear.cz\/#organization"},"potentialAction":[{"@type":"SearchAction","target":{"@type":"EntryPoint","urlTemplate":"https:\/\/highlevelgear.cz\/?s={search_term_string}"},"query-input":"required name=search_term_string"}],"inLanguage":"en-GB"},{"@type":"Organization","@id":"https:\/\/highlevelgear.cz\/#organization","name":"High Level Gear","url":"https:\/\/highlevelgear.cz\/","logo":{"@type":"ImageObject","inLanguage":"en-GB","@id":"https:\/\/highlevelgear.cz\/#\/schema\/logo\/image\/","url":"https:\/\/highlevelgear.cz\/wp-content\/uploads\/2021\/12\/cropped-Logo-Short.png","contentUrl":"https:\/\/highlevelgear.cz\/wp-content\/uploads\/2021\/12\/cropped-Logo-Short.png","width":467,"height":377,"caption":"High Level Gear"},"image":{"@id":"https:\/\/highlevelgear.cz\/#\/schema\/logo\/image\/"}}]}},"jetpack_sharing_enabled":true,"_links":{"self":[{"href":"https:\/\/highlevelgear.cz\/en\/wp-json\/wp\/v2\/product\/2601"}],"collection":[{"href":"https:\/\/highlevelgear.cz\/en\/wp-json\/wp\/v2\/product"}],"about":[{"href":"https:\/\/highlevelgear.cz\/en\/wp-json\/wp\/v2\/types\/product"}],"replies":[{"embeddable":true,"href":"https:\/\/highlevelgear.cz\/en\/wp-json\/wp\/v2\/comments?post=2601"}],"version-history":[{"count":1,"href":"https:\/\/highlevelgear.cz\/en\/wp-json\/wp\/v2\/product\/2601\/revisions"}],"predecessor-version":[{"id":2616,"href":"https:\/\/highlevelgear.cz\/en\/wp-json\/wp\/v2\/product\/2601\/revisions\/2616"}],"wp:featuredmedia":[{"embeddable":true,"href":"https:\/\/highlevelgear.cz\/en\/wp-json\/wp\/v2\/media\/2593"}],"wp:attachment":[{"href":"https:\/\/highlevelgear.cz\/en\/wp-json\/wp\/v2\/media?parent=2601"}],"wp:term":[{"taxonomy":"product_cat","embeddable":true,"href":"https:\/\/highlevelgear.cz\/en\/wp-json\/wp\/v2\/product_cat?post=2601"},{"taxonomy":"product_tag","embeddable":true,"href":"https:\/\/highlevelgear.cz\/en\/wp-json\/wp\/v2\/product_tag?post=2601"}],"curies":[{"name":"wp","href":"https:\/\/api.w.org\/{rel}","templated":true}]}}