{"id":2633,"date":"2024-10-13T18:03:07","date_gmt":"2024-10-13T18:03:07","guid":{"rendered":"https:\/\/highlevelgear.cz\/?post_type=product&#038;p=2633"},"modified":"2026-04-15T11:19:03","modified_gmt":"2026-04-15T11:19:03","slug":"uhlovy-adapter-40","status":"publish","type":"product","link":"https:\/\/highlevelgear.cz\/en\/obchod\/ostatni-2\/ostatni-produkty\/uhlovy-adapter-40\/","title":{"rendered":"40\u00b0 Angle Adapter"},"content":{"rendered":"<p>The angle adapter allows you to carry your favorite pistol magazine pouch on your belt at a 40\u00b0 angle. The simple design, made of laser-cut Cordura laminate and CURV plastic composite with two OneWrap Velcro strips, ensures maximum functionality and minimum weight.<\/p>\n<p>Versions for right-handed and left-handed users are available. The adapter for right-handed users will be positioned on the left side of the belt, facing backwards.<\/p>\n<p>Compatible with standard two-piece combat belts with widths of 45 and 50 mm.<\/p>","protected":false},"excerpt":{"rendered":"<p>\u00dahlov\u00fd adapt\u00e9r umo\u017en\u00ed, abyste mohli m\u00edt obl\u00edbenou sumku na pistolov\u00fd z\u00e1sobn\u00edk na sv\u00e9m opasku pod 40 \u00b0 \u00fahlem. Jednoduch\u00e1 konstrukce z laserem \u0159ezan\u00e9ho lamin\u00e1tu cordury a plastov\u00e9ho kompozitu CURV s dv\u011bma prou\u017eky OneWrap Velcro zaji\u0161\u0165uje maxim\u00e1ln\u00ed funk\u010dnost, ale minim\u00e1ln\u00ed v\u00e1hu. Dostupn\u00e9 jsou varianty pro prav\u00e1ky i lev\u00e1ky. Adapt\u00e9r pro pravoruk\u00e9ho u\u017eivatele bude na lev\u00e9 stran\u011b [&hellip;]<\/p>\n","protected":false},"featured_media":2646,"comment_status":"open","ping_status":"closed","template":"","meta":{"site-sidebar-layout":"default","site-content-layout":"default","ast-site-content-layout":"default","site-content-style":"default","site-sidebar-style":"default","ast-global-header-display":"","ast-banner-title-visibility":"","ast-main-header-display":"","ast-hfb-above-header-display":"","ast-hfb-below-header-display":"","ast-hfb-mobile-header-display":"","site-post-title":"","ast-breadcrumbs-content":"","ast-featured-img":"","footer-sml-layout":"","theme-transparent-header-meta":"default","adv-header-id-meta":"","stick-header-meta":"","header-above-stick-meta":"","header-main-stick-meta":"","header-below-stick-meta":"","astra-migrate-meta-layouts":"set","ast-page-background-enabled":"default","ast-page-background-meta":{"desktop":{"background-color":"var(--ast-global-color-4)","background-image":"","background-repeat":"repeat","background-position":"center center","background-size":"auto","background-attachment":"scroll","background-type":"","background-media":"","overlay-type":"","overlay-color":"","overlay-opacity":"","overlay-gradient":""},"tablet":{"background-color":"","background-image":"","background-repeat":"repeat","background-position":"center center","background-size":"auto","background-attachment":"scroll","background-type":"","background-media":"","overlay-type":"","overlay-color":"","overlay-opacity":"","overlay-gradient":""},"mobile":{"background-color":"","background-image":"","background-repeat":"repeat","background-position":"center center","background-size":"auto","background-attachment":"scroll","background-type":"","background-media":"","overlay-type":"","overlay-color":"","overlay-opacity":"","overlay-gradient":""}},"ast-content-background-meta":{"desktop":{"background-color":"var(--ast-global-color-5)","background-image":"","background-repeat":"repeat","background-position":"center center","background-size":"auto","background-attachment":"scroll","background-type":"","background-media":"","overlay-type":"","overlay-color":"","overlay-opacity":"","overlay-gradient":""},"tablet":{"background-color":"var(--ast-global-color-5)","background-image":"","background-repeat":"repeat","background-position":"center center","background-size":"auto","background-attachment":"scroll","background-type":"","background-media":"","overlay-type":"","overlay-color":"","overlay-opacity":"","overlay-gradient":""},"mobile":{"background-color":"var(--ast-global-color-5)","background-image":"","background-repeat":"repeat","background-position":"center center","background-size":"auto","background-attachment":"scroll","background-type":"","background-media":"","overlay-type":"","overlay-color":"","overlay-opacity":"","overlay-gradient":""}}},"product_cat":[82,46,47],"product_tag":[28],"yoast_head":"<!-- This site is optimized with the Yoast SEO Premium plugin v22.8 (Yoast SEO v22.8) - https:\/\/yoast.com\/wordpress\/plugins\/seo\/ -->\n<title>\u00dahlov\u00fd adapt\u00e9r 40 \u00b0 &#8211; highlevelgear<\/title>\n<meta name=\"description\" content=\"\u00dahlov\u00fd adapt\u00e9r umo\u017en\u00ed, abyste mohli m\u00edt obl\u00edbenou sumku na pistolov\u00fd z\u00e1sobn\u00edk na sv\u00e9m opasku pod 40 \u00b0 \u00fahlem.\" \/>\n<meta name=\"robots\" content=\"index, follow, max-snippet:-1, max-image-preview:large, max-video-preview:-1\" \/>\n<link rel=\"canonical\" href=\"https:\/\/highlevelgear.cz\/en\/obchod\/ostatni-2\/ostatni-produkty\/uhlovy-adapter-40\/\" \/>\n<meta property=\"og:locale\" content=\"en_GB\" \/>\n<meta property=\"og:type\" content=\"article\" \/>\n<meta property=\"og:title\" content=\"\u00dahlov\u00fd adapt\u00e9r 40 \u00b0\" \/>\n<meta property=\"og:description\" content=\"\u00dahlov\u00fd adapt\u00e9r umo\u017en\u00ed, abyste mohli m\u00edt obl\u00edbenou sumku na pistolov\u00fd z\u00e1sobn\u00edk na sv\u00e9m opasku pod 40 \u00b0 \u00fahlem.\" \/>\n<meta property=\"og:url\" content=\"https:\/\/highlevelgear.cz\/en\/obchod\/ostatni-2\/ostatni-produkty\/uhlovy-adapter-40\/\" \/>\n<meta property=\"og:site_name\" content=\"highlevelgear\" \/>\n<meta property=\"article:modified_time\" content=\"2026-04-15T11:19:03+00:00\" \/>\n<meta property=\"og:image\" content=\"https:\/\/highlevelgear.cz\/wp-content\/uploads\/2024\/10\/DSC_0621-1024x1024.jpg\" \/>\n\t<meta property=\"og:image:width\" content=\"1024\" \/>\n\t<meta property=\"og:image:height\" content=\"1024\" \/>\n\t<meta property=\"og:image:type\" content=\"image\/jpeg\" \/>\n<meta name=\"twitter:card\" content=\"summary_large_image\" \/>\n<meta name=\"twitter:label1\" content=\"Estimated reading time\" \/>\n\t<meta name=\"twitter:data1\" content=\"1 minute\" \/>\n<script type=\"application\/ld+json\" class=\"yoast-schema-graph\">{\"@context\":\"https:\/\/schema.org\",\"@graph\":[{\"@type\":\"WebPage\",\"@id\":\"https:\/\/highlevelgear.cz\/obchod\/ostatni-2\/ostatni-produkty\/uhlovy-adapter-40\/\",\"url\":\"https:\/\/highlevelgear.cz\/obchod\/ostatni-2\/ostatni-produkty\/uhlovy-adapter-40\/\",\"name\":\"\u00dahlov\u00fd adapt\u00e9r 40 \u00b0 &#8211; highlevelgear\",\"isPartOf\":{\"@id\":\"https:\/\/highlevelgear.cz\/#website\"},\"primaryImageOfPage\":{\"@id\":\"https:\/\/highlevelgear.cz\/obchod\/ostatni-2\/ostatni-produkty\/uhlovy-adapter-40\/#primaryimage\"},\"image\":{\"@id\":\"https:\/\/highlevelgear.cz\/obchod\/ostatni-2\/ostatni-produkty\/uhlovy-adapter-40\/#primaryimage\"},\"thumbnailUrl\":\"https:\/\/i0.wp.com\/highlevelgear.cz\/wp-content\/uploads\/2024\/10\/DSC_0621.jpg?fit=2048%2C2048&ssl=1\",\"datePublished\":\"2024-10-13T18:03:07+00:00\",\"dateModified\":\"2026-04-15T11:19:03+00:00\",\"description\":\"\u00dahlov\u00fd adapt\u00e9r umo\u017en\u00ed, abyste mohli m\u00edt obl\u00edbenou sumku na pistolov\u00fd z\u00e1sobn\u00edk na sv\u00e9m opasku pod 40 \u00b0 \u00fahlem.\",\"breadcrumb\":{\"@id\":\"https:\/\/highlevelgear.cz\/obchod\/ostatni-2\/ostatni-produkty\/uhlovy-adapter-40\/#breadcrumb\"},\"inLanguage\":\"en-GB\",\"potentialAction\":[{\"@type\":\"ReadAction\",\"target\":[\"https:\/\/highlevelgear.cz\/obchod\/ostatni-2\/ostatni-produkty\/uhlovy-adapter-40\/\"]}]},{\"@type\":\"ImageObject\",\"inLanguage\":\"en-GB\",\"@id\":\"https:\/\/highlevelgear.cz\/obchod\/ostatni-2\/ostatni-produkty\/uhlovy-adapter-40\/#primaryimage\",\"url\":\"https:\/\/i0.wp.com\/highlevelgear.cz\/wp-content\/uploads\/2024\/10\/DSC_0621.jpg?fit=2048%2C2048&ssl=1\",\"contentUrl\":\"https:\/\/i0.wp.com\/highlevelgear.cz\/wp-content\/uploads\/2024\/10\/DSC_0621.jpg?fit=2048%2C2048&ssl=1\",\"width\":2048,\"height\":2048},{\"@type\":\"BreadcrumbList\",\"@id\":\"https:\/\/highlevelgear.cz\/obchod\/ostatni-2\/ostatni-produkty\/uhlovy-adapter-40\/#breadcrumb\",\"itemListElement\":[{\"@type\":\"ListItem\",\"position\":1,\"name\":\"Dom\u016f\",\"item\":\"https:\/\/highlevelgear.cz\/\"},{\"@type\":\"ListItem\",\"position\":2,\"name\":\"Obchod\",\"item\":\"https:\/\/highlevelgear.cz\/obchod\/\"},{\"@type\":\"ListItem\",\"position\":3,\"name\":\"\u00dahlov\u00fd adapt\u00e9r 40 \u00b0\"}]},{\"@type\":\"WebSite\",\"@id\":\"https:\/\/highlevelgear.cz\/#website\",\"url\":\"https:\/\/highlevelgear.cz\/\",\"name\":\"highlevelgear\",\"description\":\"Profesion\u00e1ln\u00ed v\u00fdroba taktick\u00e9 v\u00fdstroje.\",\"publisher\":{\"@id\":\"https:\/\/highlevelgear.cz\/#organization\"},\"potentialAction\":[{\"@type\":\"SearchAction\",\"target\":{\"@type\":\"EntryPoint\",\"urlTemplate\":\"https:\/\/highlevelgear.cz\/?s={search_term_string}\"},\"query-input\":\"required name=search_term_string\"}],\"inLanguage\":\"en-GB\"},{\"@type\":\"Organization\",\"@id\":\"https:\/\/highlevelgear.cz\/#organization\",\"name\":\"High Level Gear\",\"url\":\"https:\/\/highlevelgear.cz\/\",\"logo\":{\"@type\":\"ImageObject\",\"inLanguage\":\"en-GB\",\"@id\":\"https:\/\/highlevelgear.cz\/#\/schema\/logo\/image\/\",\"url\":\"https:\/\/highlevelgear.cz\/wp-content\/uploads\/2021\/12\/cropped-Logo-Short.png\",\"contentUrl\":\"https:\/\/highlevelgear.cz\/wp-content\/uploads\/2021\/12\/cropped-Logo-Short.png\",\"width\":467,\"height\":377,\"caption\":\"High Level Gear\"},\"image\":{\"@id\":\"https:\/\/highlevelgear.cz\/#\/schema\/logo\/image\/\"}}]}<\/script>\n<!-- \/ Yoast SEO Premium plugin. -->","yoast_head_json":{"title":"\u00dahlov\u00fd adapt\u00e9r 40 \u00b0 &#8211; highlevelgear","description":"\u00dahlov\u00fd adapt\u00e9r umo\u017en\u00ed, abyste mohli m\u00edt obl\u00edbenou sumku na pistolov\u00fd z\u00e1sobn\u00edk na sv\u00e9m opasku pod 40 \u00b0 \u00fahlem.","robots":{"index":"index","follow":"follow","max-snippet":"max-snippet:-1","max-image-preview":"max-image-preview:large","max-video-preview":"max-video-preview:-1"},"canonical":"https:\/\/highlevelgear.cz\/en\/obchod\/ostatni-2\/ostatni-produkty\/uhlovy-adapter-40\/","og_locale":"en_GB","og_type":"article","og_title":"\u00dahlov\u00fd adapt\u00e9r 40 \u00b0","og_description":"\u00dahlov\u00fd adapt\u00e9r umo\u017en\u00ed, abyste mohli m\u00edt obl\u00edbenou sumku na pistolov\u00fd z\u00e1sobn\u00edk na sv\u00e9m opasku pod 40 \u00b0 \u00fahlem.","og_url":"https:\/\/highlevelgear.cz\/en\/obchod\/ostatni-2\/ostatni-produkty\/uhlovy-adapter-40\/","og_site_name":"highlevelgear","article_modified_time":"2026-04-15T11:19:03+00:00","og_image":[{"width":1024,"height":1024,"url":"https:\/\/highlevelgear.cz\/wp-content\/uploads\/2024\/10\/DSC_0621-1024x1024.jpg","type":"image\/jpeg"}],"twitter_card":"summary_large_image","twitter_misc":{"Estimated reading time":"1 minute"},"schema":{"@context":"https:\/\/schema.org","@graph":[{"@type":"WebPage","@id":"https:\/\/highlevelgear.cz\/obchod\/ostatni-2\/ostatni-produkty\/uhlovy-adapter-40\/","url":"https:\/\/highlevelgear.cz\/obchod\/ostatni-2\/ostatni-produkty\/uhlovy-adapter-40\/","name":"\u00dahlov\u00fd adapt\u00e9r 40 \u00b0 &#8211; highlevelgear","isPartOf":{"@id":"https:\/\/highlevelgear.cz\/#website"},"primaryImageOfPage":{"@id":"https:\/\/highlevelgear.cz\/obchod\/ostatni-2\/ostatni-produkty\/uhlovy-adapter-40\/#primaryimage"},"image":{"@id":"https:\/\/highlevelgear.cz\/obchod\/ostatni-2\/ostatni-produkty\/uhlovy-adapter-40\/#primaryimage"},"thumbnailUrl":"https:\/\/i0.wp.com\/highlevelgear.cz\/wp-content\/uploads\/2024\/10\/DSC_0621.jpg?fit=2048%2C2048&ssl=1","datePublished":"2024-10-13T18:03:07+00:00","dateModified":"2026-04-15T11:19:03+00:00","description":"\u00dahlov\u00fd adapt\u00e9r umo\u017en\u00ed, abyste mohli m\u00edt obl\u00edbenou sumku na pistolov\u00fd z\u00e1sobn\u00edk na sv\u00e9m opasku pod 40 \u00b0 \u00fahlem.","breadcrumb":{"@id":"https:\/\/highlevelgear.cz\/obchod\/ostatni-2\/ostatni-produkty\/uhlovy-adapter-40\/#breadcrumb"},"inLanguage":"en-GB","potentialAction":[{"@type":"ReadAction","target":["https:\/\/highlevelgear.cz\/obchod\/ostatni-2\/ostatni-produkty\/uhlovy-adapter-40\/"]}]},{"@type":"ImageObject","inLanguage":"en-GB","@id":"https:\/\/highlevelgear.cz\/obchod\/ostatni-2\/ostatni-produkty\/uhlovy-adapter-40\/#primaryimage","url":"https:\/\/i0.wp.com\/highlevelgear.cz\/wp-content\/uploads\/2024\/10\/DSC_0621.jpg?fit=2048%2C2048&ssl=1","contentUrl":"https:\/\/i0.wp.com\/highlevelgear.cz\/wp-content\/uploads\/2024\/10\/DSC_0621.jpg?fit=2048%2C2048&ssl=1","width":2048,"height":2048},{"@type":"BreadcrumbList","@id":"https:\/\/highlevelgear.cz\/obchod\/ostatni-2\/ostatni-produkty\/uhlovy-adapter-40\/#breadcrumb","itemListElement":[{"@type":"ListItem","position":1,"name":"Dom\u016f","item":"https:\/\/highlevelgear.cz\/"},{"@type":"ListItem","position":2,"name":"Obchod","item":"https:\/\/highlevelgear.cz\/obchod\/"},{"@type":"ListItem","position":3,"name":"\u00dahlov\u00fd adapt\u00e9r 40 \u00b0"}]},{"@type":"WebSite","@id":"https:\/\/highlevelgear.cz\/#website","url":"https:\/\/highlevelgear.cz\/","name":"highlevelgear","description":"Profesion\u00e1ln\u00ed v\u00fdroba taktick\u00e9 v\u00fdstroje.","publisher":{"@id":"https:\/\/highlevelgear.cz\/#organization"},"potentialAction":[{"@type":"SearchAction","target":{"@type":"EntryPoint","urlTemplate":"https:\/\/highlevelgear.cz\/?s={search_term_string}"},"query-input":"required name=search_term_string"}],"inLanguage":"en-GB"},{"@type":"Organization","@id":"https:\/\/highlevelgear.cz\/#organization","name":"High Level Gear","url":"https:\/\/highlevelgear.cz\/","logo":{"@type":"ImageObject","inLanguage":"en-GB","@id":"https:\/\/highlevelgear.cz\/#\/schema\/logo\/image\/","url":"https:\/\/highlevelgear.cz\/wp-content\/uploads\/2021\/12\/cropped-Logo-Short.png","contentUrl":"https:\/\/highlevelgear.cz\/wp-content\/uploads\/2021\/12\/cropped-Logo-Short.png","width":467,"height":377,"caption":"High Level Gear"},"image":{"@id":"https:\/\/highlevelgear.cz\/#\/schema\/logo\/image\/"}}]}},"jetpack_sharing_enabled":true,"_links":{"self":[{"href":"https:\/\/highlevelgear.cz\/en\/wp-json\/wp\/v2\/product\/2633"}],"collection":[{"href":"https:\/\/highlevelgear.cz\/en\/wp-json\/wp\/v2\/product"}],"about":[{"href":"https:\/\/highlevelgear.cz\/en\/wp-json\/wp\/v2\/types\/product"}],"replies":[{"embeddable":true,"href":"https:\/\/highlevelgear.cz\/en\/wp-json\/wp\/v2\/comments?post=2633"}],"version-history":[{"count":2,"href":"https:\/\/highlevelgear.cz\/en\/wp-json\/wp\/v2\/product\/2633\/revisions"}],"predecessor-version":[{"id":2657,"href":"https:\/\/highlevelgear.cz\/en\/wp-json\/wp\/v2\/product\/2633\/revisions\/2657"}],"wp:featuredmedia":[{"embeddable":true,"href":"https:\/\/highlevelgear.cz\/en\/wp-json\/wp\/v2\/media\/2646"}],"wp:attachment":[{"href":"https:\/\/highlevelgear.cz\/en\/wp-json\/wp\/v2\/media?parent=2633"}],"wp:term":[{"taxonomy":"product_cat","embeddable":true,"href":"https:\/\/highlevelgear.cz\/en\/wp-json\/wp\/v2\/product_cat?post=2633"},{"taxonomy":"product_tag","embeddable":true,"href":"https:\/\/highlevelgear.cz\/en\/wp-json\/wp\/v2\/product_tag?post=2633"}],"curies":[{"name":"wp","href":"https:\/\/api.w.org\/{rel}","templated":true}]}}