{"id":2668,"date":"2024-10-22T20:22:54","date_gmt":"2024-10-22T20:22:54","guid":{"rendered":"https:\/\/highlevelgear.cz\/?post_type=product&#038;p=2668"},"modified":"2026-04-15T17:24:47","modified_gmt":"2026-04-15T17:24:47","slug":"roll-ifak","status":"publish","type":"product","link":"https:\/\/highlevelgear.cz\/en\/obchod\/sumky-kapsy\/zdravotnicke-kapsy-a-doplnky\/roll-ifak\/","title":{"rendered":"Roll IFAK"},"content":{"rendered":"<p>Roll IFAK is an unconventional but proven design. It consists of an inner insert that can be filled with medical equipment and an outer cover that can be attached to unconventional places on your gear, such as under the rear plate bag, thanks to Velcro. The openings in the outer cover are adjustable with an elastic band with a stopper, allowing you to adjust the opening so that the insert does not fall out even during sudden movements, but at the same time can be easily removed.<\/p>","protected":false},"excerpt":{"rendered":"<p>Netradi\u010dn\u00ed, av\u0161ak ov\u011b\u0159en\u00fd design, to je Roll IFAK. Skl\u00e1d\u00e1 se z vnit\u0159n\u00edho insertu, do kter\u00e9ho lze naskl\u00e1dat zdravotnick\u00e9 vybaven\u00ed a z vn\u011bj\u0161\u00edho obalu, kter\u00fd lze d\u00edky such\u00e9mu zipu &#8222;nalepit&#8220; i na netradi\u010dn\u00ed m\u00edsta va\u0161\u00ed v\u00fdstroje, nap\u0159. pod zadn\u00ed plate bag. Otvory ve vn\u011bj\u0161\u00edm obalu jsou stahovac\u00ed na gumi\u010dku s brzdi\u010dkou, d\u00edky tomu si nastav\u00edte vstup [&hellip;]<\/p>\n","protected":false},"featured_media":2640,"comment_status":"open","ping_status":"closed","template":"","meta":{"site-sidebar-layout":"default","site-content-layout":"default","ast-site-content-layout":"default","site-content-style":"default","site-sidebar-style":"default","ast-global-header-display":"","ast-banner-title-visibility":"","ast-main-header-display":"","ast-hfb-above-header-display":"","ast-hfb-below-header-display":"","ast-hfb-mobile-header-display":"","site-post-title":"","ast-breadcrumbs-content":"","ast-featured-img":"","footer-sml-layout":"","theme-transparent-header-meta":"default","adv-header-id-meta":"","stick-header-meta":"","header-above-stick-meta":"","header-main-stick-meta":"","header-below-stick-meta":"","astra-migrate-meta-layouts":"set","ast-page-background-enabled":"default","ast-page-background-meta":{"desktop":{"background-color":"var(--ast-global-color-4)","background-image":"","background-repeat":"repeat","background-position":"center center","background-size":"auto","background-attachment":"scroll","background-type":"","background-media":"","overlay-type":"","overlay-color":"","overlay-opacity":"","overlay-gradient":""},"tablet":{"background-color":"","background-image":"","background-repeat":"repeat","background-position":"center center","background-size":"auto","background-attachment":"scroll","background-type":"","background-media":"","overlay-type":"","overlay-color":"","overlay-opacity":"","overlay-gradient":""},"mobile":{"background-color":"","background-image":"","background-repeat":"repeat","background-position":"center center","background-size":"auto","background-attachment":"scroll","background-type":"","background-media":"","overlay-type":"","overlay-color":"","overlay-opacity":"","overlay-gradient":""}},"ast-content-background-meta":{"desktop":{"background-color":"var(--ast-global-color-5)","background-image":"","background-repeat":"repeat","background-position":"center center","background-size":"auto","background-attachment":"scroll","background-type":"","background-media":"","overlay-type":"","overlay-color":"","overlay-opacity":"","overlay-gradient":""},"tablet":{"background-color":"var(--ast-global-color-5)","background-image":"","background-repeat":"repeat","background-position":"center center","background-size":"auto","background-attachment":"scroll","background-type":"","background-media":"","overlay-type":"","overlay-color":"","overlay-opacity":"","overlay-gradient":""},"mobile":{"background-color":"var(--ast-global-color-5)","background-image":"","background-repeat":"repeat","background-position":"center center","background-size":"auto","background-attachment":"scroll","background-type":"","background-media":"","overlay-type":"","overlay-color":"","overlay-opacity":"","overlay-gradient":""}}},"product_cat":[20],"product_tag":[28],"yoast_head":"<!-- This site is optimized with the Yoast SEO Premium plugin v22.8 (Yoast SEO v22.8) - https:\/\/yoast.com\/wordpress\/plugins\/seo\/ -->\n<title>Roll IFAK &#8211; highlevelgear<\/title>\n<meta name=\"description\" content=\"Netradi\u010dn\u00ed, av\u0161ak ov\u011b\u0159en\u00fd design, to je Roll IFAK. Skl\u00e1d\u00e1 se z vnit\u0159n\u00edho insertu, do kter\u00e9ho lze naskl\u00e1dat zdravotnick\u00e9 vybaven\u00ed a z vn\u011bj\u0161\u00edho obalu, kter\u00fd lze d\u00edky such\u00e9mu zipu &quot;nalepit&quot; i na netradi\u010dn\u00ed m\u00edsta va\u0161\u00ed v\u00fdstroje.\" \/>\n<meta name=\"robots\" content=\"index, follow, max-snippet:-1, max-image-preview:large, max-video-preview:-1\" \/>\n<link rel=\"canonical\" href=\"https:\/\/highlevelgear.cz\/en\/obchod\/sumky-kapsy\/zdravotnicke-kapsy-a-doplnky\/roll-ifak\/\" \/>\n<meta property=\"og:locale\" content=\"en_GB\" \/>\n<meta property=\"og:type\" content=\"article\" \/>\n<meta property=\"og:title\" content=\"Roll IFAK\" \/>\n<meta property=\"og:description\" content=\"Netradi\u010dn\u00ed, av\u0161ak ov\u011b\u0159en\u00fd design, to je Roll IFAK. Skl\u00e1d\u00e1 se z vnit\u0159n\u00edho insertu, do kter\u00e9ho lze naskl\u00e1dat zdravotnick\u00e9 vybaven\u00ed a z vn\u011bj\u0161\u00edho obalu, kter\u00fd lze d\u00edky such\u00e9mu zipu &quot;nalepit&quot; i na netradi\u010dn\u00ed m\u00edsta va\u0161\u00ed v\u00fdstroje.\" \/>\n<meta property=\"og:url\" content=\"https:\/\/highlevelgear.cz\/en\/obchod\/sumky-kapsy\/zdravotnicke-kapsy-a-doplnky\/roll-ifak\/\" \/>\n<meta property=\"og:site_name\" content=\"highlevelgear\" \/>\n<meta property=\"article:modified_time\" content=\"2026-04-15T17:24:47+00:00\" \/>\n<meta property=\"og:image\" content=\"https:\/\/highlevelgear.cz\/wp-content\/uploads\/2024\/10\/DSC_0600.jpg\" \/>\n\t<meta property=\"og:image:width\" content=\"2048\" \/>\n\t<meta property=\"og:image:height\" content=\"2048\" \/>\n\t<meta property=\"og:image:type\" content=\"image\/jpeg\" \/>\n<meta name=\"twitter:card\" content=\"summary_large_image\" \/>\n<meta name=\"twitter:label1\" content=\"Estimated reading time\" \/>\n\t<meta name=\"twitter:data1\" content=\"1 minute\" \/>\n<script type=\"application\/ld+json\" class=\"yoast-schema-graph\">{\"@context\":\"https:\/\/schema.org\",\"@graph\":[{\"@type\":\"WebPage\",\"@id\":\"https:\/\/highlevelgear.cz\/obchod\/sumky-kapsy\/zdravotnicke-kapsy-a-doplnky\/roll-ifak\/\",\"url\":\"https:\/\/highlevelgear.cz\/obchod\/sumky-kapsy\/zdravotnicke-kapsy-a-doplnky\/roll-ifak\/\",\"name\":\"Roll IFAK &#8211; highlevelgear\",\"isPartOf\":{\"@id\":\"https:\/\/highlevelgear.cz\/#website\"},\"primaryImageOfPage\":{\"@id\":\"https:\/\/highlevelgear.cz\/obchod\/sumky-kapsy\/zdravotnicke-kapsy-a-doplnky\/roll-ifak\/#primaryimage\"},\"image\":{\"@id\":\"https:\/\/highlevelgear.cz\/obchod\/sumky-kapsy\/zdravotnicke-kapsy-a-doplnky\/roll-ifak\/#primaryimage\"},\"thumbnailUrl\":\"https:\/\/i0.wp.com\/highlevelgear.cz\/wp-content\/uploads\/2024\/10\/DSC_0600.jpg?fit=2048%2C2048&ssl=1\",\"datePublished\":\"2024-10-22T20:22:54+00:00\",\"dateModified\":\"2026-04-15T17:24:47+00:00\",\"description\":\"Netradi\u010dn\u00ed, av\u0161ak ov\u011b\u0159en\u00fd design, to je Roll IFAK. Skl\u00e1d\u00e1 se z vnit\u0159n\u00edho insertu, do kter\u00e9ho lze naskl\u00e1dat zdravotnick\u00e9 vybaven\u00ed a z vn\u011bj\u0161\u00edho obalu, kter\u00fd lze d\u00edky such\u00e9mu zipu \\\"nalepit\\\" i na netradi\u010dn\u00ed m\u00edsta va\u0161\u00ed v\u00fdstroje.\",\"breadcrumb\":{\"@id\":\"https:\/\/highlevelgear.cz\/obchod\/sumky-kapsy\/zdravotnicke-kapsy-a-doplnky\/roll-ifak\/#breadcrumb\"},\"inLanguage\":\"en-GB\",\"potentialAction\":[{\"@type\":\"ReadAction\",\"target\":[\"https:\/\/highlevelgear.cz\/obchod\/sumky-kapsy\/zdravotnicke-kapsy-a-doplnky\/roll-ifak\/\"]}]},{\"@type\":\"ImageObject\",\"inLanguage\":\"en-GB\",\"@id\":\"https:\/\/highlevelgear.cz\/obchod\/sumky-kapsy\/zdravotnicke-kapsy-a-doplnky\/roll-ifak\/#primaryimage\",\"url\":\"https:\/\/i0.wp.com\/highlevelgear.cz\/wp-content\/uploads\/2024\/10\/DSC_0600.jpg?fit=2048%2C2048&ssl=1\",\"contentUrl\":\"https:\/\/i0.wp.com\/highlevelgear.cz\/wp-content\/uploads\/2024\/10\/DSC_0600.jpg?fit=2048%2C2048&ssl=1\",\"width\":2048,\"height\":2048},{\"@type\":\"BreadcrumbList\",\"@id\":\"https:\/\/highlevelgear.cz\/obchod\/sumky-kapsy\/zdravotnicke-kapsy-a-doplnky\/roll-ifak\/#breadcrumb\",\"itemListElement\":[{\"@type\":\"ListItem\",\"position\":1,\"name\":\"Dom\u016f\",\"item\":\"https:\/\/highlevelgear.cz\/\"},{\"@type\":\"ListItem\",\"position\":2,\"name\":\"Obchod\",\"item\":\"https:\/\/highlevelgear.cz\/obchod\/\"},{\"@type\":\"ListItem\",\"position\":3,\"name\":\"Roll IFAK\"}]},{\"@type\":\"WebSite\",\"@id\":\"https:\/\/highlevelgear.cz\/#website\",\"url\":\"https:\/\/highlevelgear.cz\/\",\"name\":\"highlevelgear\",\"description\":\"Profesion\u00e1ln\u00ed v\u00fdroba taktick\u00e9 v\u00fdstroje.\",\"publisher\":{\"@id\":\"https:\/\/highlevelgear.cz\/#organization\"},\"potentialAction\":[{\"@type\":\"SearchAction\",\"target\":{\"@type\":\"EntryPoint\",\"urlTemplate\":\"https:\/\/highlevelgear.cz\/?s={search_term_string}\"},\"query-input\":\"required name=search_term_string\"}],\"inLanguage\":\"en-GB\"},{\"@type\":\"Organization\",\"@id\":\"https:\/\/highlevelgear.cz\/#organization\",\"name\":\"High Level Gear\",\"url\":\"https:\/\/highlevelgear.cz\/\",\"logo\":{\"@type\":\"ImageObject\",\"inLanguage\":\"en-GB\",\"@id\":\"https:\/\/highlevelgear.cz\/#\/schema\/logo\/image\/\",\"url\":\"https:\/\/highlevelgear.cz\/wp-content\/uploads\/2021\/12\/cropped-Logo-Short.png\",\"contentUrl\":\"https:\/\/highlevelgear.cz\/wp-content\/uploads\/2021\/12\/cropped-Logo-Short.png\",\"width\":467,\"height\":377,\"caption\":\"High Level Gear\"},\"image\":{\"@id\":\"https:\/\/highlevelgear.cz\/#\/schema\/logo\/image\/\"}}]}<\/script>\n<!-- \/ Yoast SEO Premium plugin. -->","yoast_head_json":{"title":"Roll IFAK &#8211; highlevelgear","description":"Netradi\u010dn\u00ed, av\u0161ak ov\u011b\u0159en\u00fd design, to je Roll IFAK. Skl\u00e1d\u00e1 se z vnit\u0159n\u00edho insertu, do kter\u00e9ho lze naskl\u00e1dat zdravotnick\u00e9 vybaven\u00ed a z vn\u011bj\u0161\u00edho obalu, kter\u00fd lze d\u00edky such\u00e9mu zipu \"nalepit\" i na netradi\u010dn\u00ed m\u00edsta va\u0161\u00ed v\u00fdstroje.","robots":{"index":"index","follow":"follow","max-snippet":"max-snippet:-1","max-image-preview":"max-image-preview:large","max-video-preview":"max-video-preview:-1"},"canonical":"https:\/\/highlevelgear.cz\/en\/obchod\/sumky-kapsy\/zdravotnicke-kapsy-a-doplnky\/roll-ifak\/","og_locale":"en_GB","og_type":"article","og_title":"Roll IFAK","og_description":"Netradi\u010dn\u00ed, av\u0161ak ov\u011b\u0159en\u00fd design, to je Roll IFAK. Skl\u00e1d\u00e1 se z vnit\u0159n\u00edho insertu, do kter\u00e9ho lze naskl\u00e1dat zdravotnick\u00e9 vybaven\u00ed a z vn\u011bj\u0161\u00edho obalu, kter\u00fd lze d\u00edky such\u00e9mu zipu \"nalepit\" i na netradi\u010dn\u00ed m\u00edsta va\u0161\u00ed v\u00fdstroje.","og_url":"https:\/\/highlevelgear.cz\/en\/obchod\/sumky-kapsy\/zdravotnicke-kapsy-a-doplnky\/roll-ifak\/","og_site_name":"highlevelgear","article_modified_time":"2026-04-15T17:24:47+00:00","og_image":[{"width":2048,"height":2048,"url":"https:\/\/highlevelgear.cz\/wp-content\/uploads\/2024\/10\/DSC_0600.jpg","type":"image\/jpeg"}],"twitter_card":"summary_large_image","twitter_misc":{"Estimated reading time":"1 minute"},"schema":{"@context":"https:\/\/schema.org","@graph":[{"@type":"WebPage","@id":"https:\/\/highlevelgear.cz\/obchod\/sumky-kapsy\/zdravotnicke-kapsy-a-doplnky\/roll-ifak\/","url":"https:\/\/highlevelgear.cz\/obchod\/sumky-kapsy\/zdravotnicke-kapsy-a-doplnky\/roll-ifak\/","name":"Roll IFAK &#8211; highlevelgear","isPartOf":{"@id":"https:\/\/highlevelgear.cz\/#website"},"primaryImageOfPage":{"@id":"https:\/\/highlevelgear.cz\/obchod\/sumky-kapsy\/zdravotnicke-kapsy-a-doplnky\/roll-ifak\/#primaryimage"},"image":{"@id":"https:\/\/highlevelgear.cz\/obchod\/sumky-kapsy\/zdravotnicke-kapsy-a-doplnky\/roll-ifak\/#primaryimage"},"thumbnailUrl":"https:\/\/i0.wp.com\/highlevelgear.cz\/wp-content\/uploads\/2024\/10\/DSC_0600.jpg?fit=2048%2C2048&ssl=1","datePublished":"2024-10-22T20:22:54+00:00","dateModified":"2026-04-15T17:24:47+00:00","description":"Netradi\u010dn\u00ed, av\u0161ak ov\u011b\u0159en\u00fd design, to je Roll IFAK. Skl\u00e1d\u00e1 se z vnit\u0159n\u00edho insertu, do kter\u00e9ho lze naskl\u00e1dat zdravotnick\u00e9 vybaven\u00ed a z vn\u011bj\u0161\u00edho obalu, kter\u00fd lze d\u00edky such\u00e9mu zipu \"nalepit\" i na netradi\u010dn\u00ed m\u00edsta va\u0161\u00ed v\u00fdstroje.","breadcrumb":{"@id":"https:\/\/highlevelgear.cz\/obchod\/sumky-kapsy\/zdravotnicke-kapsy-a-doplnky\/roll-ifak\/#breadcrumb"},"inLanguage":"en-GB","potentialAction":[{"@type":"ReadAction","target":["https:\/\/highlevelgear.cz\/obchod\/sumky-kapsy\/zdravotnicke-kapsy-a-doplnky\/roll-ifak\/"]}]},{"@type":"ImageObject","inLanguage":"en-GB","@id":"https:\/\/highlevelgear.cz\/obchod\/sumky-kapsy\/zdravotnicke-kapsy-a-doplnky\/roll-ifak\/#primaryimage","url":"https:\/\/i0.wp.com\/highlevelgear.cz\/wp-content\/uploads\/2024\/10\/DSC_0600.jpg?fit=2048%2C2048&ssl=1","contentUrl":"https:\/\/i0.wp.com\/highlevelgear.cz\/wp-content\/uploads\/2024\/10\/DSC_0600.jpg?fit=2048%2C2048&ssl=1","width":2048,"height":2048},{"@type":"BreadcrumbList","@id":"https:\/\/highlevelgear.cz\/obchod\/sumky-kapsy\/zdravotnicke-kapsy-a-doplnky\/roll-ifak\/#breadcrumb","itemListElement":[{"@type":"ListItem","position":1,"name":"Dom\u016f","item":"https:\/\/highlevelgear.cz\/"},{"@type":"ListItem","position":2,"name":"Obchod","item":"https:\/\/highlevelgear.cz\/obchod\/"},{"@type":"ListItem","position":3,"name":"Roll IFAK"}]},{"@type":"WebSite","@id":"https:\/\/highlevelgear.cz\/#website","url":"https:\/\/highlevelgear.cz\/","name":"highlevelgear","description":"Profesion\u00e1ln\u00ed v\u00fdroba taktick\u00e9 v\u00fdstroje.","publisher":{"@id":"https:\/\/highlevelgear.cz\/#organization"},"potentialAction":[{"@type":"SearchAction","target":{"@type":"EntryPoint","urlTemplate":"https:\/\/highlevelgear.cz\/?s={search_term_string}"},"query-input":"required name=search_term_string"}],"inLanguage":"en-GB"},{"@type":"Organization","@id":"https:\/\/highlevelgear.cz\/#organization","name":"High Level Gear","url":"https:\/\/highlevelgear.cz\/","logo":{"@type":"ImageObject","inLanguage":"en-GB","@id":"https:\/\/highlevelgear.cz\/#\/schema\/logo\/image\/","url":"https:\/\/highlevelgear.cz\/wp-content\/uploads\/2021\/12\/cropped-Logo-Short.png","contentUrl":"https:\/\/highlevelgear.cz\/wp-content\/uploads\/2021\/12\/cropped-Logo-Short.png","width":467,"height":377,"caption":"High Level Gear"},"image":{"@id":"https:\/\/highlevelgear.cz\/#\/schema\/logo\/image\/"}}]}},"jetpack_sharing_enabled":true,"_links":{"self":[{"href":"https:\/\/highlevelgear.cz\/en\/wp-json\/wp\/v2\/product\/2668"}],"collection":[{"href":"https:\/\/highlevelgear.cz\/en\/wp-json\/wp\/v2\/product"}],"about":[{"href":"https:\/\/highlevelgear.cz\/en\/wp-json\/wp\/v2\/types\/product"}],"replies":[{"embeddable":true,"href":"https:\/\/highlevelgear.cz\/en\/wp-json\/wp\/v2\/comments?post=2668"}],"version-history":[{"count":1,"href":"https:\/\/highlevelgear.cz\/en\/wp-json\/wp\/v2\/product\/2668\/revisions"}],"predecessor-version":[{"id":2676,"href":"https:\/\/highlevelgear.cz\/en\/wp-json\/wp\/v2\/product\/2668\/revisions\/2676"}],"wp:featuredmedia":[{"embeddable":true,"href":"https:\/\/highlevelgear.cz\/en\/wp-json\/wp\/v2\/media\/2640"}],"wp:attachment":[{"href":"https:\/\/highlevelgear.cz\/en\/wp-json\/wp\/v2\/media?parent=2668"}],"wp:term":[{"taxonomy":"product_cat","embeddable":true,"href":"https:\/\/highlevelgear.cz\/en\/wp-json\/wp\/v2\/product_cat?post=2668"},{"taxonomy":"product_tag","embeddable":true,"href":"https:\/\/highlevelgear.cz\/en\/wp-json\/wp\/v2\/product_tag?post=2668"}],"curies":[{"name":"wp","href":"https:\/\/api.w.org\/{rel}","templated":true}]}}