{"id":318,"date":"2021-12-23T23:03:55","date_gmt":"2021-12-23T23:03:55","guid":{"rendered":"https:\/\/highlevelgear.cz\/?post_type=product&#038;p=318"},"modified":"2026-04-09T07:19:55","modified_gmt":"2026-04-09T07:19:55","slug":"univerzalni-kapsa-2x3","status":"publish","type":"product","link":"https:\/\/highlevelgear.cz\/en\/obchod\/sumky-kapsy\/univerzalni-kapsy\/univerzalni-kapsa-2x3\/","title":{"rendered":"GP Pouch - 2\u00d73 \u2013 With MOLLE"},"content":{"rendered":"<p><span style=\"font-weight: 400;\">Universal pouch \/ Uni Pouch<br \/>\nDimensions: 14.5 x 8 x 5 cm<br \/>\nwith YKK zipper closure.<br \/>\nWith Molle. <\/span><\/p>","protected":false},"excerpt":{"rendered":"<p>Univerz\u00e1ln\u00ed kapsa \/ Uni Pouch rozm\u011bry 14,5 x 8&#215;5 cm s uzav\u00edr\u00e1n\u00edm na zip YKK. S molle.<\/p>","protected":false},"featured_media":826,"comment_status":"open","ping_status":"closed","template":"","meta":{"site-sidebar-layout":"default","site-content-layout":"default","ast-site-content-layout":"default","site-content-style":"default","site-sidebar-style":"default","ast-global-header-display":"","ast-banner-title-visibility":"","ast-main-header-display":"","ast-hfb-above-header-display":"","ast-hfb-below-header-display":"","ast-hfb-mobile-header-display":"","site-post-title":"","ast-breadcrumbs-content":"","ast-featured-img":"","footer-sml-layout":"","theme-transparent-header-meta":"default","adv-header-id-meta":"","stick-header-meta":"","header-above-stick-meta":"","header-main-stick-meta":"","header-below-stick-meta":"","astra-migrate-meta-layouts":"set","ast-page-background-enabled":"default","ast-page-background-meta":{"desktop":{"background-color":"var(--ast-global-color-4)","background-image":"","background-repeat":"repeat","background-position":"center center","background-size":"auto","background-attachment":"scroll","background-type":"","background-media":"","overlay-type":"","overlay-color":"","overlay-opacity":"","overlay-gradient":""},"tablet":{"background-color":"","background-image":"","background-repeat":"repeat","background-position":"center center","background-size":"auto","background-attachment":"scroll","background-type":"","background-media":"","overlay-type":"","overlay-color":"","overlay-opacity":"","overlay-gradient":""},"mobile":{"background-color":"","background-image":"","background-repeat":"repeat","background-position":"center center","background-size":"auto","background-attachment":"scroll","background-type":"","background-media":"","overlay-type":"","overlay-color":"","overlay-opacity":"","overlay-gradient":""}},"ast-content-background-meta":{"desktop":{"background-color":"var(--ast-global-color-5)","background-image":"","background-repeat":"repeat","background-position":"center center","background-size":"auto","background-attachment":"scroll","background-type":"","background-media":"","overlay-type":"","overlay-color":"","overlay-opacity":"","overlay-gradient":""},"tablet":{"background-color":"var(--ast-global-color-5)","background-image":"","background-repeat":"repeat","background-position":"center center","background-size":"auto","background-attachment":"scroll","background-type":"","background-media":"","overlay-type":"","overlay-color":"","overlay-opacity":"","overlay-gradient":""},"mobile":{"background-color":"var(--ast-global-color-5)","background-image":"","background-repeat":"repeat","background-position":"center center","background-size":"auto","background-attachment":"scroll","background-type":"","background-media":"","overlay-type":"","overlay-color":"","overlay-opacity":"","overlay-gradient":""}}},"product_cat":[22],"product_tag":[28],"yoast_head":"<!-- This site is optimized with the Yoast SEO Premium plugin v22.8 (Yoast SEO v22.8) - https:\/\/yoast.com\/wordpress\/plugins\/seo\/ -->\n<title>Univerz\u00e1ln\u00ed kapsa 2x3 - S MOLLE &#8211; highlevelgear<\/title>\n<meta name=\"robots\" content=\"index, follow, max-snippet:-1, max-image-preview:large, max-video-preview:-1\" \/>\n<link rel=\"canonical\" href=\"https:\/\/highlevelgear.cz\/en\/obchod\/sumky-kapsy\/univerzalni-kapsy\/univerzalni-kapsa-2x3\/\" \/>\n<meta property=\"og:locale\" content=\"en_GB\" \/>\n<meta property=\"og:type\" content=\"article\" \/>\n<meta property=\"og:title\" content=\"Univerz\u00e1ln\u00ed kapsa 2x3 - S MOLLE\" \/>\n<meta property=\"og:description\" content=\"Univerz\u00e1ln\u00ed kapsa \/ Uni Pouch rozm\u011bry 14,5 x 8&#215;5 cm s uzav\u00edr\u00e1n\u00edm na zip YKK. S molle.\" \/>\n<meta property=\"og:url\" content=\"https:\/\/highlevelgear.cz\/en\/obchod\/sumky-kapsy\/univerzalni-kapsy\/univerzalni-kapsa-2x3\/\" \/>\n<meta property=\"og:site_name\" content=\"highlevelgear\" \/>\n<meta property=\"article:modified_time\" content=\"2026-04-09T07:19:55+00:00\" \/>\n<meta property=\"og:image\" content=\"https:\/\/highlevelgear.cz\/wp-content\/uploads\/2021\/12\/01-3.jpg\" \/>\n\t<meta property=\"og:image:width\" content=\"1024\" \/>\n\t<meta property=\"og:image:height\" content=\"1024\" \/>\n\t<meta property=\"og:image:type\" content=\"image\/jpeg\" \/>\n<meta name=\"twitter:card\" content=\"summary_large_image\" \/>\n<meta name=\"twitter:label1\" content=\"Estimated reading time\" \/>\n\t<meta name=\"twitter:data1\" content=\"1 minute\" \/>\n<script type=\"application\/ld+json\" class=\"yoast-schema-graph\">{\"@context\":\"https:\/\/schema.org\",\"@graph\":[{\"@type\":\"WebPage\",\"@id\":\"https:\/\/highlevelgear.cz\/obchod\/sumky-kapsy\/univerzalni-kapsy\/univerzalni-kapsa-2x3\/\",\"url\":\"https:\/\/highlevelgear.cz\/obchod\/sumky-kapsy\/univerzalni-kapsy\/univerzalni-kapsa-2x3\/\",\"name\":\"Univerz\u00e1ln\u00ed kapsa 2x3 - S MOLLE &#8211; highlevelgear\",\"isPartOf\":{\"@id\":\"https:\/\/highlevelgear.cz\/#website\"},\"primaryImageOfPage\":{\"@id\":\"https:\/\/highlevelgear.cz\/obchod\/sumky-kapsy\/univerzalni-kapsy\/univerzalni-kapsa-2x3\/#primaryimage\"},\"image\":{\"@id\":\"https:\/\/highlevelgear.cz\/obchod\/sumky-kapsy\/univerzalni-kapsy\/univerzalni-kapsa-2x3\/#primaryimage\"},\"thumbnailUrl\":\"https:\/\/i0.wp.com\/highlevelgear.cz\/wp-content\/uploads\/2021\/12\/01-3.jpg?fit=1024%2C1024&ssl=1\",\"datePublished\":\"2021-12-23T23:03:55+00:00\",\"dateModified\":\"2026-04-09T07:19:55+00:00\",\"breadcrumb\":{\"@id\":\"https:\/\/highlevelgear.cz\/obchod\/sumky-kapsy\/univerzalni-kapsy\/univerzalni-kapsa-2x3\/#breadcrumb\"},\"inLanguage\":\"en-GB\",\"potentialAction\":[{\"@type\":\"ReadAction\",\"target\":[\"https:\/\/highlevelgear.cz\/obchod\/sumky-kapsy\/univerzalni-kapsy\/univerzalni-kapsa-2x3\/\"]}]},{\"@type\":\"ImageObject\",\"inLanguage\":\"en-GB\",\"@id\":\"https:\/\/highlevelgear.cz\/obchod\/sumky-kapsy\/univerzalni-kapsy\/univerzalni-kapsa-2x3\/#primaryimage\",\"url\":\"https:\/\/i0.wp.com\/highlevelgear.cz\/wp-content\/uploads\/2021\/12\/01-3.jpg?fit=1024%2C1024&ssl=1\",\"contentUrl\":\"https:\/\/i0.wp.com\/highlevelgear.cz\/wp-content\/uploads\/2021\/12\/01-3.jpg?fit=1024%2C1024&ssl=1\",\"width\":1024,\"height\":1024},{\"@type\":\"BreadcrumbList\",\"@id\":\"https:\/\/highlevelgear.cz\/obchod\/sumky-kapsy\/univerzalni-kapsy\/univerzalni-kapsa-2x3\/#breadcrumb\",\"itemListElement\":[{\"@type\":\"ListItem\",\"position\":1,\"name\":\"Dom\u016f\",\"item\":\"https:\/\/highlevelgear.cz\/\"},{\"@type\":\"ListItem\",\"position\":2,\"name\":\"Obchod\",\"item\":\"https:\/\/highlevelgear.cz\/obchod\/\"},{\"@type\":\"ListItem\",\"position\":3,\"name\":\"Univerz\u00e1ln\u00ed kapsa 2&#215;3 &#8211; S MOLLE\"}]},{\"@type\":\"WebSite\",\"@id\":\"https:\/\/highlevelgear.cz\/#website\",\"url\":\"https:\/\/highlevelgear.cz\/\",\"name\":\"highlevelgear\",\"description\":\"Profesion\u00e1ln\u00ed v\u00fdroba taktick\u00e9 v\u00fdstroje.\",\"publisher\":{\"@id\":\"https:\/\/highlevelgear.cz\/#organization\"},\"potentialAction\":[{\"@type\":\"SearchAction\",\"target\":{\"@type\":\"EntryPoint\",\"urlTemplate\":\"https:\/\/highlevelgear.cz\/?s={search_term_string}\"},\"query-input\":\"required name=search_term_string\"}],\"inLanguage\":\"en-GB\"},{\"@type\":\"Organization\",\"@id\":\"https:\/\/highlevelgear.cz\/#organization\",\"name\":\"High Level Gear\",\"url\":\"https:\/\/highlevelgear.cz\/\",\"logo\":{\"@type\":\"ImageObject\",\"inLanguage\":\"en-GB\",\"@id\":\"https:\/\/highlevelgear.cz\/#\/schema\/logo\/image\/\",\"url\":\"https:\/\/highlevelgear.cz\/wp-content\/uploads\/2021\/12\/cropped-Logo-Short.png\",\"contentUrl\":\"https:\/\/highlevelgear.cz\/wp-content\/uploads\/2021\/12\/cropped-Logo-Short.png\",\"width\":467,\"height\":377,\"caption\":\"High Level Gear\"},\"image\":{\"@id\":\"https:\/\/highlevelgear.cz\/#\/schema\/logo\/image\/\"}}]}<\/script>\n<!-- \/ Yoast SEO Premium plugin. -->","yoast_head_json":{"title":"Univerz\u00e1ln\u00ed kapsa 2x3 - S MOLLE &#8211; highlevelgear","robots":{"index":"index","follow":"follow","max-snippet":"max-snippet:-1","max-image-preview":"max-image-preview:large","max-video-preview":"max-video-preview:-1"},"canonical":"https:\/\/highlevelgear.cz\/en\/obchod\/sumky-kapsy\/univerzalni-kapsy\/univerzalni-kapsa-2x3\/","og_locale":"en_GB","og_type":"article","og_title":"Univerz\u00e1ln\u00ed kapsa 2x3 - S MOLLE","og_description":"Univerz\u00e1ln\u00ed kapsa \/ Uni Pouch rozm\u011bry 14,5 x 8&#215;5 cm s uzav\u00edr\u00e1n\u00edm na zip YKK. S molle.","og_url":"https:\/\/highlevelgear.cz\/en\/obchod\/sumky-kapsy\/univerzalni-kapsy\/univerzalni-kapsa-2x3\/","og_site_name":"highlevelgear","article_modified_time":"2026-04-09T07:19:55+00:00","og_image":[{"width":1024,"height":1024,"url":"https:\/\/highlevelgear.cz\/wp-content\/uploads\/2021\/12\/01-3.jpg","type":"image\/jpeg"}],"twitter_card":"summary_large_image","twitter_misc":{"Estimated reading time":"1 minute"},"schema":{"@context":"https:\/\/schema.org","@graph":[{"@type":"WebPage","@id":"https:\/\/highlevelgear.cz\/obchod\/sumky-kapsy\/univerzalni-kapsy\/univerzalni-kapsa-2x3\/","url":"https:\/\/highlevelgear.cz\/obchod\/sumky-kapsy\/univerzalni-kapsy\/univerzalni-kapsa-2x3\/","name":"Univerz\u00e1ln\u00ed kapsa 2x3 - S MOLLE &#8211; highlevelgear","isPartOf":{"@id":"https:\/\/highlevelgear.cz\/#website"},"primaryImageOfPage":{"@id":"https:\/\/highlevelgear.cz\/obchod\/sumky-kapsy\/univerzalni-kapsy\/univerzalni-kapsa-2x3\/#primaryimage"},"image":{"@id":"https:\/\/highlevelgear.cz\/obchod\/sumky-kapsy\/univerzalni-kapsy\/univerzalni-kapsa-2x3\/#primaryimage"},"thumbnailUrl":"https:\/\/i0.wp.com\/highlevelgear.cz\/wp-content\/uploads\/2021\/12\/01-3.jpg?fit=1024%2C1024&ssl=1","datePublished":"2021-12-23T23:03:55+00:00","dateModified":"2026-04-09T07:19:55+00:00","breadcrumb":{"@id":"https:\/\/highlevelgear.cz\/obchod\/sumky-kapsy\/univerzalni-kapsy\/univerzalni-kapsa-2x3\/#breadcrumb"},"inLanguage":"en-GB","potentialAction":[{"@type":"ReadAction","target":["https:\/\/highlevelgear.cz\/obchod\/sumky-kapsy\/univerzalni-kapsy\/univerzalni-kapsa-2x3\/"]}]},{"@type":"ImageObject","inLanguage":"en-GB","@id":"https:\/\/highlevelgear.cz\/obchod\/sumky-kapsy\/univerzalni-kapsy\/univerzalni-kapsa-2x3\/#primaryimage","url":"https:\/\/i0.wp.com\/highlevelgear.cz\/wp-content\/uploads\/2021\/12\/01-3.jpg?fit=1024%2C1024&ssl=1","contentUrl":"https:\/\/i0.wp.com\/highlevelgear.cz\/wp-content\/uploads\/2021\/12\/01-3.jpg?fit=1024%2C1024&ssl=1","width":1024,"height":1024},{"@type":"BreadcrumbList","@id":"https:\/\/highlevelgear.cz\/obchod\/sumky-kapsy\/univerzalni-kapsy\/univerzalni-kapsa-2x3\/#breadcrumb","itemListElement":[{"@type":"ListItem","position":1,"name":"Dom\u016f","item":"https:\/\/highlevelgear.cz\/"},{"@type":"ListItem","position":2,"name":"Obchod","item":"https:\/\/highlevelgear.cz\/obchod\/"},{"@type":"ListItem","position":3,"name":"Univerz\u00e1ln\u00ed kapsa 2&#215;3 &#8211; S MOLLE"}]},{"@type":"WebSite","@id":"https:\/\/highlevelgear.cz\/#website","url":"https:\/\/highlevelgear.cz\/","name":"highlevelgear","description":"Profesion\u00e1ln\u00ed v\u00fdroba taktick\u00e9 v\u00fdstroje.","publisher":{"@id":"https:\/\/highlevelgear.cz\/#organization"},"potentialAction":[{"@type":"SearchAction","target":{"@type":"EntryPoint","urlTemplate":"https:\/\/highlevelgear.cz\/?s={search_term_string}"},"query-input":"required name=search_term_string"}],"inLanguage":"en-GB"},{"@type":"Organization","@id":"https:\/\/highlevelgear.cz\/#organization","name":"High Level Gear","url":"https:\/\/highlevelgear.cz\/","logo":{"@type":"ImageObject","inLanguage":"en-GB","@id":"https:\/\/highlevelgear.cz\/#\/schema\/logo\/image\/","url":"https:\/\/highlevelgear.cz\/wp-content\/uploads\/2021\/12\/cropped-Logo-Short.png","contentUrl":"https:\/\/highlevelgear.cz\/wp-content\/uploads\/2021\/12\/cropped-Logo-Short.png","width":467,"height":377,"caption":"High Level Gear"},"image":{"@id":"https:\/\/highlevelgear.cz\/#\/schema\/logo\/image\/"}}]}},"jetpack_sharing_enabled":true,"_links":{"self":[{"href":"https:\/\/highlevelgear.cz\/en\/wp-json\/wp\/v2\/product\/318"}],"collection":[{"href":"https:\/\/highlevelgear.cz\/en\/wp-json\/wp\/v2\/product"}],"about":[{"href":"https:\/\/highlevelgear.cz\/en\/wp-json\/wp\/v2\/types\/product"}],"replies":[{"embeddable":true,"href":"https:\/\/highlevelgear.cz\/en\/wp-json\/wp\/v2\/comments?post=318"}],"version-history":[{"count":2,"href":"https:\/\/highlevelgear.cz\/en\/wp-json\/wp\/v2\/product\/318\/revisions"}],"predecessor-version":[{"id":1846,"href":"https:\/\/highlevelgear.cz\/en\/wp-json\/wp\/v2\/product\/318\/revisions\/1846"}],"wp:featuredmedia":[{"embeddable":true,"href":"https:\/\/highlevelgear.cz\/en\/wp-json\/wp\/v2\/media\/826"}],"wp:attachment":[{"href":"https:\/\/highlevelgear.cz\/en\/wp-json\/wp\/v2\/media?parent=318"}],"wp:term":[{"taxonomy":"product_cat","embeddable":true,"href":"https:\/\/highlevelgear.cz\/en\/wp-json\/wp\/v2\/product_cat?post=318"},{"taxonomy":"product_tag","embeddable":true,"href":"https:\/\/highlevelgear.cz\/en\/wp-json\/wp\/v2\/product_tag?post=318"}],"curies":[{"name":"wp","href":"https:\/\/api.w.org\/{rel}","templated":true}]}}