{"id":3609,"date":"2026-02-08T20:32:22","date_gmt":"2026-02-08T20:32:22","guid":{"rendered":"https:\/\/highlevelgear.cz\/?post_type=product&#038;p=3609"},"modified":"2026-03-15T22:04:57","modified_gmt":"2026-03-15T22:04:57","slug":"clash-hook-karabina","status":"publish","type":"product","link":"https:\/\/highlevelgear.cz\/en\/obchod\/ostatni-2\/ostatni-produkty\/clash-hook-karabina\/","title":{"rendered":"Clash Hook Carabiner"},"content":{"rendered":"<p>A high-quality steel carabiner is a great addition to gun slings, especially if you need to take the sling off and put it back on often. The sling loop is 25 mm wide. Suitable for all slings we offer. <a href=\"https:\/\/highlevelgear.cz\/en\/product-category\/popruhy\/\">.<\/a><\/p>","protected":false},"excerpt":{"rendered":"<p>Kvalitn\u00ed ocelov\u00e1 karabina je vhodn\u00e1 jako dopln\u011bk k popruh\u016fm na zbran\u011b, zejm\u00e9na pokud pot\u0159ebujete popruh \u010dasto ze zbran\u011b sund\u00e1vat\/nasazovat. Pr\u016fvlek na popruh v \u0161\u00ed\u0159i 25 mm. Vhodn\u00e9 pro v\u0161echny n\u00e1mi nab\u00edzen\u00e9 popruhy<\/p>","protected":false},"featured_media":3610,"comment_status":"open","ping_status":"closed","template":"","meta":{"site-sidebar-layout":"default","site-content-layout":"","ast-site-content-layout":"default","site-content-style":"default","site-sidebar-style":"default","ast-global-header-display":"","ast-banner-title-visibility":"","ast-main-header-display":"","ast-hfb-above-header-display":"","ast-hfb-below-header-display":"","ast-hfb-mobile-header-display":"","site-post-title":"","ast-breadcrumbs-content":"","ast-featured-img":"","footer-sml-layout":"","theme-transparent-header-meta":"default","adv-header-id-meta":"","stick-header-meta":"","header-above-stick-meta":"","header-main-stick-meta":"","header-below-stick-meta":"","astra-migrate-meta-layouts":"set","ast-page-background-enabled":"default","ast-page-background-meta":{"desktop":{"background-color":"var(--ast-global-color-4)","background-image":"","background-repeat":"repeat","background-position":"center center","background-size":"auto","background-attachment":"scroll","background-type":"","background-media":"","overlay-type":"","overlay-color":"","overlay-opacity":"","overlay-gradient":""},"tablet":{"background-color":"","background-image":"","background-repeat":"repeat","background-position":"center center","background-size":"auto","background-attachment":"scroll","background-type":"","background-media":"","overlay-type":"","overlay-color":"","overlay-opacity":"","overlay-gradient":""},"mobile":{"background-color":"","background-image":"","background-repeat":"repeat","background-position":"center center","background-size":"auto","background-attachment":"scroll","background-type":"","background-media":"","overlay-type":"","overlay-color":"","overlay-opacity":"","overlay-gradient":""}},"ast-content-background-meta":{"desktop":{"background-color":"var(--ast-global-color-5)","background-image":"","background-repeat":"repeat","background-position":"center center","background-size":"auto","background-attachment":"scroll","background-type":"","background-media":"","overlay-type":"","overlay-color":"","overlay-opacity":"","overlay-gradient":""},"tablet":{"background-color":"var(--ast-global-color-5)","background-image":"","background-repeat":"repeat","background-position":"center center","background-size":"auto","background-attachment":"scroll","background-type":"","background-media":"","overlay-type":"","overlay-color":"","overlay-opacity":"","overlay-gradient":""},"mobile":{"background-color":"var(--ast-global-color-5)","background-image":"","background-repeat":"repeat","background-position":"center center","background-size":"auto","background-attachment":"scroll","background-type":"","background-media":"","overlay-type":"","overlay-color":"","overlay-opacity":"","overlay-gradient":""}}},"product_cat":[68,82,52],"product_tag":[],"yoast_head":"<!-- This site is optimized with the Yoast SEO Premium plugin v22.8 (Yoast SEO v22.8) - https:\/\/yoast.com\/wordpress\/plugins\/seo\/ -->\n<title>Clash Hook Karabina &#8211; highlevelgear<\/title>\n<meta name=\"robots\" content=\"index, follow, max-snippet:-1, max-image-preview:large, max-video-preview:-1\" \/>\n<link rel=\"canonical\" href=\"https:\/\/highlevelgear.cz\/en\/obchod\/ostatni-2\/ostatni-produkty\/clash-hook-karabina\/\" \/>\n<meta property=\"og:locale\" content=\"en_GB\" \/>\n<meta property=\"og:type\" content=\"article\" \/>\n<meta property=\"og:title\" content=\"Clash Hook Karabina\" \/>\n<meta property=\"og:description\" content=\"Kvalitn\u00ed ocelov\u00e1 karabina je vhodn\u00e1 jako dopln\u011bk k popruh\u016fm na zbran\u011b, zejm\u00e9na pokud pot\u0159ebujete popruh \u010dasto ze zbran\u011b sund\u00e1vat\/nasazovat. Pr\u016fvlek na popruh v \u0161\u00ed\u0159i 25 mm. Vhodn\u00e9 pro v\u0161echny n\u00e1mi nab\u00edzen\u00e9 popruhy\" \/>\n<meta property=\"og:url\" content=\"https:\/\/highlevelgear.cz\/en\/obchod\/ostatni-2\/ostatni-produkty\/clash-hook-karabina\/\" \/>\n<meta property=\"og:site_name\" content=\"highlevelgear\" \/>\n<meta property=\"article:modified_time\" content=\"2026-03-15T22:04:57+00:00\" \/>\n<meta property=\"og:image\" content=\"https:\/\/highlevelgear.cz\/wp-content\/uploads\/2026\/02\/DSC_0070-ve-velke-velikosti.jpeg\" \/>\n\t<meta property=\"og:image:width\" content=\"1280\" \/>\n\t<meta property=\"og:image:height\" content=\"1280\" \/>\n\t<meta property=\"og:image:type\" content=\"image\/jpeg\" \/>\n<meta name=\"twitter:card\" content=\"summary_large_image\" \/>\n<meta name=\"twitter:label1\" content=\"Estimated reading time\" \/>\n\t<meta name=\"twitter:data1\" content=\"1 minute\" \/>\n<script type=\"application\/ld+json\" class=\"yoast-schema-graph\">{\"@context\":\"https:\/\/schema.org\",\"@graph\":[{\"@type\":\"WebPage\",\"@id\":\"https:\/\/highlevelgear.cz\/obchod\/ostatni-2\/ostatni-produkty\/clash-hook-karabina\/\",\"url\":\"https:\/\/highlevelgear.cz\/obchod\/ostatni-2\/ostatni-produkty\/clash-hook-karabina\/\",\"name\":\"Clash Hook Karabina &#8211; highlevelgear\",\"isPartOf\":{\"@id\":\"https:\/\/highlevelgear.cz\/#website\"},\"primaryImageOfPage\":{\"@id\":\"https:\/\/highlevelgear.cz\/obchod\/ostatni-2\/ostatni-produkty\/clash-hook-karabina\/#primaryimage\"},\"image\":{\"@id\":\"https:\/\/highlevelgear.cz\/obchod\/ostatni-2\/ostatni-produkty\/clash-hook-karabina\/#primaryimage\"},\"thumbnailUrl\":\"https:\/\/i0.wp.com\/highlevelgear.cz\/wp-content\/uploads\/2026\/02\/DSC_0070-ve-velke-velikosti.jpeg?fit=1280%2C1280&ssl=1\",\"datePublished\":\"2026-02-08T20:32:22+00:00\",\"dateModified\":\"2026-03-15T22:04:57+00:00\",\"breadcrumb\":{\"@id\":\"https:\/\/highlevelgear.cz\/obchod\/ostatni-2\/ostatni-produkty\/clash-hook-karabina\/#breadcrumb\"},\"inLanguage\":\"en-GB\",\"potentialAction\":[{\"@type\":\"ReadAction\",\"target\":[\"https:\/\/highlevelgear.cz\/obchod\/ostatni-2\/ostatni-produkty\/clash-hook-karabina\/\"]}]},{\"@type\":\"ImageObject\",\"inLanguage\":\"en-GB\",\"@id\":\"https:\/\/highlevelgear.cz\/obchod\/ostatni-2\/ostatni-produkty\/clash-hook-karabina\/#primaryimage\",\"url\":\"https:\/\/i0.wp.com\/highlevelgear.cz\/wp-content\/uploads\/2026\/02\/DSC_0070-ve-velke-velikosti.jpeg?fit=1280%2C1280&ssl=1\",\"contentUrl\":\"https:\/\/i0.wp.com\/highlevelgear.cz\/wp-content\/uploads\/2026\/02\/DSC_0070-ve-velke-velikosti.jpeg?fit=1280%2C1280&ssl=1\",\"width\":1280,\"height\":1280},{\"@type\":\"BreadcrumbList\",\"@id\":\"https:\/\/highlevelgear.cz\/obchod\/ostatni-2\/ostatni-produkty\/clash-hook-karabina\/#breadcrumb\",\"itemListElement\":[{\"@type\":\"ListItem\",\"position\":1,\"name\":\"Dom\u016f\",\"item\":\"https:\/\/highlevelgear.cz\/\"},{\"@type\":\"ListItem\",\"position\":2,\"name\":\"Obchod\",\"item\":\"https:\/\/highlevelgear.cz\/obchod\/\"},{\"@type\":\"ListItem\",\"position\":3,\"name\":\"Clash Hook Karabina\"}]},{\"@type\":\"WebSite\",\"@id\":\"https:\/\/highlevelgear.cz\/#website\",\"url\":\"https:\/\/highlevelgear.cz\/\",\"name\":\"highlevelgear\",\"description\":\"Profesion\u00e1ln\u00ed v\u00fdroba taktick\u00e9 v\u00fdstroje.\",\"publisher\":{\"@id\":\"https:\/\/highlevelgear.cz\/#organization\"},\"potentialAction\":[{\"@type\":\"SearchAction\",\"target\":{\"@type\":\"EntryPoint\",\"urlTemplate\":\"https:\/\/highlevelgear.cz\/?s={search_term_string}\"},\"query-input\":\"required name=search_term_string\"}],\"inLanguage\":\"en-GB\"},{\"@type\":\"Organization\",\"@id\":\"https:\/\/highlevelgear.cz\/#organization\",\"name\":\"High Level Gear\",\"url\":\"https:\/\/highlevelgear.cz\/\",\"logo\":{\"@type\":\"ImageObject\",\"inLanguage\":\"en-GB\",\"@id\":\"https:\/\/highlevelgear.cz\/#\/schema\/logo\/image\/\",\"url\":\"https:\/\/highlevelgear.cz\/wp-content\/uploads\/2021\/12\/cropped-Logo-Short.png\",\"contentUrl\":\"https:\/\/highlevelgear.cz\/wp-content\/uploads\/2021\/12\/cropped-Logo-Short.png\",\"width\":467,\"height\":377,\"caption\":\"High Level Gear\"},\"image\":{\"@id\":\"https:\/\/highlevelgear.cz\/#\/schema\/logo\/image\/\"}}]}<\/script>\n<!-- \/ Yoast SEO Premium plugin. -->","yoast_head_json":{"title":"Clash Hook Karabina &#8211; highlevelgear","robots":{"index":"index","follow":"follow","max-snippet":"max-snippet:-1","max-image-preview":"max-image-preview:large","max-video-preview":"max-video-preview:-1"},"canonical":"https:\/\/highlevelgear.cz\/en\/obchod\/ostatni-2\/ostatni-produkty\/clash-hook-karabina\/","og_locale":"en_GB","og_type":"article","og_title":"Clash Hook Karabina","og_description":"Kvalitn\u00ed ocelov\u00e1 karabina je vhodn\u00e1 jako dopln\u011bk k popruh\u016fm na zbran\u011b, zejm\u00e9na pokud pot\u0159ebujete popruh \u010dasto ze zbran\u011b sund\u00e1vat\/nasazovat. Pr\u016fvlek na popruh v \u0161\u00ed\u0159i 25 mm. Vhodn\u00e9 pro v\u0161echny n\u00e1mi nab\u00edzen\u00e9 popruhy","og_url":"https:\/\/highlevelgear.cz\/en\/obchod\/ostatni-2\/ostatni-produkty\/clash-hook-karabina\/","og_site_name":"highlevelgear","article_modified_time":"2026-03-15T22:04:57+00:00","og_image":[{"width":1280,"height":1280,"url":"https:\/\/highlevelgear.cz\/wp-content\/uploads\/2026\/02\/DSC_0070-ve-velke-velikosti.jpeg","type":"image\/jpeg"}],"twitter_card":"summary_large_image","twitter_misc":{"Estimated reading time":"1 minute"},"schema":{"@context":"https:\/\/schema.org","@graph":[{"@type":"WebPage","@id":"https:\/\/highlevelgear.cz\/obchod\/ostatni-2\/ostatni-produkty\/clash-hook-karabina\/","url":"https:\/\/highlevelgear.cz\/obchod\/ostatni-2\/ostatni-produkty\/clash-hook-karabina\/","name":"Clash Hook Karabina &#8211; highlevelgear","isPartOf":{"@id":"https:\/\/highlevelgear.cz\/#website"},"primaryImageOfPage":{"@id":"https:\/\/highlevelgear.cz\/obchod\/ostatni-2\/ostatni-produkty\/clash-hook-karabina\/#primaryimage"},"image":{"@id":"https:\/\/highlevelgear.cz\/obchod\/ostatni-2\/ostatni-produkty\/clash-hook-karabina\/#primaryimage"},"thumbnailUrl":"https:\/\/i0.wp.com\/highlevelgear.cz\/wp-content\/uploads\/2026\/02\/DSC_0070-ve-velke-velikosti.jpeg?fit=1280%2C1280&ssl=1","datePublished":"2026-02-08T20:32:22+00:00","dateModified":"2026-03-15T22:04:57+00:00","breadcrumb":{"@id":"https:\/\/highlevelgear.cz\/obchod\/ostatni-2\/ostatni-produkty\/clash-hook-karabina\/#breadcrumb"},"inLanguage":"en-GB","potentialAction":[{"@type":"ReadAction","target":["https:\/\/highlevelgear.cz\/obchod\/ostatni-2\/ostatni-produkty\/clash-hook-karabina\/"]}]},{"@type":"ImageObject","inLanguage":"en-GB","@id":"https:\/\/highlevelgear.cz\/obchod\/ostatni-2\/ostatni-produkty\/clash-hook-karabina\/#primaryimage","url":"https:\/\/i0.wp.com\/highlevelgear.cz\/wp-content\/uploads\/2026\/02\/DSC_0070-ve-velke-velikosti.jpeg?fit=1280%2C1280&ssl=1","contentUrl":"https:\/\/i0.wp.com\/highlevelgear.cz\/wp-content\/uploads\/2026\/02\/DSC_0070-ve-velke-velikosti.jpeg?fit=1280%2C1280&ssl=1","width":1280,"height":1280},{"@type":"BreadcrumbList","@id":"https:\/\/highlevelgear.cz\/obchod\/ostatni-2\/ostatni-produkty\/clash-hook-karabina\/#breadcrumb","itemListElement":[{"@type":"ListItem","position":1,"name":"Dom\u016f","item":"https:\/\/highlevelgear.cz\/"},{"@type":"ListItem","position":2,"name":"Obchod","item":"https:\/\/highlevelgear.cz\/obchod\/"},{"@type":"ListItem","position":3,"name":"Clash Hook Karabina"}]},{"@type":"WebSite","@id":"https:\/\/highlevelgear.cz\/#website","url":"https:\/\/highlevelgear.cz\/","name":"highlevelgear","description":"Profesion\u00e1ln\u00ed v\u00fdroba taktick\u00e9 v\u00fdstroje.","publisher":{"@id":"https:\/\/highlevelgear.cz\/#organization"},"potentialAction":[{"@type":"SearchAction","target":{"@type":"EntryPoint","urlTemplate":"https:\/\/highlevelgear.cz\/?s={search_term_string}"},"query-input":"required name=search_term_string"}],"inLanguage":"en-GB"},{"@type":"Organization","@id":"https:\/\/highlevelgear.cz\/#organization","name":"High Level Gear","url":"https:\/\/highlevelgear.cz\/","logo":{"@type":"ImageObject","inLanguage":"en-GB","@id":"https:\/\/highlevelgear.cz\/#\/schema\/logo\/image\/","url":"https:\/\/highlevelgear.cz\/wp-content\/uploads\/2021\/12\/cropped-Logo-Short.png","contentUrl":"https:\/\/highlevelgear.cz\/wp-content\/uploads\/2021\/12\/cropped-Logo-Short.png","width":467,"height":377,"caption":"High Level Gear"},"image":{"@id":"https:\/\/highlevelgear.cz\/#\/schema\/logo\/image\/"}}]}},"jetpack_sharing_enabled":true,"_links":{"self":[{"href":"https:\/\/highlevelgear.cz\/en\/wp-json\/wp\/v2\/product\/3609"}],"collection":[{"href":"https:\/\/highlevelgear.cz\/en\/wp-json\/wp\/v2\/product"}],"about":[{"href":"https:\/\/highlevelgear.cz\/en\/wp-json\/wp\/v2\/types\/product"}],"replies":[{"embeddable":true,"href":"https:\/\/highlevelgear.cz\/en\/wp-json\/wp\/v2\/comments?post=3609"}],"version-history":[{"count":3,"href":"https:\/\/highlevelgear.cz\/en\/wp-json\/wp\/v2\/product\/3609\/revisions"}],"predecessor-version":[{"id":3689,"href":"https:\/\/highlevelgear.cz\/en\/wp-json\/wp\/v2\/product\/3609\/revisions\/3689"}],"wp:featuredmedia":[{"embeddable":true,"href":"https:\/\/highlevelgear.cz\/en\/wp-json\/wp\/v2\/media\/3610"}],"wp:attachment":[{"href":"https:\/\/highlevelgear.cz\/en\/wp-json\/wp\/v2\/media?parent=3609"}],"wp:term":[{"taxonomy":"product_cat","embeddable":true,"href":"https:\/\/highlevelgear.cz\/en\/wp-json\/wp\/v2\/product_cat?post=3609"},{"taxonomy":"product_tag","embeddable":true,"href":"https:\/\/highlevelgear.cz\/en\/wp-json\/wp\/v2\/product_tag?post=3609"}],"curies":[{"name":"wp","href":"https:\/\/api.w.org\/{rel}","templated":true}]}}