{"id":3771,"date":"2026-03-01T19:35:53","date_gmt":"2026-03-01T19:35:53","guid":{"rendered":"https:\/\/highlevelgear.cz\/?post_type=product&#038;p=3771"},"modified":"2026-04-11T13:51:14","modified_gmt":"2026-04-11T13:51:14","slug":"flex3-samosvorna-sumka-pro-puskove-zasobniky","status":"publish","type":"product","link":"https:\/\/highlevelgear.cz\/en\/obchod\/sumky-kapsy\/zasobnikove-sumky\/flex3-samosvorna-sumka-pro-puskove-zasobniky\/","title":{"rendered":"FLEX3 samosvorn\u00e1 sumka pro pu\u0161kov\u00e9 z\u00e1sobn\u00edky"},"content":{"rendered":"<p>FLEX3 je samosvorn\u00e1 sumka pro 3 pu\u0161kov\u00e9 z\u00e1sobn\u00edky typu AR a AK. Konstrukce sumky s p\u0159ep\u00e1\u017ekou z kompozitn\u00edho materi\u00e1lu m\u00e1 hned n\u011bkolik v\u00fdhod. Z\u00e1sobn\u00edk je v sumce l\u00e9pe chr\u00e1n\u011bn, ne\u017e v b\u011b\u017en\u00e9 pru\u017eenkov\u00e9 samosvorn\u00e9 sumce. Op\u011btovn\u00e9 vkl\u00e1d\u00e1n\u00ed z\u00e1sobn\u00edku do sumky je pohodln\u011bj\u0161\u00ed \u2013 l\u00e9pe dr\u017e\u00ed tvar. A v neposledn\u00ed \u0159ad\u011b lze mezi p\u0159ep\u00e1\u017eku a vn\u011bj\u0161\u00ed molle vazbu vkl\u00e1dat drobn\u011bj\u0161\u00ed p\u0159edm\u011bty jako jsou psac\u00ed pot\u0159eby, lightsticky nebo multitooly. Jedno\u0159ad\u00e1 vn\u011bj\u0161\u00ed molle vazba umo\u017e\u0148uje uchycen\u00ed dal\u0161\u00edho p\u0159\u00edslu\u0161enstv\u00ed. Z\u00e1sobn\u00edky jde nav\u00edc v sumce dodate\u010dn\u011b pojistit pru\u017eenkovou pojistkou s pull tabem. Tu je pot\u0159eba p\u0159\u00edpadn\u011b dokoupit zvl\u00e1\u0161\u0165 <a href=\"https:\/\/highlevelgear.cz\/en\/obchod\/ostatni-2\/pull-tab\/\">zde.<\/a><\/p>","protected":false},"excerpt":{"rendered":"<p>FLEX3 je samosvorn\u00e1 sumka pro 3 pu\u0161kov\u00e9 z\u00e1sobn\u00edky typu AR a AK. Konstrukce sumky s p\u0159ep\u00e1\u017ekou z kompozitn\u00edho materi\u00e1lu m\u00e1 hned n\u011bkolik v\u00fdhod. Z\u00e1sobn\u00edk je v sumce l\u00e9pe chr\u00e1n\u011bn, ne\u017e v b\u011b\u017en\u00e9 pru\u017eenkov\u00e9 samosvorn\u00e9 sumce. Op\u011btovn\u00e9 vkl\u00e1d\u00e1n\u00ed z\u00e1sobn\u00edku do sumky je pohodln\u011bj\u0161\u00ed \u2013 l\u00e9pe dr\u017e\u00ed tvar. A v neposledn\u00ed \u0159ad\u011b lze mezi p\u0159ep\u00e1\u017eku a vn\u011bj\u0161\u00ed [&hellip;]<\/p>\n","protected":false},"featured_media":3777,"comment_status":"open","ping_status":"closed","template":"","meta":{"site-sidebar-layout":"default","site-content-layout":"","ast-site-content-layout":"default","site-content-style":"default","site-sidebar-style":"default","ast-global-header-display":"","ast-banner-title-visibility":"","ast-main-header-display":"","ast-hfb-above-header-display":"","ast-hfb-below-header-display":"","ast-hfb-mobile-header-display":"","site-post-title":"","ast-breadcrumbs-content":"","ast-featured-img":"","footer-sml-layout":"","theme-transparent-header-meta":"default","adv-header-id-meta":"","stick-header-meta":"","header-above-stick-meta":"","header-main-stick-meta":"","header-below-stick-meta":"","astra-migrate-meta-layouts":"set","ast-page-background-enabled":"default","ast-page-background-meta":{"desktop":{"background-color":"var(--ast-global-color-4)","background-image":"","background-repeat":"repeat","background-position":"center center","background-size":"auto","background-attachment":"scroll","background-type":"","background-media":"","overlay-type":"","overlay-color":"","overlay-opacity":"","overlay-gradient":""},"tablet":{"background-color":"","background-image":"","background-repeat":"repeat","background-position":"center center","background-size":"auto","background-attachment":"scroll","background-type":"","background-media":"","overlay-type":"","overlay-color":"","overlay-opacity":"","overlay-gradient":""},"mobile":{"background-color":"","background-image":"","background-repeat":"repeat","background-position":"center center","background-size":"auto","background-attachment":"scroll","background-type":"","background-media":"","overlay-type":"","overlay-color":"","overlay-opacity":"","overlay-gradient":""}},"ast-content-background-meta":{"desktop":{"background-color":"var(--ast-global-color-5)","background-image":"","background-repeat":"repeat","background-position":"center center","background-size":"auto","background-attachment":"scroll","background-type":"","background-media":"","overlay-type":"","overlay-color":"","overlay-opacity":"","overlay-gradient":""},"tablet":{"background-color":"var(--ast-global-color-5)","background-image":"","background-repeat":"repeat","background-position":"center center","background-size":"auto","background-attachment":"scroll","background-type":"","background-media":"","overlay-type":"","overlay-color":"","overlay-opacity":"","overlay-gradient":""},"mobile":{"background-color":"var(--ast-global-color-5)","background-image":"","background-repeat":"repeat","background-position":"center center","background-size":"auto","background-attachment":"scroll","background-type":"","background-media":"","overlay-type":"","overlay-color":"","overlay-opacity":"","overlay-gradient":""}}},"product_cat":[57,46],"product_tag":[],"yoast_head":"<!-- This site is optimized with the Yoast SEO Premium plugin v22.8 (Yoast SEO v22.8) - https:\/\/yoast.com\/wordpress\/plugins\/seo\/ -->\n<title>FLEX3 samosvorn\u00e1 sumka pro pu\u0161kov\u00e9 z\u00e1sobn\u00edky &#8211; highlevelgear<\/title>\n<meta name=\"robots\" content=\"index, follow, max-snippet:-1, max-image-preview:large, max-video-preview:-1\" \/>\n<link rel=\"canonical\" href=\"https:\/\/highlevelgear.cz\/en\/obchod\/sumky-kapsy\/zasobnikove-sumky\/flex3-samosvorna-sumka-pro-puskove-zasobniky\/\" \/>\n<meta property=\"og:locale\" content=\"en_GB\" \/>\n<meta property=\"og:type\" content=\"article\" \/>\n<meta property=\"og:title\" content=\"FLEX3 samosvorn\u00e1 sumka pro pu\u0161kov\u00e9 z\u00e1sobn\u00edky\" \/>\n<meta property=\"og:description\" content=\"FLEX3 je samosvorn\u00e1 sumka pro 3 pu\u0161kov\u00e9 z\u00e1sobn\u00edky typu AR a AK. Konstrukce sumky s p\u0159ep\u00e1\u017ekou z kompozitn\u00edho materi\u00e1lu m\u00e1 hned n\u011bkolik v\u00fdhod. Z\u00e1sobn\u00edk je v sumce l\u00e9pe chr\u00e1n\u011bn, ne\u017e v b\u011b\u017en\u00e9 pru\u017eenkov\u00e9 samosvorn\u00e9 sumce. Op\u011btovn\u00e9 vkl\u00e1d\u00e1n\u00ed z\u00e1sobn\u00edku do sumky je pohodln\u011bj\u0161\u00ed \u2013 l\u00e9pe dr\u017e\u00ed tvar. A v neposledn\u00ed \u0159ad\u011b lze mezi p\u0159ep\u00e1\u017eku a vn\u011bj\u0161\u00ed [&hellip;]\" \/>\n<meta property=\"og:url\" content=\"https:\/\/highlevelgear.cz\/en\/obchod\/sumky-kapsy\/zasobnikove-sumky\/flex3-samosvorna-sumka-pro-puskove-zasobniky\/\" \/>\n<meta property=\"og:site_name\" content=\"highlevelgear\" \/>\n<meta property=\"article:modified_time\" content=\"2026-04-11T13:51:14+00:00\" \/>\n<meta property=\"og:image\" content=\"https:\/\/highlevelgear.cz\/wp-content\/uploads\/2026\/03\/DSC_0045-ve-velke-velikosti.jpeg\" \/>\n\t<meta property=\"og:image:width\" content=\"1280\" \/>\n\t<meta property=\"og:image:height\" content=\"1280\" \/>\n\t<meta property=\"og:image:type\" content=\"image\/jpeg\" \/>\n<meta name=\"twitter:card\" content=\"summary_large_image\" \/>\n<meta name=\"twitter:label1\" content=\"Estimated reading time\" \/>\n\t<meta name=\"twitter:data1\" content=\"1 minute\" \/>\n<script type=\"application\/ld+json\" class=\"yoast-schema-graph\">{\"@context\":\"https:\/\/schema.org\",\"@graph\":[{\"@type\":\"WebPage\",\"@id\":\"https:\/\/highlevelgear.cz\/obchod\/sumky-kapsy\/zasobnikove-sumky\/flex3-samosvorna-sumka-pro-puskove-zasobniky\/\",\"url\":\"https:\/\/highlevelgear.cz\/obchod\/sumky-kapsy\/zasobnikove-sumky\/flex3-samosvorna-sumka-pro-puskove-zasobniky\/\",\"name\":\"FLEX3 samosvorn\u00e1 sumka pro pu\u0161kov\u00e9 z\u00e1sobn\u00edky &#8211; highlevelgear\",\"isPartOf\":{\"@id\":\"https:\/\/highlevelgear.cz\/#website\"},\"primaryImageOfPage\":{\"@id\":\"https:\/\/highlevelgear.cz\/obchod\/sumky-kapsy\/zasobnikove-sumky\/flex3-samosvorna-sumka-pro-puskove-zasobniky\/#primaryimage\"},\"image\":{\"@id\":\"https:\/\/highlevelgear.cz\/obchod\/sumky-kapsy\/zasobnikove-sumky\/flex3-samosvorna-sumka-pro-puskove-zasobniky\/#primaryimage\"},\"thumbnailUrl\":\"https:\/\/i0.wp.com\/highlevelgear.cz\/wp-content\/uploads\/2026\/03\/DSC_0045-ve-velke-velikosti.jpeg?fit=1280%2C1280&ssl=1\",\"datePublished\":\"2026-03-01T19:35:53+00:00\",\"dateModified\":\"2026-04-11T13:51:14+00:00\",\"breadcrumb\":{\"@id\":\"https:\/\/highlevelgear.cz\/obchod\/sumky-kapsy\/zasobnikove-sumky\/flex3-samosvorna-sumka-pro-puskove-zasobniky\/#breadcrumb\"},\"inLanguage\":\"en-GB\",\"potentialAction\":[{\"@type\":\"ReadAction\",\"target\":[\"https:\/\/highlevelgear.cz\/obchod\/sumky-kapsy\/zasobnikove-sumky\/flex3-samosvorna-sumka-pro-puskove-zasobniky\/\"]}]},{\"@type\":\"ImageObject\",\"inLanguage\":\"en-GB\",\"@id\":\"https:\/\/highlevelgear.cz\/obchod\/sumky-kapsy\/zasobnikove-sumky\/flex3-samosvorna-sumka-pro-puskove-zasobniky\/#primaryimage\",\"url\":\"https:\/\/i0.wp.com\/highlevelgear.cz\/wp-content\/uploads\/2026\/03\/DSC_0045-ve-velke-velikosti.jpeg?fit=1280%2C1280&ssl=1\",\"contentUrl\":\"https:\/\/i0.wp.com\/highlevelgear.cz\/wp-content\/uploads\/2026\/03\/DSC_0045-ve-velke-velikosti.jpeg?fit=1280%2C1280&ssl=1\",\"width\":1280,\"height\":1280},{\"@type\":\"BreadcrumbList\",\"@id\":\"https:\/\/highlevelgear.cz\/obchod\/sumky-kapsy\/zasobnikove-sumky\/flex3-samosvorna-sumka-pro-puskove-zasobniky\/#breadcrumb\",\"itemListElement\":[{\"@type\":\"ListItem\",\"position\":1,\"name\":\"Dom\u016f\",\"item\":\"https:\/\/highlevelgear.cz\/\"},{\"@type\":\"ListItem\",\"position\":2,\"name\":\"Obchod\",\"item\":\"https:\/\/highlevelgear.cz\/obchod\/\"},{\"@type\":\"ListItem\",\"position\":3,\"name\":\"FLEX3 samosvorn\u00e1 sumka pro pu\u0161kov\u00e9 z\u00e1sobn\u00edky\"}]},{\"@type\":\"WebSite\",\"@id\":\"https:\/\/highlevelgear.cz\/#website\",\"url\":\"https:\/\/highlevelgear.cz\/\",\"name\":\"highlevelgear\",\"description\":\"Profesion\u00e1ln\u00ed v\u00fdroba taktick\u00e9 v\u00fdstroje.\",\"publisher\":{\"@id\":\"https:\/\/highlevelgear.cz\/#organization\"},\"potentialAction\":[{\"@type\":\"SearchAction\",\"target\":{\"@type\":\"EntryPoint\",\"urlTemplate\":\"https:\/\/highlevelgear.cz\/?s={search_term_string}\"},\"query-input\":\"required name=search_term_string\"}],\"inLanguage\":\"en-GB\"},{\"@type\":\"Organization\",\"@id\":\"https:\/\/highlevelgear.cz\/#organization\",\"name\":\"High Level Gear\",\"url\":\"https:\/\/highlevelgear.cz\/\",\"logo\":{\"@type\":\"ImageObject\",\"inLanguage\":\"en-GB\",\"@id\":\"https:\/\/highlevelgear.cz\/#\/schema\/logo\/image\/\",\"url\":\"https:\/\/highlevelgear.cz\/wp-content\/uploads\/2021\/12\/cropped-Logo-Short.png\",\"contentUrl\":\"https:\/\/highlevelgear.cz\/wp-content\/uploads\/2021\/12\/cropped-Logo-Short.png\",\"width\":467,\"height\":377,\"caption\":\"High Level Gear\"},\"image\":{\"@id\":\"https:\/\/highlevelgear.cz\/#\/schema\/logo\/image\/\"}}]}<\/script>\n<!-- \/ Yoast SEO Premium plugin. -->","yoast_head_json":{"title":"FLEX3 samosvorn\u00e1 sumka pro pu\u0161kov\u00e9 z\u00e1sobn\u00edky &#8211; highlevelgear","robots":{"index":"index","follow":"follow","max-snippet":"max-snippet:-1","max-image-preview":"max-image-preview:large","max-video-preview":"max-video-preview:-1"},"canonical":"https:\/\/highlevelgear.cz\/en\/obchod\/sumky-kapsy\/zasobnikove-sumky\/flex3-samosvorna-sumka-pro-puskove-zasobniky\/","og_locale":"en_GB","og_type":"article","og_title":"FLEX3 samosvorn\u00e1 sumka pro pu\u0161kov\u00e9 z\u00e1sobn\u00edky","og_description":"FLEX3 je samosvorn\u00e1 sumka pro 3 pu\u0161kov\u00e9 z\u00e1sobn\u00edky typu AR a AK. Konstrukce sumky s p\u0159ep\u00e1\u017ekou z kompozitn\u00edho materi\u00e1lu m\u00e1 hned n\u011bkolik v\u00fdhod. Z\u00e1sobn\u00edk je v sumce l\u00e9pe chr\u00e1n\u011bn, ne\u017e v b\u011b\u017en\u00e9 pru\u017eenkov\u00e9 samosvorn\u00e9 sumce. Op\u011btovn\u00e9 vkl\u00e1d\u00e1n\u00ed z\u00e1sobn\u00edku do sumky je pohodln\u011bj\u0161\u00ed \u2013 l\u00e9pe dr\u017e\u00ed tvar. A v neposledn\u00ed \u0159ad\u011b lze mezi p\u0159ep\u00e1\u017eku a vn\u011bj\u0161\u00ed [&hellip;]","og_url":"https:\/\/highlevelgear.cz\/en\/obchod\/sumky-kapsy\/zasobnikove-sumky\/flex3-samosvorna-sumka-pro-puskove-zasobniky\/","og_site_name":"highlevelgear","article_modified_time":"2026-04-11T13:51:14+00:00","og_image":[{"width":1280,"height":1280,"url":"https:\/\/highlevelgear.cz\/wp-content\/uploads\/2026\/03\/DSC_0045-ve-velke-velikosti.jpeg","type":"image\/jpeg"}],"twitter_card":"summary_large_image","twitter_misc":{"Estimated reading time":"1 minute"},"schema":{"@context":"https:\/\/schema.org","@graph":[{"@type":"WebPage","@id":"https:\/\/highlevelgear.cz\/obchod\/sumky-kapsy\/zasobnikove-sumky\/flex3-samosvorna-sumka-pro-puskove-zasobniky\/","url":"https:\/\/highlevelgear.cz\/obchod\/sumky-kapsy\/zasobnikove-sumky\/flex3-samosvorna-sumka-pro-puskove-zasobniky\/","name":"FLEX3 samosvorn\u00e1 sumka pro pu\u0161kov\u00e9 z\u00e1sobn\u00edky &#8211; highlevelgear","isPartOf":{"@id":"https:\/\/highlevelgear.cz\/#website"},"primaryImageOfPage":{"@id":"https:\/\/highlevelgear.cz\/obchod\/sumky-kapsy\/zasobnikove-sumky\/flex3-samosvorna-sumka-pro-puskove-zasobniky\/#primaryimage"},"image":{"@id":"https:\/\/highlevelgear.cz\/obchod\/sumky-kapsy\/zasobnikove-sumky\/flex3-samosvorna-sumka-pro-puskove-zasobniky\/#primaryimage"},"thumbnailUrl":"https:\/\/i0.wp.com\/highlevelgear.cz\/wp-content\/uploads\/2026\/03\/DSC_0045-ve-velke-velikosti.jpeg?fit=1280%2C1280&ssl=1","datePublished":"2026-03-01T19:35:53+00:00","dateModified":"2026-04-11T13:51:14+00:00","breadcrumb":{"@id":"https:\/\/highlevelgear.cz\/obchod\/sumky-kapsy\/zasobnikove-sumky\/flex3-samosvorna-sumka-pro-puskove-zasobniky\/#breadcrumb"},"inLanguage":"en-GB","potentialAction":[{"@type":"ReadAction","target":["https:\/\/highlevelgear.cz\/obchod\/sumky-kapsy\/zasobnikove-sumky\/flex3-samosvorna-sumka-pro-puskove-zasobniky\/"]}]},{"@type":"ImageObject","inLanguage":"en-GB","@id":"https:\/\/highlevelgear.cz\/obchod\/sumky-kapsy\/zasobnikove-sumky\/flex3-samosvorna-sumka-pro-puskove-zasobniky\/#primaryimage","url":"https:\/\/i0.wp.com\/highlevelgear.cz\/wp-content\/uploads\/2026\/03\/DSC_0045-ve-velke-velikosti.jpeg?fit=1280%2C1280&ssl=1","contentUrl":"https:\/\/i0.wp.com\/highlevelgear.cz\/wp-content\/uploads\/2026\/03\/DSC_0045-ve-velke-velikosti.jpeg?fit=1280%2C1280&ssl=1","width":1280,"height":1280},{"@type":"BreadcrumbList","@id":"https:\/\/highlevelgear.cz\/obchod\/sumky-kapsy\/zasobnikove-sumky\/flex3-samosvorna-sumka-pro-puskove-zasobniky\/#breadcrumb","itemListElement":[{"@type":"ListItem","position":1,"name":"Dom\u016f","item":"https:\/\/highlevelgear.cz\/"},{"@type":"ListItem","position":2,"name":"Obchod","item":"https:\/\/highlevelgear.cz\/obchod\/"},{"@type":"ListItem","position":3,"name":"FLEX3 samosvorn\u00e1 sumka pro pu\u0161kov\u00e9 z\u00e1sobn\u00edky"}]},{"@type":"WebSite","@id":"https:\/\/highlevelgear.cz\/#website","url":"https:\/\/highlevelgear.cz\/","name":"highlevelgear","description":"Profesion\u00e1ln\u00ed v\u00fdroba taktick\u00e9 v\u00fdstroje.","publisher":{"@id":"https:\/\/highlevelgear.cz\/#organization"},"potentialAction":[{"@type":"SearchAction","target":{"@type":"EntryPoint","urlTemplate":"https:\/\/highlevelgear.cz\/?s={search_term_string}"},"query-input":"required name=search_term_string"}],"inLanguage":"en-GB"},{"@type":"Organization","@id":"https:\/\/highlevelgear.cz\/#organization","name":"High Level Gear","url":"https:\/\/highlevelgear.cz\/","logo":{"@type":"ImageObject","inLanguage":"en-GB","@id":"https:\/\/highlevelgear.cz\/#\/schema\/logo\/image\/","url":"https:\/\/highlevelgear.cz\/wp-content\/uploads\/2021\/12\/cropped-Logo-Short.png","contentUrl":"https:\/\/highlevelgear.cz\/wp-content\/uploads\/2021\/12\/cropped-Logo-Short.png","width":467,"height":377,"caption":"High Level Gear"},"image":{"@id":"https:\/\/highlevelgear.cz\/#\/schema\/logo\/image\/"}}]}},"jetpack_sharing_enabled":true,"_links":{"self":[{"href":"https:\/\/highlevelgear.cz\/en\/wp-json\/wp\/v2\/product\/3771"}],"collection":[{"href":"https:\/\/highlevelgear.cz\/en\/wp-json\/wp\/v2\/product"}],"about":[{"href":"https:\/\/highlevelgear.cz\/en\/wp-json\/wp\/v2\/types\/product"}],"replies":[{"embeddable":true,"href":"https:\/\/highlevelgear.cz\/en\/wp-json\/wp\/v2\/comments?post=3771"}],"version-history":[{"count":1,"href":"https:\/\/highlevelgear.cz\/en\/wp-json\/wp\/v2\/product\/3771\/revisions"}],"predecessor-version":[{"id":3781,"href":"https:\/\/highlevelgear.cz\/en\/wp-json\/wp\/v2\/product\/3771\/revisions\/3781"}],"wp:featuredmedia":[{"embeddable":true,"href":"https:\/\/highlevelgear.cz\/en\/wp-json\/wp\/v2\/media\/3777"}],"wp:attachment":[{"href":"https:\/\/highlevelgear.cz\/en\/wp-json\/wp\/v2\/media?parent=3771"}],"wp:term":[{"taxonomy":"product_cat","embeddable":true,"href":"https:\/\/highlevelgear.cz\/en\/wp-json\/wp\/v2\/product_cat?post=3771"},{"taxonomy":"product_tag","embeddable":true,"href":"https:\/\/highlevelgear.cz\/en\/wp-json\/wp\/v2\/product_tag?post=3771"}],"curies":[{"name":"wp","href":"https:\/\/api.w.org\/{rel}","templated":true}]}}