{"id":3813,"date":"2026-03-15T20:53:30","date_gmt":"2026-03-15T20:53:30","guid":{"rendered":"https:\/\/highlevelgear.cz\/?post_type=product&#038;p=3813"},"modified":"2026-03-29T14:56:15","modified_gmt":"2026-03-29T14:56:15","slug":"molle-wing-expander","status":"publish","type":"product","link":"https:\/\/highlevelgear.cz\/en\/obchod\/ostatni-2\/ostatni-produkty\/molle-wing-expander\/","title":{"rendered":"MOLLE WING EXPANDER"},"content":{"rendered":"<p>MOLLE WING EXPANDER umo\u017e\u0148uje roz\u0161\u00ed\u0159en\u00ed molle prostoru nap\u0159\u00edklad u nosi\u010d\u016f pl\u00e1t\u016f. Pomoc\u00ed such\u00e9ho zipu m\u016f\u017eete p\u0159ilepit expander nap\u0159\u00edklad pod p\u0159edn\u00ed panel a roz\u0161\u00ed\u00ed\u0159it si tak m\u00edsto do boku, na kter\u00e9 m\u016f\u017eete um\u00edstit t\u0159eba sumku na vys\u00edla\u010dku nebo n\u016f\u017e.<\/p>\n<p>Expander je vyroben z pevn\u00e9ho kompozitn\u00edho materi\u00e1lu CURV, kter\u00fd je extr\u00e9mn\u011b odoln\u00fd v\u016f\u010di pov\u011btrnostn\u00edm podm\u00ednk\u00e1m, ale z\u00e1rove\u0148 si zachov\u00e1v\u00e1 velmi n\u00edzkou hmotnost.<\/p>","protected":false},"excerpt":{"rendered":"<p>MOLLE WING EXPANDER umo\u017e\u0148uje roz\u0161\u00ed\u0159en\u00ed molle prostoru nap\u0159\u00edklad u nosi\u010d\u016f pl\u00e1t\u016f. Pomoc\u00ed such\u00e9ho zipu m\u016f\u017eete p\u0159ilepit expander nap\u0159\u00edklad pod p\u0159edn\u00ed panel a roz\u0161\u00ed\u00ed\u0159it si tak m\u00edsto do boku, na kter\u00e9 m\u016f\u017eete um\u00edstit t\u0159eba sumku na vys\u00edla\u010dku nebo n\u016f\u017e. Expander je vyroben z pevn\u00e9ho kompozitn\u00edho materi\u00e1lu CURV, kter\u00fd je extr\u00e9mn\u011b odoln\u00fd v\u016f\u010di pov\u011btrnostn\u00edm podm\u00ednk\u00e1m, ale z\u00e1rove\u0148 [&hellip;]<\/p>\n","protected":false},"featured_media":3817,"comment_status":"open","ping_status":"closed","template":"","meta":{"site-sidebar-layout":"default","site-content-layout":"","ast-site-content-layout":"default","site-content-style":"default","site-sidebar-style":"default","ast-global-header-display":"","ast-banner-title-visibility":"","ast-main-header-display":"","ast-hfb-above-header-display":"","ast-hfb-below-header-display":"","ast-hfb-mobile-header-display":"","site-post-title":"","ast-breadcrumbs-content":"","ast-featured-img":"","footer-sml-layout":"","theme-transparent-header-meta":"default","adv-header-id-meta":"","stick-header-meta":"","header-above-stick-meta":"","header-main-stick-meta":"","header-below-stick-meta":"","astra-migrate-meta-layouts":"set","ast-page-background-enabled":"default","ast-page-background-meta":{"desktop":{"background-color":"var(--ast-global-color-4)","background-image":"","background-repeat":"repeat","background-position":"center center","background-size":"auto","background-attachment":"scroll","background-type":"","background-media":"","overlay-type":"","overlay-color":"","overlay-opacity":"","overlay-gradient":""},"tablet":{"background-color":"","background-image":"","background-repeat":"repeat","background-position":"center center","background-size":"auto","background-attachment":"scroll","background-type":"","background-media":"","overlay-type":"","overlay-color":"","overlay-opacity":"","overlay-gradient":""},"mobile":{"background-color":"","background-image":"","background-repeat":"repeat","background-position":"center center","background-size":"auto","background-attachment":"scroll","background-type":"","background-media":"","overlay-type":"","overlay-color":"","overlay-opacity":"","overlay-gradient":""}},"ast-content-background-meta":{"desktop":{"background-color":"var(--ast-global-color-5)","background-image":"","background-repeat":"repeat","background-position":"center center","background-size":"auto","background-attachment":"scroll","background-type":"","background-media":"","overlay-type":"","overlay-color":"","overlay-opacity":"","overlay-gradient":""},"tablet":{"background-color":"var(--ast-global-color-5)","background-image":"","background-repeat":"repeat","background-position":"center center","background-size":"auto","background-attachment":"scroll","background-type":"","background-media":"","overlay-type":"","overlay-color":"","overlay-opacity":"","overlay-gradient":""},"mobile":{"background-color":"var(--ast-global-color-5)","background-image":"","background-repeat":"repeat","background-position":"center center","background-size":"auto","background-attachment":"scroll","background-type":"","background-media":"","overlay-type":"","overlay-color":"","overlay-opacity":"","overlay-gradient":""}}},"product_cat":[68,82],"product_tag":[],"yoast_head":"<!-- This site is optimized with the Yoast SEO Premium plugin v22.8 (Yoast SEO v22.8) - https:\/\/yoast.com\/wordpress\/plugins\/seo\/ -->\n<title>MOLLE WING EXPANDER &#8211; highlevelgear<\/title>\n<meta name=\"robots\" content=\"index, follow, max-snippet:-1, max-image-preview:large, max-video-preview:-1\" \/>\n<link rel=\"canonical\" href=\"https:\/\/highlevelgear.cz\/en\/obchod\/ostatni-2\/ostatni-produkty\/molle-wing-expander\/\" \/>\n<meta property=\"og:locale\" content=\"en_GB\" \/>\n<meta property=\"og:type\" content=\"article\" \/>\n<meta property=\"og:title\" content=\"MOLLE WING EXPANDER\" \/>\n<meta property=\"og:description\" content=\"MOLLE WING EXPANDER umo\u017e\u0148uje roz\u0161\u00ed\u0159en\u00ed molle prostoru nap\u0159\u00edklad u nosi\u010d\u016f pl\u00e1t\u016f. Pomoc\u00ed such\u00e9ho zipu m\u016f\u017eete p\u0159ilepit expander nap\u0159\u00edklad pod p\u0159edn\u00ed panel a roz\u0161\u00ed\u00ed\u0159it si tak m\u00edsto do boku, na kter\u00e9 m\u016f\u017eete um\u00edstit t\u0159eba sumku na vys\u00edla\u010dku nebo n\u016f\u017e. Expander je vyroben z pevn\u00e9ho kompozitn\u00edho materi\u00e1lu CURV, kter\u00fd je extr\u00e9mn\u011b odoln\u00fd v\u016f\u010di pov\u011btrnostn\u00edm podm\u00ednk\u00e1m, ale z\u00e1rove\u0148 [&hellip;]\" \/>\n<meta property=\"og:url\" content=\"https:\/\/highlevelgear.cz\/en\/obchod\/ostatni-2\/ostatni-produkty\/molle-wing-expander\/\" \/>\n<meta property=\"og:site_name\" content=\"highlevelgear\" \/>\n<meta property=\"article:modified_time\" content=\"2026-03-29T14:56:15+00:00\" \/>\n<meta property=\"og:image\" content=\"https:\/\/highlevelgear.cz\/wp-content\/uploads\/2026\/03\/DSC_0097.jpg\" \/>\n\t<meta property=\"og:image:width\" content=\"1024\" \/>\n\t<meta property=\"og:image:height\" content=\"1024\" \/>\n\t<meta property=\"og:image:type\" content=\"image\/jpeg\" \/>\n<meta name=\"twitter:card\" content=\"summary_large_image\" \/>\n<meta name=\"twitter:label1\" content=\"Estimated reading time\" \/>\n\t<meta name=\"twitter:data1\" content=\"1 minute\" \/>\n<script type=\"application\/ld+json\" class=\"yoast-schema-graph\">{\"@context\":\"https:\/\/schema.org\",\"@graph\":[{\"@type\":\"WebPage\",\"@id\":\"https:\/\/highlevelgear.cz\/obchod\/ostatni-2\/ostatni-produkty\/molle-wing-expander\/\",\"url\":\"https:\/\/highlevelgear.cz\/obchod\/ostatni-2\/ostatni-produkty\/molle-wing-expander\/\",\"name\":\"MOLLE WING EXPANDER &#8211; highlevelgear\",\"isPartOf\":{\"@id\":\"https:\/\/highlevelgear.cz\/#website\"},\"primaryImageOfPage\":{\"@id\":\"https:\/\/highlevelgear.cz\/obchod\/ostatni-2\/ostatni-produkty\/molle-wing-expander\/#primaryimage\"},\"image\":{\"@id\":\"https:\/\/highlevelgear.cz\/obchod\/ostatni-2\/ostatni-produkty\/molle-wing-expander\/#primaryimage\"},\"thumbnailUrl\":\"https:\/\/i0.wp.com\/highlevelgear.cz\/wp-content\/uploads\/2026\/03\/DSC_0097.jpg?fit=1024%2C1024&ssl=1\",\"datePublished\":\"2026-03-15T20:53:30+00:00\",\"dateModified\":\"2026-03-29T14:56:15+00:00\",\"breadcrumb\":{\"@id\":\"https:\/\/highlevelgear.cz\/obchod\/ostatni-2\/ostatni-produkty\/molle-wing-expander\/#breadcrumb\"},\"inLanguage\":\"en-GB\",\"potentialAction\":[{\"@type\":\"ReadAction\",\"target\":[\"https:\/\/highlevelgear.cz\/obchod\/ostatni-2\/ostatni-produkty\/molle-wing-expander\/\"]}]},{\"@type\":\"ImageObject\",\"inLanguage\":\"en-GB\",\"@id\":\"https:\/\/highlevelgear.cz\/obchod\/ostatni-2\/ostatni-produkty\/molle-wing-expander\/#primaryimage\",\"url\":\"https:\/\/i0.wp.com\/highlevelgear.cz\/wp-content\/uploads\/2026\/03\/DSC_0097.jpg?fit=1024%2C1024&ssl=1\",\"contentUrl\":\"https:\/\/i0.wp.com\/highlevelgear.cz\/wp-content\/uploads\/2026\/03\/DSC_0097.jpg?fit=1024%2C1024&ssl=1\",\"width\":1024,\"height\":1024},{\"@type\":\"BreadcrumbList\",\"@id\":\"https:\/\/highlevelgear.cz\/obchod\/ostatni-2\/ostatni-produkty\/molle-wing-expander\/#breadcrumb\",\"itemListElement\":[{\"@type\":\"ListItem\",\"position\":1,\"name\":\"Dom\u016f\",\"item\":\"https:\/\/highlevelgear.cz\/\"},{\"@type\":\"ListItem\",\"position\":2,\"name\":\"Obchod\",\"item\":\"https:\/\/highlevelgear.cz\/obchod\/\"},{\"@type\":\"ListItem\",\"position\":3,\"name\":\"MOLLE WING EXPANDER\"}]},{\"@type\":\"WebSite\",\"@id\":\"https:\/\/highlevelgear.cz\/#website\",\"url\":\"https:\/\/highlevelgear.cz\/\",\"name\":\"highlevelgear\",\"description\":\"Profesion\u00e1ln\u00ed v\u00fdroba taktick\u00e9 v\u00fdstroje.\",\"publisher\":{\"@id\":\"https:\/\/highlevelgear.cz\/#organization\"},\"potentialAction\":[{\"@type\":\"SearchAction\",\"target\":{\"@type\":\"EntryPoint\",\"urlTemplate\":\"https:\/\/highlevelgear.cz\/?s={search_term_string}\"},\"query-input\":\"required name=search_term_string\"}],\"inLanguage\":\"en-GB\"},{\"@type\":\"Organization\",\"@id\":\"https:\/\/highlevelgear.cz\/#organization\",\"name\":\"High Level Gear\",\"url\":\"https:\/\/highlevelgear.cz\/\",\"logo\":{\"@type\":\"ImageObject\",\"inLanguage\":\"en-GB\",\"@id\":\"https:\/\/highlevelgear.cz\/#\/schema\/logo\/image\/\",\"url\":\"https:\/\/highlevelgear.cz\/wp-content\/uploads\/2021\/12\/cropped-Logo-Short.png\",\"contentUrl\":\"https:\/\/highlevelgear.cz\/wp-content\/uploads\/2021\/12\/cropped-Logo-Short.png\",\"width\":467,\"height\":377,\"caption\":\"High Level Gear\"},\"image\":{\"@id\":\"https:\/\/highlevelgear.cz\/#\/schema\/logo\/image\/\"}}]}<\/script>\n<!-- \/ Yoast SEO Premium plugin. -->","yoast_head_json":{"title":"MOLLE WING EXPANDER &#8211; highlevelgear","robots":{"index":"index","follow":"follow","max-snippet":"max-snippet:-1","max-image-preview":"max-image-preview:large","max-video-preview":"max-video-preview:-1"},"canonical":"https:\/\/highlevelgear.cz\/en\/obchod\/ostatni-2\/ostatni-produkty\/molle-wing-expander\/","og_locale":"en_GB","og_type":"article","og_title":"MOLLE WING EXPANDER","og_description":"MOLLE WING EXPANDER umo\u017e\u0148uje roz\u0161\u00ed\u0159en\u00ed molle prostoru nap\u0159\u00edklad u nosi\u010d\u016f pl\u00e1t\u016f. Pomoc\u00ed such\u00e9ho zipu m\u016f\u017eete p\u0159ilepit expander nap\u0159\u00edklad pod p\u0159edn\u00ed panel a roz\u0161\u00ed\u00ed\u0159it si tak m\u00edsto do boku, na kter\u00e9 m\u016f\u017eete um\u00edstit t\u0159eba sumku na vys\u00edla\u010dku nebo n\u016f\u017e. Expander je vyroben z pevn\u00e9ho kompozitn\u00edho materi\u00e1lu CURV, kter\u00fd je extr\u00e9mn\u011b odoln\u00fd v\u016f\u010di pov\u011btrnostn\u00edm podm\u00ednk\u00e1m, ale z\u00e1rove\u0148 [&hellip;]","og_url":"https:\/\/highlevelgear.cz\/en\/obchod\/ostatni-2\/ostatni-produkty\/molle-wing-expander\/","og_site_name":"highlevelgear","article_modified_time":"2026-03-29T14:56:15+00:00","og_image":[{"width":1024,"height":1024,"url":"https:\/\/highlevelgear.cz\/wp-content\/uploads\/2026\/03\/DSC_0097.jpg","type":"image\/jpeg"}],"twitter_card":"summary_large_image","twitter_misc":{"Estimated reading time":"1 minute"},"schema":{"@context":"https:\/\/schema.org","@graph":[{"@type":"WebPage","@id":"https:\/\/highlevelgear.cz\/obchod\/ostatni-2\/ostatni-produkty\/molle-wing-expander\/","url":"https:\/\/highlevelgear.cz\/obchod\/ostatni-2\/ostatni-produkty\/molle-wing-expander\/","name":"MOLLE WING EXPANDER &#8211; highlevelgear","isPartOf":{"@id":"https:\/\/highlevelgear.cz\/#website"},"primaryImageOfPage":{"@id":"https:\/\/highlevelgear.cz\/obchod\/ostatni-2\/ostatni-produkty\/molle-wing-expander\/#primaryimage"},"image":{"@id":"https:\/\/highlevelgear.cz\/obchod\/ostatni-2\/ostatni-produkty\/molle-wing-expander\/#primaryimage"},"thumbnailUrl":"https:\/\/i0.wp.com\/highlevelgear.cz\/wp-content\/uploads\/2026\/03\/DSC_0097.jpg?fit=1024%2C1024&ssl=1","datePublished":"2026-03-15T20:53:30+00:00","dateModified":"2026-03-29T14:56:15+00:00","breadcrumb":{"@id":"https:\/\/highlevelgear.cz\/obchod\/ostatni-2\/ostatni-produkty\/molle-wing-expander\/#breadcrumb"},"inLanguage":"en-GB","potentialAction":[{"@type":"ReadAction","target":["https:\/\/highlevelgear.cz\/obchod\/ostatni-2\/ostatni-produkty\/molle-wing-expander\/"]}]},{"@type":"ImageObject","inLanguage":"en-GB","@id":"https:\/\/highlevelgear.cz\/obchod\/ostatni-2\/ostatni-produkty\/molle-wing-expander\/#primaryimage","url":"https:\/\/i0.wp.com\/highlevelgear.cz\/wp-content\/uploads\/2026\/03\/DSC_0097.jpg?fit=1024%2C1024&ssl=1","contentUrl":"https:\/\/i0.wp.com\/highlevelgear.cz\/wp-content\/uploads\/2026\/03\/DSC_0097.jpg?fit=1024%2C1024&ssl=1","width":1024,"height":1024},{"@type":"BreadcrumbList","@id":"https:\/\/highlevelgear.cz\/obchod\/ostatni-2\/ostatni-produkty\/molle-wing-expander\/#breadcrumb","itemListElement":[{"@type":"ListItem","position":1,"name":"Dom\u016f","item":"https:\/\/highlevelgear.cz\/"},{"@type":"ListItem","position":2,"name":"Obchod","item":"https:\/\/highlevelgear.cz\/obchod\/"},{"@type":"ListItem","position":3,"name":"MOLLE WING EXPANDER"}]},{"@type":"WebSite","@id":"https:\/\/highlevelgear.cz\/#website","url":"https:\/\/highlevelgear.cz\/","name":"highlevelgear","description":"Profesion\u00e1ln\u00ed v\u00fdroba taktick\u00e9 v\u00fdstroje.","publisher":{"@id":"https:\/\/highlevelgear.cz\/#organization"},"potentialAction":[{"@type":"SearchAction","target":{"@type":"EntryPoint","urlTemplate":"https:\/\/highlevelgear.cz\/?s={search_term_string}"},"query-input":"required name=search_term_string"}],"inLanguage":"en-GB"},{"@type":"Organization","@id":"https:\/\/highlevelgear.cz\/#organization","name":"High Level Gear","url":"https:\/\/highlevelgear.cz\/","logo":{"@type":"ImageObject","inLanguage":"en-GB","@id":"https:\/\/highlevelgear.cz\/#\/schema\/logo\/image\/","url":"https:\/\/highlevelgear.cz\/wp-content\/uploads\/2021\/12\/cropped-Logo-Short.png","contentUrl":"https:\/\/highlevelgear.cz\/wp-content\/uploads\/2021\/12\/cropped-Logo-Short.png","width":467,"height":377,"caption":"High Level Gear"},"image":{"@id":"https:\/\/highlevelgear.cz\/#\/schema\/logo\/image\/"}}]}},"jetpack_sharing_enabled":true,"_links":{"self":[{"href":"https:\/\/highlevelgear.cz\/en\/wp-json\/wp\/v2\/product\/3813"}],"collection":[{"href":"https:\/\/highlevelgear.cz\/en\/wp-json\/wp\/v2\/product"}],"about":[{"href":"https:\/\/highlevelgear.cz\/en\/wp-json\/wp\/v2\/types\/product"}],"replies":[{"embeddable":true,"href":"https:\/\/highlevelgear.cz\/en\/wp-json\/wp\/v2\/comments?post=3813"}],"version-history":[{"count":1,"href":"https:\/\/highlevelgear.cz\/en\/wp-json\/wp\/v2\/product\/3813\/revisions"}],"predecessor-version":[{"id":3820,"href":"https:\/\/highlevelgear.cz\/en\/wp-json\/wp\/v2\/product\/3813\/revisions\/3820"}],"wp:featuredmedia":[{"embeddable":true,"href":"https:\/\/highlevelgear.cz\/en\/wp-json\/wp\/v2\/media\/3817"}],"wp:attachment":[{"href":"https:\/\/highlevelgear.cz\/en\/wp-json\/wp\/v2\/media?parent=3813"}],"wp:term":[{"taxonomy":"product_cat","embeddable":true,"href":"https:\/\/highlevelgear.cz\/en\/wp-json\/wp\/v2\/product_cat?post=3813"},{"taxonomy":"product_tag","embeddable":true,"href":"https:\/\/highlevelgear.cz\/en\/wp-json\/wp\/v2\/product_tag?post=3813"}],"curies":[{"name":"wp","href":"https:\/\/api.w.org\/{rel}","templated":true}]}}