{"id":836,"date":"2022-01-31T19:50:00","date_gmt":"2022-01-31T19:50:00","guid":{"rendered":"https:\/\/highlevelgear.cz\/?post_type=product&#038;p=836"},"modified":"2026-03-30T19:31:00","modified_gmt":"2026-03-30T19:31:00","slug":"booboo-pouch","status":"publish","type":"product","link":"https:\/\/highlevelgear.cz\/en\/obchod\/sumky-kapsy\/ostatni\/booboo-pouch\/","title":{"rendered":"BooBoo Pouch"},"content":{"rendered":"<p><span style=\"font-weight: 400;\">A small universal pouch that can be closed with Velcro. Suitable, for example, for carrying basic survival equipment or for storing other small items such as chewing tobacco, spare batteries, etc.<\/span><\/p>\n<p><span style=\"font-weight: 400;\">Dimensions: 10x10x2.5 cm<\/span><\/p>\n<p>&nbsp;<\/p>","protected":false},"excerpt":{"rendered":"<p>Drobn\u00e1 univerz\u00e1ln\u00ed sumka uzav\u00edrateln\u00e1 pomoc\u00ed such\u00e9ho zipu. Vhodn\u00e1 nap\u0159\u00edklad pro no\u0161en\u00ed z\u00e1kladn\u00edho vybaven\u00ed na survival, nebo pro ulo\u017een\u00ed jin\u00fdch men\u0161\u00edch p\u0159edm\u011bt\u016f jako nap\u0159 puk \u017ev\u00fdkac\u00edho tab\u00e1ku, n\u00e1hradn\u00edch bateri\u00ed, atd\u2026 Rozm\u011bry: 10x10x2,5 cm &nbsp;<\/p>","protected":false},"featured_media":837,"comment_status":"open","ping_status":"closed","template":"","meta":{"site-sidebar-layout":"default","site-content-layout":"default","ast-site-content-layout":"default","site-content-style":"default","site-sidebar-style":"default","ast-global-header-display":"","ast-banner-title-visibility":"","ast-main-header-display":"","ast-hfb-above-header-display":"","ast-hfb-below-header-display":"","ast-hfb-mobile-header-display":"","site-post-title":"","ast-breadcrumbs-content":"","ast-featured-img":"","footer-sml-layout":"","theme-transparent-header-meta":"default","adv-header-id-meta":"","stick-header-meta":"","header-above-stick-meta":"","header-main-stick-meta":"","header-below-stick-meta":"","astra-migrate-meta-layouts":"set","ast-page-background-enabled":"default","ast-page-background-meta":{"desktop":{"background-color":"var(--ast-global-color-4)","background-image":"","background-repeat":"repeat","background-position":"center center","background-size":"auto","background-attachment":"scroll","background-type":"","background-media":"","overlay-type":"","overlay-color":"","overlay-opacity":"","overlay-gradient":""},"tablet":{"background-color":"","background-image":"","background-repeat":"repeat","background-position":"center center","background-size":"auto","background-attachment":"scroll","background-type":"","background-media":"","overlay-type":"","overlay-color":"","overlay-opacity":"","overlay-gradient":""},"mobile":{"background-color":"","background-image":"","background-repeat":"repeat","background-position":"center center","background-size":"auto","background-attachment":"scroll","background-type":"","background-media":"","overlay-type":"","overlay-color":"","overlay-opacity":"","overlay-gradient":""}},"ast-content-background-meta":{"desktop":{"background-color":"var(--ast-global-color-5)","background-image":"","background-repeat":"repeat","background-position":"center center","background-size":"auto","background-attachment":"scroll","background-type":"","background-media":"","overlay-type":"","overlay-color":"","overlay-opacity":"","overlay-gradient":""},"tablet":{"background-color":"var(--ast-global-color-5)","background-image":"","background-repeat":"repeat","background-position":"center center","background-size":"auto","background-attachment":"scroll","background-type":"","background-media":"","overlay-type":"","overlay-color":"","overlay-opacity":"","overlay-gradient":""},"mobile":{"background-color":"var(--ast-global-color-5)","background-image":"","background-repeat":"repeat","background-position":"center center","background-size":"auto","background-attachment":"scroll","background-type":"","background-media":"","overlay-type":"","overlay-color":"","overlay-opacity":"","overlay-gradient":""}}},"product_cat":[47],"product_tag":[],"yoast_head":"<!-- This site is optimized with the Yoast SEO Premium plugin v22.8 (Yoast SEO v22.8) - https:\/\/yoast.com\/wordpress\/plugins\/seo\/ -->\n<title>BooBoo Pouch &#8211; highlevelgear<\/title>\n<meta name=\"description\" content=\"Drobn\u00e1 univerz\u00e1ln\u00ed sumka uzav\u00edrateln\u00e1 pomoc\u00ed such\u00e9ho zipu. Vhodn\u00e1 nap\u0159\u00edklad pro no\u0161en\u00ed z\u00e1kladn\u00edho vybaven\u00ed na survival, nebo pro ulo\u017een\u00ed jin\u00fdch men\u0161\u00edch p\u0159edm\u011bt\u016f jako nap\u0159 puk \u017ev\u00fdkac\u00edho tab\u00e1ku, n\u00e1hradn\u00edch bateri\u00ed, atd\u2026&lt;\" \/>\n<meta name=\"robots\" content=\"index, follow, max-snippet:-1, max-image-preview:large, max-video-preview:-1\" \/>\n<link rel=\"canonical\" href=\"https:\/\/highlevelgear.cz\/en\/obchod\/sumky-kapsy\/ostatni\/booboo-pouch\/\" \/>\n<meta property=\"og:locale\" content=\"en_GB\" \/>\n<meta property=\"og:type\" content=\"article\" \/>\n<meta property=\"og:title\" content=\"BooBoo Pouch\" \/>\n<meta property=\"og:description\" content=\"Drobn\u00e1 univerz\u00e1ln\u00ed sumka uzav\u00edrateln\u00e1 pomoc\u00ed such\u00e9ho zipu. Vhodn\u00e1 nap\u0159\u00edklad pro no\u0161en\u00ed z\u00e1kladn\u00edho vybaven\u00ed na survival, nebo pro ulo\u017een\u00ed jin\u00fdch men\u0161\u00edch p\u0159edm\u011bt\u016f jako nap\u0159 puk \u017ev\u00fdkac\u00edho tab\u00e1ku, n\u00e1hradn\u00edch bateri\u00ed, atd\u2026&lt;\" \/>\n<meta property=\"og:url\" content=\"https:\/\/highlevelgear.cz\/en\/obchod\/sumky-kapsy\/ostatni\/booboo-pouch\/\" \/>\n<meta property=\"og:site_name\" content=\"highlevelgear\" \/>\n<meta property=\"article:modified_time\" content=\"2026-03-30T19:31:00+00:00\" \/>\n<meta property=\"og:image\" content=\"https:\/\/highlevelgear.cz\/wp-content\/uploads\/2022\/01\/BooBoo-Pouch-001.jpg\" \/>\n\t<meta property=\"og:image:width\" content=\"1024\" \/>\n\t<meta property=\"og:image:height\" content=\"1024\" \/>\n\t<meta property=\"og:image:type\" content=\"image\/jpeg\" \/>\n<meta name=\"twitter:card\" content=\"summary_large_image\" \/>\n<meta name=\"twitter:label1\" content=\"Estimated reading time\" \/>\n\t<meta name=\"twitter:data1\" content=\"1 minute\" \/>\n<script type=\"application\/ld+json\" class=\"yoast-schema-graph\">{\"@context\":\"https:\/\/schema.org\",\"@graph\":[{\"@type\":\"WebPage\",\"@id\":\"https:\/\/highlevelgear.cz\/obchod\/sumky-kapsy\/ostatni\/booboo-pouch\/\",\"url\":\"https:\/\/highlevelgear.cz\/obchod\/sumky-kapsy\/ostatni\/booboo-pouch\/\",\"name\":\"BooBoo Pouch &#8211; highlevelgear\",\"isPartOf\":{\"@id\":\"https:\/\/highlevelgear.cz\/#website\"},\"primaryImageOfPage\":{\"@id\":\"https:\/\/highlevelgear.cz\/obchod\/sumky-kapsy\/ostatni\/booboo-pouch\/#primaryimage\"},\"image\":{\"@id\":\"https:\/\/highlevelgear.cz\/obchod\/sumky-kapsy\/ostatni\/booboo-pouch\/#primaryimage\"},\"thumbnailUrl\":\"https:\/\/i0.wp.com\/highlevelgear.cz\/wp-content\/uploads\/2022\/01\/BooBoo-Pouch-001.jpg?fit=1024%2C1024&ssl=1\",\"datePublished\":\"2022-01-31T19:50:00+00:00\",\"dateModified\":\"2026-03-30T19:31:00+00:00\",\"description\":\"Drobn\u00e1 univerz\u00e1ln\u00ed sumka uzav\u00edrateln\u00e1 pomoc\u00ed such\u00e9ho zipu. Vhodn\u00e1 nap\u0159\u00edklad pro no\u0161en\u00ed z\u00e1kladn\u00edho vybaven\u00ed na survival, nebo pro ulo\u017een\u00ed jin\u00fdch men\u0161\u00edch p\u0159edm\u011bt\u016f jako nap\u0159 puk \u017ev\u00fdkac\u00edho tab\u00e1ku, n\u00e1hradn\u00edch bateri\u00ed, atd\u2026&lt;\",\"breadcrumb\":{\"@id\":\"https:\/\/highlevelgear.cz\/obchod\/sumky-kapsy\/ostatni\/booboo-pouch\/#breadcrumb\"},\"inLanguage\":\"en-GB\",\"potentialAction\":[{\"@type\":\"ReadAction\",\"target\":[\"https:\/\/highlevelgear.cz\/obchod\/sumky-kapsy\/ostatni\/booboo-pouch\/\"]}]},{\"@type\":\"ImageObject\",\"inLanguage\":\"en-GB\",\"@id\":\"https:\/\/highlevelgear.cz\/obchod\/sumky-kapsy\/ostatni\/booboo-pouch\/#primaryimage\",\"url\":\"https:\/\/i0.wp.com\/highlevelgear.cz\/wp-content\/uploads\/2022\/01\/BooBoo-Pouch-001.jpg?fit=1024%2C1024&ssl=1\",\"contentUrl\":\"https:\/\/i0.wp.com\/highlevelgear.cz\/wp-content\/uploads\/2022\/01\/BooBoo-Pouch-001.jpg?fit=1024%2C1024&ssl=1\",\"width\":1024,\"height\":1024},{\"@type\":\"BreadcrumbList\",\"@id\":\"https:\/\/highlevelgear.cz\/obchod\/sumky-kapsy\/ostatni\/booboo-pouch\/#breadcrumb\",\"itemListElement\":[{\"@type\":\"ListItem\",\"position\":1,\"name\":\"Dom\u016f\",\"item\":\"https:\/\/highlevelgear.cz\/\"},{\"@type\":\"ListItem\",\"position\":2,\"name\":\"Obchod\",\"item\":\"https:\/\/highlevelgear.cz\/obchod\/\"},{\"@type\":\"ListItem\",\"position\":3,\"name\":\"BooBoo Pouch\"}]},{\"@type\":\"WebSite\",\"@id\":\"https:\/\/highlevelgear.cz\/#website\",\"url\":\"https:\/\/highlevelgear.cz\/\",\"name\":\"highlevelgear\",\"description\":\"Profesion\u00e1ln\u00ed v\u00fdroba taktick\u00e9 v\u00fdstroje.\",\"publisher\":{\"@id\":\"https:\/\/highlevelgear.cz\/#organization\"},\"potentialAction\":[{\"@type\":\"SearchAction\",\"target\":{\"@type\":\"EntryPoint\",\"urlTemplate\":\"https:\/\/highlevelgear.cz\/?s={search_term_string}\"},\"query-input\":\"required name=search_term_string\"}],\"inLanguage\":\"en-GB\"},{\"@type\":\"Organization\",\"@id\":\"https:\/\/highlevelgear.cz\/#organization\",\"name\":\"High Level Gear\",\"url\":\"https:\/\/highlevelgear.cz\/\",\"logo\":{\"@type\":\"ImageObject\",\"inLanguage\":\"en-GB\",\"@id\":\"https:\/\/highlevelgear.cz\/#\/schema\/logo\/image\/\",\"url\":\"https:\/\/highlevelgear.cz\/wp-content\/uploads\/2021\/12\/cropped-Logo-Short.png\",\"contentUrl\":\"https:\/\/highlevelgear.cz\/wp-content\/uploads\/2021\/12\/cropped-Logo-Short.png\",\"width\":467,\"height\":377,\"caption\":\"High Level Gear\"},\"image\":{\"@id\":\"https:\/\/highlevelgear.cz\/#\/schema\/logo\/image\/\"}}]}<\/script>\n<!-- \/ Yoast SEO Premium plugin. -->","yoast_head_json":{"title":"BooBoo Pouch &#8211; highlevelgear","description":"Drobn\u00e1 univerz\u00e1ln\u00ed sumka uzav\u00edrateln\u00e1 pomoc\u00ed such\u00e9ho zipu. Vhodn\u00e1 nap\u0159\u00edklad pro no\u0161en\u00ed z\u00e1kladn\u00edho vybaven\u00ed na survival, nebo pro ulo\u017een\u00ed jin\u00fdch men\u0161\u00edch p\u0159edm\u011bt\u016f jako nap\u0159 puk \u017ev\u00fdkac\u00edho tab\u00e1ku, n\u00e1hradn\u00edch bateri\u00ed, atd\u2026&lt;","robots":{"index":"index","follow":"follow","max-snippet":"max-snippet:-1","max-image-preview":"max-image-preview:large","max-video-preview":"max-video-preview:-1"},"canonical":"https:\/\/highlevelgear.cz\/en\/obchod\/sumky-kapsy\/ostatni\/booboo-pouch\/","og_locale":"en_GB","og_type":"article","og_title":"BooBoo Pouch","og_description":"Drobn\u00e1 univerz\u00e1ln\u00ed sumka uzav\u00edrateln\u00e1 pomoc\u00ed such\u00e9ho zipu. Vhodn\u00e1 nap\u0159\u00edklad pro no\u0161en\u00ed z\u00e1kladn\u00edho vybaven\u00ed na survival, nebo pro ulo\u017een\u00ed jin\u00fdch men\u0161\u00edch p\u0159edm\u011bt\u016f jako nap\u0159 puk \u017ev\u00fdkac\u00edho tab\u00e1ku, n\u00e1hradn\u00edch bateri\u00ed, atd\u2026&lt;","og_url":"https:\/\/highlevelgear.cz\/en\/obchod\/sumky-kapsy\/ostatni\/booboo-pouch\/","og_site_name":"highlevelgear","article_modified_time":"2026-03-30T19:31:00+00:00","og_image":[{"width":1024,"height":1024,"url":"https:\/\/highlevelgear.cz\/wp-content\/uploads\/2022\/01\/BooBoo-Pouch-001.jpg","type":"image\/jpeg"}],"twitter_card":"summary_large_image","twitter_misc":{"Estimated reading time":"1 minute"},"schema":{"@context":"https:\/\/schema.org","@graph":[{"@type":"WebPage","@id":"https:\/\/highlevelgear.cz\/obchod\/sumky-kapsy\/ostatni\/booboo-pouch\/","url":"https:\/\/highlevelgear.cz\/obchod\/sumky-kapsy\/ostatni\/booboo-pouch\/","name":"BooBoo Pouch &#8211; highlevelgear","isPartOf":{"@id":"https:\/\/highlevelgear.cz\/#website"},"primaryImageOfPage":{"@id":"https:\/\/highlevelgear.cz\/obchod\/sumky-kapsy\/ostatni\/booboo-pouch\/#primaryimage"},"image":{"@id":"https:\/\/highlevelgear.cz\/obchod\/sumky-kapsy\/ostatni\/booboo-pouch\/#primaryimage"},"thumbnailUrl":"https:\/\/i0.wp.com\/highlevelgear.cz\/wp-content\/uploads\/2022\/01\/BooBoo-Pouch-001.jpg?fit=1024%2C1024&ssl=1","datePublished":"2022-01-31T19:50:00+00:00","dateModified":"2026-03-30T19:31:00+00:00","description":"Drobn\u00e1 univerz\u00e1ln\u00ed sumka uzav\u00edrateln\u00e1 pomoc\u00ed such\u00e9ho zipu. Vhodn\u00e1 nap\u0159\u00edklad pro no\u0161en\u00ed z\u00e1kladn\u00edho vybaven\u00ed na survival, nebo pro ulo\u017een\u00ed jin\u00fdch men\u0161\u00edch p\u0159edm\u011bt\u016f jako nap\u0159 puk \u017ev\u00fdkac\u00edho tab\u00e1ku, n\u00e1hradn\u00edch bateri\u00ed, atd\u2026&lt;","breadcrumb":{"@id":"https:\/\/highlevelgear.cz\/obchod\/sumky-kapsy\/ostatni\/booboo-pouch\/#breadcrumb"},"inLanguage":"en-GB","potentialAction":[{"@type":"ReadAction","target":["https:\/\/highlevelgear.cz\/obchod\/sumky-kapsy\/ostatni\/booboo-pouch\/"]}]},{"@type":"ImageObject","inLanguage":"en-GB","@id":"https:\/\/highlevelgear.cz\/obchod\/sumky-kapsy\/ostatni\/booboo-pouch\/#primaryimage","url":"https:\/\/i0.wp.com\/highlevelgear.cz\/wp-content\/uploads\/2022\/01\/BooBoo-Pouch-001.jpg?fit=1024%2C1024&ssl=1","contentUrl":"https:\/\/i0.wp.com\/highlevelgear.cz\/wp-content\/uploads\/2022\/01\/BooBoo-Pouch-001.jpg?fit=1024%2C1024&ssl=1","width":1024,"height":1024},{"@type":"BreadcrumbList","@id":"https:\/\/highlevelgear.cz\/obchod\/sumky-kapsy\/ostatni\/booboo-pouch\/#breadcrumb","itemListElement":[{"@type":"ListItem","position":1,"name":"Dom\u016f","item":"https:\/\/highlevelgear.cz\/"},{"@type":"ListItem","position":2,"name":"Obchod","item":"https:\/\/highlevelgear.cz\/obchod\/"},{"@type":"ListItem","position":3,"name":"BooBoo Pouch"}]},{"@type":"WebSite","@id":"https:\/\/highlevelgear.cz\/#website","url":"https:\/\/highlevelgear.cz\/","name":"highlevelgear","description":"Profesion\u00e1ln\u00ed v\u00fdroba taktick\u00e9 v\u00fdstroje.","publisher":{"@id":"https:\/\/highlevelgear.cz\/#organization"},"potentialAction":[{"@type":"SearchAction","target":{"@type":"EntryPoint","urlTemplate":"https:\/\/highlevelgear.cz\/?s={search_term_string}"},"query-input":"required name=search_term_string"}],"inLanguage":"en-GB"},{"@type":"Organization","@id":"https:\/\/highlevelgear.cz\/#organization","name":"High Level Gear","url":"https:\/\/highlevelgear.cz\/","logo":{"@type":"ImageObject","inLanguage":"en-GB","@id":"https:\/\/highlevelgear.cz\/#\/schema\/logo\/image\/","url":"https:\/\/highlevelgear.cz\/wp-content\/uploads\/2021\/12\/cropped-Logo-Short.png","contentUrl":"https:\/\/highlevelgear.cz\/wp-content\/uploads\/2021\/12\/cropped-Logo-Short.png","width":467,"height":377,"caption":"High Level Gear"},"image":{"@id":"https:\/\/highlevelgear.cz\/#\/schema\/logo\/image\/"}}]}},"jetpack_sharing_enabled":true,"_links":{"self":[{"href":"https:\/\/highlevelgear.cz\/en\/wp-json\/wp\/v2\/product\/836"}],"collection":[{"href":"https:\/\/highlevelgear.cz\/en\/wp-json\/wp\/v2\/product"}],"about":[{"href":"https:\/\/highlevelgear.cz\/en\/wp-json\/wp\/v2\/types\/product"}],"replies":[{"embeddable":true,"href":"https:\/\/highlevelgear.cz\/en\/wp-json\/wp\/v2\/comments?post=836"}],"version-history":[{"count":2,"href":"https:\/\/highlevelgear.cz\/en\/wp-json\/wp\/v2\/product\/836\/revisions"}],"predecessor-version":[{"id":1424,"href":"https:\/\/highlevelgear.cz\/en\/wp-json\/wp\/v2\/product\/836\/revisions\/1424"}],"wp:featuredmedia":[{"embeddable":true,"href":"https:\/\/highlevelgear.cz\/en\/wp-json\/wp\/v2\/media\/837"}],"wp:attachment":[{"href":"https:\/\/highlevelgear.cz\/en\/wp-json\/wp\/v2\/media?parent=836"}],"wp:term":[{"taxonomy":"product_cat","embeddable":true,"href":"https:\/\/highlevelgear.cz\/en\/wp-json\/wp\/v2\/product_cat?post=836"},{"taxonomy":"product_tag","embeddable":true,"href":"https:\/\/highlevelgear.cz\/en\/wp-json\/wp\/v2\/product_tag?post=836"}],"curies":[{"name":"wp","href":"https:\/\/api.w.org\/{rel}","templated":true}]}}